{"id":5657,"date":"2023-08-07T07:00:40","date_gmt":"2023-08-07T05:00:40","guid":{"rendered":"https:\/\/l53ehaqiot.preview.infomaniak.website\/produkt\/double-room\/"},"modified":"2024-08-08T12:30:58","modified_gmt":"2024-08-08T10:30:58","slug":"double-room","status":"publish","type":"product","link":"https:\/\/hola.gdynia.pl\/en\/produkt\/double-room\/","title":{"rendered":"Double room"},"content":{"rendered":"<p>Combination of single solutions with unusual decor \u2013 such are our rooms. A space for relax after a long day. Our guests in each room will find a comfortable double bed, a TV with a large selection of channels and a place to work.<\/p>\n<p>Of course, rooms at Hola Gdynia have bathrooms with showers.<\/p>\n","protected":false},"excerpt":{"rendered":"<p>Combination of single solutions with unusual decor \u2013 such are our rooms. A space for relax after a long day.<\/p>\n","protected":false},"featured_media":2169,"comment_status":"closed","ping_status":"closed","template":"","meta":{"inline_featured_image":false},"product_brand":[],"product_cat":[143],"product_tag":[],"class_list":{"0":"post-5657","1":"product","2":"type-product","3":"status-publish","4":"has-post-thumbnail","6":"product_cat-hola-gdynia","8":"first","9":"instock","10":"shipping-taxable","11":"purchasable","12":"product-type-ovabrw_car_rental"},"yoast_head":"<!-- This site is optimized with the Yoast SEO Premium plugin v24.4 (Yoast SEO v27.5) - https:\/\/yoast.com\/product\/yoast-seo-premium-wordpress\/ -->\n<title>Double room - Zatrzymaj si\u0119 w klimatycznym hotelu w centrum Gdyni<\/title>\n<meta name=\"robots\" content=\"index, follow, max-snippet:-1, max-image-preview:large, max-video-preview:-1\" \/>\n<link rel=\"canonical\" href=\"https:\/\/hola.gdynia.pl\/en\/produkt\/double-room\/\" \/>\n<meta property=\"og:locale\" content=\"en_US\" \/>\n<meta property=\"og:type\" content=\"article\" \/>\n<meta property=\"og:title\" content=\"Double room\" \/>\n<meta property=\"og:description\" content=\"Combination of single solutions with unusual decor \u2013 such are our rooms. A space for relax after a long day.\" \/>\n<meta property=\"og:url\" content=\"https:\/\/hola.gdynia.pl\/en\/produkt\/double-room\/\" \/>\n<meta property=\"og:site_name\" content=\"Zatrzymaj si\u0119 w klimatycznym hotelu w centrum Gdyni\" \/>\n<meta property=\"article:publisher\" content=\"https:\/\/www.facebook.com\/holagdynia\" \/>\n<meta property=\"article:modified_time\" content=\"2024-08-08T10:30:58+00:00\" \/>\n<meta property=\"og:image\" content=\"https:\/\/hola.gdynia.pl\/wp-content\/uploads\/2023\/01\/pokoj-nad-morzem-w-gdyni-dla-dwoch-osob.jpg\" \/>\n\t<meta property=\"og:image:width\" content=\"1200\" \/>\n\t<meta property=\"og:image:height\" content=\"900\" \/>\n\t<meta property=\"og:image:type\" content=\"image\/jpeg\" \/>\n<meta name=\"twitter:card\" content=\"summary_large_image\" \/>\n<meta name=\"twitter:label1\" content=\"Est. reading time\" \/>\n\t<meta name=\"twitter:data1\" content=\"1 minute\" \/>\n<script type=\"application\/ld+json\" class=\"yoast-schema-graph\">{\"@context\":\"https:\\\/\\\/schema.org\",\"@graph\":[{\"@type\":\"WebPage\",\"@id\":\"https:\\\/\\\/hola.gdynia.pl\\\/en\\\/produkt\\\/double-room\\\/\",\"url\":\"https:\\\/\\\/hola.gdynia.pl\\\/en\\\/produkt\\\/double-room\\\/\",\"name\":\"Double room - Zatrzymaj si\u0119 w klimatycznym hotelu w centrum Gdyni\",\"isPartOf\":{\"@id\":\"https:\\\/\\\/hola.gdynia.pl\\\/en\\\/#website\"},\"primaryImageOfPage\":{\"@id\":\"https:\\\/\\\/hola.gdynia.pl\\\/en\\\/produkt\\\/double-room\\\/#primaryimage\"},\"image\":{\"@id\":\"https:\\\/\\\/hola.gdynia.pl\\\/en\\\/produkt\\\/double-room\\\/#primaryimage\"},\"thumbnailUrl\":\"https:\\\/\\\/hola.gdynia.pl\\\/wp-content\\\/uploads\\\/2023\\\/01\\\/pokoj-nad-morzem-w-gdyni-dla-dwoch-osob.jpg\",\"datePublished\":\"2023-08-07T05:00:40+00:00\",\"dateModified\":\"2024-08-08T10:30:58+00:00\",\"breadcrumb\":{\"@id\":\"https:\\\/\\\/hola.gdynia.pl\\\/en\\\/produkt\\\/double-room\\\/#breadcrumb\"},\"inLanguage\":\"en-US\",\"potentialAction\":[{\"@type\":\"ReadAction\",\"target\":[\"https:\\\/\\\/hola.gdynia.pl\\\/en\\\/produkt\\\/double-room\\\/\"]}]},{\"@type\":\"ImageObject\",\"inLanguage\":\"en-US\",\"@id\":\"https:\\\/\\\/hola.gdynia.pl\\\/en\\\/produkt\\\/double-room\\\/#primaryimage\",\"url\":\"https:\\\/\\\/hola.gdynia.pl\\\/wp-content\\\/uploads\\\/2023\\\/01\\\/pokoj-nad-morzem-w-gdyni-dla-dwoch-osob.jpg\",\"contentUrl\":\"https:\\\/\\\/hola.gdynia.pl\\\/wp-content\\\/uploads\\\/2023\\\/01\\\/pokoj-nad-morzem-w-gdyni-dla-dwoch-osob.jpg\",\"width\":1200,\"height\":900,\"caption\":\"hotel gdynia centrum blisko pla\u017cy\"},{\"@type\":\"BreadcrumbList\",\"@id\":\"https:\\\/\\\/hola.gdynia.pl\\\/en\\\/produkt\\\/double-room\\\/#breadcrumb\",\"itemListElement\":[{\"@type\":\"ListItem\",\"position\":1,\"name\":\"Home\",\"item\":\"https:\\\/\\\/hola.gdynia.pl\\\/en\\\/\"},{\"@type\":\"ListItem\",\"position\":2,\"name\":\"Products\",\"item\":\"https:\\\/\\\/hola.gdynia.pl\\\/en\\\/shop\\\/\"},{\"@type\":\"ListItem\",\"position\":3,\"name\":\"Double room\"}]},{\"@type\":\"WebSite\",\"@id\":\"https:\\\/\\\/hola.gdynia.pl\\\/en\\\/#website\",\"url\":\"https:\\\/\\\/hola.gdynia.pl\\\/en\\\/\",\"name\":\"Zatrzymaj si\u0119 w klimatycznym hotelu w centrum Gdyni\",\"description\":\"Szukasz noclegu w Gdyni? Wybierz nasz nowo otwarty obiekt hotelowy po\u0142o\u017cony blisko morza: 42 pokoje, otwarty dost\u0119p do kuchni, winda, bezp\u0142atny parking!\",\"publisher\":{\"@id\":\"https:\\\/\\\/hola.gdynia.pl\\\/en\\\/#organization\"},\"potentialAction\":[{\"@type\":\"SearchAction\",\"target\":{\"@type\":\"EntryPoint\",\"urlTemplate\":\"https:\\\/\\\/hola.gdynia.pl\\\/en\\\/?s={search_term_string}\"},\"query-input\":{\"@type\":\"PropertyValueSpecification\",\"valueRequired\":true,\"valueName\":\"search_term_string\"}}],\"inLanguage\":\"en-US\"},{\"@type\":\"Organization\",\"@id\":\"https:\\\/\\\/hola.gdynia.pl\\\/en\\\/#organization\",\"name\":\"Zatrzymaj si\u0119 w klimatycznym hotelu w centrum Gdyni\",\"url\":\"https:\\\/\\\/hola.gdynia.pl\\\/en\\\/\",\"logo\":{\"@type\":\"ImageObject\",\"inLanguage\":\"en-US\",\"@id\":\"https:\\\/\\\/hola.gdynia.pl\\\/en\\\/#\\\/schema\\\/logo\\\/image\\\/\",\"url\":\"https:\\\/\\\/hola.gdynia.pl\\\/wp-content\\\/uploads\\\/2023\\\/02\\\/logoHOLA.svg\",\"contentUrl\":\"https:\\\/\\\/hola.gdynia.pl\\\/wp-content\\\/uploads\\\/2023\\\/02\\\/logoHOLA.svg\",\"width\":200,\"height\":66,\"caption\":\"Zatrzymaj si\u0119 w klimatycznym hotelu w centrum Gdyni\"},\"image\":{\"@id\":\"https:\\\/\\\/hola.gdynia.pl\\\/en\\\/#\\\/schema\\\/logo\\\/image\\\/\"},\"sameAs\":[\"https:\\\/\\\/www.facebook.com\\\/holagdynia\"]}]}<\/script>\n<!-- \/ Yoast SEO Premium plugin. -->","yoast_head_json":{"title":"Double room - Zatrzymaj si\u0119 w klimatycznym hotelu w centrum Gdyni","robots":{"index":"index","follow":"follow","max-snippet":"max-snippet:-1","max-image-preview":"max-image-preview:large","max-video-preview":"max-video-preview:-1"},"canonical":"https:\/\/hola.gdynia.pl\/en\/produkt\/double-room\/","og_locale":"en_US","og_type":"article","og_title":"Double room","og_description":"Combination of single solutions with unusual decor \u2013 such are our rooms. A space for relax after a long day.","og_url":"https:\/\/hola.gdynia.pl\/en\/produkt\/double-room\/","og_site_name":"Zatrzymaj si\u0119 w klimatycznym hotelu w centrum Gdyni","article_publisher":"https:\/\/www.facebook.com\/holagdynia","article_modified_time":"2024-08-08T10:30:58+00:00","og_image":[{"width":1200,"height":900,"url":"https:\/\/hola.gdynia.pl\/wp-content\/uploads\/2023\/01\/pokoj-nad-morzem-w-gdyni-dla-dwoch-osob.jpg","type":"image\/jpeg"}],"twitter_card":"summary_large_image","twitter_misc":{"Est. reading time":"1 minute"},"schema":{"@context":"https:\/\/schema.org","@graph":[{"@type":"WebPage","@id":"https:\/\/hola.gdynia.pl\/en\/produkt\/double-room\/","url":"https:\/\/hola.gdynia.pl\/en\/produkt\/double-room\/","name":"Double room - Zatrzymaj si\u0119 w klimatycznym hotelu w centrum Gdyni","isPartOf":{"@id":"https:\/\/hola.gdynia.pl\/en\/#website"},"primaryImageOfPage":{"@id":"https:\/\/hola.gdynia.pl\/en\/produkt\/double-room\/#primaryimage"},"image":{"@id":"https:\/\/hola.gdynia.pl\/en\/produkt\/double-room\/#primaryimage"},"thumbnailUrl":"https:\/\/hola.gdynia.pl\/wp-content\/uploads\/2023\/01\/pokoj-nad-morzem-w-gdyni-dla-dwoch-osob.jpg","datePublished":"2023-08-07T05:00:40+00:00","dateModified":"2024-08-08T10:30:58+00:00","breadcrumb":{"@id":"https:\/\/hola.gdynia.pl\/en\/produkt\/double-room\/#breadcrumb"},"inLanguage":"en-US","potentialAction":[{"@type":"ReadAction","target":["https:\/\/hola.gdynia.pl\/en\/produkt\/double-room\/"]}]},{"@type":"ImageObject","inLanguage":"en-US","@id":"https:\/\/hola.gdynia.pl\/en\/produkt\/double-room\/#primaryimage","url":"https:\/\/hola.gdynia.pl\/wp-content\/uploads\/2023\/01\/pokoj-nad-morzem-w-gdyni-dla-dwoch-osob.jpg","contentUrl":"https:\/\/hola.gdynia.pl\/wp-content\/uploads\/2023\/01\/pokoj-nad-morzem-w-gdyni-dla-dwoch-osob.jpg","width":1200,"height":900,"caption":"hotel gdynia centrum blisko pla\u017cy"},{"@type":"BreadcrumbList","@id":"https:\/\/hola.gdynia.pl\/en\/produkt\/double-room\/#breadcrumb","itemListElement":[{"@type":"ListItem","position":1,"name":"Home","item":"https:\/\/hola.gdynia.pl\/en\/"},{"@type":"ListItem","position":2,"name":"Products","item":"https:\/\/hola.gdynia.pl\/en\/shop\/"},{"@type":"ListItem","position":3,"name":"Double room"}]},{"@type":"WebSite","@id":"https:\/\/hola.gdynia.pl\/en\/#website","url":"https:\/\/hola.gdynia.pl\/en\/","name":"Zatrzymaj si\u0119 w klimatycznym hotelu w centrum Gdyni","description":"Szukasz noclegu w Gdyni? Wybierz nasz nowo otwarty obiekt hotelowy po\u0142o\u017cony blisko morza: 42 pokoje, otwarty dost\u0119p do kuchni, winda, bezp\u0142atny parking!","publisher":{"@id":"https:\/\/hola.gdynia.pl\/en\/#organization"},"potentialAction":[{"@type":"SearchAction","target":{"@type":"EntryPoint","urlTemplate":"https:\/\/hola.gdynia.pl\/en\/?s={search_term_string}"},"query-input":{"@type":"PropertyValueSpecification","valueRequired":true,"valueName":"search_term_string"}}],"inLanguage":"en-US"},{"@type":"Organization","@id":"https:\/\/hola.gdynia.pl\/en\/#organization","name":"Zatrzymaj si\u0119 w klimatycznym hotelu w centrum Gdyni","url":"https:\/\/hola.gdynia.pl\/en\/","logo":{"@type":"ImageObject","inLanguage":"en-US","@id":"https:\/\/hola.gdynia.pl\/en\/#\/schema\/logo\/image\/","url":"https:\/\/hola.gdynia.pl\/wp-content\/uploads\/2023\/02\/logoHOLA.svg","contentUrl":"https:\/\/hola.gdynia.pl\/wp-content\/uploads\/2023\/02\/logoHOLA.svg","width":200,"height":66,"caption":"Zatrzymaj si\u0119 w klimatycznym hotelu w centrum Gdyni"},"image":{"@id":"https:\/\/hola.gdynia.pl\/en\/#\/schema\/logo\/image\/"},"sameAs":["https:\/\/www.facebook.com\/holagdynia"]}]}},"_links":{"self":[{"href":"https:\/\/hola.gdynia.pl\/en\/wp-json\/wp\/v2\/product\/5657","targetHints":{"allow":["GET"]}}],"collection":[{"href":"https:\/\/hola.gdynia.pl\/en\/wp-json\/wp\/v2\/product"}],"about":[{"href":"https:\/\/hola.gdynia.pl\/en\/wp-json\/wp\/v2\/types\/product"}],"replies":[{"embeddable":true,"href":"https:\/\/hola.gdynia.pl\/en\/wp-json\/wp\/v2\/comments?post=5657"}],"version-history":[{"count":0,"href":"https:\/\/hola.gdynia.pl\/en\/wp-json\/wp\/v2\/product\/5657\/revisions"}],"wp:featuredmedia":[{"embeddable":true,"href":"https:\/\/hola.gdynia.pl\/en\/wp-json\/wp\/v2\/media\/2169"}],"wp:attachment":[{"href":"https:\/\/hola.gdynia.pl\/en\/wp-json\/wp\/v2\/media?parent=5657"}],"wp:term":[{"taxonomy":"product_brand","embeddable":true,"href":"https:\/\/hola.gdynia.pl\/en\/wp-json\/wp\/v2\/product_brand?post=5657"},{"taxonomy":"product_cat","embeddable":true,"href":"https:\/\/hola.gdynia.pl\/en\/wp-json\/wp\/v2\/product_cat?post=5657"},{"taxonomy":"product_tag","embeddable":true,"href":"https:\/\/hola.gdynia.pl\/en\/wp-json\/wp\/v2\/product_tag?post=5657"}],"curies":[{"name":"wp","href":"https:\/\/api.w.org\/{rel}","templated":true}]}}