{"id":2378,"date":"2023-03-20T12:40:39","date_gmt":"2023-03-20T11:40:39","guid":{"rendered":"https:\/\/hola.gdynia.pl\/accommodation-offer-for-companies\/"},"modified":"2023-06-01T21:23:15","modified_gmt":"2023-06-01T19:23:15","slug":"accommodation-offer-for-companies","status":"publish","type":"page","link":"https:\/\/hola.gdynia.pl\/en\/accommodation-offer-for-companies\/","title":{"rendered":"Accommodation offer for companies"},"content":{"rendered":"\n<h2 class=\"wp-block-heading\"><strong>Accommodation offer for companies<\/strong><\/h2>\n\n\n\n<div style=\"height:30px\" aria-hidden=\"true\" class=\"wp-block-spacer\"><\/div>\n\n\n\n<h2 class=\"wp-block-heading\"><strong>Are you planning a business trip to Gdynia? Are you looking for comfortable accommodation for an employee? Welcome to the Hola Gdynia hotel &#8211; a newly renovated tenement house in the city center with 42 rooms. <\/strong><\/h2>\n\n\n\n<div style=\"height:30px\" aria-hidden=\"true\" class=\"wp-block-spacer\"><\/div>\n\n\n\n<p><strong>Discover our strengths:<\/strong><\/p>\n\n\n\n<ul class=\"wp-block-list\">\n<li>One-of-a-kind and unmistakable friendly staff &#8211; check out opinions about us.<\/li>\n\n\n\n<li>Possibility of unattended check-in (even at night).<\/li>\n\n\n\n<li>A comfortable bed with additional top mattresses to facilitate restorative sleep.<\/li>\n\n\n\n<li>Amenities such as: internet, TV with a large number of channels and the ability to log in to Netflix, tea and coffee making facilities, bathroom with towels, desk. There is also an iron and ironing board available in the corridor.<\/li>\n\n\n\n<li>The kitchen is available 24 hours a day, where guests can prepare their own snacks.<\/li>\n\n\n\n<li>Self-service vending machine with snacks and necessities.<\/li>\n\n\n\n<li>Relax Room &#8211; here you can drink coffee and play on the console.<\/li>\n\n\n\n<li>Near us there are shops, restaurants and cafes.<\/li>\n\n\n\n<li>Relaxing after work? Closer than you think! A 10-minute walk separates us from the city beach and the South Pier. A 10-minute walk separates us from the city beach and the Po\u0142udnioweaA Pier, and the ZDROFIT Fitness Club is only 100 meters away!<\/li>\n<\/ul>\n\n\n\n<div style=\"height:30px\" aria-hidden=\"true\" class=\"wp-block-spacer\"><\/div>\n\n\n\n<p><strong>Benefits of working with us:<\/strong><\/p>\n\n\n\n<ul class=\"wp-block-list\">\n<li>attractive prices of accommodation with breakfast, <\/li>\n\n\n\n<li>possibility of periodic settlements,<\/li>\n\n\n\n<li>if your employees have meetings in the city center &#8211; the location will be perfect for them!<\/li>\n<\/ul>\n\n\n\n<div style=\"height:30px\" aria-hidden=\"true\" class=\"wp-block-spacer\"><\/div>\n\n\n\n<h2 class=\"wp-block-heading\"><strong>Are you looking for accommodation for employees on a business trip? Are you a conference organizer and want to expand your accommodation base? Feel free to contact us directly: booking@hola.gdynia.pl<\/strong><\/h2>\n\n\n\n<div style=\"height:30px\" aria-hidden=\"true\" class=\"wp-block-spacer\"><\/div>\n\n\n\n<p><strong>We are included in the Global Reservation Systems (GDS):<\/strong><\/p>\n\n\n\n<p>Amadeus: CH QYDHOL <br>Sabre: IH 601627 <br>Galileo: CH H6119 <br>Worldspan: IH QYDHL <br>Dhisco: IH 48920<\/p>\n","protected":false},"excerpt":{"rendered":"<p>Accommodation offer for companies Are you planning a business trip to Gdynia? Are you looking for comfortable accommodation for an employee? Welcome to the Hola Gdynia hotel &#8211; a newly renovated tenement house in the city center with 42 rooms. Discover our strengths: Benefits of working with us: Are you looking for accommodation for employees [&hellip;]<\/p>\n","protected":false},"author":1,"featured_media":2187,"parent":0,"menu_order":0,"comment_status":"closed","ping_status":"closed","template":"","meta":{"inline_featured_image":false,"footnotes":""},"class_list":["post-2378","page","type-page","status-publish","has-post-thumbnail","hentry"],"yoast_head":"<!-- This site is optimized with the Yoast SEO Premium plugin v24.4 (Yoast SEO v27.5) - https:\/\/yoast.com\/product\/yoast-seo-premium-wordpress\/ -->\n<title>Accommodation offer for companies - Zatrzymaj si\u0119 w klimatycznym hotelu w centrum Gdyni<\/title>\n<meta name=\"description\" content=\"Are you planning a business trip to Gdynia? Are you looking for comfortable accommodation for an employee? Welcome to the Hola Gdynia hotel\" \/>\n<meta name=\"robots\" content=\"index, follow, max-snippet:-1, max-image-preview:large, max-video-preview:-1\" \/>\n<link rel=\"canonical\" href=\"https:\/\/hola.gdynia.pl\/en\/accommodation-offer-for-companies\/\" \/>\n<meta property=\"og:locale\" content=\"en_US\" \/>\n<meta property=\"og:type\" content=\"article\" \/>\n<meta property=\"og:title\" content=\"Accommodation offer for companies\" \/>\n<meta property=\"og:description\" content=\"Are you planning a business trip to Gdynia? Are you looking for comfortable accommodation for an employee? Welcome to the Hola Gdynia hotel\" \/>\n<meta property=\"og:url\" content=\"https:\/\/hola.gdynia.pl\/en\/accommodation-offer-for-companies\/\" \/>\n<meta property=\"og:site_name\" content=\"Zatrzymaj si\u0119 w klimatycznym hotelu w centrum Gdyni\" \/>\n<meta property=\"article:publisher\" content=\"https:\/\/www.facebook.com\/holagdynia\" \/>\n<meta property=\"article:modified_time\" content=\"2023-06-01T19:23:15+00:00\" \/>\n<meta property=\"og:image\" content=\"https:\/\/hola.gdynia.pl\/wp-content\/uploads\/2023\/03\/hotel-nad-morzem-dla-pracownikow-noclegi-dla-firm-gdynia.jpg\" \/>\n\t<meta property=\"og:image:width\" content=\"1500\" \/>\n\t<meta property=\"og:image:height\" content=\"790\" \/>\n\t<meta property=\"og:image:type\" content=\"image\/jpeg\" \/>\n<meta name=\"twitter:card\" content=\"summary_large_image\" \/>\n<meta name=\"twitter:label1\" content=\"Est. reading time\" \/>\n\t<meta name=\"twitter:data1\" content=\"2 minutes\" \/>\n<script type=\"application\/ld+json\" class=\"yoast-schema-graph\">{\"@context\":\"https:\\\/\\\/schema.org\",\"@graph\":[{\"@type\":\"WebPage\",\"@id\":\"https:\\\/\\\/hola.gdynia.pl\\\/en\\\/accommodation-offer-for-companies\\\/\",\"url\":\"https:\\\/\\\/hola.gdynia.pl\\\/en\\\/accommodation-offer-for-companies\\\/\",\"name\":\"Accommodation offer for companies - Zatrzymaj si\u0119 w klimatycznym hotelu w centrum Gdyni\",\"isPartOf\":{\"@id\":\"https:\\\/\\\/hola.gdynia.pl\\\/en\\\/#website\"},\"primaryImageOfPage\":{\"@id\":\"https:\\\/\\\/hola.gdynia.pl\\\/en\\\/accommodation-offer-for-companies\\\/#primaryimage\"},\"image\":{\"@id\":\"https:\\\/\\\/hola.gdynia.pl\\\/en\\\/accommodation-offer-for-companies\\\/#primaryimage\"},\"thumbnailUrl\":\"https:\\\/\\\/hola.gdynia.pl\\\/wp-content\\\/uploads\\\/2023\\\/03\\\/hotel-nad-morzem-dla-pracownikow-noclegi-dla-firm-gdynia.jpg\",\"datePublished\":\"2023-03-20T11:40:39+00:00\",\"dateModified\":\"2023-06-01T19:23:15+00:00\",\"description\":\"Are you planning a business trip to Gdynia? Are you looking for comfortable accommodation for an employee? Welcome to the Hola Gdynia hotel\",\"breadcrumb\":{\"@id\":\"https:\\\/\\\/hola.gdynia.pl\\\/en\\\/accommodation-offer-for-companies\\\/#breadcrumb\"},\"inLanguage\":\"en-US\",\"potentialAction\":[{\"@type\":\"ReadAction\",\"target\":[\"https:\\\/\\\/hola.gdynia.pl\\\/en\\\/accommodation-offer-for-companies\\\/\"]}]},{\"@type\":\"ImageObject\",\"inLanguage\":\"en-US\",\"@id\":\"https:\\\/\\\/hola.gdynia.pl\\\/en\\\/accommodation-offer-for-companies\\\/#primaryimage\",\"url\":\"https:\\\/\\\/hola.gdynia.pl\\\/wp-content\\\/uploads\\\/2023\\\/03\\\/hotel-nad-morzem-dla-pracownikow-noclegi-dla-firm-gdynia.jpg\",\"contentUrl\":\"https:\\\/\\\/hola.gdynia.pl\\\/wp-content\\\/uploads\\\/2023\\\/03\\\/hotel-nad-morzem-dla-pracownikow-noclegi-dla-firm-gdynia.jpg\",\"width\":1500,\"height\":790},{\"@type\":\"BreadcrumbList\",\"@id\":\"https:\\\/\\\/hola.gdynia.pl\\\/en\\\/accommodation-offer-for-companies\\\/#breadcrumb\",\"itemListElement\":[{\"@type\":\"ListItem\",\"position\":1,\"name\":\"Home\",\"item\":\"https:\\\/\\\/hola.gdynia.pl\\\/en\\\/\"},{\"@type\":\"ListItem\",\"position\":2,\"name\":\"Accommodation offer for companies\"}]},{\"@type\":\"WebSite\",\"@id\":\"https:\\\/\\\/hola.gdynia.pl\\\/en\\\/#website\",\"url\":\"https:\\\/\\\/hola.gdynia.pl\\\/en\\\/\",\"name\":\"Zatrzymaj si\u0119 w klimatycznym hotelu w centrum Gdyni\",\"description\":\"Szukasz noclegu w Gdyni? Wybierz nasz nowo otwarty obiekt hotelowy po\u0142o\u017cony blisko morza: 42 pokoje, otwarty dost\u0119p do kuchni, winda, bezp\u0142atny parking!\",\"publisher\":{\"@id\":\"https:\\\/\\\/hola.gdynia.pl\\\/en\\\/#organization\"},\"potentialAction\":[{\"@type\":\"SearchAction\",\"target\":{\"@type\":\"EntryPoint\",\"urlTemplate\":\"https:\\\/\\\/hola.gdynia.pl\\\/en\\\/?s={search_term_string}\"},\"query-input\":{\"@type\":\"PropertyValueSpecification\",\"valueRequired\":true,\"valueName\":\"search_term_string\"}}],\"inLanguage\":\"en-US\"},{\"@type\":\"Organization\",\"@id\":\"https:\\\/\\\/hola.gdynia.pl\\\/en\\\/#organization\",\"name\":\"Zatrzymaj si\u0119 w klimatycznym hotelu w centrum Gdyni\",\"url\":\"https:\\\/\\\/hola.gdynia.pl\\\/en\\\/\",\"logo\":{\"@type\":\"ImageObject\",\"inLanguage\":\"en-US\",\"@id\":\"https:\\\/\\\/hola.gdynia.pl\\\/en\\\/#\\\/schema\\\/logo\\\/image\\\/\",\"url\":\"https:\\\/\\\/hola.gdynia.pl\\\/wp-content\\\/uploads\\\/2023\\\/02\\\/logoHOLA.svg\",\"contentUrl\":\"https:\\\/\\\/hola.gdynia.pl\\\/wp-content\\\/uploads\\\/2023\\\/02\\\/logoHOLA.svg\",\"width\":200,\"height\":66,\"caption\":\"Zatrzymaj si\u0119 w klimatycznym hotelu w centrum Gdyni\"},\"image\":{\"@id\":\"https:\\\/\\\/hola.gdynia.pl\\\/en\\\/#\\\/schema\\\/logo\\\/image\\\/\"},\"sameAs\":[\"https:\\\/\\\/www.facebook.com\\\/holagdynia\"]}]}<\/script>\n<!-- \/ Yoast SEO Premium plugin. -->","yoast_head_json":{"title":"Accommodation offer for companies - Zatrzymaj si\u0119 w klimatycznym hotelu w centrum Gdyni","description":"Are you planning a business trip to Gdynia? Are you looking for comfortable accommodation for an employee? Welcome to the Hola Gdynia hotel","robots":{"index":"index","follow":"follow","max-snippet":"max-snippet:-1","max-image-preview":"max-image-preview:large","max-video-preview":"max-video-preview:-1"},"canonical":"https:\/\/hola.gdynia.pl\/en\/accommodation-offer-for-companies\/","og_locale":"en_US","og_type":"article","og_title":"Accommodation offer for companies","og_description":"Are you planning a business trip to Gdynia? Are you looking for comfortable accommodation for an employee? Welcome to the Hola Gdynia hotel","og_url":"https:\/\/hola.gdynia.pl\/en\/accommodation-offer-for-companies\/","og_site_name":"Zatrzymaj si\u0119 w klimatycznym hotelu w centrum Gdyni","article_publisher":"https:\/\/www.facebook.com\/holagdynia","article_modified_time":"2023-06-01T19:23:15+00:00","og_image":[{"width":1500,"height":790,"url":"https:\/\/hola.gdynia.pl\/wp-content\/uploads\/2023\/03\/hotel-nad-morzem-dla-pracownikow-noclegi-dla-firm-gdynia.jpg","type":"image\/jpeg"}],"twitter_card":"summary_large_image","twitter_misc":{"Est. reading time":"2 minutes"},"schema":{"@context":"https:\/\/schema.org","@graph":[{"@type":"WebPage","@id":"https:\/\/hola.gdynia.pl\/en\/accommodation-offer-for-companies\/","url":"https:\/\/hola.gdynia.pl\/en\/accommodation-offer-for-companies\/","name":"Accommodation offer for companies - Zatrzymaj si\u0119 w klimatycznym hotelu w centrum Gdyni","isPartOf":{"@id":"https:\/\/hola.gdynia.pl\/en\/#website"},"primaryImageOfPage":{"@id":"https:\/\/hola.gdynia.pl\/en\/accommodation-offer-for-companies\/#primaryimage"},"image":{"@id":"https:\/\/hola.gdynia.pl\/en\/accommodation-offer-for-companies\/#primaryimage"},"thumbnailUrl":"https:\/\/hola.gdynia.pl\/wp-content\/uploads\/2023\/03\/hotel-nad-morzem-dla-pracownikow-noclegi-dla-firm-gdynia.jpg","datePublished":"2023-03-20T11:40:39+00:00","dateModified":"2023-06-01T19:23:15+00:00","description":"Are you planning a business trip to Gdynia? Are you looking for comfortable accommodation for an employee? Welcome to the Hola Gdynia hotel","breadcrumb":{"@id":"https:\/\/hola.gdynia.pl\/en\/accommodation-offer-for-companies\/#breadcrumb"},"inLanguage":"en-US","potentialAction":[{"@type":"ReadAction","target":["https:\/\/hola.gdynia.pl\/en\/accommodation-offer-for-companies\/"]}]},{"@type":"ImageObject","inLanguage":"en-US","@id":"https:\/\/hola.gdynia.pl\/en\/accommodation-offer-for-companies\/#primaryimage","url":"https:\/\/hola.gdynia.pl\/wp-content\/uploads\/2023\/03\/hotel-nad-morzem-dla-pracownikow-noclegi-dla-firm-gdynia.jpg","contentUrl":"https:\/\/hola.gdynia.pl\/wp-content\/uploads\/2023\/03\/hotel-nad-morzem-dla-pracownikow-noclegi-dla-firm-gdynia.jpg","width":1500,"height":790},{"@type":"BreadcrumbList","@id":"https:\/\/hola.gdynia.pl\/en\/accommodation-offer-for-companies\/#breadcrumb","itemListElement":[{"@type":"ListItem","position":1,"name":"Home","item":"https:\/\/hola.gdynia.pl\/en\/"},{"@type":"ListItem","position":2,"name":"Accommodation offer for companies"}]},{"@type":"WebSite","@id":"https:\/\/hola.gdynia.pl\/en\/#website","url":"https:\/\/hola.gdynia.pl\/en\/","name":"Zatrzymaj si\u0119 w klimatycznym hotelu w centrum Gdyni","description":"Szukasz noclegu w Gdyni? Wybierz nasz nowo otwarty obiekt hotelowy po\u0142o\u017cony blisko morza: 42 pokoje, otwarty dost\u0119p do kuchni, winda, bezp\u0142atny parking!","publisher":{"@id":"https:\/\/hola.gdynia.pl\/en\/#organization"},"potentialAction":[{"@type":"SearchAction","target":{"@type":"EntryPoint","urlTemplate":"https:\/\/hola.gdynia.pl\/en\/?s={search_term_string}"},"query-input":{"@type":"PropertyValueSpecification","valueRequired":true,"valueName":"search_term_string"}}],"inLanguage":"en-US"},{"@type":"Organization","@id":"https:\/\/hola.gdynia.pl\/en\/#organization","name":"Zatrzymaj si\u0119 w klimatycznym hotelu w centrum Gdyni","url":"https:\/\/hola.gdynia.pl\/en\/","logo":{"@type":"ImageObject","inLanguage":"en-US","@id":"https:\/\/hola.gdynia.pl\/en\/#\/schema\/logo\/image\/","url":"https:\/\/hola.gdynia.pl\/wp-content\/uploads\/2023\/02\/logoHOLA.svg","contentUrl":"https:\/\/hola.gdynia.pl\/wp-content\/uploads\/2023\/02\/logoHOLA.svg","width":200,"height":66,"caption":"Zatrzymaj si\u0119 w klimatycznym hotelu w centrum Gdyni"},"image":{"@id":"https:\/\/hola.gdynia.pl\/en\/#\/schema\/logo\/image\/"},"sameAs":["https:\/\/www.facebook.com\/holagdynia"]}]}},"_links":{"self":[{"href":"https:\/\/hola.gdynia.pl\/en\/wp-json\/wp\/v2\/pages\/2378","targetHints":{"allow":["GET"]}}],"collection":[{"href":"https:\/\/hola.gdynia.pl\/en\/wp-json\/wp\/v2\/pages"}],"about":[{"href":"https:\/\/hola.gdynia.pl\/en\/wp-json\/wp\/v2\/types\/page"}],"author":[{"embeddable":true,"href":"https:\/\/hola.gdynia.pl\/en\/wp-json\/wp\/v2\/users\/1"}],"replies":[{"embeddable":true,"href":"https:\/\/hola.gdynia.pl\/en\/wp-json\/wp\/v2\/comments?post=2378"}],"version-history":[{"count":0,"href":"https:\/\/hola.gdynia.pl\/en\/wp-json\/wp\/v2\/pages\/2378\/revisions"}],"wp:featuredmedia":[{"embeddable":true,"href":"https:\/\/hola.gdynia.pl\/en\/wp-json\/wp\/v2\/media\/2187"}],"wp:attachment":[{"href":"https:\/\/hola.gdynia.pl\/en\/wp-json\/wp\/v2\/media?parent=2378"}],"curies":[{"name":"wp","href":"https:\/\/api.w.org\/{rel}","templated":true}]}}