{"id":2319,"date":"2019-04-10T11:21:48","date_gmt":"2019-04-10T09:21:48","guid":{"rendered":"https:\/\/hola.gdynia.pl\/pytania-i-odpowiedzi\/"},"modified":"2025-10-31T18:23:36","modified_gmt":"2025-10-31T17:23:36","slug":"faq","status":"publish","type":"page","link":"https:\/\/hola.gdynia.pl\/en\/faq\/","title":{"rendered":"Questions &#038; Answers"},"content":{"rendered":"<div class=\"wpb-content-wrapper\"><p>[vc_row wrap_container=&#8221;true&#8221; el_id=&#8221;term-condition-section&#8221;][vc_column width=&#8221;2\/3&#8243; css=&#8221;.vc_custom_1554912973183{padding-top: 0px !important;}&#8221; offset=&#8221;vc_col-lg-offset-0 vc_col-lg-8 vc_col-md-offset-0 vc_col-md-8 vc_col-sm-offset-2 vc_col-xs-12&#8243;][vc_custom_heading text=&#8221;FAQ &#8211; Frequently asked questions and our answers&#8221; font_container=&#8221;tag:h2|font_size:30px|text_align:left|color:%23252c41|line_height:35px&#8221; use_theme_fonts=&#8221;yes&#8221; css=&#8221;.vc_custom_1680203139685{margin-top: 0px !important;margin-bottom: 30px !important;}&#8221;][vc_tta_accordion shape=&#8221;square&#8221; color=&#8221;white&#8221; c_position=&#8221;right&#8221; active_section=&#8221;1&#8243; no_fill=&#8221;true&#8221; collapsible_all=&#8221;true&#8221; css=&#8221;.vc_custom_1554900052959{margin-bottom: 60px !important;}&#8221;][vc_tta_section title=&#8221;Does Hola Gdynia have parking?&#8221; tab_id=&#8221;1537973127598-bec4ff35-a7bc&#8221;][vc_column_text css=&#8221;&#8221;]<b>Parking close to the facility. <\/b>Hola Gdynia is located in the paid parking zone (a day costs up to PLN 85). However, we have found a solution and we invite our guests to the parking lot located 800 meters from the facility at 6 Obro\u0144c\u00f3w Wybrze\u017ca Street. The cost of the parking lot is PLN 50 per day.[\/vc_column_text][\/vc_tta_section][vc_tta_section title=&#8221;Is it possible to park directly in front of Hola Gdynia?&#8221; tab_id=&#8221;1537973127621-91a19ed4-35c6&#8243;][vc_column_text]Starowiejska Street is located in the very center of Gdynia, i.e. in the paid parking zone (<a style=\"color: blue;\" href=\"https:\/\/www.zdiz.gdynia.pl\/parkowanie\/mapa-strefy-platnego-parkowania\/\">blue color<\/a>). Parking here is possible, but at an additional cost, also on weekends.[\/vc_column_text][\/vc_tta_section][vc_tta_section title=&#8221;Is breakfast available at Hola Gdynia?&#8221; tab_id=&#8221;1537973127634-a108cea2-5946&#8243;][vc_column_text css=&#8221;&#8221;]In our facility we serve breakfast every day from 7.00 to 10.00. The cost of breakfast for one person &#8211; unless it is already included in the package &#8211; is PLN 54. For this first meal of the day, we offer our guests: scrambled eggs, fried eggs, omelette, sausages, frankfurters, meats, cheeses, cereals, yogurt, bread. Of course, very good espresso coffee is available. Depending on the number of guests, breakfasts are served in the form of a buffet or as a served option. We invite you for breakfast on level -1.[\/vc_column_text][\/vc_tta_section][vc_tta_section title=&#8221;What time can I check in?&#8221; tab_id=&#8221;1676461816836-17de02ba-fc94&#8243;][vc_column_text]Check-in starts at. 14.<br \/>\nAt Hola Gdynia, we have a traditional reception with friendly staff, but we also focused on the possibility of self-service access to the room. Therefore, it is possible to check in 24\/7. Even at night.<br \/>\nThe hotel day lasts until 11.<br \/>\nOf course, we try to allow for early check-in or late check-out at the request of guests. However, this is a matter for individual determination and depends on the availability of the room on a given day.[\/vc_column_text][\/vc_tta_section][vc_tta_section title=&#8221;How does self check-in work?&#8221; tab_id=&#8221;1676464962567-85bf475e-a91f&#8221;][vc_column_text]In the message we send the code to the front door. In the vestibule, at the next door, the room card will be waiting in the dispatcher. With the card, the guest goes straight to the room (no need to check in at the computer station).[\/vc_column_text][\/vc_tta_section][vc_tta_section title=&#8221;Can I come with my dog or cat? What is the pet fee?&#8221; tab_id=&#8221;1676465025136-4283780c-6020&#8243;][vc_column_text]We invite you! Please inform us in advance that you are coming with your pet. We do not charge for the stay of animals.<br \/>\nWe also have a restaurant next door that serves a dog buffet![\/vc_column_text][\/vc_tta_section][vc_tta_section title=&#8221;Since you are located in a historic tenement house, do you have an elevator?&#8221; tab_id=&#8221;1676465047317-87f03e77-18a9&#8243;][vc_column_text]Yes. Our facility has undergone a thorough modernization, thanks to which our guests have a large elevator at their disposal, so there will be no problem with fitting even a pram for children with a gondola.[\/vc_column_text][\/vc_tta_section][vc_tta_section title=&#8221;Is there a restaurant in Hola Gdynia?&#8221; tab_id=&#8221;1676465067569-a4e5c560-b7ef&#8221;][vc_column_text]In Hola Gdynia we only serve breakfast, but in the same tenement house there is a restaurant called Mandu, which is famous in the Tri-City for its delicious dumplings and unique atmosphere! The restaurant has a nice children&#8217;s corner and a menu for children.<br \/>\n<a href=\"https:\/\/pierogarnia-mandu.pl\/gdynia\/menu\/\">Check menu<\/a>[\/vc_column_text][\/vc_tta_section][vc_tta_section title=&#8221;What facilities do you have for families with children?&#8221; tab_id=&#8221;1676465097893-16fc4be1-60db&#8221;][vc_column_text]For the youngest guests we have travel cots with bedding. In the rooms we have a kettle and a hairdryer (if you need it when falling asleep, it varies \ud83d\ude09)<\/p>\n<p>Our breakfast room with kitchen is available for guests around the clock, so there is no problem to prepare your own dishes at any time.<\/p>\n<p>The Relax Room is adjacent to the kitchen. There, comfortable sofas, board games and game consoles await our guests.<br \/>\nOur guests also have access to an espresso machine with aromatic coffee at all times.[\/vc_column_text][\/vc_tta_section][\/vc_tta_accordion][\/vc_column][vc_column width=&#8221;2\/3&#8243; offset=&#8221;vc_col-lg-offset-0 vc_col-lg-4 vc_col-md-offset-0 vc_col-md-4 vc_col-sm-offset-2 vc_col-xs-12&#8243;][vc_row_inner css=&#8221;.vc_custom_1554900553647{padding-right: 15px !important;padding-left: 15px !important;}&#8221;][vc_column_inner css=&#8221;.vc_custom_1554902260244{padding-top: 35px !important;padding-right: 30px !important;padding-bottom: 35px !important;padding-left: 30px !important;background-color: #f3f3f6 !important;}&#8221; el_id=&#8221;term-condition-form&#8221;][vc_custom_heading text=&#8221;Missing something? Ask us&#8221; font_container=&#8221;tag:h2|font_size:17px|text_align:center|color:%23252c41|line_height:23px&#8221; google_fonts=&#8221;font_family:Roboto%20Slab%3A100%2C300%2Cregular%2C700|font_style:700%20bold%20regular%3A700%3Anormal&#8221; css=&#8221;.vc_custom_1680203156167{margin-top: 0px !important;margin-bottom: 25px !important;}&#8221;]\n<div class=\"wpcf7 no-js\" id=\"wpcf7-f2259-o1\" lang=\"en-US\" dir=\"ltr\" data-wpcf7-id=\"2259\">\n<div class=\"screen-reader-response\"><p role=\"status\" aria-live=\"polite\" aria-atomic=\"true\"><\/p> <ul><\/ul><\/div>\n<form action=\"\/en\/wp-json\/wp\/v2\/pages\/2319#wpcf7-f2259-o1\" method=\"post\" class=\"wpcf7-form init\" aria-label=\"Contact form\" novalidate=\"novalidate\" data-status=\"init\">\n<fieldset class=\"hidden-fields-container\"><input type=\"hidden\" name=\"_wpcf7\" value=\"2259\" \/><input type=\"hidden\" name=\"_wpcf7_version\" value=\"6.1.5\" \/><input type=\"hidden\" name=\"_wpcf7_locale\" value=\"en_US\" \/><input type=\"hidden\" name=\"_wpcf7_unit_tag\" value=\"wpcf7-f2259-o1\" \/><input type=\"hidden\" name=\"_wpcf7_container_post\" value=\"0\" \/><input type=\"hidden\" name=\"_wpcf7_posted_data_hash\" value=\"\" \/>\n<\/fieldset>\n<div class=\"row\">\n\t<div class=\"col-md-12 form-group full-name-field\">\n\t\t<p><span class=\"wpcf7-form-control-wrap\" data-name=\"your-name\"><input size=\"40\" maxlength=\"400\" class=\"wpcf7-form-control wpcf7-text wpcf7-validates-as-required\" aria-required=\"true\" aria-invalid=\"false\" placeholder=\"Name\" value=\"\" type=\"text\" name=\"your-name\" \/><\/span>\n\t\t<\/p>\n\t<\/div>\n\t<div class=\"col-md-12 form-group email-field\">\n\t\t<p><span class=\"wpcf7-form-control-wrap\" data-name=\"your-email\"><input size=\"40\" maxlength=\"400\" class=\"wpcf7-form-control wpcf7-email wpcf7-validates-as-required wpcf7-text wpcf7-validates-as-email\" aria-required=\"true\" aria-invalid=\"false\" placeholder=\"Email\" value=\"\" type=\"email\" name=\"your-email\" \/><\/span>\n\t\t<\/p>\n\t<\/div>\n\t<div class=\"col-md-12 form-group subject-field\">\n\t\t<p><span class=\"wpcf7-form-control-wrap\" data-name=\"your-message\"><textarea cols=\"40\" rows=\"10\" maxlength=\"2000\" class=\"wpcf7-form-control wpcf7-textarea\" aria-invalid=\"false\" placeholder=\"Message\" name=\"your-message\"><\/textarea><\/span>\n\t\t<\/p>\n\t<\/div>\n<\/div>\n<div class=\"submit-field\">\n\t<p><input class=\"wpcf7-form-control wpcf7-submit has-spinner lordcros-btn primary-clr rectangle-style medium\" type=\"submit\" value=\"Send\" \/>\n\t<\/p>\n<\/div><div class=\"wpcf7-response-output\" aria-hidden=\"true\"><\/div>\n<\/form>\n<\/div>\n[\/vc_column_inner][\/vc_row_inner][\/vc_column][\/vc_row]<\/p>\n<\/div>","protected":false},"excerpt":{"rendered":"<p>[vc_row wrap_container=&#8221;true&#8221; el_id=&#8221;term-condition-section&#8221;][vc_column width=&#8221;2\/3&#8243; css=&#8221;.vc_custom_1554912973183{padding-top: 0px !important;}&#8221; offset=&#8221;vc_col-lg-offset-0 vc_col-lg-8 vc_col-md-offset-0 vc_col-md-8 vc_col-sm-offset-2 vc_col-xs-12&#8243;][vc_custom_heading text=&#8221;FAQ &#8211; Frequently asked questions and our answers&#8221; font_container=&#8221;tag:h2|font_size:30px|text_align:left|color:%23252c41|line_height:35px&#8221; use_theme_fonts=&#8221;yes&#8221; css=&#8221;.vc_custom_1680203139685{margin-top: 0px !important;margin-bottom: 30px !important;}&#8221;][vc_tta_accordion shape=&#8221;square&#8221; color=&#8221;white&#8221; c_position=&#8221;right&#8221; active_section=&#8221;1&#8243; no_fill=&#8221;true&#8221; collapsible_all=&#8221;true&#8221; css=&#8221;.vc_custom_1554900052959{margin-bottom: 60px !important;}&#8221;][vc_tta_section title=&#8221;Does Hola Gdynia have parking?&#8221; tab_id=&#8221;1537973127598-bec4ff35-a7bc&#8221;][vc_column_text css=&#8221;&#8221;]Parking close to the facility. Hola Gdynia is located in the paid [&hellip;]<\/p>\n","protected":false},"author":1,"featured_media":0,"parent":0,"menu_order":0,"comment_status":"closed","ping_status":"closed","template":"","meta":{"inline_featured_image":false,"footnotes":""},"class_list":["post-2319","page","type-page","status-publish","hentry"],"yoast_head":"<!-- This site is optimized with the Yoast SEO Premium plugin v24.4 (Yoast SEO v27.5) - https:\/\/yoast.com\/product\/yoast-seo-premium-wordpress\/ -->\n<title>Questions &amp; Answers - Zatrzymaj si\u0119 w klimatycznym hotelu w centrum Gdyni<\/title>\n<meta name=\"description\" content=\"Find answers to frequently asked questions about Hola Gdynia \u2013 booking, check-in, parking, breakfast, and more.\" \/>\n<meta name=\"robots\" content=\"index, follow, max-snippet:-1, max-image-preview:large, max-video-preview:-1\" \/>\n<link rel=\"canonical\" href=\"https:\/\/hola.gdynia.pl\/en\/faq\/\" \/>\n<meta property=\"og:locale\" content=\"en_US\" \/>\n<meta property=\"og:type\" content=\"article\" \/>\n<meta property=\"og:title\" content=\"Questions &amp; Answers\" \/>\n<meta property=\"og:description\" content=\"Find answers to frequently asked questions about Hola Gdynia \u2013 booking, check-in, parking, breakfast, and more.\" \/>\n<meta property=\"og:url\" content=\"https:\/\/hola.gdynia.pl\/en\/faq\/\" \/>\n<meta property=\"og:site_name\" content=\"Zatrzymaj si\u0119 w klimatycznym hotelu w centrum Gdyni\" \/>\n<meta property=\"article:publisher\" content=\"https:\/\/www.facebook.com\/holagdynia\" \/>\n<meta property=\"article:modified_time\" content=\"2025-10-31T17:23:36+00:00\" \/>\n<meta property=\"og:image\" content=\"https:\/\/hola.gdynia.pl\/wp-content\/uploads\/2023\/04\/hotel-gdynia-centrum-blisko-plazy-trojmiasto.png\" \/>\n\t<meta property=\"og:image:width\" content=\"1200\" \/>\n\t<meta property=\"og:image:height\" content=\"675\" \/>\n\t<meta property=\"og:image:type\" content=\"image\/png\" \/>\n<meta name=\"twitter:card\" content=\"summary_large_image\" \/>\n<meta name=\"twitter:label1\" content=\"Est. reading time\" \/>\n\t<meta name=\"twitter:data1\" content=\"5 minutes\" \/>\n<script type=\"application\/ld+json\" class=\"yoast-schema-graph\">{\"@context\":\"https:\\\/\\\/schema.org\",\"@graph\":[{\"@type\":\"WebPage\",\"@id\":\"https:\\\/\\\/hola.gdynia.pl\\\/en\\\/faq\\\/\",\"url\":\"https:\\\/\\\/hola.gdynia.pl\\\/en\\\/faq\\\/\",\"name\":\"Questions & Answers - Zatrzymaj si\u0119 w klimatycznym hotelu w centrum Gdyni\",\"isPartOf\":{\"@id\":\"https:\\\/\\\/hola.gdynia.pl\\\/en\\\/#website\"},\"datePublished\":\"2019-04-10T09:21:48+00:00\",\"dateModified\":\"2025-10-31T17:23:36+00:00\",\"description\":\"Find answers to frequently asked questions about Hola Gdynia \u2013 booking, check-in, parking, breakfast, and more.\",\"breadcrumb\":{\"@id\":\"https:\\\/\\\/hola.gdynia.pl\\\/en\\\/faq\\\/#breadcrumb\"},\"inLanguage\":\"en-US\",\"potentialAction\":[{\"@type\":\"ReadAction\",\"target\":[\"https:\\\/\\\/hola.gdynia.pl\\\/en\\\/faq\\\/\"]}]},{\"@type\":\"BreadcrumbList\",\"@id\":\"https:\\\/\\\/hola.gdynia.pl\\\/en\\\/faq\\\/#breadcrumb\",\"itemListElement\":[{\"@type\":\"ListItem\",\"position\":1,\"name\":\"Home\",\"item\":\"https:\\\/\\\/hola.gdynia.pl\\\/en\\\/\"},{\"@type\":\"ListItem\",\"position\":2,\"name\":\"Questions &#038; Answers\"}]},{\"@type\":\"WebSite\",\"@id\":\"https:\\\/\\\/hola.gdynia.pl\\\/en\\\/#website\",\"url\":\"https:\\\/\\\/hola.gdynia.pl\\\/en\\\/\",\"name\":\"Zatrzymaj si\u0119 w klimatycznym hotelu w centrum Gdyni\",\"description\":\"Szukasz noclegu w Gdyni? Wybierz nasz nowo otwarty obiekt hotelowy po\u0142o\u017cony blisko morza: 42 pokoje, otwarty dost\u0119p do kuchni, winda, bezp\u0142atny parking!\",\"publisher\":{\"@id\":\"https:\\\/\\\/hola.gdynia.pl\\\/en\\\/#organization\"},\"potentialAction\":[{\"@type\":\"SearchAction\",\"target\":{\"@type\":\"EntryPoint\",\"urlTemplate\":\"https:\\\/\\\/hola.gdynia.pl\\\/en\\\/?s={search_term_string}\"},\"query-input\":{\"@type\":\"PropertyValueSpecification\",\"valueRequired\":true,\"valueName\":\"search_term_string\"}}],\"inLanguage\":\"en-US\"},{\"@type\":\"Organization\",\"@id\":\"https:\\\/\\\/hola.gdynia.pl\\\/en\\\/#organization\",\"name\":\"Zatrzymaj si\u0119 w klimatycznym hotelu w centrum Gdyni\",\"url\":\"https:\\\/\\\/hola.gdynia.pl\\\/en\\\/\",\"logo\":{\"@type\":\"ImageObject\",\"inLanguage\":\"en-US\",\"@id\":\"https:\\\/\\\/hola.gdynia.pl\\\/en\\\/#\\\/schema\\\/logo\\\/image\\\/\",\"url\":\"https:\\\/\\\/hola.gdynia.pl\\\/wp-content\\\/uploads\\\/2023\\\/02\\\/logoHOLA.svg\",\"contentUrl\":\"https:\\\/\\\/hola.gdynia.pl\\\/wp-content\\\/uploads\\\/2023\\\/02\\\/logoHOLA.svg\",\"width\":200,\"height\":66,\"caption\":\"Zatrzymaj si\u0119 w klimatycznym hotelu w centrum Gdyni\"},\"image\":{\"@id\":\"https:\\\/\\\/hola.gdynia.pl\\\/en\\\/#\\\/schema\\\/logo\\\/image\\\/\"},\"sameAs\":[\"https:\\\/\\\/www.facebook.com\\\/holagdynia\"]}]}<\/script>\n<!-- \/ Yoast SEO Premium plugin. -->","yoast_head_json":{"title":"Questions & Answers - Zatrzymaj si\u0119 w klimatycznym hotelu w centrum Gdyni","description":"Find answers to frequently asked questions about Hola Gdynia \u2013 booking, check-in, parking, breakfast, and more.","robots":{"index":"index","follow":"follow","max-snippet":"max-snippet:-1","max-image-preview":"max-image-preview:large","max-video-preview":"max-video-preview:-1"},"canonical":"https:\/\/hola.gdynia.pl\/en\/faq\/","og_locale":"en_US","og_type":"article","og_title":"Questions & Answers","og_description":"Find answers to frequently asked questions about Hola Gdynia \u2013 booking, check-in, parking, breakfast, and more.","og_url":"https:\/\/hola.gdynia.pl\/en\/faq\/","og_site_name":"Zatrzymaj si\u0119 w klimatycznym hotelu w centrum Gdyni","article_publisher":"https:\/\/www.facebook.com\/holagdynia","article_modified_time":"2025-10-31T17:23:36+00:00","og_image":[{"width":1200,"height":675,"url":"https:\/\/hola.gdynia.pl\/wp-content\/uploads\/2023\/04\/hotel-gdynia-centrum-blisko-plazy-trojmiasto.png","type":"image\/png"}],"twitter_card":"summary_large_image","twitter_misc":{"Est. reading time":"5 minutes"},"schema":{"@context":"https:\/\/schema.org","@graph":[{"@type":"WebPage","@id":"https:\/\/hola.gdynia.pl\/en\/faq\/","url":"https:\/\/hola.gdynia.pl\/en\/faq\/","name":"Questions & Answers - Zatrzymaj si\u0119 w klimatycznym hotelu w centrum Gdyni","isPartOf":{"@id":"https:\/\/hola.gdynia.pl\/en\/#website"},"datePublished":"2019-04-10T09:21:48+00:00","dateModified":"2025-10-31T17:23:36+00:00","description":"Find answers to frequently asked questions about Hola Gdynia \u2013 booking, check-in, parking, breakfast, and more.","breadcrumb":{"@id":"https:\/\/hola.gdynia.pl\/en\/faq\/#breadcrumb"},"inLanguage":"en-US","potentialAction":[{"@type":"ReadAction","target":["https:\/\/hola.gdynia.pl\/en\/faq\/"]}]},{"@type":"BreadcrumbList","@id":"https:\/\/hola.gdynia.pl\/en\/faq\/#breadcrumb","itemListElement":[{"@type":"ListItem","position":1,"name":"Home","item":"https:\/\/hola.gdynia.pl\/en\/"},{"@type":"ListItem","position":2,"name":"Questions &#038; Answers"}]},{"@type":"WebSite","@id":"https:\/\/hola.gdynia.pl\/en\/#website","url":"https:\/\/hola.gdynia.pl\/en\/","name":"Zatrzymaj si\u0119 w klimatycznym hotelu w centrum Gdyni","description":"Szukasz noclegu w Gdyni? Wybierz nasz nowo otwarty obiekt hotelowy po\u0142o\u017cony blisko morza: 42 pokoje, otwarty dost\u0119p do kuchni, winda, bezp\u0142atny parking!","publisher":{"@id":"https:\/\/hola.gdynia.pl\/en\/#organization"},"potentialAction":[{"@type":"SearchAction","target":{"@type":"EntryPoint","urlTemplate":"https:\/\/hola.gdynia.pl\/en\/?s={search_term_string}"},"query-input":{"@type":"PropertyValueSpecification","valueRequired":true,"valueName":"search_term_string"}}],"inLanguage":"en-US"},{"@type":"Organization","@id":"https:\/\/hola.gdynia.pl\/en\/#organization","name":"Zatrzymaj si\u0119 w klimatycznym hotelu w centrum Gdyni","url":"https:\/\/hola.gdynia.pl\/en\/","logo":{"@type":"ImageObject","inLanguage":"en-US","@id":"https:\/\/hola.gdynia.pl\/en\/#\/schema\/logo\/image\/","url":"https:\/\/hola.gdynia.pl\/wp-content\/uploads\/2023\/02\/logoHOLA.svg","contentUrl":"https:\/\/hola.gdynia.pl\/wp-content\/uploads\/2023\/02\/logoHOLA.svg","width":200,"height":66,"caption":"Zatrzymaj si\u0119 w klimatycznym hotelu w centrum Gdyni"},"image":{"@id":"https:\/\/hola.gdynia.pl\/en\/#\/schema\/logo\/image\/"},"sameAs":["https:\/\/www.facebook.com\/holagdynia"]}]}},"_links":{"self":[{"href":"https:\/\/hola.gdynia.pl\/en\/wp-json\/wp\/v2\/pages\/2319","targetHints":{"allow":["GET"]}}],"collection":[{"href":"https:\/\/hola.gdynia.pl\/en\/wp-json\/wp\/v2\/pages"}],"about":[{"href":"https:\/\/hola.gdynia.pl\/en\/wp-json\/wp\/v2\/types\/page"}],"author":[{"embeddable":true,"href":"https:\/\/hola.gdynia.pl\/en\/wp-json\/wp\/v2\/users\/1"}],"replies":[{"embeddable":true,"href":"https:\/\/hola.gdynia.pl\/en\/wp-json\/wp\/v2\/comments?post=2319"}],"version-history":[{"count":3,"href":"https:\/\/hola.gdynia.pl\/en\/wp-json\/wp\/v2\/pages\/2319\/revisions"}],"predecessor-version":[{"id":7115,"href":"https:\/\/hola.gdynia.pl\/en\/wp-json\/wp\/v2\/pages\/2319\/revisions\/7115"}],"wp:attachment":[{"href":"https:\/\/hola.gdynia.pl\/en\/wp-json\/wp\/v2\/media?parent=2319"}],"curies":[{"name":"wp","href":"https:\/\/api.w.org\/{rel}","templated":true}]}}