{"id":2306,"date":"2023-03-20T12:40:11","date_gmt":"2023-03-20T11:40:11","guid":{"rendered":"https:\/\/hola.gdynia.pl\/offer-for-travel-agencies\/"},"modified":"2025-02-18T13:56:34","modified_gmt":"2025-02-18T12:56:34","slug":"offer-for-travel-agencies","status":"publish","type":"page","link":"https:\/\/hola.gdynia.pl\/en\/offer-for-travel-agencies\/","title":{"rendered":"Offer for travel agencies"},"content":{"rendered":"\n<h2 class=\"wp-block-heading\"><strong>Offer for travel agencies and organized groups<\/strong><\/h2>\n\n<div style=\"height:31px\" aria-hidden=\"true\" class=\"wp-block-spacer\"><\/div>\n\n<h2 class=\"wp-block-heading\"><strong>Thanks to its attractive location in the city center and a large accommodation base, Hola Gdynia can boast of frequent visits by organized tour groups from Poland and the world. We invite travel agencies, tour operators and travel agents to cooperate with us!<\/strong><\/h2>\n\n<div style=\"height:31px\" aria-hidden=\"true\" class=\"wp-block-spacer\"><\/div>\n\n<p><strong>Discover our strengths:<\/strong><\/p>\n\n<ul class=\"wp-block-list\">\n<li>As the only one in Gdynia, we can provide <strong>accommodation for a group of up to 100 people!<\/strong> <\/li>\n\n\n\n<li>All our <a href=\"https:\/\/hola.gdynia.pl\/en\/hola-gdynia-rooms\/\" target=\"_blank\" rel=\"noreferrer noopener\">rooms<\/a> have bathrooms, very comfortable beds and necessary amenities: TV, coffee set, towels, hair dryer.<\/li>\n\n\n\n<li>We provide guests with a 24-hour kitchen where they can prepare something to eat.<\/li>\n\n\n\n<li>We serve breakfast in the breakfast room and bar. Lunch dishes can be eaten in a friendly restaurant, which is located in the same tenement house as our facility.<\/li>\n\n\n\n<li>We have a <a href=\"https:\/\/hola.gdynia.pl\/en\/relax-room\/\" target=\"_blank\" rel=\"noreferrer noopener\">relaxation area<\/a> where you can drink coffee, play board games or games on the console.<\/li>\n\n\n\n<li>Our tenement house has undergone a thorough renovation, thanks to which we have spacious elevators.<\/li>\n\n\n\n<li>Parking 800 meters from the facility (Obro\u0144c\u00f3w Wybrze\u017ca 6).<\/li>\n<\/ul>\n\n<p><\/p>\n\n<p><strong>Location:<\/strong><\/p>\n\n<ul class=\"wp-block-list\">\n<li>A great advantage is the location of our facility. Starowiejska Street is the very center of Gdynia. Near us (10 minutes on foot) there are: Kosciuszko Square and the Southern Pier, ORP &#8220;B\u0142yskawica&#8221;, Ship &#8220;Dar M\u0142odych&#8221;, Gdynia Aquarium MIR, Musical Theater for them. Danuta Baduszkowa and the viewpoint &#8211; Kamienna G\u00f3ra. We can walk to the <a href=\"https:\/\/hola.gdynia.pl\/en\/attraction\/\" target=\"_blank\" rel=\"noreferrer noopener\">Emigration Museum<\/a> in about 20 minutes.<\/li>\n\n\n\n<li>It will take us 10 minutes on foot to reach the city beach. <\/li>\n\n\n\n<li>Only 750 meters separate us from the Gdynia G\u0142\u00f3wna Railway Station. Thanks to this, Sopot and Gda\u0144sk can also be visited by train!<\/li>\n\n\n\n<li>In our close vicinity there are many restaurants, cafes and shops.<\/li>\n<\/ul>\n\n<p><\/p>\n\n<p><strong>Bonuses for tour groups:<\/strong><\/p>\n\n<ul class=\"wp-block-list\">\n<li>Deciding to stay with us, be sure that we will welcome you very warmly! We will help, suggest, and we have interesting stories to tell\u2026<\/li>\n\n\n\n<li>When booking more than 10 rooms, you can count on preferential settlement terms.<\/li>\n\n\n\n<li>We can offer not only breakfasts, but also organize dinners at Pierogarnia Mandu.<\/li>\n<\/ul>\n\n<div style=\"height:31px\" aria-hidden=\"true\" class=\"wp-block-spacer\"><\/div>\n\n<h2 class=\"wp-block-heading\"><strong>Are you planning a trip around the Tri-City? Are you looking for accommodation in Gdynia for an organized group? Feel free to contact us directly: booking@hola.gdynia.pl<\/strong><\/h2>\n\n<div style=\"height:31px\" aria-hidden=\"true\" class=\"wp-block-spacer\"><\/div>\n\n<p><strong>We are included in the Global Reservation Systems (GDS):<\/strong><\/p>\n\n<p>Amadeus: CH QYDHOL <br\/>Sabre: IH 601627 <br\/>Galileo: CH H6119 <br\/>Worldspan: IH QYDHL <br\/>Dhisco: IH 48920 <\/p>\n","protected":false},"excerpt":{"rendered":"<p>Offer for travel agencies and organized groups Thanks to its attractive location in the city center and a large accommodation base, Hola Gdynia can boast of frequent visits by organized tour groups from Poland and the world. We invite travel agencies, tour operators and travel agents to cooperate with us! Discover our strengths: Location: Bonuses [&hellip;]<\/p>\n","protected":false},"author":1,"featured_media":2183,"parent":0,"menu_order":0,"comment_status":"closed","ping_status":"closed","template":"","meta":{"inline_featured_image":false,"footnotes":""},"class_list":["post-2306","page","type-page","status-publish","has-post-thumbnail","hentry"],"yoast_head":"<!-- This site is optimized with the Yoast SEO Premium plugin v24.4 (Yoast SEO v27.5) - https:\/\/yoast.com\/product\/yoast-seo-premium-wordpress\/ -->\n<title>Offer for travel agencies - Zatrzymaj si\u0119 w klimatycznym hotelu w centrum Gdyni<\/title>\n<meta name=\"description\" content=\"Are you planning a trip around the Tri-City? Are you looking for accommodation in Gdynia for an organized group? Welcome to Hola Gdynia\" \/>\n<meta name=\"robots\" content=\"index, follow, max-snippet:-1, max-image-preview:large, max-video-preview:-1\" \/>\n<link rel=\"canonical\" href=\"https:\/\/hola.gdynia.pl\/en\/offer-for-travel-agencies\/\" \/>\n<meta property=\"og:locale\" content=\"en_US\" \/>\n<meta property=\"og:type\" content=\"article\" \/>\n<meta property=\"og:title\" content=\"Offer for travel agencies\" \/>\n<meta property=\"og:description\" content=\"Are you planning a trip around the Tri-City? Are you looking for accommodation in Gdynia for an organized group? Welcome to Hola Gdynia\" \/>\n<meta property=\"og:url\" content=\"https:\/\/hola.gdynia.pl\/en\/offer-for-travel-agencies\/\" \/>\n<meta property=\"og:site_name\" content=\"Zatrzymaj si\u0119 w klimatycznym hotelu w centrum Gdyni\" \/>\n<meta property=\"article:publisher\" content=\"https:\/\/www.facebook.com\/holagdynia\" \/>\n<meta property=\"article:modified_time\" content=\"2025-02-18T12:56:34+00:00\" \/>\n<meta property=\"og:image\" content=\"https:\/\/hola.gdynia.pl\/wp-content\/uploads\/2023\/03\/hotel-biuro-podrozy-agent-gdynia-polish-sea-baltic.jpg\" \/>\n\t<meta property=\"og:image:width\" content=\"1500\" \/>\n\t<meta property=\"og:image:height\" content=\"790\" \/>\n\t<meta property=\"og:image:type\" content=\"image\/jpeg\" \/>\n<meta name=\"twitter:card\" content=\"summary_large_image\" \/>\n<meta name=\"twitter:label1\" content=\"Est. reading time\" \/>\n\t<meta name=\"twitter:data1\" content=\"3 minutes\" \/>\n<script type=\"application\/ld+json\" class=\"yoast-schema-graph\">{\"@context\":\"https:\\\/\\\/schema.org\",\"@graph\":[{\"@type\":\"WebPage\",\"@id\":\"https:\\\/\\\/hola.gdynia.pl\\\/en\\\/offer-for-travel-agencies\\\/\",\"url\":\"https:\\\/\\\/hola.gdynia.pl\\\/en\\\/offer-for-travel-agencies\\\/\",\"name\":\"Offer for travel agencies - Zatrzymaj si\u0119 w klimatycznym hotelu w centrum Gdyni\",\"isPartOf\":{\"@id\":\"https:\\\/\\\/hola.gdynia.pl\\\/en\\\/#website\"},\"primaryImageOfPage\":{\"@id\":\"https:\\\/\\\/hola.gdynia.pl\\\/en\\\/offer-for-travel-agencies\\\/#primaryimage\"},\"image\":{\"@id\":\"https:\\\/\\\/hola.gdynia.pl\\\/en\\\/offer-for-travel-agencies\\\/#primaryimage\"},\"thumbnailUrl\":\"https:\\\/\\\/hola.gdynia.pl\\\/wp-content\\\/uploads\\\/2023\\\/03\\\/hotel-biuro-podrozy-agent-gdynia-polish-sea-baltic.jpg\",\"datePublished\":\"2023-03-20T11:40:11+00:00\",\"dateModified\":\"2025-02-18T12:56:34+00:00\",\"description\":\"Are you planning a trip around the Tri-City? Are you looking for accommodation in Gdynia for an organized group? Welcome to Hola Gdynia\",\"breadcrumb\":{\"@id\":\"https:\\\/\\\/hola.gdynia.pl\\\/en\\\/offer-for-travel-agencies\\\/#breadcrumb\"},\"inLanguage\":\"en-US\",\"potentialAction\":[{\"@type\":\"ReadAction\",\"target\":[\"https:\\\/\\\/hola.gdynia.pl\\\/en\\\/offer-for-travel-agencies\\\/\"]}]},{\"@type\":\"ImageObject\",\"inLanguage\":\"en-US\",\"@id\":\"https:\\\/\\\/hola.gdynia.pl\\\/en\\\/offer-for-travel-agencies\\\/#primaryimage\",\"url\":\"https:\\\/\\\/hola.gdynia.pl\\\/wp-content\\\/uploads\\\/2023\\\/03\\\/hotel-biuro-podrozy-agent-gdynia-polish-sea-baltic.jpg\",\"contentUrl\":\"https:\\\/\\\/hola.gdynia.pl\\\/wp-content\\\/uploads\\\/2023\\\/03\\\/hotel-biuro-podrozy-agent-gdynia-polish-sea-baltic.jpg\",\"width\":1500,\"height\":790},{\"@type\":\"BreadcrumbList\",\"@id\":\"https:\\\/\\\/hola.gdynia.pl\\\/en\\\/offer-for-travel-agencies\\\/#breadcrumb\",\"itemListElement\":[{\"@type\":\"ListItem\",\"position\":1,\"name\":\"Home\",\"item\":\"https:\\\/\\\/hola.gdynia.pl\\\/en\\\/\"},{\"@type\":\"ListItem\",\"position\":2,\"name\":\"Offer for travel agencies\"}]},{\"@type\":\"WebSite\",\"@id\":\"https:\\\/\\\/hola.gdynia.pl\\\/en\\\/#website\",\"url\":\"https:\\\/\\\/hola.gdynia.pl\\\/en\\\/\",\"name\":\"Zatrzymaj si\u0119 w klimatycznym hotelu w centrum Gdyni\",\"description\":\"Szukasz noclegu w Gdyni? Wybierz nasz nowo otwarty obiekt hotelowy po\u0142o\u017cony blisko morza: 42 pokoje, otwarty dost\u0119p do kuchni, winda, bezp\u0142atny parking!\",\"publisher\":{\"@id\":\"https:\\\/\\\/hola.gdynia.pl\\\/en\\\/#organization\"},\"potentialAction\":[{\"@type\":\"SearchAction\",\"target\":{\"@type\":\"EntryPoint\",\"urlTemplate\":\"https:\\\/\\\/hola.gdynia.pl\\\/en\\\/?s={search_term_string}\"},\"query-input\":{\"@type\":\"PropertyValueSpecification\",\"valueRequired\":true,\"valueName\":\"search_term_string\"}}],\"inLanguage\":\"en-US\"},{\"@type\":\"Organization\",\"@id\":\"https:\\\/\\\/hola.gdynia.pl\\\/en\\\/#organization\",\"name\":\"Zatrzymaj si\u0119 w klimatycznym hotelu w centrum Gdyni\",\"url\":\"https:\\\/\\\/hola.gdynia.pl\\\/en\\\/\",\"logo\":{\"@type\":\"ImageObject\",\"inLanguage\":\"en-US\",\"@id\":\"https:\\\/\\\/hola.gdynia.pl\\\/en\\\/#\\\/schema\\\/logo\\\/image\\\/\",\"url\":\"https:\\\/\\\/hola.gdynia.pl\\\/wp-content\\\/uploads\\\/2023\\\/02\\\/logoHOLA.svg\",\"contentUrl\":\"https:\\\/\\\/hola.gdynia.pl\\\/wp-content\\\/uploads\\\/2023\\\/02\\\/logoHOLA.svg\",\"width\":200,\"height\":66,\"caption\":\"Zatrzymaj si\u0119 w klimatycznym hotelu w centrum Gdyni\"},\"image\":{\"@id\":\"https:\\\/\\\/hola.gdynia.pl\\\/en\\\/#\\\/schema\\\/logo\\\/image\\\/\"},\"sameAs\":[\"https:\\\/\\\/www.facebook.com\\\/holagdynia\"]}]}<\/script>\n<!-- \/ Yoast SEO Premium plugin. -->","yoast_head_json":{"title":"Offer for travel agencies - Zatrzymaj si\u0119 w klimatycznym hotelu w centrum Gdyni","description":"Are you planning a trip around the Tri-City? Are you looking for accommodation in Gdynia for an organized group? Welcome to Hola Gdynia","robots":{"index":"index","follow":"follow","max-snippet":"max-snippet:-1","max-image-preview":"max-image-preview:large","max-video-preview":"max-video-preview:-1"},"canonical":"https:\/\/hola.gdynia.pl\/en\/offer-for-travel-agencies\/","og_locale":"en_US","og_type":"article","og_title":"Offer for travel agencies","og_description":"Are you planning a trip around the Tri-City? Are you looking for accommodation in Gdynia for an organized group? Welcome to Hola Gdynia","og_url":"https:\/\/hola.gdynia.pl\/en\/offer-for-travel-agencies\/","og_site_name":"Zatrzymaj si\u0119 w klimatycznym hotelu w centrum Gdyni","article_publisher":"https:\/\/www.facebook.com\/holagdynia","article_modified_time":"2025-02-18T12:56:34+00:00","og_image":[{"width":1500,"height":790,"url":"https:\/\/hola.gdynia.pl\/wp-content\/uploads\/2023\/03\/hotel-biuro-podrozy-agent-gdynia-polish-sea-baltic.jpg","type":"image\/jpeg"}],"twitter_card":"summary_large_image","twitter_misc":{"Est. reading time":"3 minutes"},"schema":{"@context":"https:\/\/schema.org","@graph":[{"@type":"WebPage","@id":"https:\/\/hola.gdynia.pl\/en\/offer-for-travel-agencies\/","url":"https:\/\/hola.gdynia.pl\/en\/offer-for-travel-agencies\/","name":"Offer for travel agencies - Zatrzymaj si\u0119 w klimatycznym hotelu w centrum Gdyni","isPartOf":{"@id":"https:\/\/hola.gdynia.pl\/en\/#website"},"primaryImageOfPage":{"@id":"https:\/\/hola.gdynia.pl\/en\/offer-for-travel-agencies\/#primaryimage"},"image":{"@id":"https:\/\/hola.gdynia.pl\/en\/offer-for-travel-agencies\/#primaryimage"},"thumbnailUrl":"https:\/\/hola.gdynia.pl\/wp-content\/uploads\/2023\/03\/hotel-biuro-podrozy-agent-gdynia-polish-sea-baltic.jpg","datePublished":"2023-03-20T11:40:11+00:00","dateModified":"2025-02-18T12:56:34+00:00","description":"Are you planning a trip around the Tri-City? Are you looking for accommodation in Gdynia for an organized group? Welcome to Hola Gdynia","breadcrumb":{"@id":"https:\/\/hola.gdynia.pl\/en\/offer-for-travel-agencies\/#breadcrumb"},"inLanguage":"en-US","potentialAction":[{"@type":"ReadAction","target":["https:\/\/hola.gdynia.pl\/en\/offer-for-travel-agencies\/"]}]},{"@type":"ImageObject","inLanguage":"en-US","@id":"https:\/\/hola.gdynia.pl\/en\/offer-for-travel-agencies\/#primaryimage","url":"https:\/\/hola.gdynia.pl\/wp-content\/uploads\/2023\/03\/hotel-biuro-podrozy-agent-gdynia-polish-sea-baltic.jpg","contentUrl":"https:\/\/hola.gdynia.pl\/wp-content\/uploads\/2023\/03\/hotel-biuro-podrozy-agent-gdynia-polish-sea-baltic.jpg","width":1500,"height":790},{"@type":"BreadcrumbList","@id":"https:\/\/hola.gdynia.pl\/en\/offer-for-travel-agencies\/#breadcrumb","itemListElement":[{"@type":"ListItem","position":1,"name":"Home","item":"https:\/\/hola.gdynia.pl\/en\/"},{"@type":"ListItem","position":2,"name":"Offer for travel agencies"}]},{"@type":"WebSite","@id":"https:\/\/hola.gdynia.pl\/en\/#website","url":"https:\/\/hola.gdynia.pl\/en\/","name":"Zatrzymaj si\u0119 w klimatycznym hotelu w centrum Gdyni","description":"Szukasz noclegu w Gdyni? Wybierz nasz nowo otwarty obiekt hotelowy po\u0142o\u017cony blisko morza: 42 pokoje, otwarty dost\u0119p do kuchni, winda, bezp\u0142atny parking!","publisher":{"@id":"https:\/\/hola.gdynia.pl\/en\/#organization"},"potentialAction":[{"@type":"SearchAction","target":{"@type":"EntryPoint","urlTemplate":"https:\/\/hola.gdynia.pl\/en\/?s={search_term_string}"},"query-input":{"@type":"PropertyValueSpecification","valueRequired":true,"valueName":"search_term_string"}}],"inLanguage":"en-US"},{"@type":"Organization","@id":"https:\/\/hola.gdynia.pl\/en\/#organization","name":"Zatrzymaj si\u0119 w klimatycznym hotelu w centrum Gdyni","url":"https:\/\/hola.gdynia.pl\/en\/","logo":{"@type":"ImageObject","inLanguage":"en-US","@id":"https:\/\/hola.gdynia.pl\/en\/#\/schema\/logo\/image\/","url":"https:\/\/hola.gdynia.pl\/wp-content\/uploads\/2023\/02\/logoHOLA.svg","contentUrl":"https:\/\/hola.gdynia.pl\/wp-content\/uploads\/2023\/02\/logoHOLA.svg","width":200,"height":66,"caption":"Zatrzymaj si\u0119 w klimatycznym hotelu w centrum Gdyni"},"image":{"@id":"https:\/\/hola.gdynia.pl\/en\/#\/schema\/logo\/image\/"},"sameAs":["https:\/\/www.facebook.com\/holagdynia"]}]}},"_links":{"self":[{"href":"https:\/\/hola.gdynia.pl\/en\/wp-json\/wp\/v2\/pages\/2306","targetHints":{"allow":["GET"]}}],"collection":[{"href":"https:\/\/hola.gdynia.pl\/en\/wp-json\/wp\/v2\/pages"}],"about":[{"href":"https:\/\/hola.gdynia.pl\/en\/wp-json\/wp\/v2\/types\/page"}],"author":[{"embeddable":true,"href":"https:\/\/hola.gdynia.pl\/en\/wp-json\/wp\/v2\/users\/1"}],"replies":[{"embeddable":true,"href":"https:\/\/hola.gdynia.pl\/en\/wp-json\/wp\/v2\/comments?post=2306"}],"version-history":[{"count":0,"href":"https:\/\/hola.gdynia.pl\/en\/wp-json\/wp\/v2\/pages\/2306\/revisions"}],"wp:featuredmedia":[{"embeddable":true,"href":"https:\/\/hola.gdynia.pl\/en\/wp-json\/wp\/v2\/media\/2183"}],"wp:attachment":[{"href":"https:\/\/hola.gdynia.pl\/en\/wp-json\/wp\/v2\/media?parent=2306"}],"curies":[{"name":"wp","href":"https:\/\/api.w.org\/{rel}","templated":true}]}}