{"id":2233,"date":"2023-02-15T20:26:27","date_gmt":"2023-02-15T19:26:27","guid":{"rendered":"https:\/\/hola.gdynia.pl\/relax-room\/"},"modified":"2025-03-29T07:44:41","modified_gmt":"2025-03-29T06:44:41","slug":"relax-room","status":"publish","type":"page","link":"https:\/\/hola.gdynia.pl\/en\/relax-room\/","title":{"rendered":"Relax Room"},"content":{"rendered":"<div class=\"wpb-content-wrapper\"><p>[vc_row content_placement=&#8221;middle&#8221; wrap_container=&#8221;true&#8221; el_id=&#8221;everything-right-section&#8221;][vc_column width=&#8221;1\/3&#8243; offset=&#8221;vc_col-xs-12&#8243;][vc_column_text css=&#8221;.vc_custom_1676489035460{margin-bottom: 50px !important;}&#8221;]<\/p>\n<h2 style=\"font-size: 30px; line-height: 35px; text-transform: uppercase; color: #405272;\">Relax<br \/>\n<span style=\"color: #dcb5be;\">Room.<\/span><\/h2>\n<p>[\/vc_column_text][vc_column_text css=&#8221;.vc_custom_1676489168945{margin-bottom: 0px !important;}&#8221;]We want your stay at Hola Gdynia, to be as comfortable as possible! With this in mind, we created a relaxation space on level -1.<\/p>\n<p>The Relax Room connects directly to the kitchen and breakfast room.<\/p>\n<p>Here you can spread out on comfortable couches, watch TV or play games on consoles. We also have something for board game lovers. Scrabble, Jenga and Taboo are sure to pass the time for you.<\/p>\n<p>In addition, it is worth knowing that right here there is a coffee maker, which is all dobba free of charge available to our guests.[\/vc_column_text][\/vc_column][vc_column width=&#8221;2\/3&#8243; offset=&#8221;vc_col-lg-offset-1 vc_col-lg-7 vc_col-md-offset-0 vc_col-md-8 vc_col-sm-offset-0 vc_col-xs-12&#8243; css=&#8221;.vc_custom_1554818202251{padding-right: 8px !important;padding-left: 8px !important;}&#8221;][vc_gallery type=&#8221;image_grid&#8221; images=&#8221;2177,2131&#8243; img_size=&#8221;350&#215;450&#8243; onclick=&#8221;&#8221; css=&#8221;&#8221;][\/vc_column][\/vc_row][vc_row wrap_container=&#8221;true&#8221; css=&#8221;.vc_custom_1676488433792{margin-top: 20px !important;}&#8221; el_id=&#8221;everything-right-bottom-section&#8221;][vc_column][vc_row_inner][vc_column_inner][vc_gallery type=&#8221;image_grid&#8221; images=&#8221;812,810,808,804,802,782,780,778&#8243; img_size=&#8221;260&#215;260&#8243; css=&#8221;.vc_custom_1676489417216{padding-top: 20px !important;}&#8221;][\/vc_column_inner][\/vc_row_inner][vc_empty_space height=&#8221;25px&#8221;][vc_column_text css=&#8221;.vc_custom_1676489483005{margin-bottom: 0px !important;}&#8221;]<\/p>\n<h1 style=\"text-align: center;\"><a href=\"https:\/\/hello.gdynia.pl\/service\/relax-room\/#\"><u>Check out our stay offers and drop by Hola Gdynia!<\/u><\/a><\/h1>\n<p>[\/vc_column_text][vc_empty_space height=&#8221;50px&#8221;][\/vc_column][\/vc_row][vc_row][vc_column css=&#8221;.vc_custom_1554820984708{padding-top: 0px !important;padding-right: 0px !important;padding-left: 0px !important;}&#8221;][vc_empty_space height=&#8221;62px&#8221;]\n\t\t\t\t<p class=\"rs-p-wp-fix\"><\/p>\n\t\t\t\t<sr7-module data-alias=\"content_slider\" data-id=\"1\" id=\"SR7_1_1\" class=\"rs-ov-hidden\" data-version=\"6.7.23\">\n\t\t\t\t\t<sr7-adjuster><\/sr7-adjuster>\n\t\t\t\t\t<sr7-content>\n\t\t\t\t\t\t<sr7-slide id=\"SR7_1_1-1\" data-key=\"1\">\n\t\t\t\t\t\t\t<sr7-bg id=\"SR7_1_1-1-2\" class=\"sr7-layer\"><noscript><img decoding=\"async\" src=\"https:\/\/hola.gdynia.pl\/wp-content\/uploads\/2023\/02\/Molo-Poludniowe-Skwer-Kosciuszki-centrum-hotel-gdynia.jpg\" alt=\"Molo Po\u0142udniowe Atrakcje Gdynia\" title=\"\"><\/noscript><\/sr7-bg>\n\t\t\t\t\t\t<\/sr7-slide>\n\t\t\t\t\t\t<sr7-slide id=\"SR7_1_1-22\" data-key=\"22\">\n\t\t\t\t\t\t<\/sr7-slide>\n\t\t\t\t\t<\/sr7-content>\n\t\t\t\t\t<image_lists style=\"display:none\">\n\t\t\t\t\t\t<img data-src=\"\/\/hola.gdynia.pl\/wp-content\/uploads\/2023\/02\/Molo-Poludniowe-Skwer-Kosciuszki-centrum-hotel-gdynia.jpg\" width=\"0\" height=\"0\" data-dbsrc=\"Ly9ob2xhLmdkeW5pYS5wbC93cC1jb250ZW50L3VwbG9hZHMvMjAyMy8wMi9Nb2xvLVBvbHVkbmlvd2UtU2t3ZXItS29zY2l1c3praS1jZW50cnVtLWhvdGVsLWdkeW5pYS5qcGc=\"\/>\n\t\t\t\t\t<\/image_lists>\n\t\t\t\t<\/sr7-module>\n\t\t\t\t<script>\n\t\t\t\t\tSR7.PMH ??={}; SR7.PMH[\"SR7_1_1\"] = {cn:100,state:false,fn: function() { if (_tpt!==undefined && _tpt.prepareModuleHeight !== undefined) {  _tpt.prepareModuleHeight({id:\"SR7_1_1\",el:[520,520,450,350,250],type:'hero',shdw:'0',gh:[520,520,450,350,250],gw:[1240,1240,1024,778,480],vpt:['-200px&#039;,&#039;-200px&#039;,&#039;-200px&#039;,&#039;-200px&#039;,&#039;-200px'],size:{fullWidth:false, fullHeight:false},mh:'0',onh:0,onw:0,bg:{color:'{\"type\":\"solid\",\"orig\":\"#0e121d\",\"string\":\"rgba(14, 18, 29, 1)\"}'},plType:'2',plColor:'#FFFFFF'});   SR7.PMH[\"SR7_1_1\"].state=true;} else if(SR7.PMH[\"SR7_1_1\"].cn-->0)\tsetTimeout( SR7.PMH[\"SR7_1_1\"].fn,19);}};SR7.PMH[\"SR7_1_1\" ].fn();\n\t\t\t\t<\/script>\n[\/vc_column][\/vc_row][vc_row][vc_column][\/vc_column][\/vc_row]<\/p>\n<\/div>","protected":false},"excerpt":{"rendered":"<p>[vc_row content_placement=&#8221;middle&#8221; wrap_container=&#8221;true&#8221; el_id=&#8221;everything-right-section&#8221;][vc_column width=&#8221;1\/3&#8243; offset=&#8221;vc_col-xs-12&#8243;][vc_column_text css=&#8221;.vc_custom_1676489035460{margin-bottom: 50px !important;}&#8221;] Relax Room. [\/vc_column_text][vc_column_text css=&#8221;.vc_custom_1676489168945{margin-bottom: 0px !important;}&#8221;]We want your stay at Hola Gdynia, to be as comfortable as possible! With this in mind, we created a relaxation space on level -1. The Relax Room connects directly to the kitchen and breakfast room. Here you can spread out [&hellip;]<\/p>\n","protected":false},"author":1,"featured_media":2177,"parent":0,"menu_order":0,"comment_status":"closed","ping_status":"closed","template":"","meta":{"inline_featured_image":false,"footnotes":""},"class_list":["post-2233","page","type-page","status-publish","has-post-thumbnail","hentry"],"yoast_head":"<!-- This site is optimized with the Yoast SEO Premium plugin v24.4 (Yoast SEO v27.5) - https:\/\/yoast.com\/product\/yoast-seo-premium-wordpress\/ -->\n<title>Relax Room - Zatrzymaj si\u0119 w klimatycznym hotelu w centrum Gdyni<\/title>\n<meta name=\"description\" content=\"Unwind in our Relax Room with sauna, loungers, and calming music. A perfect space to recharge after a day in Gdynia.\" \/>\n<meta name=\"robots\" content=\"index, follow, max-snippet:-1, max-image-preview:large, max-video-preview:-1\" \/>\n<link rel=\"canonical\" href=\"https:\/\/hola.gdynia.pl\/en\/relax-room\/\" \/>\n<meta property=\"og:locale\" content=\"en_US\" \/>\n<meta property=\"og:type\" content=\"article\" \/>\n<meta property=\"og:title\" content=\"Relax Room\" \/>\n<meta property=\"og:description\" content=\"Unwind in our Relax Room with sauna, loungers, and calming music. A perfect space to recharge after a day in Gdynia.\" \/>\n<meta property=\"og:url\" content=\"https:\/\/hola.gdynia.pl\/en\/relax-room\/\" \/>\n<meta property=\"og:site_name\" content=\"Zatrzymaj si\u0119 w klimatycznym hotelu w centrum Gdyni\" \/>\n<meta property=\"article:publisher\" content=\"https:\/\/www.facebook.com\/holagdynia\" \/>\n<meta property=\"article:modified_time\" content=\"2025-03-29T06:44:41+00:00\" \/>\n<meta property=\"og:image\" content=\"https:\/\/hola.gdynia.pl\/wp-content\/uploads\/2023\/02\/Relaks-Room-sala-zabawy3.jpg\" \/>\n\t<meta property=\"og:image:width\" content=\"900\" \/>\n\t<meta property=\"og:image:height\" content=\"1200\" \/>\n\t<meta property=\"og:image:type\" content=\"image\/jpeg\" \/>\n<meta name=\"twitter:card\" content=\"summary_large_image\" \/>\n<meta name=\"twitter:label1\" content=\"Est. reading time\" \/>\n\t<meta name=\"twitter:data1\" content=\"2 minutes\" \/>\n<script type=\"application\/ld+json\" class=\"yoast-schema-graph\">{\"@context\":\"https:\\\/\\\/schema.org\",\"@graph\":[{\"@type\":\"WebPage\",\"@id\":\"https:\\\/\\\/hola.gdynia.pl\\\/en\\\/relax-room\\\/\",\"url\":\"https:\\\/\\\/hola.gdynia.pl\\\/en\\\/relax-room\\\/\",\"name\":\"Relax Room - Zatrzymaj si\u0119 w klimatycznym hotelu w centrum Gdyni\",\"isPartOf\":{\"@id\":\"https:\\\/\\\/hola.gdynia.pl\\\/en\\\/#website\"},\"primaryImageOfPage\":{\"@id\":\"https:\\\/\\\/hola.gdynia.pl\\\/en\\\/relax-room\\\/#primaryimage\"},\"image\":{\"@id\":\"https:\\\/\\\/hola.gdynia.pl\\\/en\\\/relax-room\\\/#primaryimage\"},\"thumbnailUrl\":\"https:\\\/\\\/hola.gdynia.pl\\\/wp-content\\\/uploads\\\/2023\\\/02\\\/Relaks-Room-sala-zabawy3.jpg\",\"datePublished\":\"2023-02-15T19:26:27+00:00\",\"dateModified\":\"2025-03-29T06:44:41+00:00\",\"description\":\"Unwind in our Relax Room with sauna, loungers, and calming music. A perfect space to recharge after a day in Gdynia.\",\"breadcrumb\":{\"@id\":\"https:\\\/\\\/hola.gdynia.pl\\\/en\\\/relax-room\\\/#breadcrumb\"},\"inLanguage\":\"en-US\",\"potentialAction\":[{\"@type\":\"ReadAction\",\"target\":[\"https:\\\/\\\/hola.gdynia.pl\\\/en\\\/relax-room\\\/\"]}]},{\"@type\":\"ImageObject\",\"inLanguage\":\"en-US\",\"@id\":\"https:\\\/\\\/hola.gdynia.pl\\\/en\\\/relax-room\\\/#primaryimage\",\"url\":\"https:\\\/\\\/hola.gdynia.pl\\\/wp-content\\\/uploads\\\/2023\\\/02\\\/Relaks-Room-sala-zabawy3.jpg\",\"contentUrl\":\"https:\\\/\\\/hola.gdynia.pl\\\/wp-content\\\/uploads\\\/2023\\\/02\\\/Relaks-Room-sala-zabawy3.jpg\",\"width\":900,\"height\":1200,\"caption\":\"relax room\"},{\"@type\":\"BreadcrumbList\",\"@id\":\"https:\\\/\\\/hola.gdynia.pl\\\/en\\\/relax-room\\\/#breadcrumb\",\"itemListElement\":[{\"@type\":\"ListItem\",\"position\":1,\"name\":\"Home\",\"item\":\"https:\\\/\\\/hola.gdynia.pl\\\/en\\\/\"},{\"@type\":\"ListItem\",\"position\":2,\"name\":\"Relax Room\"}]},{\"@type\":\"WebSite\",\"@id\":\"https:\\\/\\\/hola.gdynia.pl\\\/en\\\/#website\",\"url\":\"https:\\\/\\\/hola.gdynia.pl\\\/en\\\/\",\"name\":\"Zatrzymaj si\u0119 w klimatycznym hotelu w centrum Gdyni\",\"description\":\"Szukasz noclegu w Gdyni? Wybierz nasz nowo otwarty obiekt hotelowy po\u0142o\u017cony blisko morza: 42 pokoje, otwarty dost\u0119p do kuchni, winda, bezp\u0142atny parking!\",\"publisher\":{\"@id\":\"https:\\\/\\\/hola.gdynia.pl\\\/en\\\/#organization\"},\"potentialAction\":[{\"@type\":\"SearchAction\",\"target\":{\"@type\":\"EntryPoint\",\"urlTemplate\":\"https:\\\/\\\/hola.gdynia.pl\\\/en\\\/?s={search_term_string}\"},\"query-input\":{\"@type\":\"PropertyValueSpecification\",\"valueRequired\":true,\"valueName\":\"search_term_string\"}}],\"inLanguage\":\"en-US\"},{\"@type\":\"Organization\",\"@id\":\"https:\\\/\\\/hola.gdynia.pl\\\/en\\\/#organization\",\"name\":\"Zatrzymaj si\u0119 w klimatycznym hotelu w centrum Gdyni\",\"url\":\"https:\\\/\\\/hola.gdynia.pl\\\/en\\\/\",\"logo\":{\"@type\":\"ImageObject\",\"inLanguage\":\"en-US\",\"@id\":\"https:\\\/\\\/hola.gdynia.pl\\\/en\\\/#\\\/schema\\\/logo\\\/image\\\/\",\"url\":\"https:\\\/\\\/hola.gdynia.pl\\\/wp-content\\\/uploads\\\/2023\\\/02\\\/logoHOLA.svg\",\"contentUrl\":\"https:\\\/\\\/hola.gdynia.pl\\\/wp-content\\\/uploads\\\/2023\\\/02\\\/logoHOLA.svg\",\"width\":200,\"height\":66,\"caption\":\"Zatrzymaj si\u0119 w klimatycznym hotelu w centrum Gdyni\"},\"image\":{\"@id\":\"https:\\\/\\\/hola.gdynia.pl\\\/en\\\/#\\\/schema\\\/logo\\\/image\\\/\"},\"sameAs\":[\"https:\\\/\\\/www.facebook.com\\\/holagdynia\"]}]}<\/script>\n<!-- \/ Yoast SEO Premium plugin. -->","yoast_head_json":{"title":"Relax Room - Zatrzymaj si\u0119 w klimatycznym hotelu w centrum Gdyni","description":"Unwind in our Relax Room with sauna, loungers, and calming music. A perfect space to recharge after a day in Gdynia.","robots":{"index":"index","follow":"follow","max-snippet":"max-snippet:-1","max-image-preview":"max-image-preview:large","max-video-preview":"max-video-preview:-1"},"canonical":"https:\/\/hola.gdynia.pl\/en\/relax-room\/","og_locale":"en_US","og_type":"article","og_title":"Relax Room","og_description":"Unwind in our Relax Room with sauna, loungers, and calming music. A perfect space to recharge after a day in Gdynia.","og_url":"https:\/\/hola.gdynia.pl\/en\/relax-room\/","og_site_name":"Zatrzymaj si\u0119 w klimatycznym hotelu w centrum Gdyni","article_publisher":"https:\/\/www.facebook.com\/holagdynia","article_modified_time":"2025-03-29T06:44:41+00:00","og_image":[{"width":900,"height":1200,"url":"https:\/\/hola.gdynia.pl\/wp-content\/uploads\/2023\/02\/Relaks-Room-sala-zabawy3.jpg","type":"image\/jpeg"}],"twitter_card":"summary_large_image","twitter_misc":{"Est. reading time":"2 minutes"},"schema":{"@context":"https:\/\/schema.org","@graph":[{"@type":"WebPage","@id":"https:\/\/hola.gdynia.pl\/en\/relax-room\/","url":"https:\/\/hola.gdynia.pl\/en\/relax-room\/","name":"Relax Room - Zatrzymaj si\u0119 w klimatycznym hotelu w centrum Gdyni","isPartOf":{"@id":"https:\/\/hola.gdynia.pl\/en\/#website"},"primaryImageOfPage":{"@id":"https:\/\/hola.gdynia.pl\/en\/relax-room\/#primaryimage"},"image":{"@id":"https:\/\/hola.gdynia.pl\/en\/relax-room\/#primaryimage"},"thumbnailUrl":"https:\/\/hola.gdynia.pl\/wp-content\/uploads\/2023\/02\/Relaks-Room-sala-zabawy3.jpg","datePublished":"2023-02-15T19:26:27+00:00","dateModified":"2025-03-29T06:44:41+00:00","description":"Unwind in our Relax Room with sauna, loungers, and calming music. A perfect space to recharge after a day in Gdynia.","breadcrumb":{"@id":"https:\/\/hola.gdynia.pl\/en\/relax-room\/#breadcrumb"},"inLanguage":"en-US","potentialAction":[{"@type":"ReadAction","target":["https:\/\/hola.gdynia.pl\/en\/relax-room\/"]}]},{"@type":"ImageObject","inLanguage":"en-US","@id":"https:\/\/hola.gdynia.pl\/en\/relax-room\/#primaryimage","url":"https:\/\/hola.gdynia.pl\/wp-content\/uploads\/2023\/02\/Relaks-Room-sala-zabawy3.jpg","contentUrl":"https:\/\/hola.gdynia.pl\/wp-content\/uploads\/2023\/02\/Relaks-Room-sala-zabawy3.jpg","width":900,"height":1200,"caption":"relax room"},{"@type":"BreadcrumbList","@id":"https:\/\/hola.gdynia.pl\/en\/relax-room\/#breadcrumb","itemListElement":[{"@type":"ListItem","position":1,"name":"Home","item":"https:\/\/hola.gdynia.pl\/en\/"},{"@type":"ListItem","position":2,"name":"Relax Room"}]},{"@type":"WebSite","@id":"https:\/\/hola.gdynia.pl\/en\/#website","url":"https:\/\/hola.gdynia.pl\/en\/","name":"Zatrzymaj si\u0119 w klimatycznym hotelu w centrum Gdyni","description":"Szukasz noclegu w Gdyni? Wybierz nasz nowo otwarty obiekt hotelowy po\u0142o\u017cony blisko morza: 42 pokoje, otwarty dost\u0119p do kuchni, winda, bezp\u0142atny parking!","publisher":{"@id":"https:\/\/hola.gdynia.pl\/en\/#organization"},"potentialAction":[{"@type":"SearchAction","target":{"@type":"EntryPoint","urlTemplate":"https:\/\/hola.gdynia.pl\/en\/?s={search_term_string}"},"query-input":{"@type":"PropertyValueSpecification","valueRequired":true,"valueName":"search_term_string"}}],"inLanguage":"en-US"},{"@type":"Organization","@id":"https:\/\/hola.gdynia.pl\/en\/#organization","name":"Zatrzymaj si\u0119 w klimatycznym hotelu w centrum Gdyni","url":"https:\/\/hola.gdynia.pl\/en\/","logo":{"@type":"ImageObject","inLanguage":"en-US","@id":"https:\/\/hola.gdynia.pl\/en\/#\/schema\/logo\/image\/","url":"https:\/\/hola.gdynia.pl\/wp-content\/uploads\/2023\/02\/logoHOLA.svg","contentUrl":"https:\/\/hola.gdynia.pl\/wp-content\/uploads\/2023\/02\/logoHOLA.svg","width":200,"height":66,"caption":"Zatrzymaj si\u0119 w klimatycznym hotelu w centrum Gdyni"},"image":{"@id":"https:\/\/hola.gdynia.pl\/en\/#\/schema\/logo\/image\/"},"sameAs":["https:\/\/www.facebook.com\/holagdynia"]}]}},"_links":{"self":[{"href":"https:\/\/hola.gdynia.pl\/en\/wp-json\/wp\/v2\/pages\/2233","targetHints":{"allow":["GET"]}}],"collection":[{"href":"https:\/\/hola.gdynia.pl\/en\/wp-json\/wp\/v2\/pages"}],"about":[{"href":"https:\/\/hola.gdynia.pl\/en\/wp-json\/wp\/v2\/types\/page"}],"author":[{"embeddable":true,"href":"https:\/\/hola.gdynia.pl\/en\/wp-json\/wp\/v2\/users\/1"}],"replies":[{"embeddable":true,"href":"https:\/\/hola.gdynia.pl\/en\/wp-json\/wp\/v2\/comments?post=2233"}],"version-history":[{"count":1,"href":"https:\/\/hola.gdynia.pl\/en\/wp-json\/wp\/v2\/pages\/2233\/revisions"}],"predecessor-version":[{"id":6811,"href":"https:\/\/hola.gdynia.pl\/en\/wp-json\/wp\/v2\/pages\/2233\/revisions\/6811"}],"wp:featuredmedia":[{"embeddable":true,"href":"https:\/\/hola.gdynia.pl\/en\/wp-json\/wp\/v2\/media\/2177"}],"wp:attachment":[{"href":"https:\/\/hola.gdynia.pl\/en\/wp-json\/wp\/v2\/media?parent=2233"}],"curies":[{"name":"wp","href":"https:\/\/api.w.org\/{rel}","templated":true}]}}