{"id":2230,"date":"2023-02-15T19:07:59","date_gmt":"2023-02-15T18:07:59","guid":{"rendered":"https:\/\/hola.gdynia.pl\/history-of-the-place-hotel-centralny\/"},"modified":"2025-02-26T16:24:25","modified_gmt":"2025-02-26T15:24:25","slug":"history-of-the-place-hotel-centralny","status":"publish","type":"page","link":"https:\/\/hola.gdynia.pl\/en\/history-of-the-place-hotel-centralny\/","title":{"rendered":"History of the place"},"content":{"rendered":"<div class=\"wpb-content-wrapper\"><p>[vc_row content_placement=&#8221;middle&#8221; wrap_container=&#8221;true&#8221; el_id=&#8221;everything-right-section&#8221;][vc_column width=&#8221;1\/3&#8243; offset=&#8221;vc_col-xs-12&#8243;][vc_column_text css=&#8221;.vc_custom_1676484202425{margin-bottom: 50px !important;}&#8221;]<\/p>\n<h2 style=\"font-size: 30px; line-height: 35px; text-transform: uppercase; color: #405272;\">The Hotel in<br \/>\n<span style=\"color: #dcb5be;\"> Starowiejska Street<\/span><\/h2>\n<p>[\/vc_column_text][vc_column_text css=&#8221;.vc_custom_1677144948495{margin-bottom: 0px !important;}&#8221;]<\/p>\n<h3>While writing about the history of Gdynia we cannot forget \u201cthe very first street in the city\u201d, i.e. Starowiejska Street.<br \/>\nHere, at number one, in 1928 Hotel Centralny was established. Today, this almost 100-year-old tenement house still hosts travellers and takes good care of them.<\/h3>\n<p>[\/vc_column_text][\/vc_column][vc_column width=&#8221;2\/3&#8243; offset=&#8221;vc_col-lg-offset-1 vc_col-lg-7 vc_col-md-offset-0 vc_col-md-8 vc_col-sm-offset-0 vc_col-xs-12&#8243; css=&#8221;.vc_custom_1554818202251{padding-right: 8px !important;padding-left: 8px !important;}&#8221;][vc_single_image image=&#8221;2116&#8243; img_size=&#8221;full&#8221; alignment=&#8221;center&#8221; css=&#8221;&#8221;][\/vc_column][\/vc_row][vc_row wrap_container=&#8221;true&#8221; css=&#8221;.vc_custom_1554910778831{margin-top: 45px !important;}&#8221; el_id=&#8221;everything-right-bottom-section&#8221;][vc_column][vc_column_text css=&#8221;.vc_custom_1677145013539{margin-bottom: 0px !important;}&#8221;]<\/p>\n<h2><strong>Twisted Paths of Starowiejska Street<\/strong><\/h2>\n<p>Initially it was the main street of the village of Gdynia and its name was Wiejska Street. In 1920, when under the Treaty of Versailles this territory was re-integrated with Poland, Gdynia had 1229 inhabitants. . Their everyday life concentrated in Wiejska Street which led from house to house and the builders of the first households did not think about regulating the shape of the street. Yet it was to change. In 1925 the authorities of Gdynia decided to create a municipality.<\/p>\n<p>In 1927 the Town Council of Gdynia made a decision to change the name of the street from Wiejska into Starowiejska. A year later, in 1928, the Town Hall decided to straighten it. This was connected with land purchase and demolition of old cottages.<\/p>\n<p>While justifying their decision concerning that investment the municipal authorities wrote: <em>\u201c\u201dThe Town Hall find quick regulation of Starowiejska Street necessary. Due to dense traffic envisaged in this street in the next construction season, it must be re-built as quickly as possible. . It is worth remembering that at presen, at some places, the street is only 5 metres wide.\u201d<br \/>\n<\/em>It was planned to put cobblestones in the street, make it 10 metres wide and make 4-metre-wide pavements on both sides. It is not difficult to guess that the process was not easy because not all owners were willing to sell their land.<\/p>\n<p>It was in that period of Starowiejska Street transformation that the elegant tenement house was erected by Augustyn J\u00f3zef Skwiercz, merchant and town councillor.[\/vc_column_text][vc_empty_space][vc_column_text css=&#8221;.vc_custom_1680528002778{margin-bottom: 0px !important;}&#8221;]<\/p>\n<h2><strong>Hotel Centralny in Gdynia<\/strong><\/h2>\n<p>The impressive building was erected at the place of an old inn in which in 1922 the first in Gdynia performance of the National Theatre from Toru\u0144 entitled \u201cThe Defence of Cz\u0119stochowa\u201d was held. Income from the sale of tickets for El\u017cbieta Bosniacka&#8217;s play was donated to the Polish Red Cross. The hall was filled with spectators, despite the fact that the ticket prices were quite high. The first places cost 700 marks each. In total, 100,000 marks were collected.<br \/>\nA year later the inn hosted Stanis\u0142aw Wojciechowski, the President of the Republic of Poland. Although the inn became part of Gdynia\u2019s everyday reality, the authorities decided to demolish it.<\/p>\n<p>A tenement house designed by Jan Stefanowicz replaced the inn. The architect was also the designer of Saint Vincent de Paul Hospital which is in the neighbourhood. Vincent de Paul Hospital which is in the neighbourhood. In 1928 a stylish building was created which started to operate under the name of <strong>Hotel Centralny.<\/strong><\/p>\n<p>The Hotel was advertised as the <em>\u201cfirst class facility with rooms provided with hot water and central heating. On the ground floor there are a restaurant and winery, a large room functioning as a ballroom or theatre room and a garden with tables for guests under umbrellas or a wooden roof\u201d.*<\/em>.*<br \/>\nThe building hosted theatrical performances, dance parties or even self-government meetings.<\/p>\n<p>During World War 2 Germans changed the name of the hotel to Central-Hotel Gotenhafen. Although after the war the hotel resumed its function, the consulates of Belgium and Sweden became its extra lodgers. In 1950 the building got under the administration of the state and in 1960 it was nationalized and taken from the Skwiercz family. The name of the hotel was changed to Bristol. However, with the new owners the hotel lost its relevance. A bar and restaurant still operated there. In 1989 the building returned to its rightful owners. The name of the hotel was changed once again, this time to \u201cLark\u201d. Later, the hotel rooms were used by different companies as offices. Until 2017 the \u201cBlack&amp;White\u201d bar functioned there.<\/p>\n<p>In the same year the tenement house was bought from the Skwiercz family to return it to its former glory. A major renovation was carried out. The impressive wooden stairs were renovated, too. A lift shaft was added. Everything was done under the supervision of the conservator because the tenement house in Starowiejska Street is listed in the register of historic monuments. In the hotel part, on 4 storeys, there are 42 rooms. On the ground floor there is the Number 1 Pub and <a href=\"https:\/\/pierogarnia-mandu.pl\/\">Pierogarnia Mandu<\/a>, a very popular restaurant in the Tricity.<\/p>\n<p>What will the following pages of the building history look like? This does not depend on us only, but also on guests who visit our Hola Gdynia hotel every day!<br \/>\nRemember that in this unusual place history is interwoven with everyday life!<\/p>\n<p>&nbsp;<\/p>\n<p><em>* Source: Arkadiusz Brz\u0119czek, \u201cSekrety gdy\u0144skich kamienic\u201d.<\/em>[\/vc_column_text][vc_column_text][\/vc_column_text][\/vc_column][\/vc_row][vc_row][vc_column css=&#8221;.vc_custom_1554820984708{padding-top: 0px !important;padding-right: 0px !important;padding-left: 0px !important;}&#8221;][vc_empty_space height=&#8221;62px&#8221;]\n\t\t\t\t<p class=\"rs-p-wp-fix\"><\/p>\n\t\t\t\t<sr7-module data-alias=\"content_slider\" data-id=\"1\" id=\"SR7_1_1\" class=\"rs-ov-hidden\" data-version=\"6.7.23\">\n\t\t\t\t\t<sr7-adjuster><\/sr7-adjuster>\n\t\t\t\t\t<sr7-content>\n\t\t\t\t\t\t<sr7-slide id=\"SR7_1_1-1\" data-key=\"1\">\n\t\t\t\t\t\t\t<sr7-bg id=\"SR7_1_1-1-2\" class=\"sr7-layer\"><noscript><img decoding=\"async\" src=\"https:\/\/hola.gdynia.pl\/wp-content\/uploads\/2023\/02\/Molo-Poludniowe-Skwer-Kosciuszki-centrum-hotel-gdynia.jpg\" alt=\"Molo Po\u0142udniowe Atrakcje Gdynia\" title=\"\"><\/noscript><\/sr7-bg>\n\t\t\t\t\t\t<\/sr7-slide>\n\t\t\t\t\t\t<sr7-slide id=\"SR7_1_1-22\" data-key=\"22\">\n\t\t\t\t\t\t<\/sr7-slide>\n\t\t\t\t\t<\/sr7-content>\n\t\t\t\t\t<image_lists style=\"display:none\">\n\t\t\t\t\t\t<img data-src=\"\/\/hola.gdynia.pl\/wp-content\/uploads\/2023\/02\/Molo-Poludniowe-Skwer-Kosciuszki-centrum-hotel-gdynia.jpg\" width=\"0\" height=\"0\" data-dbsrc=\"Ly9ob2xhLmdkeW5pYS5wbC93cC1jb250ZW50L3VwbG9hZHMvMjAyMy8wMi9Nb2xvLVBvbHVkbmlvd2UtU2t3ZXItS29zY2l1c3praS1jZW50cnVtLWhvdGVsLWdkeW5pYS5qcGc=\"\/>\n\t\t\t\t\t<\/image_lists>\n\t\t\t\t<\/sr7-module>\n\t\t\t\t<script>\n\t\t\t\t\tSR7.PMH ??={}; SR7.PMH[\"SR7_1_1\"] = {cn:100,state:false,fn: function() { if (_tpt!==undefined && _tpt.prepareModuleHeight !== undefined) {  _tpt.prepareModuleHeight({id:\"SR7_1_1\",el:[520,520,450,350,250],type:'hero',shdw:'0',gh:[520,520,450,350,250],gw:[1240,1240,1024,778,480],vpt:['-200px&#039;,&#039;-200px&#039;,&#039;-200px&#039;,&#039;-200px&#039;,&#039;-200px'],size:{fullWidth:false, fullHeight:false},mh:'0',onh:0,onw:0,bg:{color:'{\"type\":\"solid\",\"orig\":\"#0e121d\",\"string\":\"rgba(14, 18, 29, 1)\"}'},plType:'2',plColor:'#FFFFFF'});   SR7.PMH[\"SR7_1_1\"].state=true;} else if(SR7.PMH[\"SR7_1_1\"].cn-->0)\tsetTimeout( SR7.PMH[\"SR7_1_1\"].fn,19);}};SR7.PMH[\"SR7_1_1\" ].fn();\n\t\t\t\t<\/script>\n[\/vc_column][\/vc_row][vc_row][vc_column][\/vc_column][\/vc_row]<\/p>\n<\/div>","protected":false},"excerpt":{"rendered":"<p>[vc_row content_placement=&#8221;middle&#8221; wrap_container=&#8221;true&#8221; el_id=&#8221;everything-right-section&#8221;][vc_column width=&#8221;1\/3&#8243; offset=&#8221;vc_col-xs-12&#8243;][vc_column_text css=&#8221;.vc_custom_1676484202425{margin-bottom: 50px !important;}&#8221;] The Hotel in Starowiejska Street [\/vc_column_text][vc_column_text css=&#8221;.vc_custom_1677144948495{margin-bottom: 0px !important;}&#8221;] While writing about the history of Gdynia we cannot forget \u201cthe very first street in the city\u201d, i.e. Starowiejska Street. Here, at number one, in 1928 Hotel Centralny was established. Today, this almost 100-year-old tenement house still [&hellip;]<\/p>\n","protected":false},"author":1,"featured_media":2116,"parent":0,"menu_order":0,"comment_status":"closed","ping_status":"closed","template":"","meta":{"inline_featured_image":false,"footnotes":""},"class_list":["post-2230","page","type-page","status-publish","has-post-thumbnail","hentry"],"yoast_head":"<!-- This site is optimized with the Yoast SEO Premium plugin v24.4 (Yoast SEO v27.5) - https:\/\/yoast.com\/product\/yoast-seo-premium-wordpress\/ -->\n<title>History of the place - Zatrzymaj si\u0119 w klimatycznym hotelu w centrum Gdyni<\/title>\n<meta name=\"description\" content=\"Learn about the history of Hola Gdynia. Discover the fascinating past and unique stories that make this place truly special.\" \/>\n<meta name=\"robots\" content=\"index, follow, max-snippet:-1, max-image-preview:large, max-video-preview:-1\" \/>\n<link rel=\"canonical\" href=\"https:\/\/hola.gdynia.pl\/en\/history-of-the-place-hotel-centralny\/\" \/>\n<meta property=\"og:locale\" content=\"en_US\" \/>\n<meta property=\"og:type\" content=\"article\" \/>\n<meta property=\"og:title\" content=\"History of the place\" \/>\n<meta property=\"og:description\" content=\"Learn about the history of Hola Gdynia. Discover the fascinating past and unique stories that make this place truly special.\" \/>\n<meta property=\"og:url\" content=\"https:\/\/hola.gdynia.pl\/en\/history-of-the-place-hotel-centralny\/\" \/>\n<meta property=\"og:site_name\" content=\"Zatrzymaj si\u0119 w klimatycznym hotelu w centrum Gdyni\" \/>\n<meta property=\"article:publisher\" content=\"https:\/\/www.facebook.com\/holagdynia\" \/>\n<meta property=\"article:modified_time\" content=\"2025-02-26T15:24:25+00:00\" \/>\n<meta property=\"og:image\" content=\"https:\/\/hola.gdynia.pl\/wp-content\/uploads\/2023\/02\/Starowiejska1_2.jpg\" \/>\n\t<meta property=\"og:image:width\" content=\"1920\" \/>\n\t<meta property=\"og:image:height\" content=\"1344\" \/>\n\t<meta property=\"og:image:type\" content=\"image\/jpeg\" \/>\n<meta name=\"twitter:card\" content=\"summary_large_image\" \/>\n<meta name=\"twitter:label1\" content=\"Est. reading time\" \/>\n\t<meta name=\"twitter:data1\" content=\"6 minutes\" \/>\n<script type=\"application\/ld+json\" class=\"yoast-schema-graph\">{\"@context\":\"https:\\\/\\\/schema.org\",\"@graph\":[{\"@type\":\"WebPage\",\"@id\":\"https:\\\/\\\/hola.gdynia.pl\\\/en\\\/history-of-the-place-hotel-centralny\\\/\",\"url\":\"https:\\\/\\\/hola.gdynia.pl\\\/en\\\/history-of-the-place-hotel-centralny\\\/\",\"name\":\"History of the place - Zatrzymaj si\u0119 w klimatycznym hotelu w centrum Gdyni\",\"isPartOf\":{\"@id\":\"https:\\\/\\\/hola.gdynia.pl\\\/en\\\/#website\"},\"primaryImageOfPage\":{\"@id\":\"https:\\\/\\\/hola.gdynia.pl\\\/en\\\/history-of-the-place-hotel-centralny\\\/#primaryimage\"},\"image\":{\"@id\":\"https:\\\/\\\/hola.gdynia.pl\\\/en\\\/history-of-the-place-hotel-centralny\\\/#primaryimage\"},\"thumbnailUrl\":\"https:\\\/\\\/hola.gdynia.pl\\\/wp-content\\\/uploads\\\/2023\\\/02\\\/Starowiejska1_2.jpg\",\"datePublished\":\"2023-02-15T18:07:59+00:00\",\"dateModified\":\"2025-02-26T15:24:25+00:00\",\"description\":\"Learn about the history of Hola Gdynia. Discover the fascinating past and unique stories that make this place truly special.\",\"breadcrumb\":{\"@id\":\"https:\\\/\\\/hola.gdynia.pl\\\/en\\\/history-of-the-place-hotel-centralny\\\/#breadcrumb\"},\"inLanguage\":\"en-US\",\"potentialAction\":[{\"@type\":\"ReadAction\",\"target\":[\"https:\\\/\\\/hola.gdynia.pl\\\/en\\\/history-of-the-place-hotel-centralny\\\/\"]}]},{\"@type\":\"ImageObject\",\"inLanguage\":\"en-US\",\"@id\":\"https:\\\/\\\/hola.gdynia.pl\\\/en\\\/history-of-the-place-hotel-centralny\\\/#primaryimage\",\"url\":\"https:\\\/\\\/hola.gdynia.pl\\\/wp-content\\\/uploads\\\/2023\\\/02\\\/Starowiejska1_2.jpg\",\"contentUrl\":\"https:\\\/\\\/hola.gdynia.pl\\\/wp-content\\\/uploads\\\/2023\\\/02\\\/Starowiejska1_2.jpg\",\"width\":1920,\"height\":1344},{\"@type\":\"BreadcrumbList\",\"@id\":\"https:\\\/\\\/hola.gdynia.pl\\\/en\\\/history-of-the-place-hotel-centralny\\\/#breadcrumb\",\"itemListElement\":[{\"@type\":\"ListItem\",\"position\":1,\"name\":\"Home\",\"item\":\"https:\\\/\\\/hola.gdynia.pl\\\/en\\\/\"},{\"@type\":\"ListItem\",\"position\":2,\"name\":\"History of the place\"}]},{\"@type\":\"WebSite\",\"@id\":\"https:\\\/\\\/hola.gdynia.pl\\\/en\\\/#website\",\"url\":\"https:\\\/\\\/hola.gdynia.pl\\\/en\\\/\",\"name\":\"Zatrzymaj si\u0119 w klimatycznym hotelu w centrum Gdyni\",\"description\":\"Szukasz noclegu w Gdyni? Wybierz nasz nowo otwarty obiekt hotelowy po\u0142o\u017cony blisko morza: 42 pokoje, otwarty dost\u0119p do kuchni, winda, bezp\u0142atny parking!\",\"publisher\":{\"@id\":\"https:\\\/\\\/hola.gdynia.pl\\\/en\\\/#organization\"},\"potentialAction\":[{\"@type\":\"SearchAction\",\"target\":{\"@type\":\"EntryPoint\",\"urlTemplate\":\"https:\\\/\\\/hola.gdynia.pl\\\/en\\\/?s={search_term_string}\"},\"query-input\":{\"@type\":\"PropertyValueSpecification\",\"valueRequired\":true,\"valueName\":\"search_term_string\"}}],\"inLanguage\":\"en-US\"},{\"@type\":\"Organization\",\"@id\":\"https:\\\/\\\/hola.gdynia.pl\\\/en\\\/#organization\",\"name\":\"Zatrzymaj si\u0119 w klimatycznym hotelu w centrum Gdyni\",\"url\":\"https:\\\/\\\/hola.gdynia.pl\\\/en\\\/\",\"logo\":{\"@type\":\"ImageObject\",\"inLanguage\":\"en-US\",\"@id\":\"https:\\\/\\\/hola.gdynia.pl\\\/en\\\/#\\\/schema\\\/logo\\\/image\\\/\",\"url\":\"https:\\\/\\\/hola.gdynia.pl\\\/wp-content\\\/uploads\\\/2023\\\/02\\\/logoHOLA.svg\",\"contentUrl\":\"https:\\\/\\\/hola.gdynia.pl\\\/wp-content\\\/uploads\\\/2023\\\/02\\\/logoHOLA.svg\",\"width\":200,\"height\":66,\"caption\":\"Zatrzymaj si\u0119 w klimatycznym hotelu w centrum Gdyni\"},\"image\":{\"@id\":\"https:\\\/\\\/hola.gdynia.pl\\\/en\\\/#\\\/schema\\\/logo\\\/image\\\/\"},\"sameAs\":[\"https:\\\/\\\/www.facebook.com\\\/holagdynia\"]}]}<\/script>\n<!-- \/ Yoast SEO Premium plugin. -->","yoast_head_json":{"title":"History of the place - Zatrzymaj si\u0119 w klimatycznym hotelu w centrum Gdyni","description":"Learn about the history of Hola Gdynia. Discover the fascinating past and unique stories that make this place truly special.","robots":{"index":"index","follow":"follow","max-snippet":"max-snippet:-1","max-image-preview":"max-image-preview:large","max-video-preview":"max-video-preview:-1"},"canonical":"https:\/\/hola.gdynia.pl\/en\/history-of-the-place-hotel-centralny\/","og_locale":"en_US","og_type":"article","og_title":"History of the place","og_description":"Learn about the history of Hola Gdynia. Discover the fascinating past and unique stories that make this place truly special.","og_url":"https:\/\/hola.gdynia.pl\/en\/history-of-the-place-hotel-centralny\/","og_site_name":"Zatrzymaj si\u0119 w klimatycznym hotelu w centrum Gdyni","article_publisher":"https:\/\/www.facebook.com\/holagdynia","article_modified_time":"2025-02-26T15:24:25+00:00","og_image":[{"width":1920,"height":1344,"url":"https:\/\/hola.gdynia.pl\/wp-content\/uploads\/2023\/02\/Starowiejska1_2.jpg","type":"image\/jpeg"}],"twitter_card":"summary_large_image","twitter_misc":{"Est. reading time":"6 minutes"},"schema":{"@context":"https:\/\/schema.org","@graph":[{"@type":"WebPage","@id":"https:\/\/hola.gdynia.pl\/en\/history-of-the-place-hotel-centralny\/","url":"https:\/\/hola.gdynia.pl\/en\/history-of-the-place-hotel-centralny\/","name":"History of the place - Zatrzymaj si\u0119 w klimatycznym hotelu w centrum Gdyni","isPartOf":{"@id":"https:\/\/hola.gdynia.pl\/en\/#website"},"primaryImageOfPage":{"@id":"https:\/\/hola.gdynia.pl\/en\/history-of-the-place-hotel-centralny\/#primaryimage"},"image":{"@id":"https:\/\/hola.gdynia.pl\/en\/history-of-the-place-hotel-centralny\/#primaryimage"},"thumbnailUrl":"https:\/\/hola.gdynia.pl\/wp-content\/uploads\/2023\/02\/Starowiejska1_2.jpg","datePublished":"2023-02-15T18:07:59+00:00","dateModified":"2025-02-26T15:24:25+00:00","description":"Learn about the history of Hola Gdynia. Discover the fascinating past and unique stories that make this place truly special.","breadcrumb":{"@id":"https:\/\/hola.gdynia.pl\/en\/history-of-the-place-hotel-centralny\/#breadcrumb"},"inLanguage":"en-US","potentialAction":[{"@type":"ReadAction","target":["https:\/\/hola.gdynia.pl\/en\/history-of-the-place-hotel-centralny\/"]}]},{"@type":"ImageObject","inLanguage":"en-US","@id":"https:\/\/hola.gdynia.pl\/en\/history-of-the-place-hotel-centralny\/#primaryimage","url":"https:\/\/hola.gdynia.pl\/wp-content\/uploads\/2023\/02\/Starowiejska1_2.jpg","contentUrl":"https:\/\/hola.gdynia.pl\/wp-content\/uploads\/2023\/02\/Starowiejska1_2.jpg","width":1920,"height":1344},{"@type":"BreadcrumbList","@id":"https:\/\/hola.gdynia.pl\/en\/history-of-the-place-hotel-centralny\/#breadcrumb","itemListElement":[{"@type":"ListItem","position":1,"name":"Home","item":"https:\/\/hola.gdynia.pl\/en\/"},{"@type":"ListItem","position":2,"name":"History of the place"}]},{"@type":"WebSite","@id":"https:\/\/hola.gdynia.pl\/en\/#website","url":"https:\/\/hola.gdynia.pl\/en\/","name":"Zatrzymaj si\u0119 w klimatycznym hotelu w centrum Gdyni","description":"Szukasz noclegu w Gdyni? Wybierz nasz nowo otwarty obiekt hotelowy po\u0142o\u017cony blisko morza: 42 pokoje, otwarty dost\u0119p do kuchni, winda, bezp\u0142atny parking!","publisher":{"@id":"https:\/\/hola.gdynia.pl\/en\/#organization"},"potentialAction":[{"@type":"SearchAction","target":{"@type":"EntryPoint","urlTemplate":"https:\/\/hola.gdynia.pl\/en\/?s={search_term_string}"},"query-input":{"@type":"PropertyValueSpecification","valueRequired":true,"valueName":"search_term_string"}}],"inLanguage":"en-US"},{"@type":"Organization","@id":"https:\/\/hola.gdynia.pl\/en\/#organization","name":"Zatrzymaj si\u0119 w klimatycznym hotelu w centrum Gdyni","url":"https:\/\/hola.gdynia.pl\/en\/","logo":{"@type":"ImageObject","inLanguage":"en-US","@id":"https:\/\/hola.gdynia.pl\/en\/#\/schema\/logo\/image\/","url":"https:\/\/hola.gdynia.pl\/wp-content\/uploads\/2023\/02\/logoHOLA.svg","contentUrl":"https:\/\/hola.gdynia.pl\/wp-content\/uploads\/2023\/02\/logoHOLA.svg","width":200,"height":66,"caption":"Zatrzymaj si\u0119 w klimatycznym hotelu w centrum Gdyni"},"image":{"@id":"https:\/\/hola.gdynia.pl\/en\/#\/schema\/logo\/image\/"},"sameAs":["https:\/\/www.facebook.com\/holagdynia"]}]}},"_links":{"self":[{"href":"https:\/\/hola.gdynia.pl\/en\/wp-json\/wp\/v2\/pages\/2230","targetHints":{"allow":["GET"]}}],"collection":[{"href":"https:\/\/hola.gdynia.pl\/en\/wp-json\/wp\/v2\/pages"}],"about":[{"href":"https:\/\/hola.gdynia.pl\/en\/wp-json\/wp\/v2\/types\/page"}],"author":[{"embeddable":true,"href":"https:\/\/hola.gdynia.pl\/en\/wp-json\/wp\/v2\/users\/1"}],"replies":[{"embeddable":true,"href":"https:\/\/hola.gdynia.pl\/en\/wp-json\/wp\/v2\/comments?post=2230"}],"version-history":[{"count":0,"href":"https:\/\/hola.gdynia.pl\/en\/wp-json\/wp\/v2\/pages\/2230\/revisions"}],"wp:featuredmedia":[{"embeddable":true,"href":"https:\/\/hola.gdynia.pl\/en\/wp-json\/wp\/v2\/media\/2116"}],"wp:attachment":[{"href":"https:\/\/hola.gdynia.pl\/en\/wp-json\/wp\/v2\/media?parent=2230"}],"curies":[{"name":"wp","href":"https:\/\/api.w.org\/{rel}","templated":true}]}}