{"id":2215,"date":"2023-01-08T10:38:39","date_gmt":"2023-01-08T09:38:39","guid":{"rendered":"https:\/\/hola.gdynia.pl\/o-nas\/"},"modified":"2025-02-26T16:21:06","modified_gmt":"2025-02-26T15:21:06","slug":"about-us","status":"publish","type":"page","link":"https:\/\/hola.gdynia.pl\/en\/about-us\/","title":{"rendered":"About Us"},"content":{"rendered":"<div class=\"wpb-content-wrapper\"><p>[vc_row content_placement=&#8221;middle&#8221; wrap_container=&#8221;true&#8221; el_id=&#8221;everything-right-section&#8221;][vc_column width=&#8221;1\/3&#8243; offset=&#8221;vc_col-xs-12&#8243;][vc_column_text css=&#8221;.vc_custom_1676304116068{margin-bottom: 50px !important;}&#8221;]<\/p>\n<h2 style=\"font-size: 30px; line-height: 35px; text-transform: uppercase; color: #405272;\">HOLA GDYNIA.<br \/>\n<span style=\"color: #dcb5be;\">Friendly <\/span><br \/>\nHospitality.<\/h2>\n<p>[\/vc_column_text][vc_column_text css=&#8221;.vc_custom_1677146405807{margin-bottom: 0px !important;}&#8221;]<\/p>\n<h2>In the centre of Gdynia, close to the harbour and beach, in a historic modernist tenement house an intimate hotel is located. We did not choose this place by accident. It was here that one of the first hotels in Gdynia \u2013 Hotel Centralny \u2013 was functioning for several decades. We gave new life and modernity to the old walls and time-worn interiors.<\/h2>\n<p>[\/vc_column_text][\/vc_column][vc_column width=&#8221;2\/3&#8243; offset=&#8221;vc_col-lg-offset-1 vc_col-lg-7 vc_col-md-offset-0 vc_col-md-8 vc_col-sm-offset-0 vc_col-xs-12&#8243; css=&#8221;.vc_custom_1554818202251{padding-right: 8px !important;padding-left: 8px !important;}&#8221;][vc_gallery type=&#8221;image_grid&#8221; images=&#8221;2125,2127&#8243; img_size=&#8221;350&#215;450&#8243; onclick=&#8221;&#8221; css=&#8221;&#8221;][\/vc_column][\/vc_row][vc_row wrap_container=&#8221;true&#8221; css=&#8221;.vc_custom_1554910778831{margin-top: 45px !important;}&#8221; el_id=&#8221;everything-right-bottom-section&#8221;][vc_column][vc_column_text css=&#8221;.vc_custom_1685647157067{margin-bottom: 0px !important;}&#8221;]Cosy rooms, a generally accessible kitchen with tasty coffee from a coffee-maker, space for relaxation and, first of all, the staff \u2013 our trademark \u2013 caring about friendly atmosphere, helpful and committed to making Hola Gdynia a synonym of hospitality and the stay here an experience bringing a smile to our guests\u2019 faces.<\/p>\n<p>Hola Gdynia has 42 rooms located on 4 floors which can accommodate the total of <strong>100 guests<\/strong>. The highest storey holds attic rooms with authentic wooden beams. Soon guests will be able to go from the reception to Pub Number 1. Directly from this level, guests will soon be able to go to the Number 1 pub. On the first floor there is a kitchen with a breakfast room. Here you can taste breakfasts prepared by Wiktoria. A professional coffee-maker is also available here as well as a space where you can play board games or video games with your friends and family, i.e. the Relax Room.<\/p>\n<p>Entering the building you cannot miss wide, massive, wooden stairs. Their history as old as that of the whole building. Although a lift is available in the property, try how it feels to climb almost 100-year-old stairs!<\/p>\n<p>There is a reception desk in the hotel but we offer also a possibility of self-check-in. If you want to use this option, you get from us a code to the main door, and a door key card will wait for you in a small black box. You take it and go to the room.<\/p>\n<p>&nbsp;<\/p>\n<h2><strong>Hotel Facility in the Centre of Gdynia \u2013 why are we worth visiting?<\/strong><\/h2>\n<p>&nbsp;<\/p>\n<p>Despite the fact that our Hola Gdynia hotel has been functioning since September 2022, we have already received <strong>many positive opinions<\/strong> from our guests! What do they highlight?<\/p>\n<ul>\n<li>Convenient <strong>location in the centre of Gdynia<\/strong>, in one of the main streets of the city. It takes just 10 minutes on foot to reach the harbour and the beach. The Gdynia G\u0142\u00f3wna railway station is only 750 metres away!<\/li>\n<li>Atmospheric rooms, cozy and unpretentious.<\/li>\n<li>Well-equipped rooms: a coffee\/tea making set, hair dryer; an ironing board and iron are available in the corridor.<\/li>\n<li><strong>Comfortable rooms:<\/strong> good quality mattresses plus a mattress topper which helps us eliminate a gap between the beds.<\/li>\n<li><strong>Tasty breakfasts cooked by Wiktoria! You must try her omelette!<\/strong> Be sure to try the omelet!<\/li>\n<li>Relax Room \u2013 <strong>our space for relaxation:<\/strong> comfortable sofas, plenty of board games and two video games. The room also offers a coffee-maker!<\/li>\n<li>Excellent <strong>starting point<\/strong> for journeys. It will take you just few minutes on foot to reach Ko\u015bciuszko Square and the harbour (the ships: ORP &#8220;B\u0142yskawica&#8221;, &#8220;Dar M\u0142odzie\u017cy&#8221; and NMFRI Gdynia Aquarium). We are situated close to the Danuta Baduszkowa Music Theatre and Kamienna G\u00f3ra Viewpoint.<\/li>\n<li>We are also animal friendly! <strong>Your pets can sleep in our hotel free of charge!<\/strong><\/li>\n<li>Our atmosphere is inimitable! <strong>Our helpful, kind and friendly staff<\/strong> have already become legendary!<\/li>\n<\/ul>\n<p>[\/vc_column_text][\/vc_column][\/vc_row][vc_row][vc_column][vc_empty_space height=&#8221;62px&#8221;][\/vc_column][\/vc_row][vc_row][vc_column css=&#8221;.vc_custom_1554820984708{padding-top: 0px !important;padding-right: 0px !important;padding-left: 0px !important;}&#8221;]\n\t\t\t\t<p class=\"rs-p-wp-fix\"><\/p>\n\t\t\t\t<sr7-module data-alias=\"content_slider\" data-id=\"1\" id=\"SR7_1_1\" class=\"rs-ov-hidden\" data-version=\"6.7.23\">\n\t\t\t\t\t<sr7-adjuster><\/sr7-adjuster>\n\t\t\t\t\t<sr7-content>\n\t\t\t\t\t\t<sr7-slide id=\"SR7_1_1-1\" data-key=\"1\">\n\t\t\t\t\t\t\t<sr7-bg id=\"SR7_1_1-1-2\" class=\"sr7-layer\"><noscript><img decoding=\"async\" src=\"https:\/\/hola.gdynia.pl\/wp-content\/uploads\/2023\/02\/Molo-Poludniowe-Skwer-Kosciuszki-centrum-hotel-gdynia.jpg\" alt=\"Molo Po\u0142udniowe Atrakcje Gdynia\" title=\"\"><\/noscript><\/sr7-bg>\n\t\t\t\t\t\t<\/sr7-slide>\n\t\t\t\t\t\t<sr7-slide id=\"SR7_1_1-22\" data-key=\"22\">\n\t\t\t\t\t\t<\/sr7-slide>\n\t\t\t\t\t<\/sr7-content>\n\t\t\t\t\t<image_lists style=\"display:none\">\n\t\t\t\t\t\t<img data-src=\"\/\/hola.gdynia.pl\/wp-content\/uploads\/2023\/02\/Molo-Poludniowe-Skwer-Kosciuszki-centrum-hotel-gdynia.jpg\" width=\"0\" height=\"0\" data-dbsrc=\"Ly9ob2xhLmdkeW5pYS5wbC93cC1jb250ZW50L3VwbG9hZHMvMjAyMy8wMi9Nb2xvLVBvbHVkbmlvd2UtU2t3ZXItS29zY2l1c3praS1jZW50cnVtLWhvdGVsLWdkeW5pYS5qcGc=\"\/>\n\t\t\t\t\t<\/image_lists>\n\t\t\t\t<\/sr7-module>\n\t\t\t\t<script>\n\t\t\t\t\tSR7.PMH ??={}; SR7.PMH[\"SR7_1_1\"] = {cn:100,state:false,fn: function() { if (_tpt!==undefined && _tpt.prepareModuleHeight !== undefined) {  _tpt.prepareModuleHeight({id:\"SR7_1_1\",el:[520,520,450,350,250],type:'hero',shdw:'0',gh:[520,520,450,350,250],gw:[1240,1240,1024,778,480],vpt:['-200px&#039;,&#039;-200px&#039;,&#039;-200px&#039;,&#039;-200px&#039;,&#039;-200px'],size:{fullWidth:false, fullHeight:false},mh:'0',onh:0,onw:0,bg:{color:'{\"type\":\"solid\",\"orig\":\"#0e121d\",\"string\":\"rgba(14, 18, 29, 1)\"}'},plType:'2',plColor:'#FFFFFF'});   SR7.PMH[\"SR7_1_1\"].state=true;} else if(SR7.PMH[\"SR7_1_1\"].cn-->0)\tsetTimeout( SR7.PMH[\"SR7_1_1\"].fn,19);}};SR7.PMH[\"SR7_1_1\" ].fn();\n\t\t\t\t<\/script>\n[\/vc_column][\/vc_row][vc_row][vc_column][vc_column_text][\/vc_column_text][\/vc_column][\/vc_row]<\/p>\n<\/div>","protected":false},"excerpt":{"rendered":"<p>[vc_row content_placement=&#8221;middle&#8221; wrap_container=&#8221;true&#8221; el_id=&#8221;everything-right-section&#8221;][vc_column width=&#8221;1\/3&#8243; offset=&#8221;vc_col-xs-12&#8243;][vc_column_text css=&#8221;.vc_custom_1676304116068{margin-bottom: 50px !important;}&#8221;] HOLA GDYNIA. Friendly Hospitality. [\/vc_column_text][vc_column_text css=&#8221;.vc_custom_1677146405807{margin-bottom: 0px !important;}&#8221;] In the centre of Gdynia, close to the harbour and beach, in a historic modernist tenement house an intimate hotel is located. We did not choose this place by accident. It was here that one of the first [&hellip;]<\/p>\n","protected":false},"author":1,"featured_media":2125,"parent":0,"menu_order":0,"comment_status":"closed","ping_status":"closed","template":"","meta":{"inline_featured_image":false,"footnotes":""},"class_list":["post-2215","page","type-page","status-publish","has-post-thumbnail","hentry"],"yoast_head":"<!-- This site is optimized with the Yoast SEO Premium plugin v24.4 (Yoast SEO v27.5) - https:\/\/yoast.com\/product\/yoast-seo-premium-wordpress\/ -->\n<title>About Us - Zatrzymaj si\u0119 w klimatycznym hotelu w centrum Gdyni<\/title>\n<meta name=\"description\" content=\"Learn more about Hola Gdynia Discover our story, hospitality philosophy, and unique atmosphere that makes every stay a memorable experience\" \/>\n<meta name=\"robots\" content=\"index, follow, max-snippet:-1, max-image-preview:large, max-video-preview:-1\" \/>\n<link rel=\"canonical\" href=\"https:\/\/hola.gdynia.pl\/en\/about-us\/\" \/>\n<meta property=\"og:locale\" content=\"en_US\" \/>\n<meta property=\"og:type\" content=\"article\" \/>\n<meta property=\"og:title\" content=\"About Us\" \/>\n<meta property=\"og:description\" content=\"Learn more about Hola Gdynia Discover our story, hospitality philosophy, and unique atmosphere that makes every stay a memorable experience\" \/>\n<meta property=\"og:url\" content=\"https:\/\/hola.gdynia.pl\/en\/about-us\/\" \/>\n<meta property=\"og:site_name\" content=\"Zatrzymaj si\u0119 w klimatycznym hotelu w centrum Gdyni\" \/>\n<meta property=\"article:publisher\" content=\"https:\/\/www.facebook.com\/holagdynia\" \/>\n<meta property=\"article:modified_time\" content=\"2025-02-26T15:21:06+00:00\" \/>\n<meta property=\"og:image\" content=\"https:\/\/hola.gdynia.pl\/wp-content\/uploads\/2023\/02\/Hola-Gdynia-Hotel-Recepcja-centrum.jpg\" \/>\n\t<meta property=\"og:image:width\" content=\"1800\" \/>\n\t<meta property=\"og:image:height\" content=\"2400\" \/>\n\t<meta property=\"og:image:type\" content=\"image\/jpeg\" \/>\n<meta name=\"twitter:card\" content=\"summary_large_image\" \/>\n<meta name=\"twitter:label1\" content=\"Est. reading time\" \/>\n\t<meta name=\"twitter:data1\" content=\"4 minutes\" \/>\n<script type=\"application\/ld+json\" class=\"yoast-schema-graph\">{\"@context\":\"https:\\\/\\\/schema.org\",\"@graph\":[{\"@type\":\"WebPage\",\"@id\":\"https:\\\/\\\/hola.gdynia.pl\\\/en\\\/about-us\\\/\",\"url\":\"https:\\\/\\\/hola.gdynia.pl\\\/en\\\/about-us\\\/\",\"name\":\"About Us - Zatrzymaj si\u0119 w klimatycznym hotelu w centrum Gdyni\",\"isPartOf\":{\"@id\":\"https:\\\/\\\/hola.gdynia.pl\\\/en\\\/#website\"},\"primaryImageOfPage\":{\"@id\":\"https:\\\/\\\/hola.gdynia.pl\\\/en\\\/about-us\\\/#primaryimage\"},\"image\":{\"@id\":\"https:\\\/\\\/hola.gdynia.pl\\\/en\\\/about-us\\\/#primaryimage\"},\"thumbnailUrl\":\"https:\\\/\\\/hola.gdynia.pl\\\/wp-content\\\/uploads\\\/2023\\\/02\\\/Hola-Gdynia-Hotel-Recepcja-centrum.jpg\",\"datePublished\":\"2023-01-08T09:38:39+00:00\",\"dateModified\":\"2025-02-26T15:21:06+00:00\",\"description\":\"Learn more about Hola Gdynia Discover our story, hospitality philosophy, and unique atmosphere that makes every stay a memorable experience\",\"breadcrumb\":{\"@id\":\"https:\\\/\\\/hola.gdynia.pl\\\/en\\\/about-us\\\/#breadcrumb\"},\"inLanguage\":\"en-US\",\"potentialAction\":[{\"@type\":\"ReadAction\",\"target\":[\"https:\\\/\\\/hola.gdynia.pl\\\/en\\\/about-us\\\/\"]}]},{\"@type\":\"ImageObject\",\"inLanguage\":\"en-US\",\"@id\":\"https:\\\/\\\/hola.gdynia.pl\\\/en\\\/about-us\\\/#primaryimage\",\"url\":\"https:\\\/\\\/hola.gdynia.pl\\\/wp-content\\\/uploads\\\/2023\\\/02\\\/Hola-Gdynia-Hotel-Recepcja-centrum.jpg\",\"contentUrl\":\"https:\\\/\\\/hola.gdynia.pl\\\/wp-content\\\/uploads\\\/2023\\\/02\\\/Hola-Gdynia-Hotel-Recepcja-centrum.jpg\",\"width\":1800,\"height\":2400},{\"@type\":\"BreadcrumbList\",\"@id\":\"https:\\\/\\\/hola.gdynia.pl\\\/en\\\/about-us\\\/#breadcrumb\",\"itemListElement\":[{\"@type\":\"ListItem\",\"position\":1,\"name\":\"Home\",\"item\":\"https:\\\/\\\/hola.gdynia.pl\\\/en\\\/\"},{\"@type\":\"ListItem\",\"position\":2,\"name\":\"About Us\"}]},{\"@type\":\"WebSite\",\"@id\":\"https:\\\/\\\/hola.gdynia.pl\\\/en\\\/#website\",\"url\":\"https:\\\/\\\/hola.gdynia.pl\\\/en\\\/\",\"name\":\"Zatrzymaj si\u0119 w klimatycznym hotelu w centrum Gdyni\",\"description\":\"Szukasz noclegu w Gdyni? Wybierz nasz nowo otwarty obiekt hotelowy po\u0142o\u017cony blisko morza: 42 pokoje, otwarty dost\u0119p do kuchni, winda, bezp\u0142atny parking!\",\"publisher\":{\"@id\":\"https:\\\/\\\/hola.gdynia.pl\\\/en\\\/#organization\"},\"potentialAction\":[{\"@type\":\"SearchAction\",\"target\":{\"@type\":\"EntryPoint\",\"urlTemplate\":\"https:\\\/\\\/hola.gdynia.pl\\\/en\\\/?s={search_term_string}\"},\"query-input\":{\"@type\":\"PropertyValueSpecification\",\"valueRequired\":true,\"valueName\":\"search_term_string\"}}],\"inLanguage\":\"en-US\"},{\"@type\":\"Organization\",\"@id\":\"https:\\\/\\\/hola.gdynia.pl\\\/en\\\/#organization\",\"name\":\"Zatrzymaj si\u0119 w klimatycznym hotelu w centrum Gdyni\",\"url\":\"https:\\\/\\\/hola.gdynia.pl\\\/en\\\/\",\"logo\":{\"@type\":\"ImageObject\",\"inLanguage\":\"en-US\",\"@id\":\"https:\\\/\\\/hola.gdynia.pl\\\/en\\\/#\\\/schema\\\/logo\\\/image\\\/\",\"url\":\"https:\\\/\\\/hola.gdynia.pl\\\/wp-content\\\/uploads\\\/2023\\\/02\\\/logoHOLA.svg\",\"contentUrl\":\"https:\\\/\\\/hola.gdynia.pl\\\/wp-content\\\/uploads\\\/2023\\\/02\\\/logoHOLA.svg\",\"width\":200,\"height\":66,\"caption\":\"Zatrzymaj si\u0119 w klimatycznym hotelu w centrum Gdyni\"},\"image\":{\"@id\":\"https:\\\/\\\/hola.gdynia.pl\\\/en\\\/#\\\/schema\\\/logo\\\/image\\\/\"},\"sameAs\":[\"https:\\\/\\\/www.facebook.com\\\/holagdynia\"]}]}<\/script>\n<!-- \/ Yoast SEO Premium plugin. -->","yoast_head_json":{"title":"About Us - Zatrzymaj si\u0119 w klimatycznym hotelu w centrum Gdyni","description":"Learn more about Hola Gdynia Discover our story, hospitality philosophy, and unique atmosphere that makes every stay a memorable experience","robots":{"index":"index","follow":"follow","max-snippet":"max-snippet:-1","max-image-preview":"max-image-preview:large","max-video-preview":"max-video-preview:-1"},"canonical":"https:\/\/hola.gdynia.pl\/en\/about-us\/","og_locale":"en_US","og_type":"article","og_title":"About Us","og_description":"Learn more about Hola Gdynia Discover our story, hospitality philosophy, and unique atmosphere that makes every stay a memorable experience","og_url":"https:\/\/hola.gdynia.pl\/en\/about-us\/","og_site_name":"Zatrzymaj si\u0119 w klimatycznym hotelu w centrum Gdyni","article_publisher":"https:\/\/www.facebook.com\/holagdynia","article_modified_time":"2025-02-26T15:21:06+00:00","og_image":[{"width":1800,"height":2400,"url":"https:\/\/hola.gdynia.pl\/wp-content\/uploads\/2023\/02\/Hola-Gdynia-Hotel-Recepcja-centrum.jpg","type":"image\/jpeg"}],"twitter_card":"summary_large_image","twitter_misc":{"Est. reading time":"4 minutes"},"schema":{"@context":"https:\/\/schema.org","@graph":[{"@type":"WebPage","@id":"https:\/\/hola.gdynia.pl\/en\/about-us\/","url":"https:\/\/hola.gdynia.pl\/en\/about-us\/","name":"About Us - Zatrzymaj si\u0119 w klimatycznym hotelu w centrum Gdyni","isPartOf":{"@id":"https:\/\/hola.gdynia.pl\/en\/#website"},"primaryImageOfPage":{"@id":"https:\/\/hola.gdynia.pl\/en\/about-us\/#primaryimage"},"image":{"@id":"https:\/\/hola.gdynia.pl\/en\/about-us\/#primaryimage"},"thumbnailUrl":"https:\/\/hola.gdynia.pl\/wp-content\/uploads\/2023\/02\/Hola-Gdynia-Hotel-Recepcja-centrum.jpg","datePublished":"2023-01-08T09:38:39+00:00","dateModified":"2025-02-26T15:21:06+00:00","description":"Learn more about Hola Gdynia Discover our story, hospitality philosophy, and unique atmosphere that makes every stay a memorable experience","breadcrumb":{"@id":"https:\/\/hola.gdynia.pl\/en\/about-us\/#breadcrumb"},"inLanguage":"en-US","potentialAction":[{"@type":"ReadAction","target":["https:\/\/hola.gdynia.pl\/en\/about-us\/"]}]},{"@type":"ImageObject","inLanguage":"en-US","@id":"https:\/\/hola.gdynia.pl\/en\/about-us\/#primaryimage","url":"https:\/\/hola.gdynia.pl\/wp-content\/uploads\/2023\/02\/Hola-Gdynia-Hotel-Recepcja-centrum.jpg","contentUrl":"https:\/\/hola.gdynia.pl\/wp-content\/uploads\/2023\/02\/Hola-Gdynia-Hotel-Recepcja-centrum.jpg","width":1800,"height":2400},{"@type":"BreadcrumbList","@id":"https:\/\/hola.gdynia.pl\/en\/about-us\/#breadcrumb","itemListElement":[{"@type":"ListItem","position":1,"name":"Home","item":"https:\/\/hola.gdynia.pl\/en\/"},{"@type":"ListItem","position":2,"name":"About Us"}]},{"@type":"WebSite","@id":"https:\/\/hola.gdynia.pl\/en\/#website","url":"https:\/\/hola.gdynia.pl\/en\/","name":"Zatrzymaj si\u0119 w klimatycznym hotelu w centrum Gdyni","description":"Szukasz noclegu w Gdyni? Wybierz nasz nowo otwarty obiekt hotelowy po\u0142o\u017cony blisko morza: 42 pokoje, otwarty dost\u0119p do kuchni, winda, bezp\u0142atny parking!","publisher":{"@id":"https:\/\/hola.gdynia.pl\/en\/#organization"},"potentialAction":[{"@type":"SearchAction","target":{"@type":"EntryPoint","urlTemplate":"https:\/\/hola.gdynia.pl\/en\/?s={search_term_string}"},"query-input":{"@type":"PropertyValueSpecification","valueRequired":true,"valueName":"search_term_string"}}],"inLanguage":"en-US"},{"@type":"Organization","@id":"https:\/\/hola.gdynia.pl\/en\/#organization","name":"Zatrzymaj si\u0119 w klimatycznym hotelu w centrum Gdyni","url":"https:\/\/hola.gdynia.pl\/en\/","logo":{"@type":"ImageObject","inLanguage":"en-US","@id":"https:\/\/hola.gdynia.pl\/en\/#\/schema\/logo\/image\/","url":"https:\/\/hola.gdynia.pl\/wp-content\/uploads\/2023\/02\/logoHOLA.svg","contentUrl":"https:\/\/hola.gdynia.pl\/wp-content\/uploads\/2023\/02\/logoHOLA.svg","width":200,"height":66,"caption":"Zatrzymaj si\u0119 w klimatycznym hotelu w centrum Gdyni"},"image":{"@id":"https:\/\/hola.gdynia.pl\/en\/#\/schema\/logo\/image\/"},"sameAs":["https:\/\/www.facebook.com\/holagdynia"]}]}},"_links":{"self":[{"href":"https:\/\/hola.gdynia.pl\/en\/wp-json\/wp\/v2\/pages\/2215","targetHints":{"allow":["GET"]}}],"collection":[{"href":"https:\/\/hola.gdynia.pl\/en\/wp-json\/wp\/v2\/pages"}],"about":[{"href":"https:\/\/hola.gdynia.pl\/en\/wp-json\/wp\/v2\/types\/page"}],"author":[{"embeddable":true,"href":"https:\/\/hola.gdynia.pl\/en\/wp-json\/wp\/v2\/users\/1"}],"replies":[{"embeddable":true,"href":"https:\/\/hola.gdynia.pl\/en\/wp-json\/wp\/v2\/comments?post=2215"}],"version-history":[{"count":0,"href":"https:\/\/hola.gdynia.pl\/en\/wp-json\/wp\/v2\/pages\/2215\/revisions"}],"wp:featuredmedia":[{"embeddable":true,"href":"https:\/\/hola.gdynia.pl\/en\/wp-json\/wp\/v2\/media\/2125"}],"wp:attachment":[{"href":"https:\/\/hola.gdynia.pl\/en\/wp-json\/wp\/v2\/media?parent=2215"}],"curies":[{"name":"wp","href":"https:\/\/api.w.org\/{rel}","templated":true}]}}