{"id":5520,"date":"2023-08-04T04:21:08","date_gmt":"2023-08-04T02:21:08","guid":{"rendered":"https:\/\/l53ehaqiot.preview.infomaniak.website\/produkt\/doppelzimmer-mit-schraege\/"},"modified":"2024-08-08T13:07:06","modified_gmt":"2024-08-08T11:07:06","slug":"doppelzimmer-mit-schraege","status":"publish","type":"product","link":"https:\/\/hola.gdynia.pl\/de\/produkt\/doppelzimmer-mit-schraege\/","title":{"rendered":"Doppelzimmer mit Schr\u00e4ge"},"content":{"rendered":"<p>Hier werden Sie ein St\u00fcck der Geschichte des Ortes sp\u00fcren. Die originalen Holzbalken, die fast 100 Jahre alt sind, harmonieren mit dem Stil der Einrichtung. Und die Dachfenster lassen an sonnigen Tagen Sonne und Blau in den Innenraum str\u00f6men und schaffen eine einzigartige Aura. \u00a0 Das Zimmer ist wegen der Schr\u00e4gen nicht f\u00fcr gro\u00dfe Menschen geeignet.<\/p>\n","protected":false},"excerpt":{"rendered":"<p>Hier werden Sie ein St\u00fcck der Geschichte des Ortes sp\u00fcren. Die originalen Holzbalken, die fast 100 Jahre alt sind, harmonieren mit dem Stil der Einrichtung. Und die Dachfenster lassen an sonnigen Tagen Sonne und Blau in den Innenraum str\u00f6men und schaffen eine einzigartige Aura.<\/p>\n","protected":false},"featured_media":2999,"comment_status":"closed","ping_status":"closed","template":"","meta":{"inline_featured_image":false},"product_brand":[],"product_cat":[146],"product_tag":[],"class_list":{"0":"post-5520","1":"product","2":"type-product","3":"status-publish","4":"has-post-thumbnail","6":"product_cat-hola-gdynia-de","8":"first","9":"instock","10":"featured","11":"shipping-taxable","12":"purchasable","13":"product-type-ovabrw_car_rental"},"yoast_head":"<!-- This site is optimized with the Yoast SEO Premium plugin v24.4 (Yoast SEO v27.5) - https:\/\/yoast.com\/product\/yoast-seo-premium-wordpress\/ -->\n<title>Doppelzimmer mit Schr\u00e4ge - Zatrzymaj si\u0119 w klimatycznym hotelu w centrum Gdyni<\/title>\n<meta name=\"robots\" content=\"index, follow, max-snippet:-1, max-image-preview:large, max-video-preview:-1\" \/>\n<link rel=\"canonical\" href=\"https:\/\/hola.gdynia.pl\/de\/produkt\/doppelzimmer-mit-schraege\/\" \/>\n<meta property=\"og:locale\" content=\"de_DE\" \/>\n<meta property=\"og:type\" content=\"article\" \/>\n<meta property=\"og:title\" content=\"Doppelzimmer mit Schr\u00e4ge\" \/>\n<meta property=\"og:description\" content=\"Hier werden Sie ein St\u00fcck der Geschichte des Ortes sp\u00fcren. Die originalen Holzbalken, die fast 100 Jahre alt sind, harmonieren mit dem Stil der Einrichtung. Und die Dachfenster lassen an sonnigen Tagen Sonne und Blau in den Innenraum str\u00f6men und schaffen eine einzigartige Aura.\" \/>\n<meta property=\"og:url\" content=\"https:\/\/hola.gdynia.pl\/de\/produkt\/doppelzimmer-mit-schraege\/\" \/>\n<meta property=\"og:site_name\" content=\"Zatrzymaj si\u0119 w klimatycznym hotelu w centrum Gdyni\" \/>\n<meta property=\"article:publisher\" content=\"https:\/\/www.facebook.com\/holagdynia\" \/>\n<meta property=\"article:modified_time\" content=\"2024-08-08T11:07:06+00:00\" \/>\n<meta property=\"og:image\" content=\"https:\/\/hola.gdynia.pl\/wp-content\/uploads\/2023\/01\/00-dwuosobowy-ze-skosami-nocleg-gdynia.jpg\" \/>\n\t<meta property=\"og:image:width\" content=\"2400\" \/>\n\t<meta property=\"og:image:height\" content=\"1800\" \/>\n\t<meta property=\"og:image:type\" content=\"image\/jpeg\" \/>\n<meta name=\"twitter:card\" content=\"summary_large_image\" \/>\n<meta name=\"twitter:label1\" content=\"Gesch\u00e4tzte Lesezeit\" \/>\n\t<meta name=\"twitter:data1\" content=\"1\u00a0Minute\" \/>\n<script type=\"application\/ld+json\" class=\"yoast-schema-graph\">{\"@context\":\"https:\\\/\\\/schema.org\",\"@graph\":[{\"@type\":\"WebPage\",\"@id\":\"https:\\\/\\\/hola.gdynia.pl\\\/de\\\/produkt\\\/doppelzimmer-mit-schraege\\\/\",\"url\":\"https:\\\/\\\/hola.gdynia.pl\\\/de\\\/produkt\\\/doppelzimmer-mit-schraege\\\/\",\"name\":\"Doppelzimmer mit Schr\u00e4ge - Zatrzymaj si\u0119 w klimatycznym hotelu w centrum Gdyni\",\"isPartOf\":{\"@id\":\"https:\\\/\\\/hola.gdynia.pl\\\/de\\\/#website\"},\"primaryImageOfPage\":{\"@id\":\"https:\\\/\\\/hola.gdynia.pl\\\/de\\\/produkt\\\/doppelzimmer-mit-schraege\\\/#primaryimage\"},\"image\":{\"@id\":\"https:\\\/\\\/hola.gdynia.pl\\\/de\\\/produkt\\\/doppelzimmer-mit-schraege\\\/#primaryimage\"},\"thumbnailUrl\":\"https:\\\/\\\/hola.gdynia.pl\\\/wp-content\\\/uploads\\\/2023\\\/01\\\/00-dwuosobowy-ze-skosami-nocleg-gdynia.jpg\",\"datePublished\":\"2023-08-04T02:21:08+00:00\",\"dateModified\":\"2024-08-08T11:07:06+00:00\",\"breadcrumb\":{\"@id\":\"https:\\\/\\\/hola.gdynia.pl\\\/de\\\/produkt\\\/doppelzimmer-mit-schraege\\\/#breadcrumb\"},\"inLanguage\":\"de\",\"potentialAction\":[{\"@type\":\"ReadAction\",\"target\":[\"https:\\\/\\\/hola.gdynia.pl\\\/de\\\/produkt\\\/doppelzimmer-mit-schraege\\\/\"]}]},{\"@type\":\"ImageObject\",\"inLanguage\":\"de\",\"@id\":\"https:\\\/\\\/hola.gdynia.pl\\\/de\\\/produkt\\\/doppelzimmer-mit-schraege\\\/#primaryimage\",\"url\":\"https:\\\/\\\/hola.gdynia.pl\\\/wp-content\\\/uploads\\\/2023\\\/01\\\/00-dwuosobowy-ze-skosami-nocleg-gdynia.jpg\",\"contentUrl\":\"https:\\\/\\\/hola.gdynia.pl\\\/wp-content\\\/uploads\\\/2023\\\/01\\\/00-dwuosobowy-ze-skosami-nocleg-gdynia.jpg\",\"width\":2400,\"height\":1800,\"caption\":\"Optimized by JPEGmini 3.18.9.220874560-AP 0x557c4662\"},{\"@type\":\"BreadcrumbList\",\"@id\":\"https:\\\/\\\/hola.gdynia.pl\\\/de\\\/produkt\\\/doppelzimmer-mit-schraege\\\/#breadcrumb\",\"itemListElement\":[{\"@type\":\"ListItem\",\"position\":1,\"name\":\"Home\",\"item\":\"https:\\\/\\\/hola.gdynia.pl\\\/de\\\/\"},{\"@type\":\"ListItem\",\"position\":2,\"name\":\"Produkte\",\"item\":\"https:\\\/\\\/hola.gdynia.pl\\\/de\\\/shop\\\/\"},{\"@type\":\"ListItem\",\"position\":3,\"name\":\"Doppelzimmer mit Schr\u00e4ge\"}]},{\"@type\":\"WebSite\",\"@id\":\"https:\\\/\\\/hola.gdynia.pl\\\/de\\\/#website\",\"url\":\"https:\\\/\\\/hola.gdynia.pl\\\/de\\\/\",\"name\":\"Zatrzymaj si\u0119 w klimatycznym hotelu w centrum Gdyni\",\"description\":\"Szukasz noclegu w Gdyni? Wybierz nasz nowo otwarty obiekt hotelowy po\u0142o\u017cony blisko morza: 42 pokoje, otwarty dost\u0119p do kuchni, winda, bezp\u0142atny parking!\",\"publisher\":{\"@id\":\"https:\\\/\\\/hola.gdynia.pl\\\/de\\\/#organization\"},\"potentialAction\":[{\"@type\":\"SearchAction\",\"target\":{\"@type\":\"EntryPoint\",\"urlTemplate\":\"https:\\\/\\\/hola.gdynia.pl\\\/de\\\/?s={search_term_string}\"},\"query-input\":{\"@type\":\"PropertyValueSpecification\",\"valueRequired\":true,\"valueName\":\"search_term_string\"}}],\"inLanguage\":\"de\"},{\"@type\":\"Organization\",\"@id\":\"https:\\\/\\\/hola.gdynia.pl\\\/de\\\/#organization\",\"name\":\"Zatrzymaj si\u0119 w klimatycznym hotelu w centrum Gdyni\",\"url\":\"https:\\\/\\\/hola.gdynia.pl\\\/de\\\/\",\"logo\":{\"@type\":\"ImageObject\",\"inLanguage\":\"de\",\"@id\":\"https:\\\/\\\/hola.gdynia.pl\\\/de\\\/#\\\/schema\\\/logo\\\/image\\\/\",\"url\":\"https:\\\/\\\/hola.gdynia.pl\\\/wp-content\\\/uploads\\\/2023\\\/02\\\/logoHOLA.svg\",\"contentUrl\":\"https:\\\/\\\/hola.gdynia.pl\\\/wp-content\\\/uploads\\\/2023\\\/02\\\/logoHOLA.svg\",\"width\":200,\"height\":66,\"caption\":\"Zatrzymaj si\u0119 w klimatycznym hotelu w centrum Gdyni\"},\"image\":{\"@id\":\"https:\\\/\\\/hola.gdynia.pl\\\/de\\\/#\\\/schema\\\/logo\\\/image\\\/\"},\"sameAs\":[\"https:\\\/\\\/www.facebook.com\\\/holagdynia\"]}]}<\/script>\n<!-- \/ Yoast SEO Premium plugin. -->","yoast_head_json":{"title":"Doppelzimmer mit Schr\u00e4ge - Zatrzymaj si\u0119 w klimatycznym hotelu w centrum Gdyni","robots":{"index":"index","follow":"follow","max-snippet":"max-snippet:-1","max-image-preview":"max-image-preview:large","max-video-preview":"max-video-preview:-1"},"canonical":"https:\/\/hola.gdynia.pl\/de\/produkt\/doppelzimmer-mit-schraege\/","og_locale":"de_DE","og_type":"article","og_title":"Doppelzimmer mit Schr\u00e4ge","og_description":"Hier werden Sie ein St\u00fcck der Geschichte des Ortes sp\u00fcren. Die originalen Holzbalken, die fast 100 Jahre alt sind, harmonieren mit dem Stil der Einrichtung. Und die Dachfenster lassen an sonnigen Tagen Sonne und Blau in den Innenraum str\u00f6men und schaffen eine einzigartige Aura.","og_url":"https:\/\/hola.gdynia.pl\/de\/produkt\/doppelzimmer-mit-schraege\/","og_site_name":"Zatrzymaj si\u0119 w klimatycznym hotelu w centrum Gdyni","article_publisher":"https:\/\/www.facebook.com\/holagdynia","article_modified_time":"2024-08-08T11:07:06+00:00","og_image":[{"width":2400,"height":1800,"url":"https:\/\/hola.gdynia.pl\/wp-content\/uploads\/2023\/01\/00-dwuosobowy-ze-skosami-nocleg-gdynia.jpg","type":"image\/jpeg"}],"twitter_card":"summary_large_image","twitter_misc":{"Gesch\u00e4tzte Lesezeit":"1\u00a0Minute"},"schema":{"@context":"https:\/\/schema.org","@graph":[{"@type":"WebPage","@id":"https:\/\/hola.gdynia.pl\/de\/produkt\/doppelzimmer-mit-schraege\/","url":"https:\/\/hola.gdynia.pl\/de\/produkt\/doppelzimmer-mit-schraege\/","name":"Doppelzimmer mit Schr\u00e4ge - Zatrzymaj si\u0119 w klimatycznym hotelu w centrum Gdyni","isPartOf":{"@id":"https:\/\/hola.gdynia.pl\/de\/#website"},"primaryImageOfPage":{"@id":"https:\/\/hola.gdynia.pl\/de\/produkt\/doppelzimmer-mit-schraege\/#primaryimage"},"image":{"@id":"https:\/\/hola.gdynia.pl\/de\/produkt\/doppelzimmer-mit-schraege\/#primaryimage"},"thumbnailUrl":"https:\/\/hola.gdynia.pl\/wp-content\/uploads\/2023\/01\/00-dwuosobowy-ze-skosami-nocleg-gdynia.jpg","datePublished":"2023-08-04T02:21:08+00:00","dateModified":"2024-08-08T11:07:06+00:00","breadcrumb":{"@id":"https:\/\/hola.gdynia.pl\/de\/produkt\/doppelzimmer-mit-schraege\/#breadcrumb"},"inLanguage":"de","potentialAction":[{"@type":"ReadAction","target":["https:\/\/hola.gdynia.pl\/de\/produkt\/doppelzimmer-mit-schraege\/"]}]},{"@type":"ImageObject","inLanguage":"de","@id":"https:\/\/hola.gdynia.pl\/de\/produkt\/doppelzimmer-mit-schraege\/#primaryimage","url":"https:\/\/hola.gdynia.pl\/wp-content\/uploads\/2023\/01\/00-dwuosobowy-ze-skosami-nocleg-gdynia.jpg","contentUrl":"https:\/\/hola.gdynia.pl\/wp-content\/uploads\/2023\/01\/00-dwuosobowy-ze-skosami-nocleg-gdynia.jpg","width":2400,"height":1800,"caption":"Optimized by JPEGmini 3.18.9.220874560-AP 0x557c4662"},{"@type":"BreadcrumbList","@id":"https:\/\/hola.gdynia.pl\/de\/produkt\/doppelzimmer-mit-schraege\/#breadcrumb","itemListElement":[{"@type":"ListItem","position":1,"name":"Home","item":"https:\/\/hola.gdynia.pl\/de\/"},{"@type":"ListItem","position":2,"name":"Produkte","item":"https:\/\/hola.gdynia.pl\/de\/shop\/"},{"@type":"ListItem","position":3,"name":"Doppelzimmer mit Schr\u00e4ge"}]},{"@type":"WebSite","@id":"https:\/\/hola.gdynia.pl\/de\/#website","url":"https:\/\/hola.gdynia.pl\/de\/","name":"Zatrzymaj si\u0119 w klimatycznym hotelu w centrum Gdyni","description":"Szukasz noclegu w Gdyni? Wybierz nasz nowo otwarty obiekt hotelowy po\u0142o\u017cony blisko morza: 42 pokoje, otwarty dost\u0119p do kuchni, winda, bezp\u0142atny parking!","publisher":{"@id":"https:\/\/hola.gdynia.pl\/de\/#organization"},"potentialAction":[{"@type":"SearchAction","target":{"@type":"EntryPoint","urlTemplate":"https:\/\/hola.gdynia.pl\/de\/?s={search_term_string}"},"query-input":{"@type":"PropertyValueSpecification","valueRequired":true,"valueName":"search_term_string"}}],"inLanguage":"de"},{"@type":"Organization","@id":"https:\/\/hola.gdynia.pl\/de\/#organization","name":"Zatrzymaj si\u0119 w klimatycznym hotelu w centrum Gdyni","url":"https:\/\/hola.gdynia.pl\/de\/","logo":{"@type":"ImageObject","inLanguage":"de","@id":"https:\/\/hola.gdynia.pl\/de\/#\/schema\/logo\/image\/","url":"https:\/\/hola.gdynia.pl\/wp-content\/uploads\/2023\/02\/logoHOLA.svg","contentUrl":"https:\/\/hola.gdynia.pl\/wp-content\/uploads\/2023\/02\/logoHOLA.svg","width":200,"height":66,"caption":"Zatrzymaj si\u0119 w klimatycznym hotelu w centrum Gdyni"},"image":{"@id":"https:\/\/hola.gdynia.pl\/de\/#\/schema\/logo\/image\/"},"sameAs":["https:\/\/www.facebook.com\/holagdynia"]}]}},"_links":{"self":[{"href":"https:\/\/hola.gdynia.pl\/de\/wp-json\/wp\/v2\/product\/5520","targetHints":{"allow":["GET"]}}],"collection":[{"href":"https:\/\/hola.gdynia.pl\/de\/wp-json\/wp\/v2\/product"}],"about":[{"href":"https:\/\/hola.gdynia.pl\/de\/wp-json\/wp\/v2\/types\/product"}],"replies":[{"embeddable":true,"href":"https:\/\/hola.gdynia.pl\/de\/wp-json\/wp\/v2\/comments?post=5520"}],"version-history":[{"count":0,"href":"https:\/\/hola.gdynia.pl\/de\/wp-json\/wp\/v2\/product\/5520\/revisions"}],"wp:featuredmedia":[{"embeddable":true,"href":"https:\/\/hola.gdynia.pl\/de\/wp-json\/wp\/v2\/media\/2999"}],"wp:attachment":[{"href":"https:\/\/hola.gdynia.pl\/de\/wp-json\/wp\/v2\/media?parent=5520"}],"wp:term":[{"taxonomy":"product_brand","embeddable":true,"href":"https:\/\/hola.gdynia.pl\/de\/wp-json\/wp\/v2\/product_brand?post=5520"},{"taxonomy":"product_cat","embeddable":true,"href":"https:\/\/hola.gdynia.pl\/de\/wp-json\/wp\/v2\/product_cat?post=5520"},{"taxonomy":"product_tag","embeddable":true,"href":"https:\/\/hola.gdynia.pl\/de\/wp-json\/wp\/v2\/product_tag?post=5520"}],"curies":[{"name":"wp","href":"https:\/\/api.w.org\/{rel}","templated":true}]}}