{"id":3142,"date":"2023-01-09T03:43:35","date_gmt":"2023-01-09T02:43:35","guid":{"rendered":"https:\/\/hola.gdynia.pl\/pub-no1\/"},"modified":"2023-01-09T03:43:35","modified_gmt":"2023-01-09T02:43:35","slug":"pub-no1","status":"publish","type":"page","link":"https:\/\/hola.gdynia.pl\/de\/pub-no1\/","title":{"rendered":"Pub No1"},"content":{"rendered":"<div class=\"wpb-content-wrapper\"><p>[vc_row wrap_container=&#8220;true&#8220; el_id=&#8220;restaurant-food-menu-section&#8220;][vc_column][vc_custom_heading text=&#8220;Oferta Pub&#8220; font_container=&#8220;tag:h2|font_size:30px|text_align:center|color:%23252c41|line_height:35px&#8220; use_theme_fonts=&#8220;yes&#8220; css=&#8220;.vc_custom_1676462061205{margin-top: 0px !important;margin-bottom: 40px !important;}&#8220;][vc_row_inner][vc_column_inner width=&#8220;1\/2&#8243; css=&#8220;.vc_custom_1554912673241{padding-top: 0px !important;}&#8220;][vc_column_text css=&#8220;.vc_custom_1554893286475{margin-bottom: 45px !important;}&#8220;]Exercitation photo booth stumptown tote bag Banksy, elit small batch freegan sed. Craft beer elit seitan exercitation, photo booth et 8-bit kale chips proident chillwave deep v laborum. Aliquip veniam delectus, Marfa eiusmod Pinterest in do umami readymade swag.[\/vc_column_text][lc_restaurant_menus animation_delay=&#8220;1&#8243; title=&#8220;Starter&#8220; short_description=&#8220;&#8220;][lc_restaurant_menu animation_delay=&#8220;1&#8243; title=&#8220;LEMON-ROSEMARY CHICKEN&#8220; subtitle=&#8220;Chicken \/ Rosemary \/ Lemon&#8220; image_id=&#8220;889&#8243; price=&#8220;12.5 pln&#8220;][lc_restaurant_menu animation_delay=&#8220;1&#8243; title=&#8220;LEMON-ROSEMARY CHICKEN&#8220; subtitle=&#8220;Chicken \/ Rosemary \/ Lemon&#8220; image_id=&#8220;887&#8243; price=&#8220;13.8 pln&#8220;][lc_restaurant_menu animation_delay=&#8220;1&#8243; title=&#8220;LEMON-ROSEMARY CHICKEN&#8220; subtitle=&#8220;Chicken \/ Rosemary \/ Lemon&#8220; image_id=&#8220;883&#8243; price=&#8220;10.6 pln&#8220;][lc_restaurant_menu animation_delay=&#8220;1&#8243; title=&#8220;LEMON-ROSEMARY CHICKEN&#8220; subtitle=&#8220;Chicken \/ Rosemary \/ Lemon&#8220; image_id=&#8220;879&#8243; price=&#8220;8.9 pln&#8220;][\/lc_restaurant_menus][\/vc_column_inner][vc_column_inner width=&#8220;1\/2&#8243; css=&#8220;.vc_custom_1554912664405{padding-top: 0px !important;}&#8220;][vc_column_text css=&#8220;.vc_custom_1554893422948{margin-bottom: 45px !important;}&#8220;]Lorem ipsum dolor sit amet, consectetur adipiscing elit. Integer vel molestie nisl. Duis ac mi leo. Mauris at convallis erat. Aliquam interdum semper luctus. Aenean ex tellus, gravida ut rutrum dignissim, malesuada vitae nulla. Sed viverra, nisl dapibus lobortis porttitor.[\/vc_column_text][lc_restaurant_menus animation_delay=&#8220;1&#8243; title=&#8220;Main Course&#8220; short_description=&#8220;&#8220;][lc_restaurant_menu animation_delay=&#8220;1&#8243; title=&#8220;LEMON-ROSEMARY CHICKEN&#8220; subtitle=&#8220;Chicken \/ Rosemary \/ Lemon&#8220; image_id=&#8220;881&#8243; price=&#8220;20.8 pln&#8220;][lc_restaurant_menu animation_delay=&#8220;1&#8243; title=&#8220;LEMON-ROSEMARY CHICKEN&#8220; subtitle=&#8220;Chicken \/ Rosemary \/ Lemon&#8220; image_id=&#8220;893&#8243; price=&#8220;18.6 pln&#8220;][lc_restaurant_menu animation_delay=&#8220;1&#8243; title=&#8220;LEMON-ROSEMARY CHICKEN&#8220; subtitle=&#8220;Chicken \/ Rosemary \/ Lemon&#8220; image_id=&#8220;887&#8243; price=&#8220;13.6 pln&#8220;][lc_restaurant_menu animation_delay=&#8220;1&#8243; title=&#8220;LEMON-ROSEMARY CHICKEN&#8220; subtitle=&#8220;Chicken \/ Rosemary \/ Lemon&#8220; image_id=&#8220;890&#8243; price=&#8220;17.4 pln&#8220;][\/lc_restaurant_menus][\/vc_column_inner][\/vc_row_inner][\/vc_column][\/vc_row][vc_row content_placement=&#8220;middle&#8220; wrap_container=&#8220;true&#8220; css=&#8220;.vc_custom_1554912351342{margin-top: 30px !important;padding-top: 60px !important;padding-bottom: 45px !important;background-color: #f3f3f6 !important;}&#8220; el_id=&#8220;philosophy-section&#8220;][vc_column width=&#8220;1\/3&#8243; offset=&#8220;vc_col-xs-12&#8243;][vc_custom_heading text=&#8220;OUR PHILOSOPHY&#8220; font_container=&#8220;tag:h2|font_size:30px|text_align:left|color:%23252c41|line_height:35px&#8220; use_theme_fonts=&#8220;yes&#8220; css=&#8220;.vc_custom_1554892738400{margin-top: 0px !important;margin-bottom: 18px !important;}&#8220;][vc_column_text css=&#8220;.vc_custom_1554892769282{margin-bottom: 45px !important;}&#8220;]We believe that no dish can be better than its ingredients, and that the best ingredients are usually local. As great cooking starts with great ingredients, great ingredients start with great farmers\u201d[\/vc_column_text][lc_button button_style=&#8220;border-style&#8220; btn_size=&#8220;big&#8220; show_arrow=&#8220;yes&#8220; animation_delay=&#8220;1&#8243; btn_text=&#8220;More About Us&#8220; btn_link=&#8220;url:%23|title:About%20Us&#8220;][\/vc_column][vc_column width=&#8220;2\/3&#8243; offset=&#8220;vc_col-lg-offset-1 vc_col-lg-7 vc_col-md-offset-0 vc_col-md-8 vc_col-sm-offset-0 vc_col-xs-12&#8243; css=&#8220;.vc_custom_1554818202251{padding-right: 8px !important;padding-left: 8px !important;}&#8220;][lc_image_gallery columns=&#8220;2&#8243; item_gap=&#8220;15&#8243; animation_delay=&#8220;1&#8243; title=&#8220;&#8220; ids=&#8220;79,140&#8243; image_size=&#8220;320&#215;450&#8243;][\/vc_column][\/vc_row][vc_row css=&#8220;.vc_custom_1554892458560{margin-bottom: -60px !important;}&#8220;][vc_column css=&#8220;.vc_custom_1554820984708{padding-top: 0px !important;padding-right: 0px !important;padding-left: 0px !important;}&#8220;]\n\t\t\t\t<p class=\"rs-p-wp-fix\"><\/p>\n\t\t\t\t<sr7-module data-alias=\"content_slider\" data-id=\"1\" id=\"SR7_1_1\" class=\"rs-ov-hidden\" data-version=\"6.7.23\">\n\t\t\t\t\t<sr7-adjuster><\/sr7-adjuster>\n\t\t\t\t\t<sr7-content>\n\t\t\t\t\t\t<sr7-slide id=\"SR7_1_1-1\" data-key=\"1\">\n\t\t\t\t\t\t\t<sr7-bg id=\"SR7_1_1-1-2\" class=\"sr7-layer\"><noscript><img decoding=\"async\" src=\"https:\/\/hola.gdynia.pl\/wp-content\/uploads\/2023\/02\/Molo-Poludniowe-Skwer-Kosciuszki-centrum-hotel-gdynia.jpg\" alt=\"Molo Po\u0142udniowe Atrakcje Gdynia\" title=\"\"><\/noscript><\/sr7-bg>\n\t\t\t\t\t\t<\/sr7-slide>\n\t\t\t\t\t\t<sr7-slide id=\"SR7_1_1-22\" data-key=\"22\">\n\t\t\t\t\t\t<\/sr7-slide>\n\t\t\t\t\t<\/sr7-content>\n\t\t\t\t\t<image_lists style=\"display:none\">\n\t\t\t\t\t\t<img data-src=\"\/\/hola.gdynia.pl\/wp-content\/uploads\/2023\/02\/Molo-Poludniowe-Skwer-Kosciuszki-centrum-hotel-gdynia.jpg\" width=\"0\" height=\"0\" data-dbsrc=\"Ly9ob2xhLmdkeW5pYS5wbC93cC1jb250ZW50L3VwbG9hZHMvMjAyMy8wMi9Nb2xvLVBvbHVkbmlvd2UtU2t3ZXItS29zY2l1c3praS1jZW50cnVtLWhvdGVsLWdkeW5pYS5qcGc=\"\/>\n\t\t\t\t\t<\/image_lists>\n\t\t\t\t<\/sr7-module>\n\t\t\t\t<script>\n\t\t\t\t\tSR7.PMH ??={}; SR7.PMH[\"SR7_1_1\"] = {cn:100,state:false,fn: function() { if (_tpt!==undefined && _tpt.prepareModuleHeight !== undefined) {  _tpt.prepareModuleHeight({id:\"SR7_1_1\",el:[520,520,450,350,250],type:'hero',shdw:'0',gh:[520,520,450,350,250],gw:[1240,1240,1024,778,480],vpt:['-200px&#039;,&#039;-200px&#039;,&#039;-200px&#039;,&#039;-200px&#039;,&#039;-200px'],size:{fullWidth:false, fullHeight:false},mh:'0',onh:0,onw:0,bg:{color:'{\"type\":\"solid\",\"orig\":\"#0e121d\",\"string\":\"rgba(14, 18, 29, 1)\"}'},plType:'2',plColor:'#FFFFFF'});   SR7.PMH[\"SR7_1_1\"].state=true;} else if(SR7.PMH[\"SR7_1_1\"].cn-->0)\tsetTimeout( SR7.PMH[\"SR7_1_1\"].fn,19);}};SR7.PMH[\"SR7_1_1\" ].fn();\n\t\t\t\t<\/script>\n[\/vc_column][\/vc_row]<\/p>\n<\/div>","protected":false},"excerpt":{"rendered":"<p>[vc_row wrap_container=&#8220;true&#8220; el_id=&#8220;restaurant-food-menu-section&#8220;][vc_column][vc_custom_heading text=&#8220;Oferta Pub&#8220; font_container=&#8220;tag:h2|font_size:30px|text_align:center|color:%23252c41|line_height:35px&#8220; use_theme_fonts=&#8220;yes&#8220; css=&#8220;.vc_custom_1676462061205{margin-top: 0px !important;margin-bottom: 40px !important;}&#8220;][vc_row_inner][vc_column_inner width=&#8220;1\/2&#8243; css=&#8220;.vc_custom_1554912673241{padding-top: 0px !important;}&#8220;][vc_column_text css=&#8220;.vc_custom_1554893286475{margin-bottom: 45px !important;}&#8220;]Exercitation photo booth stumptown tote bag Banksy, elit small batch freegan sed. Craft beer elit seitan exercitation, photo booth et 8-bit kale chips proident chillwave deep v laborum. Aliquip veniam delectus, Marfa eiusmod Pinterest in do umami [&hellip;]<\/p>\n","protected":false},"author":1,"featured_media":0,"parent":0,"menu_order":0,"comment_status":"closed","ping_status":"closed","template":"","meta":{"inline_featured_image":false,"footnotes":""},"class_list":["post-3142","page","type-page","status-publish","hentry"],"yoast_head":"<!-- This site is optimized with the Yoast SEO Premium plugin v24.4 (Yoast SEO v26.4) - https:\/\/yoast.com\/wordpress\/plugins\/seo\/ -->\n<title>Pub No1 - Zatrzymaj si\u0119 w klimatycznym hotelu w centrum Gdyni<\/title>\n<meta name=\"robots\" content=\"index, follow, max-snippet:-1, max-image-preview:large, max-video-preview:-1\" \/>\n<link rel=\"canonical\" href=\"https:\/\/hola.gdynia.pl\/de\/pub-no1\/\" \/>\n<meta property=\"og:locale\" content=\"de_DE\" \/>\n<meta property=\"og:type\" content=\"article\" \/>\n<meta property=\"og:title\" content=\"Pub No1\" \/>\n<meta property=\"og:description\" content=\"[vc_row wrap_container=&#8220;true&#8220; el_id=&#8220;restaurant-food-menu-section&#8220;][vc_column][vc_custom_heading text=&#8220;Oferta Pub&#8220; font_container=&#8220;tag:h2|font_size:30px|text_align:center|color:%23252c41|line_height:35px&#8220; use_theme_fonts=&#8220;yes&#8220; css=&#8220;.vc_custom_1676462061205{margin-top: 0px !important;margin-bottom: 40px !important;}&#8220;][vc_row_inner][vc_column_inner width=&#8220;1\/2&#8243; css=&#8220;.vc_custom_1554912673241{padding-top: 0px !important;}&#8220;][vc_column_text css=&#8220;.vc_custom_1554893286475{margin-bottom: 45px !important;}&#8220;]Exercitation photo booth stumptown tote bag Banksy, elit small batch freegan sed. Craft beer elit seitan exercitation, photo booth et 8-bit kale chips proident chillwave deep v laborum. Aliquip veniam delectus, Marfa eiusmod Pinterest in do umami [&hellip;]\" \/>\n<meta property=\"og:url\" content=\"https:\/\/hola.gdynia.pl\/de\/pub-no1\/\" \/>\n<meta property=\"og:site_name\" content=\"Zatrzymaj si\u0119 w klimatycznym hotelu w centrum Gdyni\" \/>\n<meta property=\"article:publisher\" content=\"https:\/\/www.facebook.com\/holagdynia\" \/>\n<meta property=\"og:image\" content=\"https:\/\/hola.gdynia.pl\/wp-content\/uploads\/2023\/04\/hotel-gdynia-centrum-blisko-plazy-trojmiasto.png\" \/>\n\t<meta property=\"og:image:width\" content=\"1200\" \/>\n\t<meta property=\"og:image:height\" content=\"675\" \/>\n\t<meta property=\"og:image:type\" content=\"image\/png\" \/>\n<meta name=\"twitter:card\" content=\"summary_large_image\" \/>\n<meta name=\"twitter:label1\" content=\"Gesch\u00e4tzte Lesezeit\" \/>\n\t<meta name=\"twitter:data1\" content=\"3\u00a0Minuten\" \/>\n<script type=\"application\/ld+json\" class=\"yoast-schema-graph\">{\"@context\":\"https:\/\/schema.org\",\"@graph\":[{\"@type\":\"WebPage\",\"@id\":\"https:\/\/hola.gdynia.pl\/de\/pub-no1\/\",\"url\":\"https:\/\/hola.gdynia.pl\/de\/pub-no1\/\",\"name\":\"Pub No1 - Zatrzymaj si\u0119 w klimatycznym hotelu w centrum Gdyni\",\"isPartOf\":{\"@id\":\"https:\/\/hola.gdynia.pl\/de\/#website\"},\"datePublished\":\"2023-01-09T02:43:35+00:00\",\"breadcrumb\":{\"@id\":\"https:\/\/hola.gdynia.pl\/de\/pub-no1\/#breadcrumb\"},\"inLanguage\":\"de\",\"potentialAction\":[{\"@type\":\"ReadAction\",\"target\":[\"https:\/\/hola.gdynia.pl\/de\/pub-no1\/\"]}]},{\"@type\":\"BreadcrumbList\",\"@id\":\"https:\/\/hola.gdynia.pl\/de\/pub-no1\/#breadcrumb\",\"itemListElement\":[{\"@type\":\"ListItem\",\"position\":1,\"name\":\"Home\",\"item\":\"https:\/\/hola.gdynia.pl\/de\/\"},{\"@type\":\"ListItem\",\"position\":2,\"name\":\"Pub No1\"}]},{\"@type\":\"WebSite\",\"@id\":\"https:\/\/hola.gdynia.pl\/de\/#website\",\"url\":\"https:\/\/hola.gdynia.pl\/de\/\",\"name\":\"Zatrzymaj si\u0119 w klimatycznym hotelu w centrum Gdyni\",\"description\":\"Szukasz noclegu w Gdyni? Wybierz nasz nowo otwarty obiekt hotelowy po\u0142o\u017cony blisko morza: 42 pokoje, otwarty dost\u0119p do kuchni, winda, bezp\u0142atny parking!\",\"publisher\":{\"@id\":\"https:\/\/hola.gdynia.pl\/de\/#organization\"},\"potentialAction\":[{\"@type\":\"SearchAction\",\"target\":{\"@type\":\"EntryPoint\",\"urlTemplate\":\"https:\/\/hola.gdynia.pl\/de\/?s={search_term_string}\"},\"query-input\":{\"@type\":\"PropertyValueSpecification\",\"valueRequired\":true,\"valueName\":\"search_term_string\"}}],\"inLanguage\":\"de\"},{\"@type\":\"Organization\",\"@id\":\"https:\/\/hola.gdynia.pl\/de\/#organization\",\"name\":\"Zatrzymaj si\u0119 w klimatycznym hotelu w centrum Gdyni\",\"url\":\"https:\/\/hola.gdynia.pl\/de\/\",\"logo\":{\"@type\":\"ImageObject\",\"inLanguage\":\"de\",\"@id\":\"https:\/\/hola.gdynia.pl\/de\/#\/schema\/logo\/image\/\",\"url\":\"https:\/\/hola.gdynia.pl\/wp-content\/uploads\/2023\/02\/logoHOLA.svg\",\"contentUrl\":\"https:\/\/hola.gdynia.pl\/wp-content\/uploads\/2023\/02\/logoHOLA.svg\",\"width\":200,\"height\":66,\"caption\":\"Zatrzymaj si\u0119 w klimatycznym hotelu w centrum Gdyni\"},\"image\":{\"@id\":\"https:\/\/hola.gdynia.pl\/de\/#\/schema\/logo\/image\/\"},\"sameAs\":[\"https:\/\/www.facebook.com\/holagdynia\"]}]}<\/script>\n<!-- \/ Yoast SEO Premium plugin. -->","yoast_head_json":{"title":"Pub No1 - Zatrzymaj si\u0119 w klimatycznym hotelu w centrum Gdyni","robots":{"index":"index","follow":"follow","max-snippet":"max-snippet:-1","max-image-preview":"max-image-preview:large","max-video-preview":"max-video-preview:-1"},"canonical":"https:\/\/hola.gdynia.pl\/de\/pub-no1\/","og_locale":"de_DE","og_type":"article","og_title":"Pub No1","og_description":"[vc_row wrap_container=&#8220;true&#8220; el_id=&#8220;restaurant-food-menu-section&#8220;][vc_column][vc_custom_heading text=&#8220;Oferta Pub&#8220; font_container=&#8220;tag:h2|font_size:30px|text_align:center|color:%23252c41|line_height:35px&#8220; use_theme_fonts=&#8220;yes&#8220; css=&#8220;.vc_custom_1676462061205{margin-top: 0px !important;margin-bottom: 40px !important;}&#8220;][vc_row_inner][vc_column_inner width=&#8220;1\/2&#8243; css=&#8220;.vc_custom_1554912673241{padding-top: 0px !important;}&#8220;][vc_column_text css=&#8220;.vc_custom_1554893286475{margin-bottom: 45px !important;}&#8220;]Exercitation photo booth stumptown tote bag Banksy, elit small batch freegan sed. Craft beer elit seitan exercitation, photo booth et 8-bit kale chips proident chillwave deep v laborum. Aliquip veniam delectus, Marfa eiusmod Pinterest in do umami [&hellip;]","og_url":"https:\/\/hola.gdynia.pl\/de\/pub-no1\/","og_site_name":"Zatrzymaj si\u0119 w klimatycznym hotelu w centrum Gdyni","article_publisher":"https:\/\/www.facebook.com\/holagdynia","og_image":[{"width":1200,"height":675,"url":"https:\/\/hola.gdynia.pl\/wp-content\/uploads\/2023\/04\/hotel-gdynia-centrum-blisko-plazy-trojmiasto.png","type":"image\/png"}],"twitter_card":"summary_large_image","twitter_misc":{"Gesch\u00e4tzte Lesezeit":"3\u00a0Minuten"},"schema":{"@context":"https:\/\/schema.org","@graph":[{"@type":"WebPage","@id":"https:\/\/hola.gdynia.pl\/de\/pub-no1\/","url":"https:\/\/hola.gdynia.pl\/de\/pub-no1\/","name":"Pub No1 - Zatrzymaj si\u0119 w klimatycznym hotelu w centrum Gdyni","isPartOf":{"@id":"https:\/\/hola.gdynia.pl\/de\/#website"},"datePublished":"2023-01-09T02:43:35+00:00","breadcrumb":{"@id":"https:\/\/hola.gdynia.pl\/de\/pub-no1\/#breadcrumb"},"inLanguage":"de","potentialAction":[{"@type":"ReadAction","target":["https:\/\/hola.gdynia.pl\/de\/pub-no1\/"]}]},{"@type":"BreadcrumbList","@id":"https:\/\/hola.gdynia.pl\/de\/pub-no1\/#breadcrumb","itemListElement":[{"@type":"ListItem","position":1,"name":"Home","item":"https:\/\/hola.gdynia.pl\/de\/"},{"@type":"ListItem","position":2,"name":"Pub No1"}]},{"@type":"WebSite","@id":"https:\/\/hola.gdynia.pl\/de\/#website","url":"https:\/\/hola.gdynia.pl\/de\/","name":"Zatrzymaj si\u0119 w klimatycznym hotelu w centrum Gdyni","description":"Szukasz noclegu w Gdyni? Wybierz nasz nowo otwarty obiekt hotelowy po\u0142o\u017cony blisko morza: 42 pokoje, otwarty dost\u0119p do kuchni, winda, bezp\u0142atny parking!","publisher":{"@id":"https:\/\/hola.gdynia.pl\/de\/#organization"},"potentialAction":[{"@type":"SearchAction","target":{"@type":"EntryPoint","urlTemplate":"https:\/\/hola.gdynia.pl\/de\/?s={search_term_string}"},"query-input":{"@type":"PropertyValueSpecification","valueRequired":true,"valueName":"search_term_string"}}],"inLanguage":"de"},{"@type":"Organization","@id":"https:\/\/hola.gdynia.pl\/de\/#organization","name":"Zatrzymaj si\u0119 w klimatycznym hotelu w centrum Gdyni","url":"https:\/\/hola.gdynia.pl\/de\/","logo":{"@type":"ImageObject","inLanguage":"de","@id":"https:\/\/hola.gdynia.pl\/de\/#\/schema\/logo\/image\/","url":"https:\/\/hola.gdynia.pl\/wp-content\/uploads\/2023\/02\/logoHOLA.svg","contentUrl":"https:\/\/hola.gdynia.pl\/wp-content\/uploads\/2023\/02\/logoHOLA.svg","width":200,"height":66,"caption":"Zatrzymaj si\u0119 w klimatycznym hotelu w centrum Gdyni"},"image":{"@id":"https:\/\/hola.gdynia.pl\/de\/#\/schema\/logo\/image\/"},"sameAs":["https:\/\/www.facebook.com\/holagdynia"]}]}},"_links":{"self":[{"href":"https:\/\/hola.gdynia.pl\/de\/wp-json\/wp\/v2\/pages\/3142","targetHints":{"allow":["GET"]}}],"collection":[{"href":"https:\/\/hola.gdynia.pl\/de\/wp-json\/wp\/v2\/pages"}],"about":[{"href":"https:\/\/hola.gdynia.pl\/de\/wp-json\/wp\/v2\/types\/page"}],"author":[{"embeddable":true,"href":"https:\/\/hola.gdynia.pl\/de\/wp-json\/wp\/v2\/users\/1"}],"replies":[{"embeddable":true,"href":"https:\/\/hola.gdynia.pl\/de\/wp-json\/wp\/v2\/comments?post=3142"}],"version-history":[{"count":0,"href":"https:\/\/hola.gdynia.pl\/de\/wp-json\/wp\/v2\/pages\/3142\/revisions"}],"wp:attachment":[{"href":"https:\/\/hola.gdynia.pl\/de\/wp-json\/wp\/v2\/media?parent=3142"}],"curies":[{"name":"wp","href":"https:\/\/api.w.org\/{rel}","templated":true}]}}