{"id":2902,"date":"2023-01-08T10:38:39","date_gmt":"2023-01-08T09:38:39","guid":{"rendered":"https:\/\/hola.gdynia.pl\/ueber-uns\/"},"modified":"2025-02-26T16:18:39","modified_gmt":"2025-02-26T15:18:39","slug":"ueber-uns","status":"publish","type":"page","link":"https:\/\/hola.gdynia.pl\/de\/ueber-uns\/","title":{"rendered":"\u00dcber uns"},"content":{"rendered":"<div class=\"wpb-content-wrapper\"><p>[vc_row content_placement=&#8220;middle&#8220; wrap_container=&#8220;true&#8220; el_id=&#8220;everything-right-section&#8220;][vc_column width=&#8220;1\/3&#8243; offset=&#8220;vc_col-xs-12&#8243;][vc_column_text css=&#8220;.vc_custom_1676304116068{margin-bottom: 50px !important;}&#8220;]<\/p>\n<h2 style=\"font-size: 30px; line-height: 35px; text-transform: uppercase; color: #405272;\">HOLA GDYNIA.<br \/>\n<span style=\"color: #dcb5be;\">freundlich <\/span><br \/>\nGastfreundschaft.<\/h2>\n<p>[\/vc_column_text][vc_column_text css=&#8220;.vc_custom_1677146405807{margin-bottom: 0px !important;}&#8220;]<\/p>\n<h2>Im Zentrum von Gdynia, in der N\u00e4he des Hafens und des Strandes, wurde in einem historischen modernistischen Mietshaus eine intime Hotelanlage Hola Gdynia gebaut. Wir haben diesen Ort nicht zuf\u00e4llig ausgew\u00e4hlt. Hier war mehrere Jahrzehnte lang eines der ersten Hotels in Gdynia, das Hotel Centralny, t\u00e4tig. Wir hauchten den vom Zahn der Zeit angegriffenen alten Gem\u00e4uern und Interieurs Leben und Modernit\u00e4t ein.<\/h2>\n<p>[\/vc_column_text][\/vc_column][vc_column width=&#8220;2\/3&#8243; offset=&#8220;vc_col-lg-offset-1 vc_col-lg-7 vc_col-md-offset-0 vc_col-md-8 vc_col-sm-offset-0 vc_col-xs-12&#8243; css=&#8220;.vc_custom_1554818202251{padding-right: 8px !important;padding-left: 8px !important;}&#8220;][vc_gallery type=&#8220;image_grid&#8220; images=&#8220;2399,2401&#8243; img_size=&#8220;360&#215;450&#8243; onclick=&#8220;&#8220; css=&#8220;&#8220;][\/vc_column][\/vc_row][vc_row wrap_container=&#8220;true&#8220; css=&#8220;.vc_custom_1554910778831{margin-top: 45px !important;}&#8220; el_id=&#8220;everything-right-bottom-section&#8220;][vc_column][vc_column_text css=&#8220;.vc_custom_1679558849347{margin-bottom: 0px !important;}&#8220;]Gem\u00fctliche Zimmer, eine Gemeinschaftsk\u00fcche mit leckerem Espresso, Ruheraum und vor allem das Personal &#8211; ein Aush\u00e4ngeschild dieses Ortes, das f\u00fcr eine freundliche Atmosph\u00e4re sorgt, hilfsbereit ist und jeden Tag ein St\u00fcck Herz daf\u00fcr einsetzt, Hola zu einem Synonym f\u00fcr Gastfreundschaft zu machen, und hier zu bleiben &#8211; ein Erlebnis, an das sich G\u00e4ste mit einem L\u00e4cheln im Gesicht erinnern.<\/p>\n<p><strong>Hola Gdynia verf\u00fcgt \u00fcber 42 Zimmer, die insgesamt \u00fcber 100 Personen<\/strong> beherbergen k\u00f6nnen und sich auf 4 Etagen befinden. Auf der obersten Etage befinden sich Mansardenzimmer mit originalen Dachbalken. Im Erdgeschoss befindet sich eine Rezeption, die von lebhaften, ungew\u00f6hnlichen Farben erstrahlt. Direkt von dieser Ebene gelangen die G\u00e4ste demn\u00e4chst in die Kneipe Number 1. Auf Ebene -1 befindet sich eine K\u00fcche mit Fr\u00fchst\u00fccksraum. Hier k\u00f6nnen Sie das von Wiktoria zubereitete Fr\u00fchst\u00fcck probieren. Es gibt auch eine professionelle Kaffeemaschine im Zimmer. Es gibt auch einen Raum, in dem Sie Brettspiele oder ein Konsolenspiel mit Freunden oder der Familie spielen k\u00f6nnen &#8211; Relax Room.<\/p>\n<p>Beim Betreten des Geb\u00e4udes ist es unm\u00f6glich, die h\u00f6lzernen, breiten und massiven Treppen zu \u00fcbersehen. Genau wie das gesamte Mietshaus &#8211; sie sind ein Denkmal. Obwohl es im Geb\u00e4ude einen Aufzug gibt, lohnt es sich zu pr\u00fcfen, wie man die fast 100 Jahre alte Treppe hinaufgeht!<\/p>\n<p>Die Anlage verf\u00fcgt \u00fcber eine Rezeption, wir haben uns aber auch auf die M\u00f6glichkeit des Self-Check-in konzentriert. Wenn Sie diese M\u00f6glichkeit nutzen m\u00f6chten, erhalten Sie von uns einen Code zum Haupteingang, eine Zimmerkarte liegt in einem kleinen schwarzen Dispatcher bereit. Du nimmst es und gehst in dein Zimmer.<\/p>\n<p>&nbsp;<\/p>\n<h2><strong>Eine Einrichtung im Zentrum von Gdynia &#8211; warum lohnt es sich, uns zu besuchen?<\/strong><\/h2>\n<p>&nbsp;<\/p>\n<p>Obwohl unsere Hotelanlage Hola Gdynia seit September 2022 in Betrieb ist. Wir haben bereits <strong>viele positive R\u00fcckmeldungen<\/strong> von unseren G\u00e4sten gesammelt! Wof\u00fcr werden wir gelobt?<\/p>\n<ul>\n<li>Lage &#8211; im <strong>Zentrum von Gdynia<\/strong>, einer der Hauptstra\u00dfen der Stadt. Den Hafen und den Strand erreichen Sie zu Fu\u00df in 10 Minuten. Der Bahnhof Gdynia G\u0142\u00f3wna ist nur 750 m entfernt!<\/li>\n<li>Klimatisierte Zimmer, gem\u00fctlich und ohne Pomp.<\/li>\n<li>Gut ausgestattete Zimmer: Tee- und Kaffeekocher, Haartrockner und ein B\u00fcgelbrett sind ebenfalls auf dem Flur verf\u00fcgbar.<\/li>\n<li><strong>Bequeme Betten:<\/strong> Matratzen von guter Qualit\u00e4t und eine zus\u00e4tzliche Matratzenauflage, dank der wir das Problem eines Lochs zwischen den Fugen der Betten beseitigt haben.<\/li>\n<li><strong>Leckeres Fr\u00fchst\u00fcck zubereitet von Wiktoria!<\/strong> Probieren Sie unbedingt das Omelett!<\/li>\n<li>Relax Room &#8211; <strong>unser Ruheraum:<\/strong> gem\u00fctliche Sofas, viele Gesellschaftsspiele und zwei Spielkonsolen. Es gibt auch eine Kaffeemaschine im Zimmer!<\/li>\n<li>Eine <strong>tolle Basis.<\/strong> In wenigen Gehminuten erreichen Sie den Kosciuszko-Platz und den Hafen (Okret ORP &#8222;B\u0142yskawica&#8220;, Schiff &#8222;Dar M\u0142odych&#8220; und das Gdynia MIR Aquarium). Wir sind auch in der N\u00e4he des Musical Theaters. Danuta Baduszkowa und zum Aussichtspunkt &#8211; Kamienna G\u00f3ra.<\/li>\n<li>Wir sind eine tierfreundliche Einrichtung! <strong>Ihre Haustiere schlafen bei uns kostenlos!<\/strong><\/li>\n<li>Die Atmosph\u00e4re ist unverwechselbar! <strong>Hilfsbereites, nettes und freundliches Personal<\/strong> &#8211; das wird bei uns zur Legende!<\/li>\n<\/ul>\n<p>[\/vc_column_text][\/vc_column][\/vc_row][vc_row][vc_column css=&#8220;.vc_custom_1554820984708{padding-top: 0px !important;padding-right: 0px !important;padding-left: 0px !important;}&#8220;][vc_column_text][\/vc_column_text][vc_empty_space height=&#8220;62px&#8220;]\n\t\t\t\t<p class=\"rs-p-wp-fix\"><\/p>\n\t\t\t\t<sr7-module data-alias=\"content_slider\" data-id=\"1\" id=\"SR7_1_1\" class=\"rs-ov-hidden\" data-version=\"6.7.23\">\n\t\t\t\t\t<sr7-adjuster><\/sr7-adjuster>\n\t\t\t\t\t<sr7-content>\n\t\t\t\t\t\t<sr7-slide id=\"SR7_1_1-1\" data-key=\"1\">\n\t\t\t\t\t\t\t<sr7-bg id=\"SR7_1_1-1-2\" class=\"sr7-layer\"><noscript><img decoding=\"async\" src=\"https:\/\/hola.gdynia.pl\/wp-content\/uploads\/2023\/02\/Molo-Poludniowe-Skwer-Kosciuszki-centrum-hotel-gdynia.jpg\" alt=\"Molo Po\u0142udniowe Atrakcje Gdynia\" title=\"\"><\/noscript><\/sr7-bg>\n\t\t\t\t\t\t<\/sr7-slide>\n\t\t\t\t\t\t<sr7-slide id=\"SR7_1_1-22\" data-key=\"22\">\n\t\t\t\t\t\t<\/sr7-slide>\n\t\t\t\t\t<\/sr7-content>\n\t\t\t\t\t<image_lists style=\"display:none\">\n\t\t\t\t\t\t<img data-src=\"\/\/hola.gdynia.pl\/wp-content\/uploads\/2023\/02\/Molo-Poludniowe-Skwer-Kosciuszki-centrum-hotel-gdynia.jpg\" width=\"0\" height=\"0\" data-dbsrc=\"Ly9ob2xhLmdkeW5pYS5wbC93cC1jb250ZW50L3VwbG9hZHMvMjAyMy8wMi9Nb2xvLVBvbHVkbmlvd2UtU2t3ZXItS29zY2l1c3praS1jZW50cnVtLWhvdGVsLWdkeW5pYS5qcGc=\"\/>\n\t\t\t\t\t<\/image_lists>\n\t\t\t\t<\/sr7-module>\n\t\t\t\t<script>\n\t\t\t\t\tSR7.PMH ??={}; SR7.PMH[\"SR7_1_1\"] = {cn:100,state:false,fn: function() { if (_tpt!==undefined && _tpt.prepareModuleHeight !== undefined) {  _tpt.prepareModuleHeight({id:\"SR7_1_1\",el:[520,520,450,350,250],type:'hero',shdw:'0',gh:[520,520,450,350,250],gw:[1240,1240,1024,778,480],vpt:['-200px&#039;,&#039;-200px&#039;,&#039;-200px&#039;,&#039;-200px&#039;,&#039;-200px'],size:{fullWidth:false, fullHeight:false},mh:'0',onh:0,onw:0,bg:{color:'{\"type\":\"solid\",\"orig\":\"#0e121d\",\"string\":\"rgba(14, 18, 29, 1)\"}'},plType:'2',plColor:'#FFFFFF'});   SR7.PMH[\"SR7_1_1\"].state=true;} else if(SR7.PMH[\"SR7_1_1\"].cn-->0)\tsetTimeout( SR7.PMH[\"SR7_1_1\"].fn,19);}};SR7.PMH[\"SR7_1_1\" ].fn();\n\t\t\t\t<\/script>\n[\/vc_column][\/vc_row][vc_row][vc_column][\/vc_column][\/vc_row]<\/p>\n<\/div>","protected":false},"excerpt":{"rendered":"<p>[vc_row content_placement=&#8220;middle&#8220; wrap_container=&#8220;true&#8220; el_id=&#8220;everything-right-section&#8220;][vc_column width=&#8220;1\/3&#8243; offset=&#8220;vc_col-xs-12&#8243;][vc_column_text css=&#8220;.vc_custom_1676304116068{margin-bottom: 50px !important;}&#8220;] HOLA GDYNIA. freundlich Gastfreundschaft. [\/vc_column_text][vc_column_text css=&#8220;.vc_custom_1677146405807{margin-bottom: 0px !important;}&#8220;] Im Zentrum von Gdynia, in der N\u00e4he des Hafens und des Strandes, wurde in einem historischen modernistischen Mietshaus eine intime Hotelanlage Hola Gdynia gebaut. Wir haben diesen Ort nicht zuf\u00e4llig ausgew\u00e4hlt. Hier war mehrere Jahrzehnte lang eines der [&hellip;]<\/p>\n","protected":false},"author":1,"featured_media":2399,"parent":0,"menu_order":0,"comment_status":"closed","ping_status":"closed","template":"","meta":{"inline_featured_image":false,"footnotes":""},"class_list":["post-2902","page","type-page","status-publish","has-post-thumbnail","hentry"],"yoast_head":"<!-- This site is optimized with the Yoast SEO Premium plugin v24.4 (Yoast SEO v27.5) - https:\/\/yoast.com\/product\/yoast-seo-premium-wordpress\/ -->\n<title>\u00dcber uns - Zatrzymaj si\u0119 w klimatycznym hotelu w centrum Gdyni<\/title>\n<meta name=\"description\" content=\"Erfahren Sie mehr \u00fcber Hola Gdynia Entdecken Sie unsere Philosophie, Gastfreundschaft und das besondere Ambiente unseres Hauses\" \/>\n<meta name=\"robots\" content=\"index, follow, max-snippet:-1, max-image-preview:large, max-video-preview:-1\" \/>\n<link rel=\"canonical\" href=\"https:\/\/hola.gdynia.pl\/de\/ueber-uns\/\" \/>\n<meta property=\"og:locale\" content=\"de_DE\" \/>\n<meta property=\"og:type\" content=\"article\" \/>\n<meta property=\"og:title\" content=\"\u00dcber uns\" \/>\n<meta property=\"og:description\" content=\"Erfahren Sie mehr \u00fcber Hola Gdynia Entdecken Sie unsere Philosophie, Gastfreundschaft und das besondere Ambiente unseres Hauses\" \/>\n<meta property=\"og:url\" content=\"https:\/\/hola.gdynia.pl\/de\/ueber-uns\/\" \/>\n<meta property=\"og:site_name\" content=\"Zatrzymaj si\u0119 w klimatycznym hotelu w centrum Gdyni\" \/>\n<meta property=\"article:publisher\" content=\"https:\/\/www.facebook.com\/holagdynia\" \/>\n<meta property=\"article:modified_time\" content=\"2025-02-26T15:18:39+00:00\" \/>\n<meta property=\"og:image\" content=\"https:\/\/hola.gdynia.pl\/wp-content\/uploads\/2023\/02\/Hola-Gdynia-Hotel-Recepcja-centrum.jpg\" \/>\n\t<meta property=\"og:image:width\" content=\"1800\" \/>\n\t<meta property=\"og:image:height\" content=\"2400\" \/>\n\t<meta property=\"og:image:type\" content=\"image\/jpeg\" \/>\n<meta name=\"twitter:card\" content=\"summary_large_image\" \/>\n<meta name=\"twitter:label1\" content=\"Gesch\u00e4tzte Lesezeit\" \/>\n\t<meta name=\"twitter:data1\" content=\"4\u00a0Minuten\" \/>\n<script type=\"application\/ld+json\" class=\"yoast-schema-graph\">{\"@context\":\"https:\\\/\\\/schema.org\",\"@graph\":[{\"@type\":\"WebPage\",\"@id\":\"https:\\\/\\\/hola.gdynia.pl\\\/de\\\/ueber-uns\\\/\",\"url\":\"https:\\\/\\\/hola.gdynia.pl\\\/de\\\/ueber-uns\\\/\",\"name\":\"\u00dcber uns - Zatrzymaj si\u0119 w klimatycznym hotelu w centrum Gdyni\",\"isPartOf\":{\"@id\":\"https:\\\/\\\/hola.gdynia.pl\\\/de\\\/#website\"},\"primaryImageOfPage\":{\"@id\":\"https:\\\/\\\/hola.gdynia.pl\\\/de\\\/ueber-uns\\\/#primaryimage\"},\"image\":{\"@id\":\"https:\\\/\\\/hola.gdynia.pl\\\/de\\\/ueber-uns\\\/#primaryimage\"},\"thumbnailUrl\":\"https:\\\/\\\/hola.gdynia.pl\\\/wp-content\\\/uploads\\\/2023\\\/02\\\/Hola-Gdynia-Hotel-Recepcja-centrum.jpg\",\"datePublished\":\"2023-01-08T09:38:39+00:00\",\"dateModified\":\"2025-02-26T15:18:39+00:00\",\"description\":\"Erfahren Sie mehr \u00fcber Hola Gdynia Entdecken Sie unsere Philosophie, Gastfreundschaft und das besondere Ambiente unseres Hauses\",\"breadcrumb\":{\"@id\":\"https:\\\/\\\/hola.gdynia.pl\\\/de\\\/ueber-uns\\\/#breadcrumb\"},\"inLanguage\":\"de\",\"potentialAction\":[{\"@type\":\"ReadAction\",\"target\":[\"https:\\\/\\\/hola.gdynia.pl\\\/de\\\/ueber-uns\\\/\"]}]},{\"@type\":\"ImageObject\",\"inLanguage\":\"de\",\"@id\":\"https:\\\/\\\/hola.gdynia.pl\\\/de\\\/ueber-uns\\\/#primaryimage\",\"url\":\"https:\\\/\\\/hola.gdynia.pl\\\/wp-content\\\/uploads\\\/2023\\\/02\\\/Hola-Gdynia-Hotel-Recepcja-centrum.jpg\",\"contentUrl\":\"https:\\\/\\\/hola.gdynia.pl\\\/wp-content\\\/uploads\\\/2023\\\/02\\\/Hola-Gdynia-Hotel-Recepcja-centrum.jpg\",\"width\":1800,\"height\":2400},{\"@type\":\"BreadcrumbList\",\"@id\":\"https:\\\/\\\/hola.gdynia.pl\\\/de\\\/ueber-uns\\\/#breadcrumb\",\"itemListElement\":[{\"@type\":\"ListItem\",\"position\":1,\"name\":\"Home\",\"item\":\"https:\\\/\\\/hola.gdynia.pl\\\/de\\\/\"},{\"@type\":\"ListItem\",\"position\":2,\"name\":\"\u00dcber uns\"}]},{\"@type\":\"WebSite\",\"@id\":\"https:\\\/\\\/hola.gdynia.pl\\\/de\\\/#website\",\"url\":\"https:\\\/\\\/hola.gdynia.pl\\\/de\\\/\",\"name\":\"Zatrzymaj si\u0119 w klimatycznym hotelu w centrum Gdyni\",\"description\":\"Szukasz noclegu w Gdyni? Wybierz nasz nowo otwarty obiekt hotelowy po\u0142o\u017cony blisko morza: 42 pokoje, otwarty dost\u0119p do kuchni, winda, bezp\u0142atny parking!\",\"publisher\":{\"@id\":\"https:\\\/\\\/hola.gdynia.pl\\\/de\\\/#organization\"},\"potentialAction\":[{\"@type\":\"SearchAction\",\"target\":{\"@type\":\"EntryPoint\",\"urlTemplate\":\"https:\\\/\\\/hola.gdynia.pl\\\/de\\\/?s={search_term_string}\"},\"query-input\":{\"@type\":\"PropertyValueSpecification\",\"valueRequired\":true,\"valueName\":\"search_term_string\"}}],\"inLanguage\":\"de\"},{\"@type\":\"Organization\",\"@id\":\"https:\\\/\\\/hola.gdynia.pl\\\/de\\\/#organization\",\"name\":\"Zatrzymaj si\u0119 w klimatycznym hotelu w centrum Gdyni\",\"url\":\"https:\\\/\\\/hola.gdynia.pl\\\/de\\\/\",\"logo\":{\"@type\":\"ImageObject\",\"inLanguage\":\"de\",\"@id\":\"https:\\\/\\\/hola.gdynia.pl\\\/de\\\/#\\\/schema\\\/logo\\\/image\\\/\",\"url\":\"https:\\\/\\\/hola.gdynia.pl\\\/wp-content\\\/uploads\\\/2023\\\/02\\\/logoHOLA.svg\",\"contentUrl\":\"https:\\\/\\\/hola.gdynia.pl\\\/wp-content\\\/uploads\\\/2023\\\/02\\\/logoHOLA.svg\",\"width\":200,\"height\":66,\"caption\":\"Zatrzymaj si\u0119 w klimatycznym hotelu w centrum Gdyni\"},\"image\":{\"@id\":\"https:\\\/\\\/hola.gdynia.pl\\\/de\\\/#\\\/schema\\\/logo\\\/image\\\/\"},\"sameAs\":[\"https:\\\/\\\/www.facebook.com\\\/holagdynia\"]}]}<\/script>\n<!-- \/ Yoast SEO Premium plugin. -->","yoast_head_json":{"title":"\u00dcber uns - Zatrzymaj si\u0119 w klimatycznym hotelu w centrum Gdyni","description":"Erfahren Sie mehr \u00fcber Hola Gdynia Entdecken Sie unsere Philosophie, Gastfreundschaft und das besondere Ambiente unseres Hauses","robots":{"index":"index","follow":"follow","max-snippet":"max-snippet:-1","max-image-preview":"max-image-preview:large","max-video-preview":"max-video-preview:-1"},"canonical":"https:\/\/hola.gdynia.pl\/de\/ueber-uns\/","og_locale":"de_DE","og_type":"article","og_title":"\u00dcber uns","og_description":"Erfahren Sie mehr \u00fcber Hola Gdynia Entdecken Sie unsere Philosophie, Gastfreundschaft und das besondere Ambiente unseres Hauses","og_url":"https:\/\/hola.gdynia.pl\/de\/ueber-uns\/","og_site_name":"Zatrzymaj si\u0119 w klimatycznym hotelu w centrum Gdyni","article_publisher":"https:\/\/www.facebook.com\/holagdynia","article_modified_time":"2025-02-26T15:18:39+00:00","og_image":[{"width":1800,"height":2400,"url":"https:\/\/hola.gdynia.pl\/wp-content\/uploads\/2023\/02\/Hola-Gdynia-Hotel-Recepcja-centrum.jpg","type":"image\/jpeg"}],"twitter_card":"summary_large_image","twitter_misc":{"Gesch\u00e4tzte Lesezeit":"4\u00a0Minuten"},"schema":{"@context":"https:\/\/schema.org","@graph":[{"@type":"WebPage","@id":"https:\/\/hola.gdynia.pl\/de\/ueber-uns\/","url":"https:\/\/hola.gdynia.pl\/de\/ueber-uns\/","name":"\u00dcber uns - Zatrzymaj si\u0119 w klimatycznym hotelu w centrum Gdyni","isPartOf":{"@id":"https:\/\/hola.gdynia.pl\/de\/#website"},"primaryImageOfPage":{"@id":"https:\/\/hola.gdynia.pl\/de\/ueber-uns\/#primaryimage"},"image":{"@id":"https:\/\/hola.gdynia.pl\/de\/ueber-uns\/#primaryimage"},"thumbnailUrl":"https:\/\/hola.gdynia.pl\/wp-content\/uploads\/2023\/02\/Hola-Gdynia-Hotel-Recepcja-centrum.jpg","datePublished":"2023-01-08T09:38:39+00:00","dateModified":"2025-02-26T15:18:39+00:00","description":"Erfahren Sie mehr \u00fcber Hola Gdynia Entdecken Sie unsere Philosophie, Gastfreundschaft und das besondere Ambiente unseres Hauses","breadcrumb":{"@id":"https:\/\/hola.gdynia.pl\/de\/ueber-uns\/#breadcrumb"},"inLanguage":"de","potentialAction":[{"@type":"ReadAction","target":["https:\/\/hola.gdynia.pl\/de\/ueber-uns\/"]}]},{"@type":"ImageObject","inLanguage":"de","@id":"https:\/\/hola.gdynia.pl\/de\/ueber-uns\/#primaryimage","url":"https:\/\/hola.gdynia.pl\/wp-content\/uploads\/2023\/02\/Hola-Gdynia-Hotel-Recepcja-centrum.jpg","contentUrl":"https:\/\/hola.gdynia.pl\/wp-content\/uploads\/2023\/02\/Hola-Gdynia-Hotel-Recepcja-centrum.jpg","width":1800,"height":2400},{"@type":"BreadcrumbList","@id":"https:\/\/hola.gdynia.pl\/de\/ueber-uns\/#breadcrumb","itemListElement":[{"@type":"ListItem","position":1,"name":"Home","item":"https:\/\/hola.gdynia.pl\/de\/"},{"@type":"ListItem","position":2,"name":"\u00dcber uns"}]},{"@type":"WebSite","@id":"https:\/\/hola.gdynia.pl\/de\/#website","url":"https:\/\/hola.gdynia.pl\/de\/","name":"Zatrzymaj si\u0119 w klimatycznym hotelu w centrum Gdyni","description":"Szukasz noclegu w Gdyni? Wybierz nasz nowo otwarty obiekt hotelowy po\u0142o\u017cony blisko morza: 42 pokoje, otwarty dost\u0119p do kuchni, winda, bezp\u0142atny parking!","publisher":{"@id":"https:\/\/hola.gdynia.pl\/de\/#organization"},"potentialAction":[{"@type":"SearchAction","target":{"@type":"EntryPoint","urlTemplate":"https:\/\/hola.gdynia.pl\/de\/?s={search_term_string}"},"query-input":{"@type":"PropertyValueSpecification","valueRequired":true,"valueName":"search_term_string"}}],"inLanguage":"de"},{"@type":"Organization","@id":"https:\/\/hola.gdynia.pl\/de\/#organization","name":"Zatrzymaj si\u0119 w klimatycznym hotelu w centrum Gdyni","url":"https:\/\/hola.gdynia.pl\/de\/","logo":{"@type":"ImageObject","inLanguage":"de","@id":"https:\/\/hola.gdynia.pl\/de\/#\/schema\/logo\/image\/","url":"https:\/\/hola.gdynia.pl\/wp-content\/uploads\/2023\/02\/logoHOLA.svg","contentUrl":"https:\/\/hola.gdynia.pl\/wp-content\/uploads\/2023\/02\/logoHOLA.svg","width":200,"height":66,"caption":"Zatrzymaj si\u0119 w klimatycznym hotelu w centrum Gdyni"},"image":{"@id":"https:\/\/hola.gdynia.pl\/de\/#\/schema\/logo\/image\/"},"sameAs":["https:\/\/www.facebook.com\/holagdynia"]}]}},"_links":{"self":[{"href":"https:\/\/hola.gdynia.pl\/de\/wp-json\/wp\/v2\/pages\/2902","targetHints":{"allow":["GET"]}}],"collection":[{"href":"https:\/\/hola.gdynia.pl\/de\/wp-json\/wp\/v2\/pages"}],"about":[{"href":"https:\/\/hola.gdynia.pl\/de\/wp-json\/wp\/v2\/types\/page"}],"author":[{"embeddable":true,"href":"https:\/\/hola.gdynia.pl\/de\/wp-json\/wp\/v2\/users\/1"}],"replies":[{"embeddable":true,"href":"https:\/\/hola.gdynia.pl\/de\/wp-json\/wp\/v2\/comments?post=2902"}],"version-history":[{"count":0,"href":"https:\/\/hola.gdynia.pl\/de\/wp-json\/wp\/v2\/pages\/2902\/revisions"}],"wp:featuredmedia":[{"embeddable":true,"href":"https:\/\/hola.gdynia.pl\/de\/wp-json\/wp\/v2\/media\/2399"}],"wp:attachment":[{"href":"https:\/\/hola.gdynia.pl\/de\/wp-json\/wp\/v2\/media?parent=2902"}],"curies":[{"name":"wp","href":"https:\/\/api.w.org\/{rel}","templated":true}]}}