{"id":2892,"date":"2023-02-15T19:07:59","date_gmt":"2023-02-15T18:07:59","guid":{"rendered":"https:\/\/hola.gdynia.pl\/geschichte-des-ortes-hotel-centralny\/"},"modified":"2025-02-26T16:17:41","modified_gmt":"2025-02-26T15:17:41","slug":"geschichte-des-ortes-hotel-centralny","status":"publish","type":"page","link":"https:\/\/hola.gdynia.pl\/de\/geschichte-des-ortes-hotel-centralny\/","title":{"rendered":"Geschichte des Ortes"},"content":{"rendered":"<div class=\"wpb-content-wrapper\"><p>[vc_row content_placement=&#8220;middle&#8220; wrap_container=&#8220;true&#8220; el_id=&#8220;everything-right-section&#8220;][vc_column width=&#8220;1\/3&#8243; offset=&#8220;vc_col-xs-12&#8243;][vc_column_text css=&#8220;.vc_custom_1676484202425{margin-bottom: 50px !important;}&#8220;]<\/p>\n<h2 style=\"font-size: 30px; line-height: 35px; text-transform: uppercase; color: #405272;\">Hotel in der<br \/>\n<span style=\"color: #dcb5be;\"> Starowiejska Stra\u00dfe<\/span><\/h2>\n<p>[\/vc_column_text][vc_column_text css=&#8220;.vc_custom_1677144948495{margin-bottom: 0px !important;}&#8220;]<\/p>\n<h3>Wenn man \u00fcber die Geschichte von Gdynia schreibt, ist es unm\u00f6glich, die &#8222;erste&#8220; Stra\u00dfe der Stadt nicht zu erw\u00e4hnen, n\u00e4mlich die Starowiejska Stra\u00dfe.<br \/>\nHier, in der Nummer eins, wurde 1928 das Central Hotel gebaut. Heute empf\u00e4ngt das fast 100 Jahre alte Geb\u00e4ude immer noch Reisende.<\/h3>\n<p>[\/vc_column_text][\/vc_column][vc_column width=&#8220;2\/3&#8243; offset=&#8220;vc_col-lg-offset-1 vc_col-lg-7 vc_col-md-offset-0 vc_col-md-8 vc_col-sm-offset-0 vc_col-xs-12&#8243; css=&#8220;.vc_custom_1554818202251{padding-right: 8px !important;padding-left: 8px !important;}&#8220;][vc_single_image image=&#8220;2392&#8243; img_size=&#8220;full&#8220; alignment=&#8220;center&#8220; css=&#8220;&#8220;][\/vc_column][\/vc_row][vc_row wrap_container=&#8220;true&#8220; css=&#8220;.vc_custom_1554910778831{margin-top: 45px !important;}&#8220; el_id=&#8220;everything-right-bottom-section&#8220;][vc_column][vc_column_text css=&#8220;.vc_custom_1677145013539{margin-bottom: 0px !important;}&#8220;]<\/p>\n<h2><strong>Das kurvenreiche Schicksal der Starowiejska Stra\u00dfe<\/strong><\/h2>\n<p>Urspr\u00fcnglich war sie die Hauptstra\u00dfe des Dorfes Gdynia und hie\u00df Wiejska Stra\u00dfe. Als das Gebiet 1920 im Rahmen des Versailler Vertrages nach Polen eingemeindet wurde, hatte Gdynia 1229 Einwohner. Das ganze Leben konzentrierte sich auf die Wiejska Stra\u00dfe &#8211; die Stra\u00dfe f\u00fchrte von Haus zu Haus, und die Erbauer der ersten Umgehungsstra\u00dfen dachten nicht daran, die Form der Hauptstra\u00dfe zu regulieren. Das sollte sich jedoch \u00e4ndern. Im Jahr 1925 beschlossen die Stadtbeh\u00f6rden von Gdynia, ein kommunales System einzuf\u00fchren.<\/p>\n<p>Im Jahr 1927 beschloss der Stadtrat von Gdynia, den Namen der Stra\u00dfe von Wiejska in Starowiejska zu \u00e4ndern. Und bereits 1928 beschloss der Magistrat, sie zu begradigen. Dazu mussten Grundst\u00fccke aufgekauft und alte H\u00fctten abgerissen werden.<\/p>\n<p>Der Magistrat begr\u00fcndete seine Entscheidung f\u00fcr die Investition mit folgenden Worten: <em>&#8222;Der Magistrat h\u00e4lt es seinerseits f\u00fcr notwendig, die Starowiejska Stra\u00dfe schnell zu regulieren. Aufgrund des zu erwartenden starken Verkehrsaufkommens in dieser Stra\u00dfe in der n\u00e4chsten Bausaison sollte sie so schnell wie m\u00f6glich umgebaut werden. Wir m\u00f6chten darauf hinweisen, dass die derzeitige Stra\u00dfe an einigen Stellen nur 5 Meter breit ist.&#8220;<br \/>\n<\/em>Die Stra\u00dfe sollte gepflastert werden und eine Breite von 10 Metern erhalten, mit B\u00fcrgersteigen von je 4 Metern auf beiden Seiten. Wie Sie sich denken k\u00f6nnen, war dies kein einfacher Prozess, denn nicht alle Eigent\u00fcmer waren bereit, ihr Land zu verkaufen.<\/p>\n<p>In dieser Zeit des Wandels wurde in der Starowiejska Stra\u00dfe ein elegantes Mietshaus von Augustyn J\u00f3zef Skwiercz, einem Kaufmann und Stadtrat, gebaut.[\/vc_column_text][vc_empty_space][vc_column_text css=&#8220;.vc_custom_1680528002778{margin-bottom: 0px !important;}&#8220;]<\/p>\n<h2><strong>Das Central Hotel in Gdynia<\/strong><\/h2>\n<p>Das imposante Geb\u00e4ude stand an der Stelle eines alten Gasthauses, in dem 1922 die erste Auff\u00fchrung des Nationaltheaters aus Toru\u0144, &#8222;Die Verteidigung von Cz\u0119stochowa&#8220;, in Gdynia aufgef\u00fchrt wurde. Die Einnahmen aus dem Verkauf von Eintrittskarten f\u00fcr das St\u00fcck von El\u017cbieta Bosniacka wurden dem Polnischen Roten Kreuz gespendet. Die Halle war voll mit Zuschauern, obwohl die Eintrittspreise recht hoch waren. Die ersten Pl\u00e4tze kosten jeweils 700 Mark. Die Halle war voll mit Zuschauern, obwohl die Eintrittspreise recht hoch waren.<br \/>\nEin Jahr sp\u00e4ter beherbergte das Gasthaus wiederum den Pr\u00e4sidenten der Republik Polen, Stanis\u0142aw Wojciechowski. Und obwohl das Gasthaus ein fester Bestandteil des damaligen Alltagslebens in Gdynia wurde, beschloss man, es abzurei\u00dfen.<\/p>\n<p>An seiner Stelle wurde ein von Jan Stefanowicz entworfenes Mietshaus errichtet. Der Architekt entwarf auch das Geb\u00e4ude des St. Vincent a Paulo Krankenhauses, das sich in der Nachbarschaft befindet. Der urspr\u00fcngliche Entwurf sah vor, dass das Mietshaus in der Starowiejska-Stra\u00dfe eine Ecke bilden und doppelt so gro\u00df sein sollte. Im Jahr 1928 wurde ein stilvolles Geb\u00e4ude gebaut und unter dem Namen <strong>Hotel Centralny<\/strong> in Betrieb genommen.<\/p>\n<p>Das Central Hotel wurde beworben als <em>&#8222;ein erstklassiges Haus, dessen Zimmer st\u00e4ndig mit Warmwasser und Zentralheizung versorgt werden. Im Erdgeschoss befinden sich ein Restaurant und eine Weinstube, ein gro\u00dfer Saal, der als Ballsaal oder Theater genutzt wird, und ein Garten mit Tischen f\u00fcr die G\u00e4ste, die unter einem Sonnenschirm oder einem h\u00f6lzernen Baldachin versteckt sind&#8220;.<\/em>.*<br \/>\nDas Geb\u00e4ude wurde f\u00fcr Theaterauff\u00fchrungen und Tanzpartys und sogar f\u00fcr Sitzungen der lokalen Regierung genutzt.<\/p>\n<p>W\u00e4hrend des Krieges benannten die Deutschen das Geb\u00e4ude in Central-Hotel Gotenhafen um. Und obwohl der Hotelbetrieb nach dem Zweiten Weltkrieg wieder aufgenommen wurde, zogen zus\u00e4tzlich das belgische und das schwedische Konsulat in das Geb\u00e4ude ein. Im Jahr 1950 wurde das Geb\u00e4ude vom Staat \u00fcbernommen und 1960 verstaatlicht und der Familie Skwiercz entzogen. Der Name des Hotels wurde in Bristol ge\u00e4ndert. Mit der neuen Regierung verlor das Hotel jedoch seine Bedeutung. Auch eine Bar und ein Restaurant wurden dort betrieben. 1989 erwarben die rechtm\u00e4\u00dfigen Eigent\u00fcmer das Geb\u00e4ude zur\u00fcck. Der Name des Hotels wurde in The Lark ge\u00e4ndert. Sp\u00e4ter wurden die Hotelzimmer zu B\u00fcros f\u00fcr verschiedene Unternehmen. Bis 2017 wurde in dem Geb\u00e4ude eine &#8218;black&amp;white&#8216; Bar betrieben.<\/p>\n<p>In diesem Jahr wurde das Stadthaus von der Familie Skwiercz gekauft, um es in seinem alten Glanz wiederherzustellen. Es wurde eine allgemeine Renovierung durchgef\u00fchrt. Die pr\u00e4chtige Holztreppe wurde restauriert. Ein Aufzugsschacht wurde hinzugef\u00fcgt. All dies nat\u00fcrlich unter Aufsicht des Denkmalpflegers, da das Starowiejska Mietshaus im Register der historischen Denkm\u00e4ler eingetragen ist. Im Hotelteil, der sich \u00fcber vier Etagen erstreckt, gibt es 42 Zimmer, im Erdgeschoss befinden sich die Kneipe Nummer 1 und eine in der Dreistadt sehr beliebte <a href=\"https:\/\/pierogarnia-mandu.pl\/\">Pierogarnia Mandu<\/a>.<\/p>\n<p>Wie werden die weiteren Seiten der Geschichte des Mietshauses geschrieben? Das h\u00e4ngt nicht nur von uns ab, sondern auch von den G\u00e4sten, die Hola Gdynia jeden Tag besuchen!<br \/>\nDenken Sie daran, dass sich an diesem au\u00dfergew\u00f6hnlichen Ort die Geschichte mit Ihrem t\u00e4glichen Leben vermischt!<\/p>\n<p>&nbsp;<\/p>\n<p><em>*Quelle Arkadiusz Brz\u0119czek &#8222;Sekrety kamienic gdy\u0144skich&#8220;.<\/em>[\/vc_column_text][\/vc_column][\/vc_row][vc_row][vc_column css=&#8220;.vc_custom_1554820984708{padding-top: 0px !important;padding-right: 0px !important;padding-left: 0px !important;}&#8220;][vc_empty_space height=&#8220;62px&#8220;]\n\t\t\t\t<p class=\"rs-p-wp-fix\"><\/p>\n\t\t\t\t<sr7-module data-alias=\"content_slider\" data-id=\"1\" id=\"SR7_1_1\" class=\"rs-ov-hidden\" data-version=\"6.7.23\">\n\t\t\t\t\t<sr7-adjuster><\/sr7-adjuster>\n\t\t\t\t\t<sr7-content>\n\t\t\t\t\t\t<sr7-slide id=\"SR7_1_1-1\" data-key=\"1\">\n\t\t\t\t\t\t\t<sr7-bg id=\"SR7_1_1-1-2\" class=\"sr7-layer\"><noscript><img decoding=\"async\" src=\"https:\/\/hola.gdynia.pl\/wp-content\/uploads\/2023\/02\/Molo-Poludniowe-Skwer-Kosciuszki-centrum-hotel-gdynia.jpg\" alt=\"Molo Po\u0142udniowe Atrakcje Gdynia\" title=\"\"><\/noscript><\/sr7-bg>\n\t\t\t\t\t\t<\/sr7-slide>\n\t\t\t\t\t\t<sr7-slide id=\"SR7_1_1-22\" data-key=\"22\">\n\t\t\t\t\t\t<\/sr7-slide>\n\t\t\t\t\t<\/sr7-content>\n\t\t\t\t\t<image_lists style=\"display:none\">\n\t\t\t\t\t\t<img data-src=\"\/\/hola.gdynia.pl\/wp-content\/uploads\/2023\/02\/Molo-Poludniowe-Skwer-Kosciuszki-centrum-hotel-gdynia.jpg\" width=\"0\" height=\"0\" data-dbsrc=\"Ly9ob2xhLmdkeW5pYS5wbC93cC1jb250ZW50L3VwbG9hZHMvMjAyMy8wMi9Nb2xvLVBvbHVkbmlvd2UtU2t3ZXItS29zY2l1c3praS1jZW50cnVtLWhvdGVsLWdkeW5pYS5qcGc=\"\/>\n\t\t\t\t\t<\/image_lists>\n\t\t\t\t<\/sr7-module>\n\t\t\t\t<script>\n\t\t\t\t\tSR7.PMH ??={}; SR7.PMH[\"SR7_1_1\"] = {cn:100,state:false,fn: function() { if (_tpt!==undefined && _tpt.prepareModuleHeight !== undefined) {  _tpt.prepareModuleHeight({id:\"SR7_1_1\",el:[520,520,450,350,250],type:'hero',shdw:'0',gh:[520,520,450,350,250],gw:[1240,1240,1024,778,480],vpt:['-200px&#039;,&#039;-200px&#039;,&#039;-200px&#039;,&#039;-200px&#039;,&#039;-200px'],size:{fullWidth:false, fullHeight:false},mh:'0',onh:0,onw:0,bg:{color:'{\"type\":\"solid\",\"orig\":\"#0e121d\",\"string\":\"rgba(14, 18, 29, 1)\"}'},plType:'2',plColor:'#FFFFFF'});   SR7.PMH[\"SR7_1_1\"].state=true;} else if(SR7.PMH[\"SR7_1_1\"].cn-->0)\tsetTimeout( SR7.PMH[\"SR7_1_1\"].fn,19);}};SR7.PMH[\"SR7_1_1\" ].fn();\n\t\t\t\t<\/script>\n[\/vc_column][\/vc_row][vc_row][vc_column][vc_column_text][\/vc_column_text][\/vc_column][\/vc_row][vc_row][vc_column][\/vc_column][\/vc_row]<\/p>\n<\/div>","protected":false},"excerpt":{"rendered":"<p>[vc_row content_placement=&#8220;middle&#8220; wrap_container=&#8220;true&#8220; el_id=&#8220;everything-right-section&#8220;][vc_column width=&#8220;1\/3&#8243; offset=&#8220;vc_col-xs-12&#8243;][vc_column_text css=&#8220;.vc_custom_1676484202425{margin-bottom: 50px !important;}&#8220;] Hotel in der Starowiejska Stra\u00dfe [\/vc_column_text][vc_column_text css=&#8220;.vc_custom_1677144948495{margin-bottom: 0px !important;}&#8220;] Wenn man \u00fcber die Geschichte von Gdynia schreibt, ist es unm\u00f6glich, die &#8222;erste&#8220; Stra\u00dfe der Stadt nicht zu erw\u00e4hnen, n\u00e4mlich die Starowiejska Stra\u00dfe. Hier, in der Nummer eins, wurde 1928 das Central Hotel gebaut. Heute empf\u00e4ngt das [&hellip;]<\/p>\n","protected":false},"author":1,"featured_media":2392,"parent":0,"menu_order":0,"comment_status":"closed","ping_status":"closed","template":"","meta":{"inline_featured_image":false,"footnotes":""},"class_list":["post-2892","page","type-page","status-publish","has-post-thumbnail","hentry"],"yoast_head":"<!-- This site is optimized with the Yoast SEO Premium plugin v24.4 (Yoast SEO v27.5) - https:\/\/yoast.com\/product\/yoast-seo-premium-wordpress\/ -->\n<title>Geschichte des Ortes - Zatrzymaj si\u0119 w klimatycznym hotelu w centrum Gdyni<\/title>\n<meta name=\"description\" content=\"Erfahren Sie mehr \u00fcber die Geschichte des Ortes Hola Gdynia Entdecken Sie die faszinierende Vergangenheit und die besonderen Geschichten\" \/>\n<meta name=\"robots\" content=\"index, follow, max-snippet:-1, max-image-preview:large, max-video-preview:-1\" \/>\n<link rel=\"canonical\" href=\"https:\/\/hola.gdynia.pl\/de\/geschichte-des-ortes-hotel-centralny\/\" \/>\n<meta property=\"og:locale\" content=\"de_DE\" \/>\n<meta property=\"og:type\" content=\"article\" \/>\n<meta property=\"og:title\" content=\"Geschichte des Ortes\" \/>\n<meta property=\"og:description\" content=\"Erfahren Sie mehr \u00fcber die Geschichte des Ortes Hola Gdynia Entdecken Sie die faszinierende Vergangenheit und die besonderen Geschichten\" \/>\n<meta property=\"og:url\" content=\"https:\/\/hola.gdynia.pl\/de\/geschichte-des-ortes-hotel-centralny\/\" \/>\n<meta property=\"og:site_name\" content=\"Zatrzymaj si\u0119 w klimatycznym hotelu w centrum Gdyni\" \/>\n<meta property=\"article:publisher\" content=\"https:\/\/www.facebook.com\/holagdynia\" \/>\n<meta property=\"article:modified_time\" content=\"2025-02-26T15:17:41+00:00\" \/>\n<meta property=\"og:image\" content=\"https:\/\/hola.gdynia.pl\/wp-content\/uploads\/2023\/02\/Starowiejska1_2.jpg\" \/>\n\t<meta property=\"og:image:width\" content=\"1920\" \/>\n\t<meta property=\"og:image:height\" content=\"1344\" \/>\n\t<meta property=\"og:image:type\" content=\"image\/jpeg\" \/>\n<meta name=\"twitter:card\" content=\"summary_large_image\" \/>\n<meta name=\"twitter:label1\" content=\"Gesch\u00e4tzte Lesezeit\" \/>\n\t<meta name=\"twitter:data1\" content=\"6\u00a0Minuten\" \/>\n<script type=\"application\/ld+json\" class=\"yoast-schema-graph\">{\"@context\":\"https:\\\/\\\/schema.org\",\"@graph\":[{\"@type\":\"WebPage\",\"@id\":\"https:\\\/\\\/hola.gdynia.pl\\\/de\\\/geschichte-des-ortes-hotel-centralny\\\/\",\"url\":\"https:\\\/\\\/hola.gdynia.pl\\\/de\\\/geschichte-des-ortes-hotel-centralny\\\/\",\"name\":\"Geschichte des Ortes - Zatrzymaj si\u0119 w klimatycznym hotelu w centrum Gdyni\",\"isPartOf\":{\"@id\":\"https:\\\/\\\/hola.gdynia.pl\\\/de\\\/#website\"},\"primaryImageOfPage\":{\"@id\":\"https:\\\/\\\/hola.gdynia.pl\\\/de\\\/geschichte-des-ortes-hotel-centralny\\\/#primaryimage\"},\"image\":{\"@id\":\"https:\\\/\\\/hola.gdynia.pl\\\/de\\\/geschichte-des-ortes-hotel-centralny\\\/#primaryimage\"},\"thumbnailUrl\":\"https:\\\/\\\/hola.gdynia.pl\\\/wp-content\\\/uploads\\\/2023\\\/02\\\/Starowiejska1_2.jpg\",\"datePublished\":\"2023-02-15T18:07:59+00:00\",\"dateModified\":\"2025-02-26T15:17:41+00:00\",\"description\":\"Erfahren Sie mehr \u00fcber die Geschichte des Ortes Hola Gdynia Entdecken Sie die faszinierende Vergangenheit und die besonderen Geschichten\",\"breadcrumb\":{\"@id\":\"https:\\\/\\\/hola.gdynia.pl\\\/de\\\/geschichte-des-ortes-hotel-centralny\\\/#breadcrumb\"},\"inLanguage\":\"de\",\"potentialAction\":[{\"@type\":\"ReadAction\",\"target\":[\"https:\\\/\\\/hola.gdynia.pl\\\/de\\\/geschichte-des-ortes-hotel-centralny\\\/\"]}]},{\"@type\":\"ImageObject\",\"inLanguage\":\"de\",\"@id\":\"https:\\\/\\\/hola.gdynia.pl\\\/de\\\/geschichte-des-ortes-hotel-centralny\\\/#primaryimage\",\"url\":\"https:\\\/\\\/hola.gdynia.pl\\\/wp-content\\\/uploads\\\/2023\\\/02\\\/Starowiejska1_2.jpg\",\"contentUrl\":\"https:\\\/\\\/hola.gdynia.pl\\\/wp-content\\\/uploads\\\/2023\\\/02\\\/Starowiejska1_2.jpg\",\"width\":1920,\"height\":1344},{\"@type\":\"BreadcrumbList\",\"@id\":\"https:\\\/\\\/hola.gdynia.pl\\\/de\\\/geschichte-des-ortes-hotel-centralny\\\/#breadcrumb\",\"itemListElement\":[{\"@type\":\"ListItem\",\"position\":1,\"name\":\"Home\",\"item\":\"https:\\\/\\\/hola.gdynia.pl\\\/de\\\/\"},{\"@type\":\"ListItem\",\"position\":2,\"name\":\"Geschichte des Ortes\"}]},{\"@type\":\"WebSite\",\"@id\":\"https:\\\/\\\/hola.gdynia.pl\\\/de\\\/#website\",\"url\":\"https:\\\/\\\/hola.gdynia.pl\\\/de\\\/\",\"name\":\"Zatrzymaj si\u0119 w klimatycznym hotelu w centrum Gdyni\",\"description\":\"Szukasz noclegu w Gdyni? Wybierz nasz nowo otwarty obiekt hotelowy po\u0142o\u017cony blisko morza: 42 pokoje, otwarty dost\u0119p do kuchni, winda, bezp\u0142atny parking!\",\"publisher\":{\"@id\":\"https:\\\/\\\/hola.gdynia.pl\\\/de\\\/#organization\"},\"potentialAction\":[{\"@type\":\"SearchAction\",\"target\":{\"@type\":\"EntryPoint\",\"urlTemplate\":\"https:\\\/\\\/hola.gdynia.pl\\\/de\\\/?s={search_term_string}\"},\"query-input\":{\"@type\":\"PropertyValueSpecification\",\"valueRequired\":true,\"valueName\":\"search_term_string\"}}],\"inLanguage\":\"de\"},{\"@type\":\"Organization\",\"@id\":\"https:\\\/\\\/hola.gdynia.pl\\\/de\\\/#organization\",\"name\":\"Zatrzymaj si\u0119 w klimatycznym hotelu w centrum Gdyni\",\"url\":\"https:\\\/\\\/hola.gdynia.pl\\\/de\\\/\",\"logo\":{\"@type\":\"ImageObject\",\"inLanguage\":\"de\",\"@id\":\"https:\\\/\\\/hola.gdynia.pl\\\/de\\\/#\\\/schema\\\/logo\\\/image\\\/\",\"url\":\"https:\\\/\\\/hola.gdynia.pl\\\/wp-content\\\/uploads\\\/2023\\\/02\\\/logoHOLA.svg\",\"contentUrl\":\"https:\\\/\\\/hola.gdynia.pl\\\/wp-content\\\/uploads\\\/2023\\\/02\\\/logoHOLA.svg\",\"width\":200,\"height\":66,\"caption\":\"Zatrzymaj si\u0119 w klimatycznym hotelu w centrum Gdyni\"},\"image\":{\"@id\":\"https:\\\/\\\/hola.gdynia.pl\\\/de\\\/#\\\/schema\\\/logo\\\/image\\\/\"},\"sameAs\":[\"https:\\\/\\\/www.facebook.com\\\/holagdynia\"]}]}<\/script>\n<!-- \/ Yoast SEO Premium plugin. -->","yoast_head_json":{"title":"Geschichte des Ortes - Zatrzymaj si\u0119 w klimatycznym hotelu w centrum Gdyni","description":"Erfahren Sie mehr \u00fcber die Geschichte des Ortes Hola Gdynia Entdecken Sie die faszinierende Vergangenheit und die besonderen Geschichten","robots":{"index":"index","follow":"follow","max-snippet":"max-snippet:-1","max-image-preview":"max-image-preview:large","max-video-preview":"max-video-preview:-1"},"canonical":"https:\/\/hola.gdynia.pl\/de\/geschichte-des-ortes-hotel-centralny\/","og_locale":"de_DE","og_type":"article","og_title":"Geschichte des Ortes","og_description":"Erfahren Sie mehr \u00fcber die Geschichte des Ortes Hola Gdynia Entdecken Sie die faszinierende Vergangenheit und die besonderen Geschichten","og_url":"https:\/\/hola.gdynia.pl\/de\/geschichte-des-ortes-hotel-centralny\/","og_site_name":"Zatrzymaj si\u0119 w klimatycznym hotelu w centrum Gdyni","article_publisher":"https:\/\/www.facebook.com\/holagdynia","article_modified_time":"2025-02-26T15:17:41+00:00","og_image":[{"width":1920,"height":1344,"url":"https:\/\/hola.gdynia.pl\/wp-content\/uploads\/2023\/02\/Starowiejska1_2.jpg","type":"image\/jpeg"}],"twitter_card":"summary_large_image","twitter_misc":{"Gesch\u00e4tzte Lesezeit":"6\u00a0Minuten"},"schema":{"@context":"https:\/\/schema.org","@graph":[{"@type":"WebPage","@id":"https:\/\/hola.gdynia.pl\/de\/geschichte-des-ortes-hotel-centralny\/","url":"https:\/\/hola.gdynia.pl\/de\/geschichte-des-ortes-hotel-centralny\/","name":"Geschichte des Ortes - Zatrzymaj si\u0119 w klimatycznym hotelu w centrum Gdyni","isPartOf":{"@id":"https:\/\/hola.gdynia.pl\/de\/#website"},"primaryImageOfPage":{"@id":"https:\/\/hola.gdynia.pl\/de\/geschichte-des-ortes-hotel-centralny\/#primaryimage"},"image":{"@id":"https:\/\/hola.gdynia.pl\/de\/geschichte-des-ortes-hotel-centralny\/#primaryimage"},"thumbnailUrl":"https:\/\/hola.gdynia.pl\/wp-content\/uploads\/2023\/02\/Starowiejska1_2.jpg","datePublished":"2023-02-15T18:07:59+00:00","dateModified":"2025-02-26T15:17:41+00:00","description":"Erfahren Sie mehr \u00fcber die Geschichte des Ortes Hola Gdynia Entdecken Sie die faszinierende Vergangenheit und die besonderen Geschichten","breadcrumb":{"@id":"https:\/\/hola.gdynia.pl\/de\/geschichte-des-ortes-hotel-centralny\/#breadcrumb"},"inLanguage":"de","potentialAction":[{"@type":"ReadAction","target":["https:\/\/hola.gdynia.pl\/de\/geschichte-des-ortes-hotel-centralny\/"]}]},{"@type":"ImageObject","inLanguage":"de","@id":"https:\/\/hola.gdynia.pl\/de\/geschichte-des-ortes-hotel-centralny\/#primaryimage","url":"https:\/\/hola.gdynia.pl\/wp-content\/uploads\/2023\/02\/Starowiejska1_2.jpg","contentUrl":"https:\/\/hola.gdynia.pl\/wp-content\/uploads\/2023\/02\/Starowiejska1_2.jpg","width":1920,"height":1344},{"@type":"BreadcrumbList","@id":"https:\/\/hola.gdynia.pl\/de\/geschichte-des-ortes-hotel-centralny\/#breadcrumb","itemListElement":[{"@type":"ListItem","position":1,"name":"Home","item":"https:\/\/hola.gdynia.pl\/de\/"},{"@type":"ListItem","position":2,"name":"Geschichte des Ortes"}]},{"@type":"WebSite","@id":"https:\/\/hola.gdynia.pl\/de\/#website","url":"https:\/\/hola.gdynia.pl\/de\/","name":"Zatrzymaj si\u0119 w klimatycznym hotelu w centrum Gdyni","description":"Szukasz noclegu w Gdyni? Wybierz nasz nowo otwarty obiekt hotelowy po\u0142o\u017cony blisko morza: 42 pokoje, otwarty dost\u0119p do kuchni, winda, bezp\u0142atny parking!","publisher":{"@id":"https:\/\/hola.gdynia.pl\/de\/#organization"},"potentialAction":[{"@type":"SearchAction","target":{"@type":"EntryPoint","urlTemplate":"https:\/\/hola.gdynia.pl\/de\/?s={search_term_string}"},"query-input":{"@type":"PropertyValueSpecification","valueRequired":true,"valueName":"search_term_string"}}],"inLanguage":"de"},{"@type":"Organization","@id":"https:\/\/hola.gdynia.pl\/de\/#organization","name":"Zatrzymaj si\u0119 w klimatycznym hotelu w centrum Gdyni","url":"https:\/\/hola.gdynia.pl\/de\/","logo":{"@type":"ImageObject","inLanguage":"de","@id":"https:\/\/hola.gdynia.pl\/de\/#\/schema\/logo\/image\/","url":"https:\/\/hola.gdynia.pl\/wp-content\/uploads\/2023\/02\/logoHOLA.svg","contentUrl":"https:\/\/hola.gdynia.pl\/wp-content\/uploads\/2023\/02\/logoHOLA.svg","width":200,"height":66,"caption":"Zatrzymaj si\u0119 w klimatycznym hotelu w centrum Gdyni"},"image":{"@id":"https:\/\/hola.gdynia.pl\/de\/#\/schema\/logo\/image\/"},"sameAs":["https:\/\/www.facebook.com\/holagdynia"]}]}},"_links":{"self":[{"href":"https:\/\/hola.gdynia.pl\/de\/wp-json\/wp\/v2\/pages\/2892","targetHints":{"allow":["GET"]}}],"collection":[{"href":"https:\/\/hola.gdynia.pl\/de\/wp-json\/wp\/v2\/pages"}],"about":[{"href":"https:\/\/hola.gdynia.pl\/de\/wp-json\/wp\/v2\/types\/page"}],"author":[{"embeddable":true,"href":"https:\/\/hola.gdynia.pl\/de\/wp-json\/wp\/v2\/users\/1"}],"replies":[{"embeddable":true,"href":"https:\/\/hola.gdynia.pl\/de\/wp-json\/wp\/v2\/comments?post=2892"}],"version-history":[{"count":0,"href":"https:\/\/hola.gdynia.pl\/de\/wp-json\/wp\/v2\/pages\/2892\/revisions"}],"wp:featuredmedia":[{"embeddable":true,"href":"https:\/\/hola.gdynia.pl\/de\/wp-json\/wp\/v2\/media\/2392"}],"wp:attachment":[{"href":"https:\/\/hola.gdynia.pl\/de\/wp-json\/wp\/v2\/media?parent=2892"}],"curies":[{"name":"wp","href":"https:\/\/api.w.org\/{rel}","templated":true}]}}