{"id":2754,"date":"2023-02-06T19:24:02","date_gmt":"2023-02-06T18:24:02","guid":{"rendered":"https:\/\/hola.gdynia.pl\/restauracje\/"},"modified":"2025-03-11T18:25:52","modified_gmt":"2025-03-11T17:25:52","slug":"restauracje","status":"publish","type":"page","link":"https:\/\/hola.gdynia.pl\/de\/restauracje\/","title":{"rendered":"Restaurants in Gdynia"},"content":{"rendered":"<div class=\"wpb-content-wrapper\"><p>[vc_row content_placement=&#8220;middle&#8220; wrap_container=&#8220;true&#8220; el_id=&#8220;everything-right-section&#8220;][vc_column width=&#8220;1\/3&#8243; offset=&#8220;vc_col-xs-12&#8243;][vc_column_text css=&#8220;.vc_custom_1676488571134{margin-bottom: 50px !important;}&#8220;]<\/p>\n<h2 style=\"font-size: 30px; line-height: 35px; text-transform: uppercase; color: #405272;\">HOLA Gdynia<br \/>\n<span style=\"color: #dcb5be;\">Restaurants.<\/span><\/h2>\n<p>[\/vc_column_text][vc_column_text css=&#8220;.vc_custom_1677505509482{margin-bottom: 0px !important;}&#8220;]<\/p>\n<h2>Wondering where to eat well in Gdynia? Georgian, Mexican, Korean, Japanese, Thai, Chinese, Italian and, of course, Polish cuisine &#8211; it&#8217;s safe to say that being here you can taste dishes from different corners of the world. Where to go for dinner in Gdynia? We present the best restaurants in Gdynia, in our opinion!<\/h2>\n<p>[\/vc_column_text][\/vc_column][vc_column width=&#8220;2\/3&#8243; offset=&#8220;vc_col-lg-offset-1 vc_col-lg-7 vc_col-md-offset-0 vc_col-md-8 vc_col-sm-offset-0 vc_col-xs-12&#8243; css=&#8220;.vc_custom_1554818202251{padding-right: 8px !important;padding-left: 8px !important;}&#8220;][vc_gallery type=&#8220;image_grid&#8220; images=&#8220;2755,2922&#8243; img_size=&#8220;360&#215;450&#8243; onclick=&#8220;&#8220; css=&#8220;&#8220;][\/vc_column][\/vc_row][vc_row wrap_container=&#8220;true&#8220; css=&#8220;.vc_custom_1676488433792{margin-top: 20px !important;}&#8220; el_id=&#8220;everything-right-bottom-section&#8220;][vc_column][vc_column_text css=&#8220;.vc_custom_1677506569872{margin-bottom: 0px !important;}&#8220;]<\/p>\n<h2>Restaurants on Starowiejska Street (Gdynia)<\/h2>\n<p><strong>Pierogarnia Mandu<\/strong> \u2013 they are very popular restaurants in the Tricity offering the traditional Polish dish often simply described as dumplings. We are fortunate that one of the dumpling shops is located in our townhouse!<br \/>\nFor us, it&#8217;s definitely the place of first choice. Great interior design, children&#8217;s corner, friendly staff and, of course, an almost innumerable selection of dumplings! Traditional, with semolina, with chickpeas, with chickpeas, with cumin, with tofu, dumplings in sweet, and even in yeast dough or deep-fried &#8211; the choice is amazing.<br \/>\nIn addition, you can have a tasty soup and a delicious dessert. Indulge in the unusual taste of tea and aromatic coffee, or even something with a higher percentage.<br \/>\n<a href=\"https:\/\/pierogarnia-mandu.pl\/gdynia\/menu\/\">See the menu<\/a><br \/>\nDistance from Hola Gdynia &gt;&gt; Close because it&#8217;s on the spot! (Starowiejska Street 1)[\/vc_column_text][vc_gallery type=&#8220;image_grid&#8220; images=&#8220;2922,1012,1010,1008,1006,1004&#8243; css=&#8220;.vc_custom_1677506761562{padding-top: 20px !important;}&#8220;][vc_empty_space height=&#8220;25px&#8220;][vc_column_text css=&#8220;.vc_custom_1677506527071{margin-bottom: 0px !important;}&#8220;]<strong>Ober\u017ca 86<\/strong> \u2013 it is an unusual place. It is here that Kashubian flavors combine with the French art of cooking. The restaurant is located in the historic Abraham&#8217;s House, which was built in 1900, and its history is linked &#8211; like our townhouse &#8211; to the Skwiercz family. The menu card is short. However, you will find interesting appetizers, meatless dishes, meat, fish and desserts.<br \/>\n<a href=\"https:\/\/www.oberza86.pl\/menu\/\">See the menu<\/a><br \/>\nDistance from Hola Gdynia &gt;&gt; Close, as only 350 meters (Starowiejska Street 30).<\/p>\n<p><strong>Czerwony Piec<\/strong> \u2013 if you want to search Google for the term \u201cpizzeria Gdynia\u201d, we have for you a wonderful place. Unassuming, but very popular, with many positive reviews. Here you will eat great pizzas baked in a wood-fired oven. There are also, of course, pastas, appetizers, paninis, hummus and salads.<br \/>\n<a href=\"https:\/\/www.czerwonypiec.pl\/\">See the menu<\/a><br \/>\nDistance from Hola Gdynia &gt;&gt; Close, as only 450 meters (Starowiejska Street 40c).<\/p>\n<p><strong>Mora bistro<\/strong> \u2013 a bit closer to the station there is a place where you can get a bite to eat. Here you will eat tacos, burgers, salads, classic fries or yams in various sauces. Interesting interior and very good reviews from guests &#8211; it is worth a look here.<br \/>\n<a href=\"http:\/\/www.morabistro.pl\/\">See the menu<\/a><br \/>\nDistance from Hola Gdynia &gt;&gt; Close, as only 600 meters (Starowiejska 44 Street).<\/p>\n<p>&nbsp;<\/p>\n<h2>Restaurants on Swietojanska Street (Gdynia)<\/h2>\n<p><strong>Bia\u0142e Wino i Owoce<\/strong> \u2013 this restaurant is worth visiting when you feel like having an alcoholic drink. Here you can eat tripe, herring in cream, bread with lard and pickle, ribs and even stuffed cabbage. But the drink list is much longer! Wines, beers, ciders, liqueurs, cocktail shocktails, gin, brandy, rum&#8230; The liquor card is even endless!<br \/>\n<a href=\"https:\/\/bialewinoiowoce.pl\/\">See the menu<\/a><br \/>\nDistance from Hola Gdynia &gt;&gt; Close, as only 120 meters (9 Swietojanska Street).<\/p>\n<p><strong>ALGA street food<\/strong> \u2013 If you feel like having spring rolls, baozi, nori roll with sesame rice or panko chicken, this Korean restaurant will be a good choice!<br \/>\n<a href=\"https:\/\/algagdynia.pl\/\">See the menu<\/a><br \/>\nDistance from Hola Gdynia &gt;&gt; Close, as only 190 meters (13 Swietojanska Street).<\/p>\n<p>Restaurants towards the sea<\/p>\n<p><strong>Tawerna Gdynia<\/strong> \u2013 if a fish dish is mandatory point of your journey to the seaside, go to Tawerna Restaurant! ! It offers a wide range of sea fish dishes and those based on fish from the Kashubian lakes. Guests praise the halibut steak and sea feast. There is also no shortage of traditional meat dishes and children&#8217;s meals. And after a filling feast, we recommend desserts. The interior of the establishment is styled like the mess hall of an old ship, so you won&#8217;t be surprised to hear sailor songs coming from here. Ahoy adventure!<br \/>\n<a href=\"https:\/\/www.tawerna-gdynia.pl\/\">See the menu<\/a><br \/>\nDistance from Hola Gdynia &gt;&gt; Close, as only 700 meters (Jana Paw\u0142a II Avenue 11)<\/p>\n<p><strong>Restauracja Vinegre<\/strong> \u2013 not only food will delight you but also a beautiful view to the sea and beach! Vinegre is a restaurant, wine bar, cafe and cocktail bar. The menu includes tapas, tasting boards, ribs, steaks, seafood and sweets.<br \/>\n<a href=\"https:\/\/www.vinegre.pl\/\">See the menu<\/a><br \/>\nDistance from Hola Gdynia &gt;&gt; Close, because only 900 meters (Zawiszy Czarnego 1, Navy Museum)<\/p>\n<p>&nbsp;<\/p>\n<h2>Close to the center and Hola Gdynia<\/h2>\n<p><strong>Lolo Thai Jolo<\/strong> &#8211; this time we move to a Thai restaurant. If you want to try non-obvious flavor combinations, this place is worth considering. It so happens that our guests, often praise this restaurant, so we recommend it too!<br \/>\nLolo Thai Jolo is a good place for light lunch or dinner. The menu includes dishes with beef, pork, chicken and, of course, seafood. There are salads and desserts and, of course, dishes for children.<br \/>\n<a href=\"https:\/\/www.thaijolo.pl\/\">See the menu<\/a><br \/>\nDistance from Hola Gdynia &gt;&gt; Close, because only 250 meters (Jana z Kolna 2)<\/p>\n<p>We hope that when you feel hungry our subjective guide to the <strong>best restaurants in Gdynia<\/strong> will help you find a place which serves good food![\/vc_column_text][vc_empty_space height=&#8220;25px&#8220;][vc_empty_space height=&#8220;50px&#8220;][vc_empty_space height=&#8220;25px&#8220;][vc_empty_space height=&#8220;25px&#8220;][vc_empty_space height=&#8220;50px&#8220;][vc_empty_space height=&#8220;50px&#8220;][\/vc_column][\/vc_row][vc_row][vc_column css=&#8220;.vc_custom_1554820984708{padding-top: 0px !important;padding-right: 0px !important;padding-left: 0px !important;}&#8220;]\n\t\t\t\t<p class=\"rs-p-wp-fix\"><\/p>\n\t\t\t\t<sr7-module data-alias=\"content_slider\" data-id=\"1\" id=\"SR7_1_1\" class=\"rs-ov-hidden\" data-version=\"6.7.23\">\n\t\t\t\t\t<sr7-adjuster><\/sr7-adjuster>\n\t\t\t\t\t<sr7-content>\n\t\t\t\t\t\t<sr7-slide id=\"SR7_1_1-1\" data-key=\"1\">\n\t\t\t\t\t\t\t<sr7-bg id=\"SR7_1_1-1-2\" class=\"sr7-layer\"><noscript><img decoding=\"async\" src=\"https:\/\/hola.gdynia.pl\/wp-content\/uploads\/2023\/02\/Molo-Poludniowe-Skwer-Kosciuszki-centrum-hotel-gdynia.jpg\" alt=\"Molo Po\u0142udniowe Atrakcje Gdynia\" title=\"\"><\/noscript><\/sr7-bg>\n\t\t\t\t\t\t<\/sr7-slide>\n\t\t\t\t\t\t<sr7-slide id=\"SR7_1_1-22\" data-key=\"22\">\n\t\t\t\t\t\t<\/sr7-slide>\n\t\t\t\t\t<\/sr7-content>\n\t\t\t\t\t<image_lists style=\"display:none\">\n\t\t\t\t\t\t<img data-src=\"\/\/hola.gdynia.pl\/wp-content\/uploads\/2023\/02\/Molo-Poludniowe-Skwer-Kosciuszki-centrum-hotel-gdynia.jpg\" width=\"0\" height=\"0\" data-dbsrc=\"Ly9ob2xhLmdkeW5pYS5wbC93cC1jb250ZW50L3VwbG9hZHMvMjAyMy8wMi9Nb2xvLVBvbHVkbmlvd2UtU2t3ZXItS29zY2l1c3praS1jZW50cnVtLWhvdGVsLWdkeW5pYS5qcGc=\"\/>\n\t\t\t\t\t<\/image_lists>\n\t\t\t\t<\/sr7-module>\n\t\t\t\t<script>\n\t\t\t\t\tSR7.PMH ??={}; SR7.PMH[\"SR7_1_1\"] = {cn:100,state:false,fn: function() { if (_tpt!==undefined && _tpt.prepareModuleHeight !== undefined) {  _tpt.prepareModuleHeight({id:\"SR7_1_1\",el:[520,520,450,350,250],type:'hero',shdw:'0',gh:[520,520,450,350,250],gw:[1240,1240,1024,778,480],vpt:['-200px&#039;,&#039;-200px&#039;,&#039;-200px&#039;,&#039;-200px&#039;,&#039;-200px'],size:{fullWidth:false, fullHeight:false},mh:'0',onh:0,onw:0,bg:{color:'{\"type\":\"solid\",\"orig\":\"#0e121d\",\"string\":\"rgba(14, 18, 29, 1)\"}'},plType:'2',plColor:'#FFFFFF'});   SR7.PMH[\"SR7_1_1\"].state=true;} else if(SR7.PMH[\"SR7_1_1\"].cn-->0)\tsetTimeout( SR7.PMH[\"SR7_1_1\"].fn,19);}};SR7.PMH[\"SR7_1_1\" ].fn();\n\t\t\t\t<\/script>\n[\/vc_column][\/vc_row][vc_row][vc_column][\/vc_column][\/vc_row]<\/p>\n<\/div>","protected":false},"excerpt":{"rendered":"<p>[vc_row content_placement=&#8220;middle&#8220; wrap_container=&#8220;true&#8220; el_id=&#8220;everything-right-section&#8220;][vc_column width=&#8220;1\/3&#8243; offset=&#8220;vc_col-xs-12&#8243;][vc_column_text css=&#8220;.vc_custom_1676488571134{margin-bottom: 50px !important;}&#8220;] HOLA Gdynia Restaurants. [\/vc_column_text][vc_column_text css=&#8220;.vc_custom_1677505509482{margin-bottom: 0px !important;}&#8220;] Wondering where to eat well in Gdynia? Georgian, Mexican, Korean, Japanese, Thai, Chinese, Italian and, of course, Polish cuisine &#8211; it&#8217;s safe to say that being here you can taste dishes from different corners of the world. Where to [&hellip;]<\/p>\n","protected":false},"author":1,"featured_media":2755,"parent":0,"menu_order":0,"comment_status":"closed","ping_status":"open","template":"","meta":{"inline_featured_image":false,"footnotes":""},"class_list":["post-2754","page","type-page","status-publish","has-post-thumbnail","hentry"],"yoast_head":"<!-- This site is optimized with the Yoast SEO Premium plugin v24.4 (Yoast SEO v27.5) - https:\/\/yoast.com\/product\/yoast-seo-premium-wordpress\/ -->\n<title>Restaurants in Gdynia - Zatrzymaj si\u0119 w klimatycznym hotelu w centrum Gdyni<\/title>\n<meta name=\"description\" content=\"Entdecken Sie die besten Restaurants in Gdynia! Genie\u00dfen Sie k\u00f6stliche Speisen und ein einzigartiges maritimes Ambiente.\" \/>\n<meta name=\"robots\" content=\"index, follow, max-snippet:-1, max-image-preview:large, max-video-preview:-1\" \/>\n<link rel=\"canonical\" href=\"https:\/\/hola.gdynia.pl\/de\/restauracje\/\" \/>\n<meta property=\"og:locale\" content=\"de_DE\" \/>\n<meta property=\"og:type\" content=\"article\" \/>\n<meta property=\"og:title\" content=\"Restaurants in Gdynia\" \/>\n<meta property=\"og:description\" content=\"Entdecken Sie die besten Restaurants in Gdynia! Genie\u00dfen Sie k\u00f6stliche Speisen und ein einzigartiges maritimes Ambiente.\" \/>\n<meta property=\"og:url\" content=\"https:\/\/hola.gdynia.pl\/de\/restauracje\/\" \/>\n<meta property=\"og:site_name\" content=\"Zatrzymaj si\u0119 w klimatycznym hotelu w centrum Gdyni\" \/>\n<meta property=\"article:publisher\" content=\"https:\/\/www.facebook.com\/holagdynia\" \/>\n<meta property=\"article:modified_time\" content=\"2025-03-11T17:25:52+00:00\" \/>\n<meta property=\"og:image\" content=\"https:\/\/hola.gdynia.pl\/wp-content\/uploads\/2023\/02\/lokal_gdy_01.jpg\" \/>\n\t<meta property=\"og:image:width\" content=\"1024\" \/>\n\t<meta property=\"og:image:height\" content=\"683\" \/>\n\t<meta property=\"og:image:type\" content=\"image\/jpeg\" \/>\n<meta name=\"twitter:card\" content=\"summary_large_image\" \/>\n<meta name=\"twitter:label1\" content=\"Gesch\u00e4tzte Lesezeit\" \/>\n\t<meta name=\"twitter:data1\" content=\"6\u00a0Minuten\" \/>\n<script type=\"application\/ld+json\" class=\"yoast-schema-graph\">{\"@context\":\"https:\\\/\\\/schema.org\",\"@graph\":[{\"@type\":\"WebPage\",\"@id\":\"https:\\\/\\\/hola.gdynia.pl\\\/de\\\/restauracje\\\/\",\"url\":\"https:\\\/\\\/hola.gdynia.pl\\\/de\\\/restauracje\\\/\",\"name\":\"Restaurants in Gdynia - Zatrzymaj si\u0119 w klimatycznym hotelu w centrum Gdyni\",\"isPartOf\":{\"@id\":\"https:\\\/\\\/hola.gdynia.pl\\\/de\\\/#website\"},\"primaryImageOfPage\":{\"@id\":\"https:\\\/\\\/hola.gdynia.pl\\\/de\\\/restauracje\\\/#primaryimage\"},\"image\":{\"@id\":\"https:\\\/\\\/hola.gdynia.pl\\\/de\\\/restauracje\\\/#primaryimage\"},\"thumbnailUrl\":\"https:\\\/\\\/hola.gdynia.pl\\\/wp-content\\\/uploads\\\/2023\\\/02\\\/lokal_gdy_01.jpg\",\"datePublished\":\"2023-02-06T18:24:02+00:00\",\"dateModified\":\"2025-03-11T17:25:52+00:00\",\"description\":\"Entdecken Sie die besten Restaurants in Gdynia! Genie\u00dfen Sie k\u00f6stliche Speisen und ein einzigartiges maritimes Ambiente.\",\"breadcrumb\":{\"@id\":\"https:\\\/\\\/hola.gdynia.pl\\\/de\\\/restauracje\\\/#breadcrumb\"},\"inLanguage\":\"de\",\"potentialAction\":[{\"@type\":\"ReadAction\",\"target\":[\"https:\\\/\\\/hola.gdynia.pl\\\/de\\\/restauracje\\\/\"]}]},{\"@type\":\"ImageObject\",\"inLanguage\":\"de\",\"@id\":\"https:\\\/\\\/hola.gdynia.pl\\\/de\\\/restauracje\\\/#primaryimage\",\"url\":\"https:\\\/\\\/hola.gdynia.pl\\\/wp-content\\\/uploads\\\/2023\\\/02\\\/lokal_gdy_01.jpg\",\"contentUrl\":\"https:\\\/\\\/hola.gdynia.pl\\\/wp-content\\\/uploads\\\/2023\\\/02\\\/lokal_gdy_01.jpg\",\"width\":1024,\"height\":683},{\"@type\":\"BreadcrumbList\",\"@id\":\"https:\\\/\\\/hola.gdynia.pl\\\/de\\\/restauracje\\\/#breadcrumb\",\"itemListElement\":[{\"@type\":\"ListItem\",\"position\":1,\"name\":\"Home\",\"item\":\"https:\\\/\\\/hola.gdynia.pl\\\/de\\\/\"},{\"@type\":\"ListItem\",\"position\":2,\"name\":\"Restaurants in Gdynia\"}]},{\"@type\":\"WebSite\",\"@id\":\"https:\\\/\\\/hola.gdynia.pl\\\/de\\\/#website\",\"url\":\"https:\\\/\\\/hola.gdynia.pl\\\/de\\\/\",\"name\":\"Zatrzymaj si\u0119 w klimatycznym hotelu w centrum Gdyni\",\"description\":\"Szukasz noclegu w Gdyni? Wybierz nasz nowo otwarty obiekt hotelowy po\u0142o\u017cony blisko morza: 42 pokoje, otwarty dost\u0119p do kuchni, winda, bezp\u0142atny parking!\",\"publisher\":{\"@id\":\"https:\\\/\\\/hola.gdynia.pl\\\/de\\\/#organization\"},\"potentialAction\":[{\"@type\":\"SearchAction\",\"target\":{\"@type\":\"EntryPoint\",\"urlTemplate\":\"https:\\\/\\\/hola.gdynia.pl\\\/de\\\/?s={search_term_string}\"},\"query-input\":{\"@type\":\"PropertyValueSpecification\",\"valueRequired\":true,\"valueName\":\"search_term_string\"}}],\"inLanguage\":\"de\"},{\"@type\":\"Organization\",\"@id\":\"https:\\\/\\\/hola.gdynia.pl\\\/de\\\/#organization\",\"name\":\"Zatrzymaj si\u0119 w klimatycznym hotelu w centrum Gdyni\",\"url\":\"https:\\\/\\\/hola.gdynia.pl\\\/de\\\/\",\"logo\":{\"@type\":\"ImageObject\",\"inLanguage\":\"de\",\"@id\":\"https:\\\/\\\/hola.gdynia.pl\\\/de\\\/#\\\/schema\\\/logo\\\/image\\\/\",\"url\":\"https:\\\/\\\/hola.gdynia.pl\\\/wp-content\\\/uploads\\\/2023\\\/02\\\/logoHOLA.svg\",\"contentUrl\":\"https:\\\/\\\/hola.gdynia.pl\\\/wp-content\\\/uploads\\\/2023\\\/02\\\/logoHOLA.svg\",\"width\":200,\"height\":66,\"caption\":\"Zatrzymaj si\u0119 w klimatycznym hotelu w centrum Gdyni\"},\"image\":{\"@id\":\"https:\\\/\\\/hola.gdynia.pl\\\/de\\\/#\\\/schema\\\/logo\\\/image\\\/\"},\"sameAs\":[\"https:\\\/\\\/www.facebook.com\\\/holagdynia\"]}]}<\/script>\n<!-- \/ Yoast SEO Premium plugin. -->","yoast_head_json":{"title":"Restaurants in Gdynia - Zatrzymaj si\u0119 w klimatycznym hotelu w centrum Gdyni","description":"Entdecken Sie die besten Restaurants in Gdynia! Genie\u00dfen Sie k\u00f6stliche Speisen und ein einzigartiges maritimes Ambiente.","robots":{"index":"index","follow":"follow","max-snippet":"max-snippet:-1","max-image-preview":"max-image-preview:large","max-video-preview":"max-video-preview:-1"},"canonical":"https:\/\/hola.gdynia.pl\/de\/restauracje\/","og_locale":"de_DE","og_type":"article","og_title":"Restaurants in Gdynia","og_description":"Entdecken Sie die besten Restaurants in Gdynia! Genie\u00dfen Sie k\u00f6stliche Speisen und ein einzigartiges maritimes Ambiente.","og_url":"https:\/\/hola.gdynia.pl\/de\/restauracje\/","og_site_name":"Zatrzymaj si\u0119 w klimatycznym hotelu w centrum Gdyni","article_publisher":"https:\/\/www.facebook.com\/holagdynia","article_modified_time":"2025-03-11T17:25:52+00:00","og_image":[{"width":1024,"height":683,"url":"https:\/\/hola.gdynia.pl\/wp-content\/uploads\/2023\/02\/lokal_gdy_01.jpg","type":"image\/jpeg"}],"twitter_card":"summary_large_image","twitter_misc":{"Gesch\u00e4tzte Lesezeit":"6\u00a0Minuten"},"schema":{"@context":"https:\/\/schema.org","@graph":[{"@type":"WebPage","@id":"https:\/\/hola.gdynia.pl\/de\/restauracje\/","url":"https:\/\/hola.gdynia.pl\/de\/restauracje\/","name":"Restaurants in Gdynia - Zatrzymaj si\u0119 w klimatycznym hotelu w centrum Gdyni","isPartOf":{"@id":"https:\/\/hola.gdynia.pl\/de\/#website"},"primaryImageOfPage":{"@id":"https:\/\/hola.gdynia.pl\/de\/restauracje\/#primaryimage"},"image":{"@id":"https:\/\/hola.gdynia.pl\/de\/restauracje\/#primaryimage"},"thumbnailUrl":"https:\/\/hola.gdynia.pl\/wp-content\/uploads\/2023\/02\/lokal_gdy_01.jpg","datePublished":"2023-02-06T18:24:02+00:00","dateModified":"2025-03-11T17:25:52+00:00","description":"Entdecken Sie die besten Restaurants in Gdynia! Genie\u00dfen Sie k\u00f6stliche Speisen und ein einzigartiges maritimes Ambiente.","breadcrumb":{"@id":"https:\/\/hola.gdynia.pl\/de\/restauracje\/#breadcrumb"},"inLanguage":"de","potentialAction":[{"@type":"ReadAction","target":["https:\/\/hola.gdynia.pl\/de\/restauracje\/"]}]},{"@type":"ImageObject","inLanguage":"de","@id":"https:\/\/hola.gdynia.pl\/de\/restauracje\/#primaryimage","url":"https:\/\/hola.gdynia.pl\/wp-content\/uploads\/2023\/02\/lokal_gdy_01.jpg","contentUrl":"https:\/\/hola.gdynia.pl\/wp-content\/uploads\/2023\/02\/lokal_gdy_01.jpg","width":1024,"height":683},{"@type":"BreadcrumbList","@id":"https:\/\/hola.gdynia.pl\/de\/restauracje\/#breadcrumb","itemListElement":[{"@type":"ListItem","position":1,"name":"Home","item":"https:\/\/hola.gdynia.pl\/de\/"},{"@type":"ListItem","position":2,"name":"Restaurants in Gdynia"}]},{"@type":"WebSite","@id":"https:\/\/hola.gdynia.pl\/de\/#website","url":"https:\/\/hola.gdynia.pl\/de\/","name":"Zatrzymaj si\u0119 w klimatycznym hotelu w centrum Gdyni","description":"Szukasz noclegu w Gdyni? Wybierz nasz nowo otwarty obiekt hotelowy po\u0142o\u017cony blisko morza: 42 pokoje, otwarty dost\u0119p do kuchni, winda, bezp\u0142atny parking!","publisher":{"@id":"https:\/\/hola.gdynia.pl\/de\/#organization"},"potentialAction":[{"@type":"SearchAction","target":{"@type":"EntryPoint","urlTemplate":"https:\/\/hola.gdynia.pl\/de\/?s={search_term_string}"},"query-input":{"@type":"PropertyValueSpecification","valueRequired":true,"valueName":"search_term_string"}}],"inLanguage":"de"},{"@type":"Organization","@id":"https:\/\/hola.gdynia.pl\/de\/#organization","name":"Zatrzymaj si\u0119 w klimatycznym hotelu w centrum Gdyni","url":"https:\/\/hola.gdynia.pl\/de\/","logo":{"@type":"ImageObject","inLanguage":"de","@id":"https:\/\/hola.gdynia.pl\/de\/#\/schema\/logo\/image\/","url":"https:\/\/hola.gdynia.pl\/wp-content\/uploads\/2023\/02\/logoHOLA.svg","contentUrl":"https:\/\/hola.gdynia.pl\/wp-content\/uploads\/2023\/02\/logoHOLA.svg","width":200,"height":66,"caption":"Zatrzymaj si\u0119 w klimatycznym hotelu w centrum Gdyni"},"image":{"@id":"https:\/\/hola.gdynia.pl\/de\/#\/schema\/logo\/image\/"},"sameAs":["https:\/\/www.facebook.com\/holagdynia"]}]}},"_links":{"self":[{"href":"https:\/\/hola.gdynia.pl\/de\/wp-json\/wp\/v2\/pages\/2754","targetHints":{"allow":["GET"]}}],"collection":[{"href":"https:\/\/hola.gdynia.pl\/de\/wp-json\/wp\/v2\/pages"}],"about":[{"href":"https:\/\/hola.gdynia.pl\/de\/wp-json\/wp\/v2\/types\/page"}],"author":[{"embeddable":true,"href":"https:\/\/hola.gdynia.pl\/de\/wp-json\/wp\/v2\/users\/1"}],"replies":[{"embeddable":true,"href":"https:\/\/hola.gdynia.pl\/de\/wp-json\/wp\/v2\/comments?post=2754"}],"version-history":[{"count":1,"href":"https:\/\/hola.gdynia.pl\/de\/wp-json\/wp\/v2\/pages\/2754\/revisions"}],"predecessor-version":[{"id":6785,"href":"https:\/\/hola.gdynia.pl\/de\/wp-json\/wp\/v2\/pages\/2754\/revisions\/6785"}],"wp:featuredmedia":[{"embeddable":true,"href":"https:\/\/hola.gdynia.pl\/de\/wp-json\/wp\/v2\/media\/2755"}],"wp:attachment":[{"href":"https:\/\/hola.gdynia.pl\/de\/wp-json\/wp\/v2\/media?parent=2754"}],"curies":[{"name":"wp","href":"https:\/\/api.w.org\/{rel}","templated":true}]}}