{"id":2673,"date":"2023-02-15T20:26:27","date_gmt":"2023-02-15T19:26:27","guid":{"rendered":"https:\/\/hola.gdynia.pl\/relax-room\/"},"modified":"2025-03-29T08:00:14","modified_gmt":"2025-03-29T07:00:14","slug":"relax-room","status":"publish","type":"page","link":"https:\/\/hola.gdynia.pl\/de\/relax-room\/","title":{"rendered":"Ruheraum"},"content":{"rendered":"<div class=\"wpb-content-wrapper\"><p>[vc_row full_width=&#8220;stretch_row&#8220; wrap_container=&#8220;true&#8220; el_id=&#8220;everything-right-section&#8220;][vc_column width=&#8220;1\/3&#8243; offset=&#8220;vc_col-xs-12&#8243;][vc_column_text css=&#8220;.vc_custom_1676489035460{margin-bottom: 50px !important;}&#8220;]<\/p>\n<h2 style=\"font-size: 30px; line-height: 35px; text-transform: uppercase; color: #405272;\">Relax<br \/>\n<span style=\"color: #dcb5be;\">Room.<\/span><\/h2>\n<p>[\/vc_column_text][vc_column_text css=&#8220;.vc_custom_1676489168945{margin-bottom: 0px !important;}&#8220;]Chcemy, by Wasz pobyt w Hola Gdynia, by\u0142 jak najbardziej komfortowy! Z t\u0105 w\u0142a\u015bnie my\u015bl\u0105 stworzyli\u015bmy przestrze\u0144 relaksu na poziomie -1.<\/p>\n<p>Relax Room \u0142\u0105czy si\u0119 bezpo\u015brednio z kuchni\u0105 i sal\u0105 \u015bniadaniow\u0105.<\/p>\n<p>Mo\u017cecie tu roz\u0142o\u017cy\u0107 si\u0119 na wygodnych kanapach, obejrze\u0107 telewizj\u0119 lub zagra\u0107 w gry na konsolach. Mamy te\u017c co\u015b dla wielbicieli plansz\u00f3wek. Scrabble, Jenga i Taboo z pewno\u015bci\u0105 umil\u0105 Wam czas.<\/p>\n<p>Poza tym warto wiedzie\u0107, \u017ce w\u0142a\u015bnie tu znajduje si\u0119 ekspres do kawy, kt\u00f3ry jest ca\u0142\u0105 dobb\u0119 bezp\u0142atnie dost\u0119pny dla naszych go\u015bci.[\/vc_column_text][\/vc_column][vc_column width=&#8220;2\/3&#8243; offset=&#8220;vc_col-lg-offset-1 vc_col-lg-7 vc_col-md-offset-0 vc_col-md-8 vc_col-sm-offset-0 vc_col-xs-12&#8243; css=&#8220;.vc_custom_1554818202251{padding-right: 8px !important;padding-left: 8px !important;}&#8220;][vc_gallery type=&#8220;image_grid&#8220; images=&#8220;2447,2446&#8243; img_size=&#8220;309&#215;411&#8243; onclick=&#8220;&#8220; css=&#8220;&#8220;][\/vc_column][\/vc_row][vc_row wrap_container=&#8220;true&#8220; css=&#8220;.vc_custom_1676488433792{margin-top: 20px !important;}&#8220; el_id=&#8220;everything-right-bottom-section&#8220;][vc_column][vc_row_inner content_placement=&#8220;top&#8220;][vc_column_inner][vc_gallery type=&#8220;image_grid&#8220; images=&#8220;6557,2762,2763,6563,6569,6595,6589,6591&#8243; img_size=&#8220;260&#215;260&#8243; css=&#8220;.vc_custom_1676489417216{padding-top: 20px !important;}&#8220;][\/vc_column_inner][\/vc_row_inner][vc_empty_space height=&#8220;25px&#8220;][vc_column_text css=&#8220;.vc_custom_1676489483005{margin-bottom: 0px !important;}&#8220;]<\/p>\n<h1 style=\"text-align: center;\"><a href=\"https:\/\/hello.gdynia.pl\/service\/relax-room\/#\"><u>Sprawd\u017acie nasze oferty pobytowe i wpadajcie do Hola Gdynia!<\/u><\/a><\/h1>\n<p>[\/vc_column_text][vc_empty_space height=&#8220;50px&#8220;][\/vc_column][\/vc_row][vc_row wrap_container=&#8220;true&#8220; css=&#8220;.vc_custom_1677677125809{margin-top: 40px !important;padding-top: 60px !important;padding-bottom: 60px !important;background-color: #f4f4f4 !important;}&#8220;][vc_column offset=&#8220;vc_hidden-sm vc_hidden-xs&#8220;][vc_row_inner el_id=&#8220;icon-box-section&#8220;][vc_column_inner width=&#8220;1\/6&#8243; offset=&#8220;vc_col-lg-2 vc_col-md-3 vc_col-xs-12&#8243;][vc_single_image image=&#8220;4929&#8243; alignment=&#8220;center&#8220; css=&#8220;&#8220;][\/vc_column_inner][vc_column_inner width=&#8220;1\/6&#8243; offset=&#8220;vc_col-lg-2 vc_col-md-3 vc_col-xs-12&#8243;][vc_single_image image=&#8220;4935&#8243; alignment=&#8220;center&#8220; css=&#8220;&#8220;][\/vc_column_inner][vc_column_inner width=&#8220;1\/6&#8243; offset=&#8220;vc_col-lg-2 vc_col-md-3 vc_col-xs-12&#8243;][vc_single_image image=&#8220;4926&#8243; alignment=&#8220;center&#8220; css=&#8220;&#8220;][\/vc_column_inner][vc_column_inner width=&#8220;1\/6&#8243; offset=&#8220;vc_col-lg-2 vc_col-md-3&#8243;][vc_single_image image=&#8220;4932&#8243; alignment=&#8220;center&#8220; css=&#8220;&#8220;][\/vc_column_inner][vc_column_inner width=&#8220;1\/6&#8243; offset=&#8220;vc_col-lg-2 vc_col-md-3&#8243;][vc_single_image image=&#8220;4923&#8243; alignment=&#8220;center&#8220; css=&#8220;&#8220;][\/vc_column_inner][vc_column_inner width=&#8220;1\/6&#8243; offset=&#8220;vc_col-lg-2 vc_col-md-3&#8243;][vc_single_image image=&#8220;4920&#8243; alignment=&#8220;center&#8220; css=&#8220;&#8220;][\/vc_column_inner][\/vc_row_inner][\/vc_column][\/vc_row][vc_row][vc_column css=&#8220;.vc_custom_1554820984708{padding-top: 0px !important;padding-right: 0px !important;padding-left: 0px !important;}&#8220;]\n\t\t\t\t<p class=\"rs-p-wp-fix\"><\/p>\n\t\t\t\t<sr7-module data-alias=\"content_slider\" data-id=\"1\" id=\"SR7_1_1\" class=\"rs-ov-hidden\" data-version=\"6.7.23\">\n\t\t\t\t\t<sr7-adjuster><\/sr7-adjuster>\n\t\t\t\t\t<sr7-content>\n\t\t\t\t\t\t<sr7-slide id=\"SR7_1_1-1\" data-key=\"1\">\n\t\t\t\t\t\t\t<sr7-bg id=\"SR7_1_1-1-2\" class=\"sr7-layer\"><noscript><img decoding=\"async\" src=\"https:\/\/hola.gdynia.pl\/wp-content\/uploads\/2023\/02\/Molo-Poludniowe-Skwer-Kosciuszki-centrum-hotel-gdynia.jpg\" alt=\"Molo Po\u0142udniowe Atrakcje Gdynia\" title=\"\"><\/noscript><\/sr7-bg>\n\t\t\t\t\t\t<\/sr7-slide>\n\t\t\t\t\t\t<sr7-slide id=\"SR7_1_1-22\" data-key=\"22\">\n\t\t\t\t\t\t<\/sr7-slide>\n\t\t\t\t\t<\/sr7-content>\n\t\t\t\t\t<image_lists style=\"display:none\">\n\t\t\t\t\t\t<img data-src=\"\/\/hola.gdynia.pl\/wp-content\/uploads\/2023\/02\/Molo-Poludniowe-Skwer-Kosciuszki-centrum-hotel-gdynia.jpg\" width=\"0\" height=\"0\" data-dbsrc=\"Ly9ob2xhLmdkeW5pYS5wbC93cC1jb250ZW50L3VwbG9hZHMvMjAyMy8wMi9Nb2xvLVBvbHVkbmlvd2UtU2t3ZXItS29zY2l1c3praS1jZW50cnVtLWhvdGVsLWdkeW5pYS5qcGc=\"\/>\n\t\t\t\t\t<\/image_lists>\n\t\t\t\t<\/sr7-module>\n\t\t\t\t<script>\n\t\t\t\t\tSR7.PMH ??={}; SR7.PMH[\"SR7_1_1\"] = {cn:100,state:false,fn: function() { if (_tpt!==undefined && _tpt.prepareModuleHeight !== undefined) {  _tpt.prepareModuleHeight({id:\"SR7_1_1\",el:[520,520,450,350,250],type:'hero',shdw:'0',gh:[520,520,450,350,250],gw:[1240,1240,1024,778,480],vpt:['-200px&#039;,&#039;-200px&#039;,&#039;-200px&#039;,&#039;-200px&#039;,&#039;-200px'],size:{fullWidth:false, fullHeight:false},mh:'0',onh:0,onw:0,bg:{color:'{\"type\":\"solid\",\"orig\":\"#0e121d\",\"string\":\"rgba(14, 18, 29, 1)\"}'},plType:'2',plColor:'#FFFFFF'});   SR7.PMH[\"SR7_1_1\"].state=true;} else if(SR7.PMH[\"SR7_1_1\"].cn-->0)\tsetTimeout( SR7.PMH[\"SR7_1_1\"].fn,19);}};SR7.PMH[\"SR7_1_1\" ].fn();\n\t\t\t\t<\/script>\n[\/vc_column][\/vc_row]<\/p>\n<\/div>","protected":false},"excerpt":{"rendered":"<p>[vc_row full_width=&#8220;stretch_row&#8220; wrap_container=&#8220;true&#8220; el_id=&#8220;everything-right-section&#8220;][vc_column width=&#8220;1\/3&#8243; offset=&#8220;vc_col-xs-12&#8243;][vc_column_text css=&#8220;.vc_custom_1676489035460{margin-bottom: 50px !important;}&#8220;] Relax Room. [\/vc_column_text][vc_column_text css=&#8220;.vc_custom_1676489168945{margin-bottom: 0px !important;}&#8220;]Chcemy, by Wasz pobyt w Hola Gdynia, by\u0142 jak najbardziej komfortowy! Z t\u0105 w\u0142a\u015bnie my\u015bl\u0105 stworzyli\u015bmy przestrze\u0144 relaksu na poziomie -1. Relax Room \u0142\u0105czy si\u0119 bezpo\u015brednio z kuchni\u0105 i sal\u0105 \u015bniadaniow\u0105. Mo\u017cecie tu roz\u0142o\u017cy\u0107 si\u0119 na wygodnych kanapach, obejrze\u0107 telewizj\u0119 lub [&hellip;]<\/p>\n","protected":false},"author":1,"featured_media":2446,"parent":0,"menu_order":0,"comment_status":"closed","ping_status":"closed","template":"","meta":{"inline_featured_image":false,"footnotes":""},"class_list":["post-2673","page","type-page","status-publish","has-post-thumbnail","hentry"],"yoast_head":"<!-- This site is optimized with the Yoast SEO Premium plugin v24.4 (Yoast SEO v27.5) - https:\/\/yoast.com\/product\/yoast-seo-premium-wordpress\/ -->\n<title>Ruheraum - Zatrzymaj si\u0119 w klimatycznym hotelu w centrum Gdyni<\/title>\n<meta name=\"description\" content=\"Entspannen Sie im Relax Room mit Sauna, Liegen und leiser Musik \u2013 Ihre Ruheoase im Hotel Hola Gdynia.\" \/>\n<meta name=\"robots\" content=\"index, follow, max-snippet:-1, max-image-preview:large, max-video-preview:-1\" \/>\n<link rel=\"canonical\" href=\"https:\/\/hola.gdynia.pl\/de\/relax-room\/\" \/>\n<meta property=\"og:locale\" content=\"de_DE\" \/>\n<meta property=\"og:type\" content=\"article\" \/>\n<meta property=\"og:title\" content=\"Ruheraum\" \/>\n<meta property=\"og:description\" content=\"Entspannen Sie im Relax Room mit Sauna, Liegen und leiser Musik \u2013 Ihre Ruheoase im Hotel Hola Gdynia.\" \/>\n<meta property=\"og:url\" content=\"https:\/\/hola.gdynia.pl\/de\/relax-room\/\" \/>\n<meta property=\"og:site_name\" content=\"Zatrzymaj si\u0119 w klimatycznym hotelu w centrum Gdyni\" \/>\n<meta property=\"article:publisher\" content=\"https:\/\/www.facebook.com\/holagdynia\" \/>\n<meta property=\"article:modified_time\" content=\"2025-03-29T07:00:14+00:00\" \/>\n<meta property=\"og:image\" content=\"https:\/\/hola.gdynia.pl\/wp-content\/uploads\/2023\/02\/Relaks-Room-sala-zabawy3.jpg\" \/>\n\t<meta property=\"og:image:width\" content=\"900\" \/>\n\t<meta property=\"og:image:height\" content=\"1200\" \/>\n\t<meta property=\"og:image:type\" content=\"image\/jpeg\" \/>\n<meta name=\"twitter:card\" content=\"summary_large_image\" \/>\n<meta name=\"twitter:label1\" content=\"Gesch\u00e4tzte Lesezeit\" \/>\n\t<meta name=\"twitter:data1\" content=\"2\u00a0Minuten\" \/>\n<script type=\"application\/ld+json\" class=\"yoast-schema-graph\">{\"@context\":\"https:\\\/\\\/schema.org\",\"@graph\":[{\"@type\":\"WebPage\",\"@id\":\"https:\\\/\\\/hola.gdynia.pl\\\/de\\\/relax-room\\\/\",\"url\":\"https:\\\/\\\/hola.gdynia.pl\\\/de\\\/relax-room\\\/\",\"name\":\"Ruheraum - Zatrzymaj si\u0119 w klimatycznym hotelu w centrum Gdyni\",\"isPartOf\":{\"@id\":\"https:\\\/\\\/hola.gdynia.pl\\\/de\\\/#website\"},\"primaryImageOfPage\":{\"@id\":\"https:\\\/\\\/hola.gdynia.pl\\\/de\\\/relax-room\\\/#primaryimage\"},\"image\":{\"@id\":\"https:\\\/\\\/hola.gdynia.pl\\\/de\\\/relax-room\\\/#primaryimage\"},\"thumbnailUrl\":\"https:\\\/\\\/hola.gdynia.pl\\\/wp-content\\\/uploads\\\/2023\\\/02\\\/Relaks-Room-sala-zabawy3.jpg\",\"datePublished\":\"2023-02-15T19:26:27+00:00\",\"dateModified\":\"2025-03-29T07:00:14+00:00\",\"description\":\"Entspannen Sie im Relax Room mit Sauna, Liegen und leiser Musik \u2013 Ihre Ruheoase im Hotel Hola Gdynia.\",\"breadcrumb\":{\"@id\":\"https:\\\/\\\/hola.gdynia.pl\\\/de\\\/relax-room\\\/#breadcrumb\"},\"inLanguage\":\"de\",\"potentialAction\":[{\"@type\":\"ReadAction\",\"target\":[\"https:\\\/\\\/hola.gdynia.pl\\\/de\\\/relax-room\\\/\"]}]},{\"@type\":\"ImageObject\",\"inLanguage\":\"de\",\"@id\":\"https:\\\/\\\/hola.gdynia.pl\\\/de\\\/relax-room\\\/#primaryimage\",\"url\":\"https:\\\/\\\/hola.gdynia.pl\\\/wp-content\\\/uploads\\\/2023\\\/02\\\/Relaks-Room-sala-zabawy3.jpg\",\"contentUrl\":\"https:\\\/\\\/hola.gdynia.pl\\\/wp-content\\\/uploads\\\/2023\\\/02\\\/Relaks-Room-sala-zabawy3.jpg\",\"width\":900,\"height\":1200},{\"@type\":\"BreadcrumbList\",\"@id\":\"https:\\\/\\\/hola.gdynia.pl\\\/de\\\/relax-room\\\/#breadcrumb\",\"itemListElement\":[{\"@type\":\"ListItem\",\"position\":1,\"name\":\"Home\",\"item\":\"https:\\\/\\\/hola.gdynia.pl\\\/de\\\/\"},{\"@type\":\"ListItem\",\"position\":2,\"name\":\"Ruheraum\"}]},{\"@type\":\"WebSite\",\"@id\":\"https:\\\/\\\/hola.gdynia.pl\\\/de\\\/#website\",\"url\":\"https:\\\/\\\/hola.gdynia.pl\\\/de\\\/\",\"name\":\"Zatrzymaj si\u0119 w klimatycznym hotelu w centrum Gdyni\",\"description\":\"Szukasz noclegu w Gdyni? Wybierz nasz nowo otwarty obiekt hotelowy po\u0142o\u017cony blisko morza: 42 pokoje, otwarty dost\u0119p do kuchni, winda, bezp\u0142atny parking!\",\"publisher\":{\"@id\":\"https:\\\/\\\/hola.gdynia.pl\\\/de\\\/#organization\"},\"potentialAction\":[{\"@type\":\"SearchAction\",\"target\":{\"@type\":\"EntryPoint\",\"urlTemplate\":\"https:\\\/\\\/hola.gdynia.pl\\\/de\\\/?s={search_term_string}\"},\"query-input\":{\"@type\":\"PropertyValueSpecification\",\"valueRequired\":true,\"valueName\":\"search_term_string\"}}],\"inLanguage\":\"de\"},{\"@type\":\"Organization\",\"@id\":\"https:\\\/\\\/hola.gdynia.pl\\\/de\\\/#organization\",\"name\":\"Zatrzymaj si\u0119 w klimatycznym hotelu w centrum Gdyni\",\"url\":\"https:\\\/\\\/hola.gdynia.pl\\\/de\\\/\",\"logo\":{\"@type\":\"ImageObject\",\"inLanguage\":\"de\",\"@id\":\"https:\\\/\\\/hola.gdynia.pl\\\/de\\\/#\\\/schema\\\/logo\\\/image\\\/\",\"url\":\"https:\\\/\\\/hola.gdynia.pl\\\/wp-content\\\/uploads\\\/2023\\\/02\\\/logoHOLA.svg\",\"contentUrl\":\"https:\\\/\\\/hola.gdynia.pl\\\/wp-content\\\/uploads\\\/2023\\\/02\\\/logoHOLA.svg\",\"width\":200,\"height\":66,\"caption\":\"Zatrzymaj si\u0119 w klimatycznym hotelu w centrum Gdyni\"},\"image\":{\"@id\":\"https:\\\/\\\/hola.gdynia.pl\\\/de\\\/#\\\/schema\\\/logo\\\/image\\\/\"},\"sameAs\":[\"https:\\\/\\\/www.facebook.com\\\/holagdynia\"]}]}<\/script>\n<!-- \/ Yoast SEO Premium plugin. -->","yoast_head_json":{"title":"Ruheraum - Zatrzymaj si\u0119 w klimatycznym hotelu w centrum Gdyni","description":"Entspannen Sie im Relax Room mit Sauna, Liegen und leiser Musik \u2013 Ihre Ruheoase im Hotel Hola Gdynia.","robots":{"index":"index","follow":"follow","max-snippet":"max-snippet:-1","max-image-preview":"max-image-preview:large","max-video-preview":"max-video-preview:-1"},"canonical":"https:\/\/hola.gdynia.pl\/de\/relax-room\/","og_locale":"de_DE","og_type":"article","og_title":"Ruheraum","og_description":"Entspannen Sie im Relax Room mit Sauna, Liegen und leiser Musik \u2013 Ihre Ruheoase im Hotel Hola Gdynia.","og_url":"https:\/\/hola.gdynia.pl\/de\/relax-room\/","og_site_name":"Zatrzymaj si\u0119 w klimatycznym hotelu w centrum Gdyni","article_publisher":"https:\/\/www.facebook.com\/holagdynia","article_modified_time":"2025-03-29T07:00:14+00:00","og_image":[{"width":900,"height":1200,"url":"https:\/\/hola.gdynia.pl\/wp-content\/uploads\/2023\/02\/Relaks-Room-sala-zabawy3.jpg","type":"image\/jpeg"}],"twitter_card":"summary_large_image","twitter_misc":{"Gesch\u00e4tzte Lesezeit":"2\u00a0Minuten"},"schema":{"@context":"https:\/\/schema.org","@graph":[{"@type":"WebPage","@id":"https:\/\/hola.gdynia.pl\/de\/relax-room\/","url":"https:\/\/hola.gdynia.pl\/de\/relax-room\/","name":"Ruheraum - Zatrzymaj si\u0119 w klimatycznym hotelu w centrum Gdyni","isPartOf":{"@id":"https:\/\/hola.gdynia.pl\/de\/#website"},"primaryImageOfPage":{"@id":"https:\/\/hola.gdynia.pl\/de\/relax-room\/#primaryimage"},"image":{"@id":"https:\/\/hola.gdynia.pl\/de\/relax-room\/#primaryimage"},"thumbnailUrl":"https:\/\/hola.gdynia.pl\/wp-content\/uploads\/2023\/02\/Relaks-Room-sala-zabawy3.jpg","datePublished":"2023-02-15T19:26:27+00:00","dateModified":"2025-03-29T07:00:14+00:00","description":"Entspannen Sie im Relax Room mit Sauna, Liegen und leiser Musik \u2013 Ihre Ruheoase im Hotel Hola Gdynia.","breadcrumb":{"@id":"https:\/\/hola.gdynia.pl\/de\/relax-room\/#breadcrumb"},"inLanguage":"de","potentialAction":[{"@type":"ReadAction","target":["https:\/\/hola.gdynia.pl\/de\/relax-room\/"]}]},{"@type":"ImageObject","inLanguage":"de","@id":"https:\/\/hola.gdynia.pl\/de\/relax-room\/#primaryimage","url":"https:\/\/hola.gdynia.pl\/wp-content\/uploads\/2023\/02\/Relaks-Room-sala-zabawy3.jpg","contentUrl":"https:\/\/hola.gdynia.pl\/wp-content\/uploads\/2023\/02\/Relaks-Room-sala-zabawy3.jpg","width":900,"height":1200},{"@type":"BreadcrumbList","@id":"https:\/\/hola.gdynia.pl\/de\/relax-room\/#breadcrumb","itemListElement":[{"@type":"ListItem","position":1,"name":"Home","item":"https:\/\/hola.gdynia.pl\/de\/"},{"@type":"ListItem","position":2,"name":"Ruheraum"}]},{"@type":"WebSite","@id":"https:\/\/hola.gdynia.pl\/de\/#website","url":"https:\/\/hola.gdynia.pl\/de\/","name":"Zatrzymaj si\u0119 w klimatycznym hotelu w centrum Gdyni","description":"Szukasz noclegu w Gdyni? Wybierz nasz nowo otwarty obiekt hotelowy po\u0142o\u017cony blisko morza: 42 pokoje, otwarty dost\u0119p do kuchni, winda, bezp\u0142atny parking!","publisher":{"@id":"https:\/\/hola.gdynia.pl\/de\/#organization"},"potentialAction":[{"@type":"SearchAction","target":{"@type":"EntryPoint","urlTemplate":"https:\/\/hola.gdynia.pl\/de\/?s={search_term_string}"},"query-input":{"@type":"PropertyValueSpecification","valueRequired":true,"valueName":"search_term_string"}}],"inLanguage":"de"},{"@type":"Organization","@id":"https:\/\/hola.gdynia.pl\/de\/#organization","name":"Zatrzymaj si\u0119 w klimatycznym hotelu w centrum Gdyni","url":"https:\/\/hola.gdynia.pl\/de\/","logo":{"@type":"ImageObject","inLanguage":"de","@id":"https:\/\/hola.gdynia.pl\/de\/#\/schema\/logo\/image\/","url":"https:\/\/hola.gdynia.pl\/wp-content\/uploads\/2023\/02\/logoHOLA.svg","contentUrl":"https:\/\/hola.gdynia.pl\/wp-content\/uploads\/2023\/02\/logoHOLA.svg","width":200,"height":66,"caption":"Zatrzymaj si\u0119 w klimatycznym hotelu w centrum Gdyni"},"image":{"@id":"https:\/\/hola.gdynia.pl\/de\/#\/schema\/logo\/image\/"},"sameAs":["https:\/\/www.facebook.com\/holagdynia"]}]}},"_links":{"self":[{"href":"https:\/\/hola.gdynia.pl\/de\/wp-json\/wp\/v2\/pages\/2673","targetHints":{"allow":["GET"]}}],"collection":[{"href":"https:\/\/hola.gdynia.pl\/de\/wp-json\/wp\/v2\/pages"}],"about":[{"href":"https:\/\/hola.gdynia.pl\/de\/wp-json\/wp\/v2\/types\/page"}],"author":[{"embeddable":true,"href":"https:\/\/hola.gdynia.pl\/de\/wp-json\/wp\/v2\/users\/1"}],"replies":[{"embeddable":true,"href":"https:\/\/hola.gdynia.pl\/de\/wp-json\/wp\/v2\/comments?post=2673"}],"version-history":[{"count":2,"href":"https:\/\/hola.gdynia.pl\/de\/wp-json\/wp\/v2\/pages\/2673\/revisions"}],"predecessor-version":[{"id":6826,"href":"https:\/\/hola.gdynia.pl\/de\/wp-json\/wp\/v2\/pages\/2673\/revisions\/6826"}],"wp:featuredmedia":[{"embeddable":true,"href":"https:\/\/hola.gdynia.pl\/de\/wp-json\/wp\/v2\/media\/2446"}],"wp:attachment":[{"href":"https:\/\/hola.gdynia.pl\/de\/wp-json\/wp\/v2\/media?parent=2673"}],"curies":[{"name":"wp","href":"https:\/\/api.w.org\/{rel}","templated":true}]}}