{"id":2653,"date":"2019-04-10T11:21:48","date_gmt":"2019-04-10T09:21:48","guid":{"rendered":"https:\/\/hola.gdynia.pl\/pytania-i-odpowiedzi\/"},"modified":"2025-10-31T18:24:52","modified_gmt":"2025-10-31T17:24:52","slug":"faq","status":"publish","type":"page","link":"https:\/\/hola.gdynia.pl\/de\/faq\/","title":{"rendered":"FAQ"},"content":{"rendered":"<div class=\"wpb-content-wrapper\"><p>[vc_row wrap_container=&#8220;true&#8220; el_id=&#8220;term-condition-section&#8220;][vc_column width=&#8220;2\/3&#8243; css=&#8220;.vc_custom_1554912973183{padding-top: 0px !important;}&#8220; offset=&#8220;vc_col-lg-offset-0 vc_col-lg-8 vc_col-md-offset-0 vc_col-md-8 vc_col-sm-offset-2 vc_col-xs-12&#8243;][vc_custom_heading text=&#8220;FAQ &#8211; H\u00e4ufig gestellte Fragen und unsere Antworten&#8220; font_container=&#8220;tag:h2|font_size:30px|text_align:left|color:%23252c41|line_height:35px&#8220; use_theme_fonts=&#8220;yes&#8220; css=&#8220;.vc_custom_1680524600319{margin-top: 0px !important;margin-bottom: 30px !important;}&#8220;][vc_tta_accordion shape=&#8220;square&#8220; color=&#8220;white&#8220; c_position=&#8220;right&#8220; active_section=&#8220;1&#8243; no_fill=&#8220;true&#8220; collapsible_all=&#8220;true&#8220; css=&#8220;.vc_custom_1554900052959{margin-bottom: 60px !important;}&#8220;][vc_tta_section title=&#8220;Gibt es im Hola Gdynia Parkpl\u00e4tze?&#8220; tab_id=&#8220;1537973127598-bec4ff35-a7bc&#8220;][vc_column_text css=&#8220;&#8220;]<b>Parken in der N\u00e4he. <\/b>Hola Gdynia befindet sich in einer geb\u00fchrenpflichtigen Parkzone (Kosten bis zu 85 PLN pro Tag). Wir haben jedoch eine L\u00f6sung f\u00fcr Sie gefunden und unsere G\u00e4ste k\u00f6nnen gerne den 800 Meter vom Geb\u00e4ude entfernten Parkplatz in der Obro\u0144c\u00f3w Wybrze\u017ca Stra\u00dfe 6 nutzen. Die Kosten f\u00fcr den Parkplatz betragen 50 PLN pro Tag.[\/vc_column_text][\/vc_tta_section][vc_tta_section title=&#8220;Ist es m\u00f6glich, direkt vor dem Hola Gdynia zu parken?&#8220; tab_id=&#8220;1537973127621-91a19ed4-35c6&#8243;][vc_column_text]Die Starowiejska Stra\u00dfe befindet sich im Zentrum von Gdynia und liegt daher in einer geb\u00fchrenpflichtigen Parkzone (<a href=\"https:\/\/www.zdiz.gdynia.pl\/parkowanie\/mapa-strefy-platnego-parkowania\/\">blaue Farbe<\/a>). Das Parken ist hier m\u00f6glich, aber mit einer zus\u00e4tzlichen Geb\u00fchr verbunden, auch am Wochenende.[\/vc_column_text][\/vc_tta_section][vc_tta_section title=&#8220;Gibt es im Hola Gdynia ein Fr\u00fchst\u00fcck?&#8220; tab_id=&#8220;1537973127634-a108cea2-5946&#8243;][vc_column_text css=&#8220;&#8220;]Wir servieren Ihnen t\u00e4glich von 7 bis 10 Uhr ein Fr\u00fchst\u00fcck. Die Kosten f\u00fcr das Fr\u00fchst\u00fcck f\u00fcr eine Person &#8211; sofern es nicht bereits im Paket enthalten ist &#8211; betragen 54 PLN. F\u00fcr diese erste Mahlzeit des Tages bieten wir unseren G\u00e4sten: R\u00fchrei, Spiegelei, Omelett, Wurst, W\u00fcrstchen, Aufschnitt, K\u00e4se, M\u00fcsli, Joghurt, Brot. Sehr guter Kaffee aus der Kaffeemaschine ist nat\u00fcrlich auch vorhanden. Je nach Anzahl der G\u00e4ste wird das Fr\u00fchst\u00fcck in Buffetform oder als servierte Option serviert. Zum Fr\u00fchst\u00fcck sind die G\u00e4ste auf Ebene -1 willkommen.[\/vc_column_text][\/vc_tta_section][vc_tta_section title=&#8220;Wie sind die Check-in-Zeiten?&#8220; tab_id=&#8220;1676461816836-17de02ba-fc94&#8243;][vc_column_text]Der Check-in beginnt um 14.00 Uhr. Im Hola Gdynia haben wir eine traditionelle Rezeption mit freundlichem Personal, aber wir haben uns auch auf die M\u00f6glichkeit des Selbstbedienungszugangs zum Zimmer konzentriert. Daher ist es m\u00f6glich, rund um die Uhr einzuchecken. Auch w\u00e4hrend der Nachtstunden.<br \/>\nDie Check-in-Zeit ist 11 Uhr. Wir versuchen nat\u00fcrlich, auf Anfrage fr\u00fchere Check-in-Zeiten oder sp\u00e4tere Check-out-Zeiten zu erm\u00f6glichen. Dies ist jedoch eine Frage der individuellen Vereinbarung und h\u00e4ngt von der Verf\u00fcgbarkeit der Zimmer an dem betreffenden Tag ab.[\/vc_column_text][\/vc_tta_section][vc_tta_section title=&#8220;Wie funktioniert der Selbstbedienungs-Check-in?&#8220; tab_id=&#8220;1676464962567-85bf475e-a91f&#8220;][vc_column_text]In der Nachricht senden wir Ihnen den Code f\u00fcr die Eingangst\u00fcr. In der Vorhalle liegt eine Zimmerkarte f\u00fcr die n\u00e4chste T\u00fcr im Dispatcher bereit. Mit der Karte kann der Gast direkt in sein Zimmer gehen (er muss nicht am Computerschalter einchecken).[\/vc_column_text][\/vc_tta_section][vc_tta_section title=&#8220;Kann ich mit einem Hund oder einer Katze kommen? Wie hoch ist die Geb\u00fchr f\u00fcr Haustiere?&#8220; tab_id=&#8220;1676465025136-4283780c-6020&#8243;][vc_column_text]Sie sind herzlich willkommen! Bitte informieren Sie uns im Voraus, dass Sie mit Ihrem Haustier anreisen werden. Wir erheben keine Geb\u00fchr f\u00fcr Haustiere.<br \/>\nWir haben auch ein Restaurant in der N\u00e4he, das ein Hundebuffet anbietet![\/vc_column_text][\/vc_tta_section][vc_tta_section title=&#8220;Da Sie sich in einem historischen Geb\u00e4ude befinden, haben Sie einen Aufzug?&#8220; tab_id=&#8220;1676465047317-87f03e77-18a9&#8243;][vc_column_text]Ja. Unser Geb\u00e4ude wurde umfassend modernisiert, so dass unseren G\u00e4sten ein gro\u00dfer Aufzug zur Verf\u00fcgung steht, in den sogar ein Kinderwagen problemlos hineinpasst.[\/vc_column_text][\/vc_tta_section][vc_tta_section title=&#8220;Gibt es im Hola Gdynia ein Restaurant?&#8220; tab_id=&#8220;1676465067569-a4e5c560-b7ef&#8220;][vc_column_text]Im Hola Gdynia servieren wir nur Fr\u00fchst\u00fcck, aber im selben Geb\u00e4ude befindet sich unser freundliches Restaurant Mandu, das in der Dreistadt f\u00fcr seine k\u00f6stlichen Kn\u00f6del und seine einzigartige Atmosph\u00e4re bekannt ist! Das Restaurant hat eine sch\u00f6ne Kinderecke und eine Speisekarte f\u00fcr die Kleinen.<br \/>\n<a href=\"https:\/\/pierogarnia-mandu.pl\/gdynia\/menu\/\">Sehen Sie sich die Speisekarte an!<\/a>[\/vc_column_text][\/vc_tta_section][vc_tta_section title=&#8220;Welche Einrichtungen haben Sie f\u00fcr Familien mit Kindern?&#8220; tab_id=&#8220;1676465097893-16fc4be1-60db&#8220;][vc_column_text]F\u00fcr unsere kleinsten G\u00e4ste haben wir Reisebetten mit Bettzeug. Wir haben einen Wasserkocher und einen Haartrockner in den Zimmern (ob Sie ihn zum Schlafen brauchen, ist unterschiedlich \ud83d\ude09 ).<\/p>\n<p>Unser Fr\u00fchst\u00fccksraum mit K\u00fcche steht den G\u00e4sten rund um die Uhr zur Verf\u00fcgung, so dass es kein Problem ist, sich jederzeit selbst etwas zu kochen.<\/p>\n<p>Direkt neben der K\u00fcche befindet sich der Entspannungsraum. Dort warten bequeme Sofas, Brettspiele und Spielkonsolen auf unsere G\u00e4ste.<br \/>\nUnsere G\u00e4ste haben auch jederzeit Zugang zu einer Kaffeemaschine mit aromatischem Kaffee.[\/vc_column_text][\/vc_tta_section][vc_tta_section title=&#8220;Ist es m\u00f6glich, Gep\u00e4ck aufzubewahren?&#8220; tab_id=&#8220;1680524880144-d66f5832-f3ff&#8220;][vc_column_text]Ja, wir haben einen Gep\u00e4ckraum.[\/vc_column_text][\/vc_tta_section][\/vc_tta_accordion][\/vc_column][vc_column width=&#8220;2\/3&#8243; offset=&#8220;vc_col-lg-offset-0 vc_col-lg-4 vc_col-md-offset-0 vc_col-md-4 vc_col-sm-offset-2 vc_col-xs-12&#8243;][vc_row_inner css=&#8220;.vc_custom_1554900553647{padding-right: 15px !important;padding-left: 15px !important;}&#8220;][vc_column_inner css=&#8220;.vc_custom_1554902260244{padding-top: 35px !important;padding-right: 30px !important;padding-bottom: 35px !important;padding-left: 30px !important;background-color: #f3f3f6 !important;}&#8220; el_id=&#8220;term-condition-form&#8220;][vc_custom_heading text=&#8220;Etwas vermissen? Frag uns&#8220; font_container=&#8220;tag:h2|font_size:17px|text_align:center|color:%23252c41|line_height:23px&#8220; google_fonts=&#8220;font_family:Roboto%20Slab%3A100%2C300%2Cregular%2C700|font_style:700%20bold%20regular%3A700%3Anormal&#8220; css=&#8220;.vc_custom_1680525818000{margin-top: 0px !important;margin-bottom: 25px !important;}&#8220;]\n<div class=\"wpcf7 no-js\" id=\"wpcf7-f2986-o1\" lang=\"de-DE\" dir=\"ltr\" data-wpcf7-id=\"2986\">\n<div class=\"screen-reader-response\"><p role=\"status\" aria-live=\"polite\" aria-atomic=\"true\"><\/p> <ul><\/ul><\/div>\n<form action=\"\/de\/wp-json\/wp\/v2\/pages\/2653#wpcf7-f2986-o1\" method=\"post\" class=\"wpcf7-form init\" aria-label=\"Kontaktformular\" novalidate=\"novalidate\" data-status=\"init\">\n<fieldset class=\"hidden-fields-container\"><input type=\"hidden\" name=\"_wpcf7\" value=\"2986\" \/><input type=\"hidden\" name=\"_wpcf7_version\" value=\"6.1.5\" \/><input type=\"hidden\" name=\"_wpcf7_locale\" value=\"de_DE\" \/><input type=\"hidden\" name=\"_wpcf7_unit_tag\" value=\"wpcf7-f2986-o1\" \/><input type=\"hidden\" name=\"_wpcf7_container_post\" value=\"0\" \/><input type=\"hidden\" name=\"_wpcf7_posted_data_hash\" value=\"\" \/>\n<\/fieldset>\n<div class=\"row\">\n\t<div class=\"col-md-12 form-group full-name-field\">\n\t\t<p><span class=\"wpcf7-form-control-wrap\" data-name=\"your-name\"><input size=\"40\" maxlength=\"400\" class=\"wpcf7-form-control wpcf7-text wpcf7-validates-as-required\" aria-required=\"true\" aria-invalid=\"false\" placeholder=\"Name\" value=\"\" type=\"text\" name=\"your-name\" \/><\/span>\n\t\t<\/p>\n\t<\/div>\n\t<div class=\"col-md-12 form-group email-field\">\n\t\t<p><span class=\"wpcf7-form-control-wrap\" data-name=\"your-email\"><input size=\"40\" maxlength=\"400\" class=\"wpcf7-form-control wpcf7-email wpcf7-validates-as-required wpcf7-text wpcf7-validates-as-email\" aria-required=\"true\" aria-invalid=\"false\" placeholder=\"Email\" value=\"\" type=\"email\" name=\"your-email\" \/><\/span>\n\t\t<\/p>\n\t<\/div>\n\t<div class=\"col-md-12 form-group subject-field\">\n\t\t<p><span class=\"wpcf7-form-control-wrap\" data-name=\"your-message\"><textarea cols=\"40\" rows=\"10\" maxlength=\"2000\" class=\"wpcf7-form-control wpcf7-textarea\" aria-invalid=\"false\" placeholder=\"Nachricht\" name=\"your-message\"><\/textarea><\/span>\n\t\t<\/p>\n\t<\/div>\n<\/div>\n<div class=\"submit-field\">\n\t<p><input class=\"wpcf7-form-control wpcf7-submit has-spinner lordcros-btn primary-clr rectangle-style medium\" type=\"submit\" value=\"Schicken\" \/>\n\t<\/p>\n<\/div><div class=\"wpcf7-response-output\" aria-hidden=\"true\"><\/div>\n<\/form>\n<\/div>\n[\/vc_column_inner][\/vc_row_inner][\/vc_column][\/vc_row]<\/p>\n<\/div>","protected":false},"excerpt":{"rendered":"<p>[vc_row wrap_container=&#8220;true&#8220; el_id=&#8220;term-condition-section&#8220;][vc_column width=&#8220;2\/3&#8243; css=&#8220;.vc_custom_1554912973183{padding-top: 0px !important;}&#8220; offset=&#8220;vc_col-lg-offset-0 vc_col-lg-8 vc_col-md-offset-0 vc_col-md-8 vc_col-sm-offset-2 vc_col-xs-12&#8243;][vc_custom_heading text=&#8220;FAQ &#8211; H\u00e4ufig gestellte Fragen und unsere Antworten&#8220; font_container=&#8220;tag:h2|font_size:30px|text_align:left|color:%23252c41|line_height:35px&#8220; use_theme_fonts=&#8220;yes&#8220; css=&#8220;.vc_custom_1680524600319{margin-top: 0px !important;margin-bottom: 30px !important;}&#8220;][vc_tta_accordion shape=&#8220;square&#8220; color=&#8220;white&#8220; c_position=&#8220;right&#8220; active_section=&#8220;1&#8243; no_fill=&#8220;true&#8220; collapsible_all=&#8220;true&#8220; css=&#8220;.vc_custom_1554900052959{margin-bottom: 60px !important;}&#8220;][vc_tta_section title=&#8220;Gibt es im Hola Gdynia Parkpl\u00e4tze?&#8220; tab_id=&#8220;1537973127598-bec4ff35-a7bc&#8220;][vc_column_text css=&#8220;&#8220;]Parken in der N\u00e4he. Hola Gdynia befindet sich in einer geb\u00fchrenpflichtigen [&hellip;]<\/p>\n","protected":false},"author":1,"featured_media":0,"parent":0,"menu_order":0,"comment_status":"closed","ping_status":"closed","template":"","meta":{"inline_featured_image":false,"footnotes":""},"class_list":["post-2653","page","type-page","status-publish","hentry"],"yoast_head":"<!-- This site is optimized with the Yoast SEO Premium plugin v24.4 (Yoast SEO v27.5) - https:\/\/yoast.com\/product\/yoast-seo-premium-wordpress\/ -->\n<title>FAQ - Zatrzymaj si\u0119 w klimatycznym hotelu w centrum Gdyni<\/title>\n<meta name=\"description\" content=\"Finden Sie Antworten auf h\u00e4ufig gestellte Fragen zu Hola Gdynia Erhalten Sie hilfreiche Informationen f\u00fcr einen angenehmen Aufenthalt in der Stadt\" \/>\n<meta name=\"robots\" content=\"index, follow, max-snippet:-1, max-image-preview:large, max-video-preview:-1\" \/>\n<link rel=\"canonical\" href=\"https:\/\/hola.gdynia.pl\/de\/faq\/\" \/>\n<meta property=\"og:locale\" content=\"de_DE\" \/>\n<meta property=\"og:type\" content=\"article\" \/>\n<meta property=\"og:title\" content=\"FAQ\" \/>\n<meta property=\"og:description\" content=\"Finden Sie Antworten auf h\u00e4ufig gestellte Fragen zu Hola Gdynia Erhalten Sie hilfreiche Informationen f\u00fcr einen angenehmen Aufenthalt in der Stadt\" \/>\n<meta property=\"og:url\" content=\"https:\/\/hola.gdynia.pl\/de\/faq\/\" \/>\n<meta property=\"og:site_name\" content=\"Zatrzymaj si\u0119 w klimatycznym hotelu w centrum Gdyni\" \/>\n<meta property=\"article:publisher\" content=\"https:\/\/www.facebook.com\/holagdynia\" \/>\n<meta property=\"article:modified_time\" content=\"2025-10-31T17:24:52+00:00\" \/>\n<meta property=\"og:image\" content=\"https:\/\/hola.gdynia.pl\/wp-content\/uploads\/2023\/04\/hotel-gdynia-centrum-blisko-plazy-trojmiasto.png\" \/>\n\t<meta property=\"og:image:width\" content=\"1200\" \/>\n\t<meta property=\"og:image:height\" content=\"675\" \/>\n\t<meta property=\"og:image:type\" content=\"image\/png\" \/>\n<meta name=\"twitter:card\" content=\"summary_large_image\" \/>\n<meta name=\"twitter:label1\" content=\"Gesch\u00e4tzte Lesezeit\" \/>\n\t<meta name=\"twitter:data1\" content=\"4\u00a0Minuten\" \/>\n<script type=\"application\/ld+json\" class=\"yoast-schema-graph\">{\"@context\":\"https:\\\/\\\/schema.org\",\"@graph\":[{\"@type\":\"WebPage\",\"@id\":\"https:\\\/\\\/hola.gdynia.pl\\\/de\\\/faq\\\/\",\"url\":\"https:\\\/\\\/hola.gdynia.pl\\\/de\\\/faq\\\/\",\"name\":\"FAQ - Zatrzymaj si\u0119 w klimatycznym hotelu w centrum Gdyni\",\"isPartOf\":{\"@id\":\"https:\\\/\\\/hola.gdynia.pl\\\/de\\\/#website\"},\"datePublished\":\"2019-04-10T09:21:48+00:00\",\"dateModified\":\"2025-10-31T17:24:52+00:00\",\"description\":\"Finden Sie Antworten auf h\u00e4ufig gestellte Fragen zu Hola Gdynia Erhalten Sie hilfreiche Informationen f\u00fcr einen angenehmen Aufenthalt in der Stadt\",\"breadcrumb\":{\"@id\":\"https:\\\/\\\/hola.gdynia.pl\\\/de\\\/faq\\\/#breadcrumb\"},\"inLanguage\":\"de\",\"potentialAction\":[{\"@type\":\"ReadAction\",\"target\":[\"https:\\\/\\\/hola.gdynia.pl\\\/de\\\/faq\\\/\"]}]},{\"@type\":\"BreadcrumbList\",\"@id\":\"https:\\\/\\\/hola.gdynia.pl\\\/de\\\/faq\\\/#breadcrumb\",\"itemListElement\":[{\"@type\":\"ListItem\",\"position\":1,\"name\":\"Home\",\"item\":\"https:\\\/\\\/hola.gdynia.pl\\\/de\\\/\"},{\"@type\":\"ListItem\",\"position\":2,\"name\":\"FAQ\"}]},{\"@type\":\"WebSite\",\"@id\":\"https:\\\/\\\/hola.gdynia.pl\\\/de\\\/#website\",\"url\":\"https:\\\/\\\/hola.gdynia.pl\\\/de\\\/\",\"name\":\"Zatrzymaj si\u0119 w klimatycznym hotelu w centrum Gdyni\",\"description\":\"Szukasz noclegu w Gdyni? Wybierz nasz nowo otwarty obiekt hotelowy po\u0142o\u017cony blisko morza: 42 pokoje, otwarty dost\u0119p do kuchni, winda, bezp\u0142atny parking!\",\"publisher\":{\"@id\":\"https:\\\/\\\/hola.gdynia.pl\\\/de\\\/#organization\"},\"potentialAction\":[{\"@type\":\"SearchAction\",\"target\":{\"@type\":\"EntryPoint\",\"urlTemplate\":\"https:\\\/\\\/hola.gdynia.pl\\\/de\\\/?s={search_term_string}\"},\"query-input\":{\"@type\":\"PropertyValueSpecification\",\"valueRequired\":true,\"valueName\":\"search_term_string\"}}],\"inLanguage\":\"de\"},{\"@type\":\"Organization\",\"@id\":\"https:\\\/\\\/hola.gdynia.pl\\\/de\\\/#organization\",\"name\":\"Zatrzymaj si\u0119 w klimatycznym hotelu w centrum Gdyni\",\"url\":\"https:\\\/\\\/hola.gdynia.pl\\\/de\\\/\",\"logo\":{\"@type\":\"ImageObject\",\"inLanguage\":\"de\",\"@id\":\"https:\\\/\\\/hola.gdynia.pl\\\/de\\\/#\\\/schema\\\/logo\\\/image\\\/\",\"url\":\"https:\\\/\\\/hola.gdynia.pl\\\/wp-content\\\/uploads\\\/2023\\\/02\\\/logoHOLA.svg\",\"contentUrl\":\"https:\\\/\\\/hola.gdynia.pl\\\/wp-content\\\/uploads\\\/2023\\\/02\\\/logoHOLA.svg\",\"width\":200,\"height\":66,\"caption\":\"Zatrzymaj si\u0119 w klimatycznym hotelu w centrum Gdyni\"},\"image\":{\"@id\":\"https:\\\/\\\/hola.gdynia.pl\\\/de\\\/#\\\/schema\\\/logo\\\/image\\\/\"},\"sameAs\":[\"https:\\\/\\\/www.facebook.com\\\/holagdynia\"]}]}<\/script>\n<!-- \/ Yoast SEO Premium plugin. -->","yoast_head_json":{"title":"FAQ - Zatrzymaj si\u0119 w klimatycznym hotelu w centrum Gdyni","description":"Finden Sie Antworten auf h\u00e4ufig gestellte Fragen zu Hola Gdynia Erhalten Sie hilfreiche Informationen f\u00fcr einen angenehmen Aufenthalt in der Stadt","robots":{"index":"index","follow":"follow","max-snippet":"max-snippet:-1","max-image-preview":"max-image-preview:large","max-video-preview":"max-video-preview:-1"},"canonical":"https:\/\/hola.gdynia.pl\/de\/faq\/","og_locale":"de_DE","og_type":"article","og_title":"FAQ","og_description":"Finden Sie Antworten auf h\u00e4ufig gestellte Fragen zu Hola Gdynia Erhalten Sie hilfreiche Informationen f\u00fcr einen angenehmen Aufenthalt in der Stadt","og_url":"https:\/\/hola.gdynia.pl\/de\/faq\/","og_site_name":"Zatrzymaj si\u0119 w klimatycznym hotelu w centrum Gdyni","article_publisher":"https:\/\/www.facebook.com\/holagdynia","article_modified_time":"2025-10-31T17:24:52+00:00","og_image":[{"width":1200,"height":675,"url":"https:\/\/hola.gdynia.pl\/wp-content\/uploads\/2023\/04\/hotel-gdynia-centrum-blisko-plazy-trojmiasto.png","type":"image\/png"}],"twitter_card":"summary_large_image","twitter_misc":{"Gesch\u00e4tzte Lesezeit":"4\u00a0Minuten"},"schema":{"@context":"https:\/\/schema.org","@graph":[{"@type":"WebPage","@id":"https:\/\/hola.gdynia.pl\/de\/faq\/","url":"https:\/\/hola.gdynia.pl\/de\/faq\/","name":"FAQ - Zatrzymaj si\u0119 w klimatycznym hotelu w centrum Gdyni","isPartOf":{"@id":"https:\/\/hola.gdynia.pl\/de\/#website"},"datePublished":"2019-04-10T09:21:48+00:00","dateModified":"2025-10-31T17:24:52+00:00","description":"Finden Sie Antworten auf h\u00e4ufig gestellte Fragen zu Hola Gdynia Erhalten Sie hilfreiche Informationen f\u00fcr einen angenehmen Aufenthalt in der Stadt","breadcrumb":{"@id":"https:\/\/hola.gdynia.pl\/de\/faq\/#breadcrumb"},"inLanguage":"de","potentialAction":[{"@type":"ReadAction","target":["https:\/\/hola.gdynia.pl\/de\/faq\/"]}]},{"@type":"BreadcrumbList","@id":"https:\/\/hola.gdynia.pl\/de\/faq\/#breadcrumb","itemListElement":[{"@type":"ListItem","position":1,"name":"Home","item":"https:\/\/hola.gdynia.pl\/de\/"},{"@type":"ListItem","position":2,"name":"FAQ"}]},{"@type":"WebSite","@id":"https:\/\/hola.gdynia.pl\/de\/#website","url":"https:\/\/hola.gdynia.pl\/de\/","name":"Zatrzymaj si\u0119 w klimatycznym hotelu w centrum Gdyni","description":"Szukasz noclegu w Gdyni? Wybierz nasz nowo otwarty obiekt hotelowy po\u0142o\u017cony blisko morza: 42 pokoje, otwarty dost\u0119p do kuchni, winda, bezp\u0142atny parking!","publisher":{"@id":"https:\/\/hola.gdynia.pl\/de\/#organization"},"potentialAction":[{"@type":"SearchAction","target":{"@type":"EntryPoint","urlTemplate":"https:\/\/hola.gdynia.pl\/de\/?s={search_term_string}"},"query-input":{"@type":"PropertyValueSpecification","valueRequired":true,"valueName":"search_term_string"}}],"inLanguage":"de"},{"@type":"Organization","@id":"https:\/\/hola.gdynia.pl\/de\/#organization","name":"Zatrzymaj si\u0119 w klimatycznym hotelu w centrum Gdyni","url":"https:\/\/hola.gdynia.pl\/de\/","logo":{"@type":"ImageObject","inLanguage":"de","@id":"https:\/\/hola.gdynia.pl\/de\/#\/schema\/logo\/image\/","url":"https:\/\/hola.gdynia.pl\/wp-content\/uploads\/2023\/02\/logoHOLA.svg","contentUrl":"https:\/\/hola.gdynia.pl\/wp-content\/uploads\/2023\/02\/logoHOLA.svg","width":200,"height":66,"caption":"Zatrzymaj si\u0119 w klimatycznym hotelu w centrum Gdyni"},"image":{"@id":"https:\/\/hola.gdynia.pl\/de\/#\/schema\/logo\/image\/"},"sameAs":["https:\/\/www.facebook.com\/holagdynia"]}]}},"_links":{"self":[{"href":"https:\/\/hola.gdynia.pl\/de\/wp-json\/wp\/v2\/pages\/2653","targetHints":{"allow":["GET"]}}],"collection":[{"href":"https:\/\/hola.gdynia.pl\/de\/wp-json\/wp\/v2\/pages"}],"about":[{"href":"https:\/\/hola.gdynia.pl\/de\/wp-json\/wp\/v2\/types\/page"}],"author":[{"embeddable":true,"href":"https:\/\/hola.gdynia.pl\/de\/wp-json\/wp\/v2\/users\/1"}],"replies":[{"embeddable":true,"href":"https:\/\/hola.gdynia.pl\/de\/wp-json\/wp\/v2\/comments?post=2653"}],"version-history":[{"count":2,"href":"https:\/\/hola.gdynia.pl\/de\/wp-json\/wp\/v2\/pages\/2653\/revisions"}],"predecessor-version":[{"id":7116,"href":"https:\/\/hola.gdynia.pl\/de\/wp-json\/wp\/v2\/pages\/2653\/revisions\/7116"}],"wp:attachment":[{"href":"https:\/\/hola.gdynia.pl\/de\/wp-json\/wp\/v2\/media?parent=2653"}],"curies":[{"name":"wp","href":"https:\/\/api.w.org\/{rel}","templated":true}]}}