{"id":2642,"date":"2023-03-20T12:40:39","date_gmt":"2023-03-20T11:40:39","guid":{"rendered":"https:\/\/hola.gdynia.pl\/oferta-noclegowa-dla-firm\/"},"modified":"2023-06-01T21:16:35","modified_gmt":"2023-06-01T19:16:35","slug":"unterkunftsangebot-fuer-unternehmen","status":"publish","type":"page","link":"https:\/\/hola.gdynia.pl\/de\/unterkunftsangebot-fuer-unternehmen\/","title":{"rendered":"Unterkunftsangebot f\u00fcr Unternehmen"},"content":{"rendered":"<div class=\"wpb-content-wrapper\"><p>[vc_row][vc_column][vc_column_text]<\/p>\r\n<h2 class=\"wp-block-heading\"><strong>Unterkunftsangebot f\u00fcr Unternehmen<\/strong><\/h2>\r\n<p>\u00a0<\/p>\r\n\r\n<div class=\"wp-block-spacer\" style=\"height: 30px;\" aria-hidden=\"true\">\u00a0<\/div>\r\n<p>\u00a0<\/p>\r\n\r\n<h2 class=\"wp-block-heading\"><strong>Planen Sie eine Gesch\u00e4ftsreise nach Gdynia? Sind Sie auf der Suche nach einer komfortablen Unterkunft f\u00fcr Ihre Mitarbeiter? Willkommen in der Hotelanlage Hola Gdynia &#8211; einem neu renovierten Stadthaus im Stadtzentrum mit 42 Zimmern. <\/strong><\/h2>\r\n<p>\u00a0<\/p>\r\n\r\n<div class=\"wp-block-spacer\" style=\"height: 30px;\" aria-hidden=\"true\">\u00a0<\/div>\r\n<p><strong>Entdecken Sie unsere St\u00e4rken:<\/strong><\/p>\r\n<p><!-- \/wp:post-content -->\u00a0<\/p>\r\n<!-- wp:list -->\r\n<ul>\r\n<li style=\"list-style-type: none;\">\r\n<ul><!-- wp:list-item -->\r\n<li>Einzigartiges und unvergesslich freundliches Personal &#8211; sehen Sie sich die Bewertungen \u00fcber uns an.<\/li>\r\n<li>M\u00f6glichkeit des unbemannten Check-ins (auch nachts).<\/li>\r\n<li>Bequemes Bett mit extra dicken Matratzen f\u00fcr einen erholsamen Schlaf.<\/li>\r\n<li>Annehmlichkeiten wie: Internet, Fernseher mit vielen Kan\u00e4len und Netflix-Login, Tee- und Kaffeekocher, Bad mit Handt\u00fcchern, Schreibtisch. Ein B\u00fcgeleisen und ein B\u00fcgelbrett sind ebenfalls auf dem Flur vorhanden.<\/li>\r\n<li>Eine K\u00fcche steht 24 Stunden am Tag zur Verf\u00fcgung, in der die G\u00e4ste ihre eigenen Snacks zubereiten k\u00f6nnen.<\/li>\r\n<li>Selbstbedienungs-Automat mit Snacks und Lebensmitteln.<\/li>\r\n<li>Entspannungsraum &#8211; hier k\u00f6nnen Sie eine Tasse Kaffee genie\u00dfen und an der Konsole spielen.<\/li>\r\n<li>In der N\u00e4he gibt es Gesch\u00e4fte, Restaurants und Caf\u00e9s.<\/li>\r\n<li>Entspannen Sie sich nach der Arbeit? N\u00e4her als Sie denken! Wir sind nur 10 Gehminuten vom Stadtstrand und der S\u00fcdmole entfernt. Und der Fitness Klub ZDROFIT ist nur 100 Meter entfernt!<\/li>\r\n<\/ul>\r\n<\/li>\r\n<\/ul>\r\n<p><!-- \/wp:list-item -->\u00a0<\/p>\r\n<p><!-- \/wp:list -->\u00a0<\/p>\r\n<!-- wp:spacer {\"height\":\"30px\"} -->\r\n<div class=\"wp-block-spacer\" style=\"height: 30px;\" aria-hidden=\"true\">\u00a0<\/div>\r\n<p><!-- \/wp:spacer --><strong>Vorteile einer Zusammenarbeit mit uns:<\/strong><\/p>\r\n<p><!-- \/wp:paragraph -->\u00a0<\/p>\r\n<!-- wp:list -->\r\n<ul>\r\n<li style=\"list-style-type: none;\">\r\n<ul><!-- wp:list-item -->\r\n<li>attraktive Preise f\u00fcr Unterkunft mit Fr\u00fchst\u00fcck,<\/li>\r\n<li>M\u00f6glichkeit regelm\u00e4\u00dfiger Abrechnungen,<\/li>\r\n<li>kostenloses Parken am Ko\u015bciuszki-Platz,<\/li>\r\n<li>wenn Ihre Mitarbeiter Besprechungen im Stadtzentrum haben &#8211; der Standort ist perfekt f\u00fcr sie!<\/li>\r\n<\/ul>\r\n<\/li>\r\n<\/ul>\r\n<p><!-- \/wp:list-item -->\u00a0<\/p>\r\n<p><!-- \/wp:list -->\u00a0<\/p>\r\n<!-- wp:spacer {\"height\":\"30px\"} -->\r\n<div class=\"wp-block-spacer\" style=\"height: 30px;\" aria-hidden=\"true\">\u00a0<\/div>\r\n<p><!-- \/wp:spacer -->\u00a0<\/p>\r\n<!-- wp:heading -->\r\n<h2>Sind Sie auf der Suche nach einer Unterkunft f\u00fcr Ihre Mitarbeiter, die auf Gesch\u00e4ftsreise sind? Sind Sie ein Konferenzveranstalter und m\u00f6chten Ihre Unterkunftsbasis erweitern?<\/h2>\r\n<h2>Nehmen Sie direkt Kontakt mit uns auf:<\/h2>\r\n<h2><strong>booking@hola.gdynia.pl<\/strong><\/h2>\r\n<p><!-- \/wp:heading -->\u00a0<\/p>\r\n<!-- wp:spacer {\"height\":\"30px\"} -->\r\n<div class=\"wp-block-spacer\" style=\"height: 30px;\" aria-hidden=\"true\">\u00a0<\/div>\r\n<p><!-- \/wp:spacer --><strong>Wir sind in den globalen Reservierungssystemen (GDS) gelistet:<\/strong><\/p>\r\n<!-- \/wp:paragraph -->\r\n<p><!-- wp:paragraph -->Amadeus: CH QYDHOL<br \/>Sabre: IH 601627<br \/>Galileo: CH H6119<br \/>Worldspan: IH QYDHL<br \/>Dhisco: IH 48920<\/p>\r\n<p><!-- \/wp:paragraph -->\u00a0<\/p>\r\n<p>[\/vc_column_text][\/vc_column][\/vc_row]<\/p><\/div>","protected":false},"excerpt":{"rendered":"<p>[vc_row][vc_column][vc_column_text] Unterkunftsangebot f\u00fcr Unternehmen \u00a0 \u00a0 Planen Sie eine Gesch\u00e4ftsreise nach Gdynia? Sind Sie auf der Suche nach einer komfortablen Unterkunft f\u00fcr Ihre Mitarbeiter? Willkommen in der Hotelanlage Hola Gdynia &#8211; einem neu renovierten Stadthaus im Stadtzentrum mit 42 Zimmern. \u00a0 Entdecken Sie unsere St\u00e4rken: \u00a0 Einzigartiges und unvergesslich freundliches Personal &#8211; sehen Sie sich [&hellip;]<\/p>\n","protected":false},"author":1,"featured_media":2456,"parent":0,"menu_order":0,"comment_status":"closed","ping_status":"closed","template":"","meta":{"inline_featured_image":false,"footnotes":""},"class_list":["post-2642","page","type-page","status-publish","has-post-thumbnail","hentry"],"yoast_head":"<!-- This site is optimized with the Yoast SEO Premium plugin v24.4 (Yoast SEO v27.5) - https:\/\/yoast.com\/product\/yoast-seo-premium-wordpress\/ -->\n<title>Unterkunftsangebot f\u00fcr Unternehmen - Zatrzymaj si\u0119 w klimatycznym hotelu w centrum Gdyni<\/title>\n<meta name=\"description\" content=\"Planujesz wyjazd s\u0142u\u017cbowy do Gdyni? Szukasz komfortowego noclegu dla pracownika? Zapraszamy do obiektu hotelowego Hola Gdynia\" \/>\n<meta name=\"robots\" content=\"index, follow, max-snippet:-1, max-image-preview:large, max-video-preview:-1\" \/>\n<link rel=\"canonical\" href=\"https:\/\/hola.gdynia.pl\/de\/unterkunftsangebot-fuer-unternehmen\/\" \/>\n<meta property=\"og:locale\" content=\"de_DE\" \/>\n<meta property=\"og:type\" content=\"article\" \/>\n<meta property=\"og:title\" content=\"Unterkunftsangebot f\u00fcr Unternehmen\" \/>\n<meta property=\"og:description\" content=\"Planujesz wyjazd s\u0142u\u017cbowy do Gdyni? Szukasz komfortowego noclegu dla pracownika? Zapraszamy do obiektu hotelowego Hola Gdynia\" \/>\n<meta property=\"og:url\" content=\"https:\/\/hola.gdynia.pl\/de\/unterkunftsangebot-fuer-unternehmen\/\" \/>\n<meta property=\"og:site_name\" content=\"Zatrzymaj si\u0119 w klimatycznym hotelu w centrum Gdyni\" \/>\n<meta property=\"article:publisher\" content=\"https:\/\/www.facebook.com\/holagdynia\" \/>\n<meta property=\"article:modified_time\" content=\"2023-06-01T19:16:35+00:00\" \/>\n<meta property=\"og:image\" content=\"https:\/\/hola.gdynia.pl\/wp-content\/uploads\/2023\/03\/hotel-nad-morzem-dla-pracownikow-noclegi-dla-firm-gdynia.jpg\" \/>\n\t<meta property=\"og:image:width\" content=\"1500\" \/>\n\t<meta property=\"og:image:height\" content=\"790\" \/>\n\t<meta property=\"og:image:type\" content=\"image\/jpeg\" \/>\n<meta name=\"twitter:card\" content=\"summary_large_image\" \/>\n<meta name=\"twitter:label1\" content=\"Gesch\u00e4tzte Lesezeit\" \/>\n\t<meta name=\"twitter:data1\" content=\"2\u00a0Minuten\" \/>\n<script type=\"application\/ld+json\" class=\"yoast-schema-graph\">{\"@context\":\"https:\\\/\\\/schema.org\",\"@graph\":[{\"@type\":\"WebPage\",\"@id\":\"https:\\\/\\\/hola.gdynia.pl\\\/de\\\/unterkunftsangebot-fuer-unternehmen\\\/\",\"url\":\"https:\\\/\\\/hola.gdynia.pl\\\/de\\\/unterkunftsangebot-fuer-unternehmen\\\/\",\"name\":\"Unterkunftsangebot f\u00fcr Unternehmen - Zatrzymaj si\u0119 w klimatycznym hotelu w centrum Gdyni\",\"isPartOf\":{\"@id\":\"https:\\\/\\\/hola.gdynia.pl\\\/de\\\/#website\"},\"primaryImageOfPage\":{\"@id\":\"https:\\\/\\\/hola.gdynia.pl\\\/de\\\/unterkunftsangebot-fuer-unternehmen\\\/#primaryimage\"},\"image\":{\"@id\":\"https:\\\/\\\/hola.gdynia.pl\\\/de\\\/unterkunftsangebot-fuer-unternehmen\\\/#primaryimage\"},\"thumbnailUrl\":\"https:\\\/\\\/hola.gdynia.pl\\\/wp-content\\\/uploads\\\/2023\\\/03\\\/hotel-nad-morzem-dla-pracownikow-noclegi-dla-firm-gdynia.jpg\",\"datePublished\":\"2023-03-20T11:40:39+00:00\",\"dateModified\":\"2023-06-01T19:16:35+00:00\",\"description\":\"Planujesz wyjazd s\u0142u\u017cbowy do Gdyni? Szukasz komfortowego noclegu dla pracownika? Zapraszamy do obiektu hotelowego Hola Gdynia\",\"breadcrumb\":{\"@id\":\"https:\\\/\\\/hola.gdynia.pl\\\/de\\\/unterkunftsangebot-fuer-unternehmen\\\/#breadcrumb\"},\"inLanguage\":\"de\",\"potentialAction\":[{\"@type\":\"ReadAction\",\"target\":[\"https:\\\/\\\/hola.gdynia.pl\\\/de\\\/unterkunftsangebot-fuer-unternehmen\\\/\"]}]},{\"@type\":\"ImageObject\",\"inLanguage\":\"de\",\"@id\":\"https:\\\/\\\/hola.gdynia.pl\\\/de\\\/unterkunftsangebot-fuer-unternehmen\\\/#primaryimage\",\"url\":\"https:\\\/\\\/hola.gdynia.pl\\\/wp-content\\\/uploads\\\/2023\\\/03\\\/hotel-nad-morzem-dla-pracownikow-noclegi-dla-firm-gdynia.jpg\",\"contentUrl\":\"https:\\\/\\\/hola.gdynia.pl\\\/wp-content\\\/uploads\\\/2023\\\/03\\\/hotel-nad-morzem-dla-pracownikow-noclegi-dla-firm-gdynia.jpg\",\"width\":1500,\"height\":790},{\"@type\":\"BreadcrumbList\",\"@id\":\"https:\\\/\\\/hola.gdynia.pl\\\/de\\\/unterkunftsangebot-fuer-unternehmen\\\/#breadcrumb\",\"itemListElement\":[{\"@type\":\"ListItem\",\"position\":1,\"name\":\"Home\",\"item\":\"https:\\\/\\\/hola.gdynia.pl\\\/de\\\/\"},{\"@type\":\"ListItem\",\"position\":2,\"name\":\"Unterkunftsangebot f\u00fcr Unternehmen\"}]},{\"@type\":\"WebSite\",\"@id\":\"https:\\\/\\\/hola.gdynia.pl\\\/de\\\/#website\",\"url\":\"https:\\\/\\\/hola.gdynia.pl\\\/de\\\/\",\"name\":\"Zatrzymaj si\u0119 w klimatycznym hotelu w centrum Gdyni\",\"description\":\"Szukasz noclegu w Gdyni? Wybierz nasz nowo otwarty obiekt hotelowy po\u0142o\u017cony blisko morza: 42 pokoje, otwarty dost\u0119p do kuchni, winda, bezp\u0142atny parking!\",\"publisher\":{\"@id\":\"https:\\\/\\\/hola.gdynia.pl\\\/de\\\/#organization\"},\"potentialAction\":[{\"@type\":\"SearchAction\",\"target\":{\"@type\":\"EntryPoint\",\"urlTemplate\":\"https:\\\/\\\/hola.gdynia.pl\\\/de\\\/?s={search_term_string}\"},\"query-input\":{\"@type\":\"PropertyValueSpecification\",\"valueRequired\":true,\"valueName\":\"search_term_string\"}}],\"inLanguage\":\"de\"},{\"@type\":\"Organization\",\"@id\":\"https:\\\/\\\/hola.gdynia.pl\\\/de\\\/#organization\",\"name\":\"Zatrzymaj si\u0119 w klimatycznym hotelu w centrum Gdyni\",\"url\":\"https:\\\/\\\/hola.gdynia.pl\\\/de\\\/\",\"logo\":{\"@type\":\"ImageObject\",\"inLanguage\":\"de\",\"@id\":\"https:\\\/\\\/hola.gdynia.pl\\\/de\\\/#\\\/schema\\\/logo\\\/image\\\/\",\"url\":\"https:\\\/\\\/hola.gdynia.pl\\\/wp-content\\\/uploads\\\/2023\\\/02\\\/logoHOLA.svg\",\"contentUrl\":\"https:\\\/\\\/hola.gdynia.pl\\\/wp-content\\\/uploads\\\/2023\\\/02\\\/logoHOLA.svg\",\"width\":200,\"height\":66,\"caption\":\"Zatrzymaj si\u0119 w klimatycznym hotelu w centrum Gdyni\"},\"image\":{\"@id\":\"https:\\\/\\\/hola.gdynia.pl\\\/de\\\/#\\\/schema\\\/logo\\\/image\\\/\"},\"sameAs\":[\"https:\\\/\\\/www.facebook.com\\\/holagdynia\"]}]}<\/script>\n<!-- \/ Yoast SEO Premium plugin. -->","yoast_head_json":{"title":"Unterkunftsangebot f\u00fcr Unternehmen - Zatrzymaj si\u0119 w klimatycznym hotelu w centrum Gdyni","description":"Planujesz wyjazd s\u0142u\u017cbowy do Gdyni? Szukasz komfortowego noclegu dla pracownika? Zapraszamy do obiektu hotelowego Hola Gdynia","robots":{"index":"index","follow":"follow","max-snippet":"max-snippet:-1","max-image-preview":"max-image-preview:large","max-video-preview":"max-video-preview:-1"},"canonical":"https:\/\/hola.gdynia.pl\/de\/unterkunftsangebot-fuer-unternehmen\/","og_locale":"de_DE","og_type":"article","og_title":"Unterkunftsangebot f\u00fcr Unternehmen","og_description":"Planujesz wyjazd s\u0142u\u017cbowy do Gdyni? Szukasz komfortowego noclegu dla pracownika? Zapraszamy do obiektu hotelowego Hola Gdynia","og_url":"https:\/\/hola.gdynia.pl\/de\/unterkunftsangebot-fuer-unternehmen\/","og_site_name":"Zatrzymaj si\u0119 w klimatycznym hotelu w centrum Gdyni","article_publisher":"https:\/\/www.facebook.com\/holagdynia","article_modified_time":"2023-06-01T19:16:35+00:00","og_image":[{"width":1500,"height":790,"url":"https:\/\/hola.gdynia.pl\/wp-content\/uploads\/2023\/03\/hotel-nad-morzem-dla-pracownikow-noclegi-dla-firm-gdynia.jpg","type":"image\/jpeg"}],"twitter_card":"summary_large_image","twitter_misc":{"Gesch\u00e4tzte Lesezeit":"2\u00a0Minuten"},"schema":{"@context":"https:\/\/schema.org","@graph":[{"@type":"WebPage","@id":"https:\/\/hola.gdynia.pl\/de\/unterkunftsangebot-fuer-unternehmen\/","url":"https:\/\/hola.gdynia.pl\/de\/unterkunftsangebot-fuer-unternehmen\/","name":"Unterkunftsangebot f\u00fcr Unternehmen - Zatrzymaj si\u0119 w klimatycznym hotelu w centrum Gdyni","isPartOf":{"@id":"https:\/\/hola.gdynia.pl\/de\/#website"},"primaryImageOfPage":{"@id":"https:\/\/hola.gdynia.pl\/de\/unterkunftsangebot-fuer-unternehmen\/#primaryimage"},"image":{"@id":"https:\/\/hola.gdynia.pl\/de\/unterkunftsangebot-fuer-unternehmen\/#primaryimage"},"thumbnailUrl":"https:\/\/hola.gdynia.pl\/wp-content\/uploads\/2023\/03\/hotel-nad-morzem-dla-pracownikow-noclegi-dla-firm-gdynia.jpg","datePublished":"2023-03-20T11:40:39+00:00","dateModified":"2023-06-01T19:16:35+00:00","description":"Planujesz wyjazd s\u0142u\u017cbowy do Gdyni? Szukasz komfortowego noclegu dla pracownika? Zapraszamy do obiektu hotelowego Hola Gdynia","breadcrumb":{"@id":"https:\/\/hola.gdynia.pl\/de\/unterkunftsangebot-fuer-unternehmen\/#breadcrumb"},"inLanguage":"de","potentialAction":[{"@type":"ReadAction","target":["https:\/\/hola.gdynia.pl\/de\/unterkunftsangebot-fuer-unternehmen\/"]}]},{"@type":"ImageObject","inLanguage":"de","@id":"https:\/\/hola.gdynia.pl\/de\/unterkunftsangebot-fuer-unternehmen\/#primaryimage","url":"https:\/\/hola.gdynia.pl\/wp-content\/uploads\/2023\/03\/hotel-nad-morzem-dla-pracownikow-noclegi-dla-firm-gdynia.jpg","contentUrl":"https:\/\/hola.gdynia.pl\/wp-content\/uploads\/2023\/03\/hotel-nad-morzem-dla-pracownikow-noclegi-dla-firm-gdynia.jpg","width":1500,"height":790},{"@type":"BreadcrumbList","@id":"https:\/\/hola.gdynia.pl\/de\/unterkunftsangebot-fuer-unternehmen\/#breadcrumb","itemListElement":[{"@type":"ListItem","position":1,"name":"Home","item":"https:\/\/hola.gdynia.pl\/de\/"},{"@type":"ListItem","position":2,"name":"Unterkunftsangebot f\u00fcr Unternehmen"}]},{"@type":"WebSite","@id":"https:\/\/hola.gdynia.pl\/de\/#website","url":"https:\/\/hola.gdynia.pl\/de\/","name":"Zatrzymaj si\u0119 w klimatycznym hotelu w centrum Gdyni","description":"Szukasz noclegu w Gdyni? Wybierz nasz nowo otwarty obiekt hotelowy po\u0142o\u017cony blisko morza: 42 pokoje, otwarty dost\u0119p do kuchni, winda, bezp\u0142atny parking!","publisher":{"@id":"https:\/\/hola.gdynia.pl\/de\/#organization"},"potentialAction":[{"@type":"SearchAction","target":{"@type":"EntryPoint","urlTemplate":"https:\/\/hola.gdynia.pl\/de\/?s={search_term_string}"},"query-input":{"@type":"PropertyValueSpecification","valueRequired":true,"valueName":"search_term_string"}}],"inLanguage":"de"},{"@type":"Organization","@id":"https:\/\/hola.gdynia.pl\/de\/#organization","name":"Zatrzymaj si\u0119 w klimatycznym hotelu w centrum Gdyni","url":"https:\/\/hola.gdynia.pl\/de\/","logo":{"@type":"ImageObject","inLanguage":"de","@id":"https:\/\/hola.gdynia.pl\/de\/#\/schema\/logo\/image\/","url":"https:\/\/hola.gdynia.pl\/wp-content\/uploads\/2023\/02\/logoHOLA.svg","contentUrl":"https:\/\/hola.gdynia.pl\/wp-content\/uploads\/2023\/02\/logoHOLA.svg","width":200,"height":66,"caption":"Zatrzymaj si\u0119 w klimatycznym hotelu w centrum Gdyni"},"image":{"@id":"https:\/\/hola.gdynia.pl\/de\/#\/schema\/logo\/image\/"},"sameAs":["https:\/\/www.facebook.com\/holagdynia"]}]}},"_links":{"self":[{"href":"https:\/\/hola.gdynia.pl\/de\/wp-json\/wp\/v2\/pages\/2642","targetHints":{"allow":["GET"]}}],"collection":[{"href":"https:\/\/hola.gdynia.pl\/de\/wp-json\/wp\/v2\/pages"}],"about":[{"href":"https:\/\/hola.gdynia.pl\/de\/wp-json\/wp\/v2\/types\/page"}],"author":[{"embeddable":true,"href":"https:\/\/hola.gdynia.pl\/de\/wp-json\/wp\/v2\/users\/1"}],"replies":[{"embeddable":true,"href":"https:\/\/hola.gdynia.pl\/de\/wp-json\/wp\/v2\/comments?post=2642"}],"version-history":[{"count":0,"href":"https:\/\/hola.gdynia.pl\/de\/wp-json\/wp\/v2\/pages\/2642\/revisions"}],"wp:featuredmedia":[{"embeddable":true,"href":"https:\/\/hola.gdynia.pl\/de\/wp-json\/wp\/v2\/media\/2456"}],"wp:attachment":[{"href":"https:\/\/hola.gdynia.pl\/de\/wp-json\/wp\/v2\/media?parent=2642"}],"curies":[{"name":"wp","href":"https:\/\/api.w.org\/{rel}","templated":true}]}}