{"id":2618,"date":"2023-03-20T12:40:11","date_gmt":"2023-03-20T11:40:11","guid":{"rendered":"https:\/\/hola.gdynia.pl\/oferta-dla-biur-podrozy\/"},"modified":"2023-06-01T21:17:27","modified_gmt":"2023-06-01T19:17:27","slug":"angebot-fuer-reisebueros-und-organisierte-gruppen","status":"publish","type":"page","link":"https:\/\/hola.gdynia.pl\/de\/angebot-fuer-reisebueros-und-organisierte-gruppen\/","title":{"rendered":"Angebot f\u00fcr Reiseb\u00fcros und organisierte Gruppen"},"content":{"rendered":"<div class=\"wpb-content-wrapper\"><p>[vc_row][vc_column][vc_column_text]<\/p>\r\n<h2 class=\"wp-block-heading\"><strong>Angebot f\u00fcr Reiseb\u00fcros und organisierte Gruppen<\/strong><\/h2>\r\n<p>\u00a0<\/p>\r\n\r\n<div class=\"wp-block-spacer\" style=\"height: 31px;\" aria-hidden=\"true\">\u00a0<\/div>\r\n<p>\u00a0<\/p>\r\n\r\n<h2 class=\"wp-block-heading\"><strong>Hola Gdynia kann dank seiner attraktiven Lage im Stadtzentrum und einer gro\u00dfen Anzahl von Unterk\u00fcnften h\u00e4ufig von organisierten Reisegruppen aus Polen und dem Ausland besucht. Wir laden Reiseb\u00fcros, Reiseveranstalter und Reisevermittler ein, mit uns zusammenzuarbeiten! <\/strong><\/h2>\r\n<p>\u00a0<\/p>\r\n\r\n<div class=\"wp-block-spacer\" style=\"height: 31px;\" aria-hidden=\"true\">\u00a0<\/div>\r\n\r\n<p><strong>Lernen Sie unsere St\u00e4rken kennen:<\/strong><\/p>\r\n<p>\u00a0<\/p>\r\n\r\n<ul class=\"wp-block-list\">\r\n<li style=\"list-style-type: none;\">\r\n<ul>\r\n<li>Wir sind das einzige Hotel in Gdynia, das einer Gruppe von bis zu 100 Personen Unterkunft bieten kann!<\/li>\r\n<li>Alle unsere Zimmer verf\u00fcgen \u00fcber ein eigenes Bad, sehr bequeme Betten und die notwendigen Annehmlichkeiten: Fernseher, Kaffeemaschine, Handt\u00fccher, Haartrockner.<\/li>\r\n<li>Eine K\u00fcche steht 24 Stunden am Tag zur Verf\u00fcgung, damit die G\u00e4ste selbst kochen k\u00f6nnen.<\/li>\r\n<li>Das Fr\u00fchst\u00fcck wird im Fr\u00fchst\u00fccksraum und in der Bar serviert. Das Abendessen wird in dem freundlichen Restaurant serviert, das sich im selben Geb\u00e4ude wie das Hotel befindet.<\/li>\r\n<li>Wir verf\u00fcgen \u00fcber einen Entspannungsraum, in dem Sie einen Kaffee genie\u00dfen, Brettspiele oder Konsolenspiele spielen k\u00f6nnen.<\/li>\r\n<li>Unser Stadthaus wurde umfassend renoviert, so dass wir \u00fcber ger\u00e4umige Aufz\u00fcge verf\u00fcgen.<\/li>\r\n<li>Kostenloses Parken im Stadtzentrum!<\/li>\r\n<\/ul>\r\n<\/li>\r\n<\/ul>\r\n\r\n<p>&nbsp;<\/p>\r\n\r\n<p><strong>Lage:<\/strong><\/p>\r\n<p><!-- \/wp:post-content -->\u00a0<\/p>\r\n<!-- wp:list -->\r\n<ul>\r\n<li style=\"list-style-type: none;\">\r\n<ul><!-- wp:list-item -->\r\n<li>Ein gro\u00dfer Vorteil ist die Lage unseres Geb\u00e4udes. Die Starowiejska Stra\u00dfe ist das eigentliche Zentrum von Gdynia. In unserer N\u00e4he (10 Minuten zu Fu\u00df) befinden sich: Skwer Ko\u015bciuszki und Molo Po\u0142udniowe, das Schiff ORP &#8222;B\u0142yskawica&#8220;, das Schiff &#8222;Dar M\u0142odzie\u017cy&#8220;, das Aquarium MIR Gdynia, das Musiktheater Danuta Baduszkowa und der Aussichtspunkt &#8211; Kamienna G\u00f3ra. Zum Auswanderermuseum k\u00f6nnen wir in etwa 20 Minuten laufen.<\/li>\r\n<li>Den Stadtstrand erreichen wir in 10 Minuten zu Fu\u00df.<\/li>\r\n<li>Der Bahnhof Gdynia G\u0142\u00f3wna ist nur 750 Meter entfernt. So k\u00f6nnen Sie Sopot und Gdansk auch mit dem Zug besuchen!<\/li>\r\n<li>In der n\u00e4heren Umgebung gibt es zahlreiche Restaurants, Caf\u00e9s und Gesch\u00e4fte.<\/li>\r\n<\/ul>\r\n<\/li>\r\n<\/ul>\r\n<!-- \/wp:list-item --><!-- \/wp:list -->\r\n<p>&nbsp;<\/p>\r\n<!-- wp:paragraph -->\r\n<p><!-- \/wp:paragraph --><strong>Boni f<\/strong><strong>\u00fc<\/strong><strong>r Reisegruppen:<\/strong><\/p>\r\n<p><!-- \/wp:paragraph -->\u00a0<\/p>\r\n<!-- wp:list -->\r\n<ul>\r\n<li style=\"list-style-type: none;\">\r\n<ul><!-- wp:list-item -->\r\n<li>Wenn Sie sich f\u00fcr einen Aufenthalt bei uns entscheiden, k\u00f6nnen Sie sicher sein, dass wir Sie herzlich willkommen hei\u00dfen werden! Wir helfen Ihnen, geben Ihnen Tipps und haben interessante Geschichten zu erz\u00e4hlen&#8230;<\/li>\r\n<li>Bei der Buchung von mehr als 10 Zimmern ,k\u00f6nnen Sie mit Vorzugskonditionen rechnen.<\/li>\r\n<li>Wir k\u00f6nnen Ihnen nicht nur ein Fr\u00fchst\u00fcck anbieten, sondern auch ein Abendessen in Pierogarnia Mandu organisieren.<\/li>\r\n<\/ul>\r\n<\/li>\r\n<\/ul>\r\n<p><!-- \/wp:list-item --><!-- \/wp:list -->\u00a0<\/p>\r\n<!-- wp:spacer {\"height\":\"31px\"} -->\r\n<div class=\"wp-block-spacer\" style=\"height: 31px;\" aria-hidden=\"true\">\u00a0<\/div>\r\n<p><!-- \/wp:spacer -->\u00a0<\/p>\r\n<!-- wp:heading -->\r\n<h2><strong>Planen Sie einen Ausflug in die Dreistadt? Suchen Sie eine Unterkunft in Gdynia f\u00fcr eine organisierte Gruppe? Nehmen Sie direkt Kontakt mit uns auf: booking@hola.gdynia.pl<\/strong><\/h2>\r\n<p><!-- \/wp:heading -->\u00a0<\/p>\r\n<!-- wp:spacer {\"height\":\"31px\"} -->\r\n<div class=\"wp-block-spacer\" style=\"height: 31px;\" aria-hidden=\"true\">\u00a0<\/div>\r\n<!-- \/wp:spacer -->\r\n<p><!-- wp:paragraph --><strong>Wir sind in den globalen Reservierungssystemen (GDS) gelistet:<\/strong><\/p>\r\n<!-- \/wp:paragraph -->\r\n<p><!-- wp:paragraph -->Amadeus: CH QYDHOL<br \/>Sabre: IH 601627<br \/>Galileo: CH H6119<br \/>Worldspan: IH QYDHL<br \/>Dhisco: IH 48920<\/p>\r\n<p><!-- \/wp:paragraph -->\u00a0<\/p>\r\n<p>[\/vc_column_text][\/vc_column][\/vc_row]<\/p><\/div>","protected":false},"excerpt":{"rendered":"<p>[vc_row][vc_column][vc_column_text] Angebot f\u00fcr Reiseb\u00fcros und organisierte Gruppen \u00a0 \u00a0 Hola Gdynia kann dank seiner attraktiven Lage im Stadtzentrum und einer gro\u00dfen Anzahl von Unterk\u00fcnften h\u00e4ufig von organisierten Reisegruppen aus Polen und dem Ausland besucht. Wir laden Reiseb\u00fcros, Reiseveranstalter und Reisevermittler ein, mit uns zusammenzuarbeiten! \u00a0 Lernen Sie unsere St\u00e4rken kennen: \u00a0 &nbsp; Lage: \u00a0 Ein [&hellip;]<\/p>\n","protected":false},"author":1,"featured_media":2452,"parent":0,"menu_order":0,"comment_status":"closed","ping_status":"closed","template":"","meta":{"inline_featured_image":false,"footnotes":""},"class_list":["post-2618","page","type-page","status-publish","has-post-thumbnail","hentry"],"yoast_head":"<!-- This site is optimized with the Yoast SEO Premium plugin v24.4 (Yoast SEO v27.5) - https:\/\/yoast.com\/product\/yoast-seo-premium-wordpress\/ -->\n<title>Angebot f\u00fcr Reiseb\u00fcros und organisierte Gruppen - Zatrzymaj si\u0119 w klimatycznym hotelu w centrum Gdyni<\/title>\n<meta name=\"description\" content=\"Planujesz wycieczk\u0119 po Tr\u00f3jmie\u015bcie? Szukasz noclegu w Gdyni dla zorganizowanej grupy? Zapraszamy do Hola Gdynia\" \/>\n<meta name=\"robots\" content=\"index, follow, max-snippet:-1, max-image-preview:large, max-video-preview:-1\" \/>\n<link rel=\"canonical\" href=\"https:\/\/hola.gdynia.pl\/de\/angebot-fuer-reisebueros-und-organisierte-gruppen\/\" \/>\n<meta property=\"og:locale\" content=\"de_DE\" \/>\n<meta property=\"og:type\" content=\"article\" \/>\n<meta property=\"og:title\" content=\"Angebot f\u00fcr Reiseb\u00fcros und organisierte Gruppen\" \/>\n<meta property=\"og:description\" content=\"Planujesz wycieczk\u0119 po Tr\u00f3jmie\u015bcie? Szukasz noclegu w Gdyni dla zorganizowanej grupy? Zapraszamy do Hola Gdynia\" \/>\n<meta property=\"og:url\" content=\"https:\/\/hola.gdynia.pl\/de\/angebot-fuer-reisebueros-und-organisierte-gruppen\/\" \/>\n<meta property=\"og:site_name\" content=\"Zatrzymaj si\u0119 w klimatycznym hotelu w centrum Gdyni\" \/>\n<meta property=\"article:publisher\" content=\"https:\/\/www.facebook.com\/holagdynia\" \/>\n<meta property=\"article:modified_time\" content=\"2023-06-01T19:17:27+00:00\" \/>\n<meta property=\"og:image\" content=\"https:\/\/hola.gdynia.pl\/wp-content\/uploads\/2023\/03\/hotel-biuro-podrozy-agent-gdynia-polish-sea-baltic.jpg\" \/>\n\t<meta property=\"og:image:width\" content=\"1500\" \/>\n\t<meta property=\"og:image:height\" content=\"790\" \/>\n\t<meta property=\"og:image:type\" content=\"image\/jpeg\" \/>\n<meta name=\"twitter:card\" content=\"summary_large_image\" \/>\n<meta name=\"twitter:label1\" content=\"Gesch\u00e4tzte Lesezeit\" \/>\n\t<meta name=\"twitter:data1\" content=\"3\u00a0Minuten\" \/>\n<script type=\"application\/ld+json\" class=\"yoast-schema-graph\">{\"@context\":\"https:\\\/\\\/schema.org\",\"@graph\":[{\"@type\":\"WebPage\",\"@id\":\"https:\\\/\\\/hola.gdynia.pl\\\/de\\\/angebot-fuer-reisebueros-und-organisierte-gruppen\\\/\",\"url\":\"https:\\\/\\\/hola.gdynia.pl\\\/de\\\/angebot-fuer-reisebueros-und-organisierte-gruppen\\\/\",\"name\":\"Angebot f\u00fcr Reiseb\u00fcros und organisierte Gruppen - Zatrzymaj si\u0119 w klimatycznym hotelu w centrum Gdyni\",\"isPartOf\":{\"@id\":\"https:\\\/\\\/hola.gdynia.pl\\\/de\\\/#website\"},\"primaryImageOfPage\":{\"@id\":\"https:\\\/\\\/hola.gdynia.pl\\\/de\\\/angebot-fuer-reisebueros-und-organisierte-gruppen\\\/#primaryimage\"},\"image\":{\"@id\":\"https:\\\/\\\/hola.gdynia.pl\\\/de\\\/angebot-fuer-reisebueros-und-organisierte-gruppen\\\/#primaryimage\"},\"thumbnailUrl\":\"https:\\\/\\\/hola.gdynia.pl\\\/wp-content\\\/uploads\\\/2023\\\/03\\\/hotel-biuro-podrozy-agent-gdynia-polish-sea-baltic.jpg\",\"datePublished\":\"2023-03-20T11:40:11+00:00\",\"dateModified\":\"2023-06-01T19:17:27+00:00\",\"description\":\"Planujesz wycieczk\u0119 po Tr\u00f3jmie\u015bcie? Szukasz noclegu w Gdyni dla zorganizowanej grupy? Zapraszamy do Hola Gdynia\",\"breadcrumb\":{\"@id\":\"https:\\\/\\\/hola.gdynia.pl\\\/de\\\/angebot-fuer-reisebueros-und-organisierte-gruppen\\\/#breadcrumb\"},\"inLanguage\":\"de\",\"potentialAction\":[{\"@type\":\"ReadAction\",\"target\":[\"https:\\\/\\\/hola.gdynia.pl\\\/de\\\/angebot-fuer-reisebueros-und-organisierte-gruppen\\\/\"]}]},{\"@type\":\"ImageObject\",\"inLanguage\":\"de\",\"@id\":\"https:\\\/\\\/hola.gdynia.pl\\\/de\\\/angebot-fuer-reisebueros-und-organisierte-gruppen\\\/#primaryimage\",\"url\":\"https:\\\/\\\/hola.gdynia.pl\\\/wp-content\\\/uploads\\\/2023\\\/03\\\/hotel-biuro-podrozy-agent-gdynia-polish-sea-baltic.jpg\",\"contentUrl\":\"https:\\\/\\\/hola.gdynia.pl\\\/wp-content\\\/uploads\\\/2023\\\/03\\\/hotel-biuro-podrozy-agent-gdynia-polish-sea-baltic.jpg\",\"width\":1500,\"height\":790},{\"@type\":\"BreadcrumbList\",\"@id\":\"https:\\\/\\\/hola.gdynia.pl\\\/de\\\/angebot-fuer-reisebueros-und-organisierte-gruppen\\\/#breadcrumb\",\"itemListElement\":[{\"@type\":\"ListItem\",\"position\":1,\"name\":\"Home\",\"item\":\"https:\\\/\\\/hola.gdynia.pl\\\/de\\\/\"},{\"@type\":\"ListItem\",\"position\":2,\"name\":\"Angebot f\u00fcr Reiseb\u00fcros und organisierte Gruppen\"}]},{\"@type\":\"WebSite\",\"@id\":\"https:\\\/\\\/hola.gdynia.pl\\\/de\\\/#website\",\"url\":\"https:\\\/\\\/hola.gdynia.pl\\\/de\\\/\",\"name\":\"Zatrzymaj si\u0119 w klimatycznym hotelu w centrum Gdyni\",\"description\":\"Szukasz noclegu w Gdyni? Wybierz nasz nowo otwarty obiekt hotelowy po\u0142o\u017cony blisko morza: 42 pokoje, otwarty dost\u0119p do kuchni, winda, bezp\u0142atny parking!\",\"publisher\":{\"@id\":\"https:\\\/\\\/hola.gdynia.pl\\\/de\\\/#organization\"},\"potentialAction\":[{\"@type\":\"SearchAction\",\"target\":{\"@type\":\"EntryPoint\",\"urlTemplate\":\"https:\\\/\\\/hola.gdynia.pl\\\/de\\\/?s={search_term_string}\"},\"query-input\":{\"@type\":\"PropertyValueSpecification\",\"valueRequired\":true,\"valueName\":\"search_term_string\"}}],\"inLanguage\":\"de\"},{\"@type\":\"Organization\",\"@id\":\"https:\\\/\\\/hola.gdynia.pl\\\/de\\\/#organization\",\"name\":\"Zatrzymaj si\u0119 w klimatycznym hotelu w centrum Gdyni\",\"url\":\"https:\\\/\\\/hola.gdynia.pl\\\/de\\\/\",\"logo\":{\"@type\":\"ImageObject\",\"inLanguage\":\"de\",\"@id\":\"https:\\\/\\\/hola.gdynia.pl\\\/de\\\/#\\\/schema\\\/logo\\\/image\\\/\",\"url\":\"https:\\\/\\\/hola.gdynia.pl\\\/wp-content\\\/uploads\\\/2023\\\/02\\\/logoHOLA.svg\",\"contentUrl\":\"https:\\\/\\\/hola.gdynia.pl\\\/wp-content\\\/uploads\\\/2023\\\/02\\\/logoHOLA.svg\",\"width\":200,\"height\":66,\"caption\":\"Zatrzymaj si\u0119 w klimatycznym hotelu w centrum Gdyni\"},\"image\":{\"@id\":\"https:\\\/\\\/hola.gdynia.pl\\\/de\\\/#\\\/schema\\\/logo\\\/image\\\/\"},\"sameAs\":[\"https:\\\/\\\/www.facebook.com\\\/holagdynia\"]}]}<\/script>\n<!-- \/ Yoast SEO Premium plugin. -->","yoast_head_json":{"title":"Angebot f\u00fcr Reiseb\u00fcros und organisierte Gruppen - Zatrzymaj si\u0119 w klimatycznym hotelu w centrum Gdyni","description":"Planujesz wycieczk\u0119 po Tr\u00f3jmie\u015bcie? Szukasz noclegu w Gdyni dla zorganizowanej grupy? Zapraszamy do Hola Gdynia","robots":{"index":"index","follow":"follow","max-snippet":"max-snippet:-1","max-image-preview":"max-image-preview:large","max-video-preview":"max-video-preview:-1"},"canonical":"https:\/\/hola.gdynia.pl\/de\/angebot-fuer-reisebueros-und-organisierte-gruppen\/","og_locale":"de_DE","og_type":"article","og_title":"Angebot f\u00fcr Reiseb\u00fcros und organisierte Gruppen","og_description":"Planujesz wycieczk\u0119 po Tr\u00f3jmie\u015bcie? Szukasz noclegu w Gdyni dla zorganizowanej grupy? Zapraszamy do Hola Gdynia","og_url":"https:\/\/hola.gdynia.pl\/de\/angebot-fuer-reisebueros-und-organisierte-gruppen\/","og_site_name":"Zatrzymaj si\u0119 w klimatycznym hotelu w centrum Gdyni","article_publisher":"https:\/\/www.facebook.com\/holagdynia","article_modified_time":"2023-06-01T19:17:27+00:00","og_image":[{"width":1500,"height":790,"url":"https:\/\/hola.gdynia.pl\/wp-content\/uploads\/2023\/03\/hotel-biuro-podrozy-agent-gdynia-polish-sea-baltic.jpg","type":"image\/jpeg"}],"twitter_card":"summary_large_image","twitter_misc":{"Gesch\u00e4tzte Lesezeit":"3\u00a0Minuten"},"schema":{"@context":"https:\/\/schema.org","@graph":[{"@type":"WebPage","@id":"https:\/\/hola.gdynia.pl\/de\/angebot-fuer-reisebueros-und-organisierte-gruppen\/","url":"https:\/\/hola.gdynia.pl\/de\/angebot-fuer-reisebueros-und-organisierte-gruppen\/","name":"Angebot f\u00fcr Reiseb\u00fcros und organisierte Gruppen - Zatrzymaj si\u0119 w klimatycznym hotelu w centrum Gdyni","isPartOf":{"@id":"https:\/\/hola.gdynia.pl\/de\/#website"},"primaryImageOfPage":{"@id":"https:\/\/hola.gdynia.pl\/de\/angebot-fuer-reisebueros-und-organisierte-gruppen\/#primaryimage"},"image":{"@id":"https:\/\/hola.gdynia.pl\/de\/angebot-fuer-reisebueros-und-organisierte-gruppen\/#primaryimage"},"thumbnailUrl":"https:\/\/hola.gdynia.pl\/wp-content\/uploads\/2023\/03\/hotel-biuro-podrozy-agent-gdynia-polish-sea-baltic.jpg","datePublished":"2023-03-20T11:40:11+00:00","dateModified":"2023-06-01T19:17:27+00:00","description":"Planujesz wycieczk\u0119 po Tr\u00f3jmie\u015bcie? Szukasz noclegu w Gdyni dla zorganizowanej grupy? Zapraszamy do Hola Gdynia","breadcrumb":{"@id":"https:\/\/hola.gdynia.pl\/de\/angebot-fuer-reisebueros-und-organisierte-gruppen\/#breadcrumb"},"inLanguage":"de","potentialAction":[{"@type":"ReadAction","target":["https:\/\/hola.gdynia.pl\/de\/angebot-fuer-reisebueros-und-organisierte-gruppen\/"]}]},{"@type":"ImageObject","inLanguage":"de","@id":"https:\/\/hola.gdynia.pl\/de\/angebot-fuer-reisebueros-und-organisierte-gruppen\/#primaryimage","url":"https:\/\/hola.gdynia.pl\/wp-content\/uploads\/2023\/03\/hotel-biuro-podrozy-agent-gdynia-polish-sea-baltic.jpg","contentUrl":"https:\/\/hola.gdynia.pl\/wp-content\/uploads\/2023\/03\/hotel-biuro-podrozy-agent-gdynia-polish-sea-baltic.jpg","width":1500,"height":790},{"@type":"BreadcrumbList","@id":"https:\/\/hola.gdynia.pl\/de\/angebot-fuer-reisebueros-und-organisierte-gruppen\/#breadcrumb","itemListElement":[{"@type":"ListItem","position":1,"name":"Home","item":"https:\/\/hola.gdynia.pl\/de\/"},{"@type":"ListItem","position":2,"name":"Angebot f\u00fcr Reiseb\u00fcros und organisierte Gruppen"}]},{"@type":"WebSite","@id":"https:\/\/hola.gdynia.pl\/de\/#website","url":"https:\/\/hola.gdynia.pl\/de\/","name":"Zatrzymaj si\u0119 w klimatycznym hotelu w centrum Gdyni","description":"Szukasz noclegu w Gdyni? Wybierz nasz nowo otwarty obiekt hotelowy po\u0142o\u017cony blisko morza: 42 pokoje, otwarty dost\u0119p do kuchni, winda, bezp\u0142atny parking!","publisher":{"@id":"https:\/\/hola.gdynia.pl\/de\/#organization"},"potentialAction":[{"@type":"SearchAction","target":{"@type":"EntryPoint","urlTemplate":"https:\/\/hola.gdynia.pl\/de\/?s={search_term_string}"},"query-input":{"@type":"PropertyValueSpecification","valueRequired":true,"valueName":"search_term_string"}}],"inLanguage":"de"},{"@type":"Organization","@id":"https:\/\/hola.gdynia.pl\/de\/#organization","name":"Zatrzymaj si\u0119 w klimatycznym hotelu w centrum Gdyni","url":"https:\/\/hola.gdynia.pl\/de\/","logo":{"@type":"ImageObject","inLanguage":"de","@id":"https:\/\/hola.gdynia.pl\/de\/#\/schema\/logo\/image\/","url":"https:\/\/hola.gdynia.pl\/wp-content\/uploads\/2023\/02\/logoHOLA.svg","contentUrl":"https:\/\/hola.gdynia.pl\/wp-content\/uploads\/2023\/02\/logoHOLA.svg","width":200,"height":66,"caption":"Zatrzymaj si\u0119 w klimatycznym hotelu w centrum Gdyni"},"image":{"@id":"https:\/\/hola.gdynia.pl\/de\/#\/schema\/logo\/image\/"},"sameAs":["https:\/\/www.facebook.com\/holagdynia"]}]}},"_links":{"self":[{"href":"https:\/\/hola.gdynia.pl\/de\/wp-json\/wp\/v2\/pages\/2618","targetHints":{"allow":["GET"]}}],"collection":[{"href":"https:\/\/hola.gdynia.pl\/de\/wp-json\/wp\/v2\/pages"}],"about":[{"href":"https:\/\/hola.gdynia.pl\/de\/wp-json\/wp\/v2\/types\/page"}],"author":[{"embeddable":true,"href":"https:\/\/hola.gdynia.pl\/de\/wp-json\/wp\/v2\/users\/1"}],"replies":[{"embeddable":true,"href":"https:\/\/hola.gdynia.pl\/de\/wp-json\/wp\/v2\/comments?post=2618"}],"version-history":[{"count":0,"href":"https:\/\/hola.gdynia.pl\/de\/wp-json\/wp\/v2\/pages\/2618\/revisions"}],"wp:featuredmedia":[{"embeddable":true,"href":"https:\/\/hola.gdynia.pl\/de\/wp-json\/wp\/v2\/media\/2452"}],"wp:attachment":[{"href":"https:\/\/hola.gdynia.pl\/de\/wp-json\/wp\/v2\/media?parent=2618"}],"curies":[{"name":"wp","href":"https:\/\/api.w.org\/{rel}","templated":true}]}}