{"id":6037,"date":"2023-08-15T04:28:44","date_gmt":"2023-08-15T02:28:44","guid":{"rendered":"https:\/\/l53ehaqiot.preview.infomaniak.website\/produkt\/pokoj-rodinny-deluxe\/"},"modified":"2025-02-18T13:29:52","modified_gmt":"2025-02-18T12:29:52","slug":"pokoj-rodinny-deluxe","status":"publish","type":"product","link":"https:\/\/hola.gdynia.pl\/cs\/produkt\/pokoj-rodinny-deluxe\/","title":{"rendered":"Pokoj Rodinn\u00fd Deluxe"},"content":{"rendered":"<p>Pl\u00e1nujete rodinn\u00fd v\u00fdlet do Gdyn\u011b? Hola Gdynia m\u016f\u017ee nab\u00eddnout nejv\u011bt\u0161\u00ed rodinn\u00fd pokoj, kter\u00fd pojme a\u017e 4 dosp\u011bl\u00e9 osoby. Najdete zde dv\u011b pohodln\u00e9 tradi\u010dn\u00ed postele a patrovou postel. Ka\u017ed\u00fd pokoj m\u00e1 tak\u00e9 koupelnu se sprchov\u00fdm koutem.<\/p>\n","protected":false},"excerpt":{"rendered":"<p>Hola Gdynia nab\u00edz\u00ed nejv\u011bt\u0161\u00ed rodinn\u00fd pokoj, kter\u00fd pojme a\u017e 4 dosp\u011bl\u00e9 osoby.<\/p>\n","protected":false},"featured_media":6025,"comment_status":"open","ping_status":"closed","template":"elementor_theme","meta":{"inline_featured_image":false},"product_brand":[],"product_cat":[159],"product_tag":[],"class_list":{"0":"post-6037","1":"product","2":"type-product","3":"status-publish","4":"has-post-thumbnail","6":"product_cat-hola-gdynia-cs","8":"first","9":"instock","10":"featured","11":"shipping-taxable","12":"purchasable","13":"product-type-ovabrw_car_rental"},"yoast_head":"<!-- This site is optimized with the Yoast SEO Premium plugin v24.4 (Yoast SEO v27.5) - https:\/\/yoast.com\/product\/yoast-seo-premium-wordpress\/ -->\n<title>Pokoj Rodinn\u00fd Deluxe - Zatrzymaj si\u0119 w klimatycznym hotelu w centrum Gdyni<\/title>\n<meta name=\"robots\" content=\"index, follow, max-snippet:-1, max-image-preview:large, max-video-preview:-1\" \/>\n<link rel=\"canonical\" href=\"https:\/\/hola.gdynia.pl\/cs\/produkt\/pokoj-rodinny-deluxe\/\" \/>\n<meta property=\"og:locale\" content=\"cs_CZ\" \/>\n<meta property=\"og:type\" content=\"article\" \/>\n<meta property=\"og:title\" content=\"Pokoj Rodinn\u00fd Deluxe\" \/>\n<meta property=\"og:description\" content=\"Hola Gdynia nab\u00edz\u00ed nejv\u011bt\u0161\u00ed rodinn\u00fd pokoj, kter\u00fd pojme a\u017e 4 dosp\u011bl\u00e9 osoby.\" \/>\n<meta property=\"og:url\" content=\"https:\/\/hola.gdynia.pl\/cs\/produkt\/pokoj-rodinny-deluxe\/\" \/>\n<meta property=\"og:site_name\" content=\"Zatrzymaj si\u0119 w klimatycznym hotelu w centrum Gdyni\" \/>\n<meta property=\"article:publisher\" content=\"https:\/\/www.facebook.com\/holagdynia\" \/>\n<meta property=\"article:modified_time\" content=\"2025-02-18T12:29:52+00:00\" \/>\n<meta property=\"og:image\" content=\"https:\/\/hola.gdynia.pl\/wp-content\/uploads\/2023\/01\/wygodny-pokoj-w-centrum-gdyni.jpg\" \/>\n\t<meta property=\"og:image:width\" content=\"1200\" \/>\n\t<meta property=\"og:image:height\" content=\"900\" \/>\n\t<meta property=\"og:image:type\" content=\"image\/jpeg\" \/>\n<meta name=\"twitter:card\" content=\"summary_large_image\" \/>\n<meta name=\"twitter:label1\" content=\"Odhadovan\u00e1 doba \u010dten\u00ed\" \/>\n\t<meta name=\"twitter:data1\" content=\"1 minuta\" \/>\n<script type=\"application\/ld+json\" class=\"yoast-schema-graph\">{\"@context\":\"https:\\\/\\\/schema.org\",\"@graph\":[{\"@type\":\"WebPage\",\"@id\":\"https:\\\/\\\/hola.gdynia.pl\\\/cs\\\/produkt\\\/pokoj-rodinny-deluxe\\\/\",\"url\":\"https:\\\/\\\/hola.gdynia.pl\\\/cs\\\/produkt\\\/pokoj-rodinny-deluxe\\\/\",\"name\":\"Pokoj Rodinn\u00fd Deluxe - Zatrzymaj si\u0119 w klimatycznym hotelu w centrum Gdyni\",\"isPartOf\":{\"@id\":\"https:\\\/\\\/hola.gdynia.pl\\\/cs\\\/#website\"},\"primaryImageOfPage\":{\"@id\":\"https:\\\/\\\/hola.gdynia.pl\\\/cs\\\/produkt\\\/pokoj-rodinny-deluxe\\\/#primaryimage\"},\"image\":{\"@id\":\"https:\\\/\\\/hola.gdynia.pl\\\/cs\\\/produkt\\\/pokoj-rodinny-deluxe\\\/#primaryimage\"},\"thumbnailUrl\":\"https:\\\/\\\/hola.gdynia.pl\\\/wp-content\\\/uploads\\\/2023\\\/01\\\/wygodny-pokoj-w-centrum-gdyni.jpg\",\"datePublished\":\"2023-08-15T02:28:44+00:00\",\"dateModified\":\"2025-02-18T12:29:52+00:00\",\"breadcrumb\":{\"@id\":\"https:\\\/\\\/hola.gdynia.pl\\\/cs\\\/produkt\\\/pokoj-rodinny-deluxe\\\/#breadcrumb\"},\"inLanguage\":\"cs\",\"potentialAction\":[{\"@type\":\"ReadAction\",\"target\":[\"https:\\\/\\\/hola.gdynia.pl\\\/cs\\\/produkt\\\/pokoj-rodinny-deluxe\\\/\"]}]},{\"@type\":\"ImageObject\",\"inLanguage\":\"cs\",\"@id\":\"https:\\\/\\\/hola.gdynia.pl\\\/cs\\\/produkt\\\/pokoj-rodinny-deluxe\\\/#primaryimage\",\"url\":\"https:\\\/\\\/hola.gdynia.pl\\\/wp-content\\\/uploads\\\/2023\\\/01\\\/wygodny-pokoj-w-centrum-gdyni.jpg\",\"contentUrl\":\"https:\\\/\\\/hola.gdynia.pl\\\/wp-content\\\/uploads\\\/2023\\\/01\\\/wygodny-pokoj-w-centrum-gdyni.jpg\",\"width\":1200,\"height\":900,\"caption\":\"wygodny-pokoj-w-centrum-gdyni\"},{\"@type\":\"BreadcrumbList\",\"@id\":\"https:\\\/\\\/hola.gdynia.pl\\\/cs\\\/produkt\\\/pokoj-rodinny-deluxe\\\/#breadcrumb\",\"itemListElement\":[{\"@type\":\"ListItem\",\"position\":1,\"name\":\"Home\",\"item\":\"https:\\\/\\\/hola.gdynia.pl\\\/cs\\\/\"},{\"@type\":\"ListItem\",\"position\":2,\"name\":\"Produkty\",\"item\":\"https:\\\/\\\/hola.gdynia.pl\\\/cs\\\/shop\\\/\"},{\"@type\":\"ListItem\",\"position\":3,\"name\":\"Pokoj Rodinn\u00fd Deluxe\"}]},{\"@type\":\"WebSite\",\"@id\":\"https:\\\/\\\/hola.gdynia.pl\\\/cs\\\/#website\",\"url\":\"https:\\\/\\\/hola.gdynia.pl\\\/cs\\\/\",\"name\":\"Zatrzymaj si\u0119 w klimatycznym hotelu w centrum Gdyni\",\"description\":\"Szukasz noclegu w Gdyni? Wybierz nasz nowo otwarty obiekt hotelowy po\u0142o\u017cony blisko morza: 42 pokoje, otwarty dost\u0119p do kuchni, winda, bezp\u0142atny parking!\",\"publisher\":{\"@id\":\"https:\\\/\\\/hola.gdynia.pl\\\/cs\\\/#organization\"},\"potentialAction\":[{\"@type\":\"SearchAction\",\"target\":{\"@type\":\"EntryPoint\",\"urlTemplate\":\"https:\\\/\\\/hola.gdynia.pl\\\/cs\\\/?s={search_term_string}\"},\"query-input\":{\"@type\":\"PropertyValueSpecification\",\"valueRequired\":true,\"valueName\":\"search_term_string\"}}],\"inLanguage\":\"cs\"},{\"@type\":\"Organization\",\"@id\":\"https:\\\/\\\/hola.gdynia.pl\\\/cs\\\/#organization\",\"name\":\"Zatrzymaj si\u0119 w klimatycznym hotelu w centrum Gdyni\",\"url\":\"https:\\\/\\\/hola.gdynia.pl\\\/cs\\\/\",\"logo\":{\"@type\":\"ImageObject\",\"inLanguage\":\"cs\",\"@id\":\"https:\\\/\\\/hola.gdynia.pl\\\/cs\\\/#\\\/schema\\\/logo\\\/image\\\/\",\"url\":\"https:\\\/\\\/hola.gdynia.pl\\\/wp-content\\\/uploads\\\/2023\\\/02\\\/logoHOLA.svg\",\"contentUrl\":\"https:\\\/\\\/hola.gdynia.pl\\\/wp-content\\\/uploads\\\/2023\\\/02\\\/logoHOLA.svg\",\"width\":200,\"height\":66,\"caption\":\"Zatrzymaj si\u0119 w klimatycznym hotelu w centrum Gdyni\"},\"image\":{\"@id\":\"https:\\\/\\\/hola.gdynia.pl\\\/cs\\\/#\\\/schema\\\/logo\\\/image\\\/\"},\"sameAs\":[\"https:\\\/\\\/www.facebook.com\\\/holagdynia\"]}]}<\/script>\n<!-- \/ Yoast SEO Premium plugin. -->","yoast_head_json":{"title":"Pokoj Rodinn\u00fd Deluxe - Zatrzymaj si\u0119 w klimatycznym hotelu w centrum Gdyni","robots":{"index":"index","follow":"follow","max-snippet":"max-snippet:-1","max-image-preview":"max-image-preview:large","max-video-preview":"max-video-preview:-1"},"canonical":"https:\/\/hola.gdynia.pl\/cs\/produkt\/pokoj-rodinny-deluxe\/","og_locale":"cs_CZ","og_type":"article","og_title":"Pokoj Rodinn\u00fd Deluxe","og_description":"Hola Gdynia nab\u00edz\u00ed nejv\u011bt\u0161\u00ed rodinn\u00fd pokoj, kter\u00fd pojme a\u017e 4 dosp\u011bl\u00e9 osoby.","og_url":"https:\/\/hola.gdynia.pl\/cs\/produkt\/pokoj-rodinny-deluxe\/","og_site_name":"Zatrzymaj si\u0119 w klimatycznym hotelu w centrum Gdyni","article_publisher":"https:\/\/www.facebook.com\/holagdynia","article_modified_time":"2025-02-18T12:29:52+00:00","og_image":[{"width":1200,"height":900,"url":"https:\/\/hola.gdynia.pl\/wp-content\/uploads\/2023\/01\/wygodny-pokoj-w-centrum-gdyni.jpg","type":"image\/jpeg"}],"twitter_card":"summary_large_image","twitter_misc":{"Odhadovan\u00e1 doba \u010dten\u00ed":"1 minuta"},"schema":{"@context":"https:\/\/schema.org","@graph":[{"@type":"WebPage","@id":"https:\/\/hola.gdynia.pl\/cs\/produkt\/pokoj-rodinny-deluxe\/","url":"https:\/\/hola.gdynia.pl\/cs\/produkt\/pokoj-rodinny-deluxe\/","name":"Pokoj Rodinn\u00fd Deluxe - Zatrzymaj si\u0119 w klimatycznym hotelu w centrum Gdyni","isPartOf":{"@id":"https:\/\/hola.gdynia.pl\/cs\/#website"},"primaryImageOfPage":{"@id":"https:\/\/hola.gdynia.pl\/cs\/produkt\/pokoj-rodinny-deluxe\/#primaryimage"},"image":{"@id":"https:\/\/hola.gdynia.pl\/cs\/produkt\/pokoj-rodinny-deluxe\/#primaryimage"},"thumbnailUrl":"https:\/\/hola.gdynia.pl\/wp-content\/uploads\/2023\/01\/wygodny-pokoj-w-centrum-gdyni.jpg","datePublished":"2023-08-15T02:28:44+00:00","dateModified":"2025-02-18T12:29:52+00:00","breadcrumb":{"@id":"https:\/\/hola.gdynia.pl\/cs\/produkt\/pokoj-rodinny-deluxe\/#breadcrumb"},"inLanguage":"cs","potentialAction":[{"@type":"ReadAction","target":["https:\/\/hola.gdynia.pl\/cs\/produkt\/pokoj-rodinny-deluxe\/"]}]},{"@type":"ImageObject","inLanguage":"cs","@id":"https:\/\/hola.gdynia.pl\/cs\/produkt\/pokoj-rodinny-deluxe\/#primaryimage","url":"https:\/\/hola.gdynia.pl\/wp-content\/uploads\/2023\/01\/wygodny-pokoj-w-centrum-gdyni.jpg","contentUrl":"https:\/\/hola.gdynia.pl\/wp-content\/uploads\/2023\/01\/wygodny-pokoj-w-centrum-gdyni.jpg","width":1200,"height":900,"caption":"wygodny-pokoj-w-centrum-gdyni"},{"@type":"BreadcrumbList","@id":"https:\/\/hola.gdynia.pl\/cs\/produkt\/pokoj-rodinny-deluxe\/#breadcrumb","itemListElement":[{"@type":"ListItem","position":1,"name":"Home","item":"https:\/\/hola.gdynia.pl\/cs\/"},{"@type":"ListItem","position":2,"name":"Produkty","item":"https:\/\/hola.gdynia.pl\/cs\/shop\/"},{"@type":"ListItem","position":3,"name":"Pokoj Rodinn\u00fd Deluxe"}]},{"@type":"WebSite","@id":"https:\/\/hola.gdynia.pl\/cs\/#website","url":"https:\/\/hola.gdynia.pl\/cs\/","name":"Zatrzymaj si\u0119 w klimatycznym hotelu w centrum Gdyni","description":"Szukasz noclegu w Gdyni? Wybierz nasz nowo otwarty obiekt hotelowy po\u0142o\u017cony blisko morza: 42 pokoje, otwarty dost\u0119p do kuchni, winda, bezp\u0142atny parking!","publisher":{"@id":"https:\/\/hola.gdynia.pl\/cs\/#organization"},"potentialAction":[{"@type":"SearchAction","target":{"@type":"EntryPoint","urlTemplate":"https:\/\/hola.gdynia.pl\/cs\/?s={search_term_string}"},"query-input":{"@type":"PropertyValueSpecification","valueRequired":true,"valueName":"search_term_string"}}],"inLanguage":"cs"},{"@type":"Organization","@id":"https:\/\/hola.gdynia.pl\/cs\/#organization","name":"Zatrzymaj si\u0119 w klimatycznym hotelu w centrum Gdyni","url":"https:\/\/hola.gdynia.pl\/cs\/","logo":{"@type":"ImageObject","inLanguage":"cs","@id":"https:\/\/hola.gdynia.pl\/cs\/#\/schema\/logo\/image\/","url":"https:\/\/hola.gdynia.pl\/wp-content\/uploads\/2023\/02\/logoHOLA.svg","contentUrl":"https:\/\/hola.gdynia.pl\/wp-content\/uploads\/2023\/02\/logoHOLA.svg","width":200,"height":66,"caption":"Zatrzymaj si\u0119 w klimatycznym hotelu w centrum Gdyni"},"image":{"@id":"https:\/\/hola.gdynia.pl\/cs\/#\/schema\/logo\/image\/"},"sameAs":["https:\/\/www.facebook.com\/holagdynia"]}]}},"_links":{"self":[{"href":"https:\/\/hola.gdynia.pl\/cs\/wp-json\/wp\/v2\/product\/6037","targetHints":{"allow":["GET"]}}],"collection":[{"href":"https:\/\/hola.gdynia.pl\/cs\/wp-json\/wp\/v2\/product"}],"about":[{"href":"https:\/\/hola.gdynia.pl\/cs\/wp-json\/wp\/v2\/types\/product"}],"replies":[{"embeddable":true,"href":"https:\/\/hola.gdynia.pl\/cs\/wp-json\/wp\/v2\/comments?post=6037"}],"version-history":[{"count":0,"href":"https:\/\/hola.gdynia.pl\/cs\/wp-json\/wp\/v2\/product\/6037\/revisions"}],"wp:featuredmedia":[{"embeddable":true,"href":"https:\/\/hola.gdynia.pl\/cs\/wp-json\/wp\/v2\/media\/6025"}],"wp:attachment":[{"href":"https:\/\/hola.gdynia.pl\/cs\/wp-json\/wp\/v2\/media?parent=6037"}],"wp:term":[{"taxonomy":"product_brand","embeddable":true,"href":"https:\/\/hola.gdynia.pl\/cs\/wp-json\/wp\/v2\/product_brand?post=6037"},{"taxonomy":"product_cat","embeddable":true,"href":"https:\/\/hola.gdynia.pl\/cs\/wp-json\/wp\/v2\/product_cat?post=6037"},{"taxonomy":"product_tag","embeddable":true,"href":"https:\/\/hola.gdynia.pl\/cs\/wp-json\/wp\/v2\/product_tag?post=6037"}],"curies":[{"name":"wp","href":"https:\/\/api.w.org\/{rel}","templated":true}]}}