{"id":6278,"date":"2023-02-06T19:24:02","date_gmt":"2023-02-06T18:24:02","guid":{"rendered":"https:\/\/l53ehaqiot.preview.infomaniak.website\/restauracje\/"},"modified":"2025-02-26T16:14:16","modified_gmt":"2025-02-26T15:14:16","slug":"restauracje","status":"publish","type":"page","link":"https:\/\/hola.gdynia.pl\/cs\/restauracje\/","title":{"rendered":"Restauracje w Gdyni"},"content":{"rendered":"<div class=\"wpb-content-wrapper\"><p>[vc_row content_placement=&#8220;middle&#8220; wrap_container=&#8220;true&#8220; el_id=&#8220;everything-right-section&#8220;][vc_column width=&#8220;1\/3&#8243; offset=&#8220;vc_col-xs-12&#8243;][vc_column_text css=&#8220;.vc_custom_1676488571134{margin-bottom: 50px !important;}&#8220;]<\/p>\n<h2 style=\"font-size: 30px; line-height: 35px; text-transform: uppercase; color: #405272;\">HOLA Gdynia<br \/>\n<span style=\"color: #dcb5be;\">Restauracje.<\/span><\/h2>\n<p>[\/vc_column_text][vc_column_text css=&#8220;.vc_custom_1677505509482{margin-bottom: 0px !important;}&#8220;]<\/p>\n<h2>Zastanawiacie si\u0119, gdzie dobrze zje\u015b\u0107 w Gdyni? Kuchnia gruzi\u0144ska, meksyka\u0144ska, korea\u0144ska, japo\u0144ska, tajska, chi\u0144ska, w\u0142oska i oczywi\u015bcie polska \u2013 \u015bmia\u0142o mo\u017cna stwierdzi\u0107, \u017ce b\u0119d\u0105c tu mo\u017cna skosztowa\u0107 potraw z r\u00f3\u017cnych zak\u0105tk\u00f3w \u015bwiata. Gdzie p\u00f3j\u015b\u0107 na obiad w Gdyni? Przedstawiamy najlepsze, naszym zdaniem, restauracje w Gdyni!<\/h2>\n<p>[\/vc_column_text][\/vc_column][vc_column width=&#8220;2\/3&#8243; offset=&#8220;vc_col-lg-offset-1 vc_col-lg-7 vc_col-md-offset-0 vc_col-md-8 vc_col-sm-offset-0 vc_col-xs-12&#8243; css=&#8220;.vc_custom_1722961560676{padding-right: 8px !important;padding-left: 15px !important;}&#8220;][vc_gallery type=&#8220;image_grid&#8220; images=&#8220;687,6279&#8243; img_size=&#8220;310&#215;450&#8243; onclick=&#8220;&#8220; css=&#8220;.vc_custom_1722961581616{padding-right: 8px !important;padding-left: 8px !important;}&#8220;][\/vc_column][\/vc_row][vc_row wrap_container=&#8220;true&#8220; css=&#8220;.vc_custom_1676488433792{margin-top: 20px !important;}&#8220; el_id=&#8220;everything-right-bottom-section&#8220;][vc_column][vc_column_text css=&#8220;.vc_custom_1695988069563{margin-bottom: 0px !important;}&#8220;]<\/p>\n<h2>Dobre jedzenie, czyli restauracje na ulicy Starowiejskiej (Gdynia)<\/h2>\n<p><strong>Pierogarnia Mandu<\/strong> \u2013 to bardzo lubiana restauracja w Tr\u00f3jmie\u015bcie. Mamy to szcz\u0119\u015bcie, \u017ce jedna z pierogarni <strong>mie\u015bci si\u0119 w naszej kamienicy<\/strong>!<br \/>\nDla nas zdecydowanie to miejsce pierwszego wyboru. \u015awietna aran\u017cacja wn\u0119trza, k\u0105cik dla dzieci, przemi\u0142a obs\u0142uga oraz oczywi\u015bcie niemal niezliczony wyb\u00f3r pierog\u00f3w! Tradycyjne, z kaszank\u0105, z ciecierzyc\u0105, z czarnuszk\u0105, z tofu, pierogi na s\u0142odko, a nawet w cie\u015bcie dro\u017cd\u017cowym lub sma\u017cone w g\u0142\u0119bokim oleju \u2013 wyb\u00f3r jest niesamowity.<br \/>\nPoza tym mo\u017cna tu zje\u015b\u0107 smaczn\u0105 zup\u0119 i pyszny deser. Rozkoszowa\u0107 si\u0119 niecodziennym smakiem herbaty oraz aromatyczn\u0105 kaw\u0105, a nawet czym\u015b bardziej procentowym. <strong>Gdzie zje\u015b\u0107 najlepsze pierogi w mie\u015bcie?<\/strong><br \/>\n<a href=\"https:\/\/pierogarnia-mandu.pl\/gdynia\/menu\/\">Sprawd\u017a menu<\/a><br \/>\nOdleg\u0142o\u015b\u0107 od Hola Gdynia &gt;&gt; Blisko, bo na miejscu! (ul. Starowiejska 1)[\/vc_column_text][vc_gallery type=&#8220;image_grid&#8220; images=&#8220;1016,689,1010,687,1007,1004&#8243; css=&#8220;.vc_custom_1677506761562{padding-top: 20px !important;}&#8220;][vc_empty_space height=&#8220;25px&#8220;][vc_column_text css=&#8220;.vc_custom_1698006412880{margin-bottom: 0px !important;}&#8220;]<strong>Ober\u017ca 86<\/strong> \u2013 to niezwyk\u0142e miejsce. To tu kaszubskie smaki \u0142\u0105cz\u0105 si\u0119 z francusk\u0105 sztuk\u0105 gotowania. Restauracja mie\u015bci si\u0119 w zabytkowym Domku Abrahama, kt\u00f3ry powsta\u0142 w 1900 roku, a jego historia jest zwi\u0105zan\u0105 \u2013 tak, jak i nasza kamienica \u2013 z rodem Skwiercz\u00f3w. Karta menu jest kr\u00f3tka. Znajdziecie tu jednak ciekawe przystawki, dania bezmi\u0119sne, mi\u0119sne, rybne i desery.<br \/>\n<a href=\"https:\/\/www.oberza86.pl\/menu\/\">Sprawd\u017a menu<\/a><br \/>\nOdleg\u0142o\u015b\u0107 od Hola Gdynia &gt;&gt; Blisko, bo tylko 350 metr\u00f3w (ul. Starowiejska 30)<\/p>\n<p><strong>Czerwony Piec<\/strong> \u2013 je\u017celi w Google chcecie wyszuka\u0107 has\u0142o \u201epizzeria Gdynia\u201d, to mamy dla Was \u015bwietny lokal. Niepozorny, ale bardzo popularny, z wieloma pozytywnymi recenzjami. Tu zjecie \u015bwietne pizze wypieczone w piecu opalanym drewnem. S\u0105 oczywi\u015bcie te\u017c makarony, przystawki, panini, hummus i sa\u0142aty.<br \/>\n<a href=\"https:\/\/www.czerwonypiec.pl\/\">Sprawd\u017a menu<\/a><br \/>\nOdleg\u0142o\u015b\u0107 od Hola Gdynia &gt;&gt; Blisko, bo tylko 450 metr\u00f3w (ul. Starowiejska 40c)<\/p>\n<p><strong>Mora bistro<\/strong> \u2013 nieco bli\u017cej dworca znajduje si\u0119 lokal, w kt\u00f3rym mo\u017cna wrzuci\u0107 co\u015b na z\u0105b. Tu zjecie tacosy, burgery, sa\u0142atki, klasyczne frytki lub bataty w r\u00f3\u017cnych sosach. Ciekawe wn\u0119trze i bardzo dobre opinie go\u015bci \u2013 warto tu zajrze\u0107.<br \/>\n<a href=\"http:\/\/www.morabistro.pl\/\">Sprawd\u017a menu<\/a><br \/>\nOdleg\u0142o\u015b\u0107 od Hola Gdynia &gt;&gt; Blisko, bo tylko 600 metr\u00f3w (ul. Starowiejska 44)<\/p>\n<p>&nbsp;<\/p>\n<h2><strong>Restauracje na ulicy \u015awi\u0119toja\u0144skiej (Gdynia)<\/strong><\/h2>\n<p><strong>Bia\u0142e Wino i Owoce<\/strong> \u2013 do tego lokalu mo\u017cecie wst\u0105pi\u0107 w\u00f3wczas, gdy poczujecie, \u017ce macie ochot\u0119 na napoje wyskokowe. Tu zjecie flaczki, \u015bledzika w \u015bmietanie, chlebek ze smalcem i og\u00f3rkiem, \u017ceberka, a nawet go\u0142\u0105bka. Ale znacznie d\u0142u\u017csza jest karta napoj\u00f3w! Wina, piwa, cydry, nalewki, koktajlowe szociki, gin, brandy, rum\u2026 Karta trunk\u00f3w wr\u0119cz nie ma ko\u0144ca!<br \/>\n<a href=\"https:\/\/bialewinoiowoce.pl\/\">Sprawd\u017a menu<\/a><br \/>\nOdleg\u0142o\u015b\u0107 od Hola Gdynia &gt;&gt; Blisko, bo tylko 120 metr\u00f3w (ul. \u015awi\u0119toja\u0144ska 9)<\/p>\n<p><strong>ALGA street food<\/strong> \u2013 Je\u017celi macie ochot\u0119 na sajgonki, baozi, rolk\u0119 zawini\u0119t\u0105 w nori z ry\u017cem doprawionym olejem sezamowym czy kurczaka w panko \u2013 to ta korea\u0144ska restauracja b\u0119dzie dla Was dobrym wyborem!<br \/>\n<a href=\"https:\/\/algagdynia.pl\/\">Sprawd\u017a menu<\/a><br \/>\nOdleg\u0142o\u015b\u0107 od Hola Gdynia &gt;&gt; Blisko, bo tylko 190 metr\u00f3w (ul. \u015awi\u0119toja\u0144ska 13)<\/p>\n<p>&nbsp;<\/p>\n<h2><strong>Restauracje w kierunku morza<\/strong><\/h2>\n<p>&nbsp;<\/p>\n<p><strong>Tawerna Gdynia<\/strong> \u2013 gdzie zje\u015b\u0107 w Gdyni danie z ryby? Odpowied\u017a jest jedna Tawerna Gdynia. Tu do wyboru macie a\u017c kilkana\u015bcie da\u0144 z ryb morskich oraz tych z kaszubskich jezior. Go\u015bcie zachwalaj\u0105 stek z halibuta i uczt\u0119 morsk\u0105. Nie brakuje te\u017c tradycyjnych mi\u0119snych potraw i da\u0144 dla dzieci. A po syc\u0105cej uczcie polecamy desery. Wn\u0119trza lokalu stylizowane s\u0105 na mes\u0119 starego statku, nie zdziwicie si\u0119 wi\u0119c s\u0142ysz\u0105c dochodz\u0105ce st\u0105d \u017ceglarskie pie\u015bni. Ahoj przygodo!<br \/>\n<a href=\"https:\/\/www.tawerna-gdynia.pl\/\">Sprawd\u017a menu<\/a><br \/>\nOdleg\u0142o\u015b\u0107 od Hola Gdynia &gt;&gt; Blisko, bo tylko 700 metr\u00f3w (al. Jana Paw\u0142a II 11)<\/p>\n<p>&nbsp;<\/p>\n<h2><strong>Restauracja z widokiem na morze<\/strong><\/h2>\n<p><strong>Restauracja Vinegre<\/strong> <strong>Gdynia<\/strong> \u2013 tu zachwycicie si\u0119 nie tylko jedzeniem, ale i pi\u0119knym widokiem na morze i pla\u017c\u0119! Vinegre to restauracja, winiarnia, kawiarnia i koktajl bar. W menu znajdziecie tapasy, deski degustacyjne, \u017ceberka, steki, owoce morze i s\u0142odko\u015bci. Je\u015bli wi\u0119c szukacie restauracji z widokiem na morze, warto to zajrze\u0107!<br \/>\n<a href=\"https:\/\/www.vinegre.pl\/\">Sprawd\u017a menu<\/a><br \/>\nOdleg\u0142o\u015b\u0107 od Hola Gdynia &gt;&gt; Blisko, bo tylko 900 metr\u00f3w (Zawiszy Czarnego 1, Muzeum Marynarki Wojennej)<\/p>\n<p>&nbsp;<\/p>\n<h2><strong>Gdzie zje\u015b\u0107 dobre jedzenie w centrum Gdyni?<\/strong><\/h2>\n<p><strong>Lolo Thai Jolo<\/strong> \u2013 tym razem przenosimy si\u0119 do tajskiej restauracji. Je\u017celi chcecie spr\u00f3bowa\u0107 nieoczywistych po\u0142\u0105cze\u0144 smakowych, to warto rozwa\u017cy\u0107 to miejsce. Tak si\u0119 sk\u0142ada, \u017ce nasi go\u015bcie, cz\u0119sto zachwalaj\u0105 t\u0119 restauracj\u0119, dlatego i my polecamy!<br \/>\nDo Lolo Thai Jolo mo\u017cecie wybra\u0107 si\u0119 na lekki lunch b\u0105d\u017a obiad. W menu znajduj\u0105 si\u0119 dania z wo\u0142owin\u0105, wieprzowin\u0105, z kurczakiem i oczywi\u015bcie owocami morza. S\u0105 sa\u0142atki i desery oraz oczywi\u015bcie dania dla dzieci.<br \/>\n<a href=\"https:\/\/www.thaijolo.pl\/\">Sprawd\u017a menu<\/a><br \/>\nOdleg\u0142o\u015b\u0107 od Hola Gdynia &gt;&gt; Blisko, bo tylko 250 metr\u00f3w (Jana z Kolna 2)<\/p>\n<p>&nbsp;<\/p>\n<h2><strong>Gdzie zje\u015b\u0107 \u015bniadanie w Gdyni?<\/strong><\/h2>\n<p>Dla naszych hotelowych go\u015bci Hola Gdynia mamy oczywi\u015bcie smaczne \u015bniadanie w formie serwowanej i bufetu podawane codziennie z rana. Je\u015bli jednak chcecie spr\u00f3bowa\u0107 czego\u015b innego sprawd\u017acie, gdzie zje\u015b\u0107 \u015bniadanie w Gdyni:<\/p>\n<p><strong>Dzie\u0144 Dobry Gdynia<\/strong> &#8211; restauracja serwuje \u015bniadaniowe zestawy, owsianki, \u015bniadanie angielskie i tureckie, burraty. Dzie\u0144 dobry Gdynia w swoim menu ma r\u00f3wnie\u017c opcje wegetaria\u0144skie.<br \/>\n<a href=\"http:\/\/www.dziendobrygdynia.pl\/\">Sprawd\u017a menu<\/a><br \/>\nOdleg\u0142o\u015b\u0107 od Hola Gdynia &gt;&gt; Blisko, bo tylko 500 metr\u00f3w (Starowiejska 37)<\/p>\n<p><strong>Chwila Moment<\/strong> &#8211; w restauracji \u015bniadania podawane s\u0105 przez ca\u0142y dzie\u0144! Nie wa\u017cne wi\u0119c, o kt\u00f3rej wstajecie, zawsze czeka\u0107 b\u0119dzie na Was kilka ciekawych pozycji. W menu znajdziecie np. croque madame, szakszuk\u0119, portobello, owsiank\u0119, granol\u0119, brioche na s\u0142odko. Jest r\u00f3wnie\u017c opcja specjalnych \u015bniada\u0144 dla dzieci. W restauracji, podobnie, jak w Dzie\u0144 Dobry Gdynia zje\u015b\u0107 mo\u017cecie r\u00f3wnie\u017c bajgle, zupy, sa\u0142aty i desery.<br \/>\n<a href=\"https:\/\/chwilamoment.com.pl\/\">Sprawd\u017a menu<\/a><br \/>\nOdleg\u0142o\u015b\u0107 od Hola Gdynia &gt;&gt; Blisko, bo tylko 350 metr\u00f3w (\u015awi\u0119toja\u0144ska 30)<\/p>\n<p>&nbsp;<\/p>\n<h2>Mamy nadziej\u0119, \u017ce nasz subiektywny przewodnik po <strong>najlepszych restauracjach w Gdyni<\/strong> przyda Wam si\u0119, gdy poczujecie wi\u0119kszy i mniejszy g\u0142\u00f3d! I ju\u017c znacie odpowied\u017a na pytanie &#8211; gdzie zje\u015b\u0107 w Gdyni i gdzie jest dobre jedzenie!<\/h2>\n<p>[\/vc_column_text][vc_empty_space height=&#8220;25px&#8220;][vc_empty_space height=&#8220;25px&#8220;][vc_video link=&#8220;https:\/\/youtu.be\/l8cSw3GZB1g?si=pOUwPwXP30EP-dnB&#8220;][\/vc_column][\/vc_row][vc_row wrap_container=&#8220;true&#8220; css=&#8220;.vc_custom_1677677125809{margin-top: 40px !important;padding-top: 60px !important;padding-bottom: 60px !important;background-color: #f4f4f4 !important;}&#8220;][vc_column offset=&#8220;vc_hidden-sm vc_hidden-xs&#8220;][vc_row_inner el_id=&#8220;icon-box-section&#8220;][vc_column_inner width=&#8220;1\/6&#8243; offset=&#8220;vc_col-lg-2 vc_col-md-3 vc_col-xs-12&#8243;][vc_single_image image=&#8220;5925&#8243; alignment=&#8220;center&#8220; css=&#8220;&#8220;][\/vc_column_inner][vc_column_inner width=&#8220;1\/6&#8243; offset=&#8220;vc_col-lg-2 vc_col-md-3 vc_col-xs-12&#8243;][vc_single_image image=&#8220;5927&#8243; alignment=&#8220;center&#8220; css=&#8220;&#8220;][\/vc_column_inner][vc_column_inner width=&#8220;1\/6&#8243; offset=&#8220;vc_col-lg-2 vc_col-md-3 vc_col-xs-12&#8243;][vc_single_image image=&#8220;5924&#8243; alignment=&#8220;center&#8220; css=&#8220;&#8220;][\/vc_column_inner][vc_column_inner width=&#8220;1\/6&#8243; offset=&#8220;vc_col-lg-2 vc_col-md-3&#8243;][vc_single_image image=&#8220;5926&#8243; alignment=&#8220;center&#8220; css=&#8220;&#8220;][\/vc_column_inner][vc_column_inner width=&#8220;1\/6&#8243; offset=&#8220;vc_col-lg-2 vc_col-md-3&#8243;][vc_single_image image=&#8220;5923&#8243; alignment=&#8220;center&#8220; css=&#8220;&#8220;][\/vc_column_inner][vc_column_inner width=&#8220;1\/6&#8243; offset=&#8220;vc_col-lg-2 vc_col-md-3&#8243;][vc_single_image image=&#8220;5922&#8243; alignment=&#8220;center&#8220; css=&#8220;&#8220;][\/vc_column_inner][\/vc_row_inner][\/vc_column][\/vc_row][vc_row][vc_column css=&#8220;.vc_custom_1554820984708{padding-top: 0px !important;padding-right: 0px !important;padding-left: 0px !important;}&#8220;]\n\t\t\t\t<p class=\"rs-p-wp-fix\"><\/p>\n\t\t\t\t<sr7-module data-alias=\"content_slider\" data-id=\"1\" id=\"SR7_1_1\" class=\"rs-ov-hidden\" data-version=\"6.7.23\">\n\t\t\t\t\t<sr7-adjuster><\/sr7-adjuster>\n\t\t\t\t\t<sr7-content>\n\t\t\t\t\t\t<sr7-slide id=\"SR7_1_1-1\" data-key=\"1\">\n\t\t\t\t\t\t\t<sr7-bg id=\"SR7_1_1-1-2\" class=\"sr7-layer\"><noscript><img decoding=\"async\" src=\"https:\/\/hola.gdynia.pl\/wp-content\/uploads\/2023\/02\/Molo-Poludniowe-Skwer-Kosciuszki-centrum-hotel-gdynia.jpg\" alt=\"Molo Po\u0142udniowe Atrakcje Gdynia\" title=\"\"><\/noscript><\/sr7-bg>\n\t\t\t\t\t\t<\/sr7-slide>\n\t\t\t\t\t\t<sr7-slide id=\"SR7_1_1-22\" data-key=\"22\">\n\t\t\t\t\t\t<\/sr7-slide>\n\t\t\t\t\t<\/sr7-content>\n\t\t\t\t\t<image_lists style=\"display:none\">\n\t\t\t\t\t\t<img data-src=\"\/\/hola.gdynia.pl\/wp-content\/uploads\/2023\/02\/Molo-Poludniowe-Skwer-Kosciuszki-centrum-hotel-gdynia.jpg\" width=\"0\" height=\"0\" data-dbsrc=\"Ly9ob2xhLmdkeW5pYS5wbC93cC1jb250ZW50L3VwbG9hZHMvMjAyMy8wMi9Nb2xvLVBvbHVkbmlvd2UtU2t3ZXItS29zY2l1c3praS1jZW50cnVtLWhvdGVsLWdkeW5pYS5qcGc=\"\/>\n\t\t\t\t\t<\/image_lists>\n\t\t\t\t<\/sr7-module>\n\t\t\t\t<script>\n\t\t\t\t\tSR7.PMH ??={}; SR7.PMH[\"SR7_1_1\"] = {cn:100,state:false,fn: function() { if (_tpt!==undefined && _tpt.prepareModuleHeight !== undefined) {  _tpt.prepareModuleHeight({id:\"SR7_1_1\",el:[520,520,450,350,250],type:'hero',shdw:'0',gh:[520,520,450,350,250],gw:[1240,1240,1024,778,480],vpt:['-200px&#039;,&#039;-200px&#039;,&#039;-200px&#039;,&#039;-200px&#039;,&#039;-200px'],size:{fullWidth:false, fullHeight:false},mh:'0',onh:0,onw:0,bg:{color:'{\"type\":\"solid\",\"orig\":\"#0e121d\",\"string\":\"rgba(14, 18, 29, 1)\"}'},plType:'2',plColor:'#FFFFFF'});   SR7.PMH[\"SR7_1_1\"].state=true;} else if(SR7.PMH[\"SR7_1_1\"].cn-->0)\tsetTimeout( SR7.PMH[\"SR7_1_1\"].fn,19);}};SR7.PMH[\"SR7_1_1\" ].fn();\n\t\t\t\t<\/script>\n[\/vc_column][\/vc_row]<\/p>\n<\/div>","protected":false},"excerpt":{"rendered":"<p>[vc_row content_placement=&#8220;middle&#8220; wrap_container=&#8220;true&#8220; el_id=&#8220;everything-right-section&#8220;][vc_column width=&#8220;1\/3&#8243; offset=&#8220;vc_col-xs-12&#8243;][vc_column_text css=&#8220;.vc_custom_1676488571134{margin-bottom: 50px !important;}&#8220;] HOLA Gdynia Restauracje. [\/vc_column_text][vc_column_text css=&#8220;.vc_custom_1677505509482{margin-bottom: 0px !important;}&#8220;] Zastanawiacie si\u0119, gdzie dobrze zje\u015b\u0107 w Gdyni? Kuchnia gruzi\u0144ska, meksyka\u0144ska, korea\u0144ska, japo\u0144ska, tajska, chi\u0144ska, w\u0142oska i oczywi\u015bcie polska \u2013 \u015bmia\u0142o mo\u017cna stwierdzi\u0107, \u017ce b\u0119d\u0105c tu mo\u017cna skosztowa\u0107 potraw z r\u00f3\u017cnych zak\u0105tk\u00f3w \u015bwiata. Gdzie p\u00f3j\u015b\u0107 na obiad w Gdyni? Przedstawiamy [&hellip;]<\/p>\n","protected":false},"author":1,"featured_media":6279,"parent":0,"menu_order":0,"comment_status":"closed","ping_status":"open","template":"","meta":{"inline_featured_image":false,"footnotes":""},"class_list":["post-6278","page","type-page","status-publish","has-post-thumbnail","hentry"],"yoast_head":"<!-- This site is optimized with the Yoast SEO Premium plugin v24.4 (Yoast SEO v26.4) - https:\/\/yoast.com\/wordpress\/plugins\/seo\/ -->\n<title>Restauracje w Gdyni - Zatrzymaj si\u0119 w klimatycznym hotelu w centrum Gdyni<\/title>\n<meta name=\"robots\" content=\"index, follow, max-snippet:-1, max-image-preview:large, max-video-preview:-1\" \/>\n<link rel=\"canonical\" href=\"https:\/\/hola.gdynia.pl\/cs\/restauracje\/\" \/>\n<meta property=\"og:locale\" content=\"cs_CZ\" \/>\n<meta property=\"og:type\" content=\"article\" \/>\n<meta property=\"og:title\" content=\"Restauracje w Gdyni\" \/>\n<meta property=\"og:description\" content=\"[vc_row content_placement=&#8220;middle&#8220; wrap_container=&#8220;true&#8220; el_id=&#8220;everything-right-section&#8220;][vc_column width=&#8220;1\/3&#8243; offset=&#8220;vc_col-xs-12&#8243;][vc_column_text css=&#8220;.vc_custom_1676488571134{margin-bottom: 50px !important;}&#8220;] HOLA Gdynia Restauracje. [\/vc_column_text][vc_column_text css=&#8220;.vc_custom_1677505509482{margin-bottom: 0px !important;}&#8220;] Zastanawiacie si\u0119, gdzie dobrze zje\u015b\u0107 w Gdyni? Kuchnia gruzi\u0144ska, meksyka\u0144ska, korea\u0144ska, japo\u0144ska, tajska, chi\u0144ska, w\u0142oska i oczywi\u015bcie polska \u2013 \u015bmia\u0142o mo\u017cna stwierdzi\u0107, \u017ce b\u0119d\u0105c tu mo\u017cna skosztowa\u0107 potraw z r\u00f3\u017cnych zak\u0105tk\u00f3w \u015bwiata. Gdzie p\u00f3j\u015b\u0107 na obiad w Gdyni? Przedstawiamy [&hellip;]\" \/>\n<meta property=\"og:url\" content=\"https:\/\/hola.gdynia.pl\/cs\/restauracje\/\" \/>\n<meta property=\"og:site_name\" content=\"Zatrzymaj si\u0119 w klimatycznym hotelu w centrum Gdyni\" \/>\n<meta property=\"article:publisher\" content=\"https:\/\/www.facebook.com\/holagdynia\" \/>\n<meta property=\"article:modified_time\" content=\"2025-02-26T15:14:16+00:00\" \/>\n<meta property=\"og:image\" content=\"https:\/\/hola.gdynia.pl\/wp-content\/uploads\/2023\/02\/lokal_gdy_01.jpg\" \/>\n\t<meta property=\"og:image:width\" content=\"1024\" \/>\n\t<meta property=\"og:image:height\" content=\"683\" \/>\n\t<meta property=\"og:image:type\" content=\"image\/jpeg\" \/>\n<meta name=\"twitter:card\" content=\"summary_large_image\" \/>\n<meta name=\"twitter:label1\" content=\"Odhadovan\u00e1 doba \u010dten\u00ed\" \/>\n\t<meta name=\"twitter:data1\" content=\"7 minut\" \/>\n<script type=\"application\/ld+json\" class=\"yoast-schema-graph\">{\"@context\":\"https:\/\/schema.org\",\"@graph\":[{\"@type\":\"WebPage\",\"@id\":\"https:\/\/hola.gdynia.pl\/cs\/restauracje\/\",\"url\":\"https:\/\/hola.gdynia.pl\/cs\/restauracje\/\",\"name\":\"Restauracje w Gdyni - Zatrzymaj si\u0119 w klimatycznym hotelu w centrum Gdyni\",\"isPartOf\":{\"@id\":\"https:\/\/hola.gdynia.pl\/cs\/#website\"},\"primaryImageOfPage\":{\"@id\":\"https:\/\/hola.gdynia.pl\/cs\/restauracje\/#primaryimage\"},\"image\":{\"@id\":\"https:\/\/hola.gdynia.pl\/cs\/restauracje\/#primaryimage\"},\"thumbnailUrl\":\"https:\/\/hola.gdynia.pl\/wp-content\/uploads\/2023\/02\/lokal_gdy_01.jpg\",\"datePublished\":\"2023-02-06T18:24:02+00:00\",\"dateModified\":\"2025-02-26T15:14:16+00:00\",\"breadcrumb\":{\"@id\":\"https:\/\/hola.gdynia.pl\/cs\/restauracje\/#breadcrumb\"},\"inLanguage\":\"cs\",\"potentialAction\":[{\"@type\":\"ReadAction\",\"target\":[\"https:\/\/hola.gdynia.pl\/cs\/restauracje\/\"]}]},{\"@type\":\"ImageObject\",\"inLanguage\":\"cs\",\"@id\":\"https:\/\/hola.gdynia.pl\/cs\/restauracje\/#primaryimage\",\"url\":\"https:\/\/hola.gdynia.pl\/wp-content\/uploads\/2023\/02\/lokal_gdy_01.jpg\",\"contentUrl\":\"https:\/\/hola.gdynia.pl\/wp-content\/uploads\/2023\/02\/lokal_gdy_01.jpg\",\"width\":1024,\"height\":683},{\"@type\":\"BreadcrumbList\",\"@id\":\"https:\/\/hola.gdynia.pl\/cs\/restauracje\/#breadcrumb\",\"itemListElement\":[{\"@type\":\"ListItem\",\"position\":1,\"name\":\"Home\",\"item\":\"https:\/\/hola.gdynia.pl\/cs\/\"},{\"@type\":\"ListItem\",\"position\":2,\"name\":\"Restauracje w Gdyni\"}]},{\"@type\":\"WebSite\",\"@id\":\"https:\/\/hola.gdynia.pl\/cs\/#website\",\"url\":\"https:\/\/hola.gdynia.pl\/cs\/\",\"name\":\"Zatrzymaj si\u0119 w klimatycznym hotelu w centrum Gdyni\",\"description\":\"Szukasz noclegu w Gdyni? Wybierz nasz nowo otwarty obiekt hotelowy po\u0142o\u017cony blisko morza: 42 pokoje, otwarty dost\u0119p do kuchni, winda, bezp\u0142atny parking!\",\"publisher\":{\"@id\":\"https:\/\/hola.gdynia.pl\/cs\/#organization\"},\"potentialAction\":[{\"@type\":\"SearchAction\",\"target\":{\"@type\":\"EntryPoint\",\"urlTemplate\":\"https:\/\/hola.gdynia.pl\/cs\/?s={search_term_string}\"},\"query-input\":{\"@type\":\"PropertyValueSpecification\",\"valueRequired\":true,\"valueName\":\"search_term_string\"}}],\"inLanguage\":\"cs\"},{\"@type\":\"Organization\",\"@id\":\"https:\/\/hola.gdynia.pl\/cs\/#organization\",\"name\":\"Zatrzymaj si\u0119 w klimatycznym hotelu w centrum Gdyni\",\"url\":\"https:\/\/hola.gdynia.pl\/cs\/\",\"logo\":{\"@type\":\"ImageObject\",\"inLanguage\":\"cs\",\"@id\":\"https:\/\/hola.gdynia.pl\/cs\/#\/schema\/logo\/image\/\",\"url\":\"https:\/\/hola.gdynia.pl\/wp-content\/uploads\/2023\/02\/logoHOLA.svg\",\"contentUrl\":\"https:\/\/hola.gdynia.pl\/wp-content\/uploads\/2023\/02\/logoHOLA.svg\",\"width\":200,\"height\":66,\"caption\":\"Zatrzymaj si\u0119 w klimatycznym hotelu w centrum Gdyni\"},\"image\":{\"@id\":\"https:\/\/hola.gdynia.pl\/cs\/#\/schema\/logo\/image\/\"},\"sameAs\":[\"https:\/\/www.facebook.com\/holagdynia\"]}]}<\/script>\n<!-- \/ Yoast SEO Premium plugin. -->","yoast_head_json":{"title":"Restauracje w Gdyni - Zatrzymaj si\u0119 w klimatycznym hotelu w centrum Gdyni","robots":{"index":"index","follow":"follow","max-snippet":"max-snippet:-1","max-image-preview":"max-image-preview:large","max-video-preview":"max-video-preview:-1"},"canonical":"https:\/\/hola.gdynia.pl\/cs\/restauracje\/","og_locale":"cs_CZ","og_type":"article","og_title":"Restauracje w Gdyni","og_description":"[vc_row content_placement=&#8220;middle&#8220; wrap_container=&#8220;true&#8220; el_id=&#8220;everything-right-section&#8220;][vc_column width=&#8220;1\/3&#8243; offset=&#8220;vc_col-xs-12&#8243;][vc_column_text css=&#8220;.vc_custom_1676488571134{margin-bottom: 50px !important;}&#8220;] HOLA Gdynia Restauracje. [\/vc_column_text][vc_column_text css=&#8220;.vc_custom_1677505509482{margin-bottom: 0px !important;}&#8220;] Zastanawiacie si\u0119, gdzie dobrze zje\u015b\u0107 w Gdyni? Kuchnia gruzi\u0144ska, meksyka\u0144ska, korea\u0144ska, japo\u0144ska, tajska, chi\u0144ska, w\u0142oska i oczywi\u015bcie polska \u2013 \u015bmia\u0142o mo\u017cna stwierdzi\u0107, \u017ce b\u0119d\u0105c tu mo\u017cna skosztowa\u0107 potraw z r\u00f3\u017cnych zak\u0105tk\u00f3w \u015bwiata. Gdzie p\u00f3j\u015b\u0107 na obiad w Gdyni? Przedstawiamy [&hellip;]","og_url":"https:\/\/hola.gdynia.pl\/cs\/restauracje\/","og_site_name":"Zatrzymaj si\u0119 w klimatycznym hotelu w centrum Gdyni","article_publisher":"https:\/\/www.facebook.com\/holagdynia","article_modified_time":"2025-02-26T15:14:16+00:00","og_image":[{"width":1024,"height":683,"url":"https:\/\/hola.gdynia.pl\/wp-content\/uploads\/2023\/02\/lokal_gdy_01.jpg","type":"image\/jpeg"}],"twitter_card":"summary_large_image","twitter_misc":{"Odhadovan\u00e1 doba \u010dten\u00ed":"7 minut"},"schema":{"@context":"https:\/\/schema.org","@graph":[{"@type":"WebPage","@id":"https:\/\/hola.gdynia.pl\/cs\/restauracje\/","url":"https:\/\/hola.gdynia.pl\/cs\/restauracje\/","name":"Restauracje w Gdyni - Zatrzymaj si\u0119 w klimatycznym hotelu w centrum Gdyni","isPartOf":{"@id":"https:\/\/hola.gdynia.pl\/cs\/#website"},"primaryImageOfPage":{"@id":"https:\/\/hola.gdynia.pl\/cs\/restauracje\/#primaryimage"},"image":{"@id":"https:\/\/hola.gdynia.pl\/cs\/restauracje\/#primaryimage"},"thumbnailUrl":"https:\/\/hola.gdynia.pl\/wp-content\/uploads\/2023\/02\/lokal_gdy_01.jpg","datePublished":"2023-02-06T18:24:02+00:00","dateModified":"2025-02-26T15:14:16+00:00","breadcrumb":{"@id":"https:\/\/hola.gdynia.pl\/cs\/restauracje\/#breadcrumb"},"inLanguage":"cs","potentialAction":[{"@type":"ReadAction","target":["https:\/\/hola.gdynia.pl\/cs\/restauracje\/"]}]},{"@type":"ImageObject","inLanguage":"cs","@id":"https:\/\/hola.gdynia.pl\/cs\/restauracje\/#primaryimage","url":"https:\/\/hola.gdynia.pl\/wp-content\/uploads\/2023\/02\/lokal_gdy_01.jpg","contentUrl":"https:\/\/hola.gdynia.pl\/wp-content\/uploads\/2023\/02\/lokal_gdy_01.jpg","width":1024,"height":683},{"@type":"BreadcrumbList","@id":"https:\/\/hola.gdynia.pl\/cs\/restauracje\/#breadcrumb","itemListElement":[{"@type":"ListItem","position":1,"name":"Home","item":"https:\/\/hola.gdynia.pl\/cs\/"},{"@type":"ListItem","position":2,"name":"Restauracje w Gdyni"}]},{"@type":"WebSite","@id":"https:\/\/hola.gdynia.pl\/cs\/#website","url":"https:\/\/hola.gdynia.pl\/cs\/","name":"Zatrzymaj si\u0119 w klimatycznym hotelu w centrum Gdyni","description":"Szukasz noclegu w Gdyni? Wybierz nasz nowo otwarty obiekt hotelowy po\u0142o\u017cony blisko morza: 42 pokoje, otwarty dost\u0119p do kuchni, winda, bezp\u0142atny parking!","publisher":{"@id":"https:\/\/hola.gdynia.pl\/cs\/#organization"},"potentialAction":[{"@type":"SearchAction","target":{"@type":"EntryPoint","urlTemplate":"https:\/\/hola.gdynia.pl\/cs\/?s={search_term_string}"},"query-input":{"@type":"PropertyValueSpecification","valueRequired":true,"valueName":"search_term_string"}}],"inLanguage":"cs"},{"@type":"Organization","@id":"https:\/\/hola.gdynia.pl\/cs\/#organization","name":"Zatrzymaj si\u0119 w klimatycznym hotelu w centrum Gdyni","url":"https:\/\/hola.gdynia.pl\/cs\/","logo":{"@type":"ImageObject","inLanguage":"cs","@id":"https:\/\/hola.gdynia.pl\/cs\/#\/schema\/logo\/image\/","url":"https:\/\/hola.gdynia.pl\/wp-content\/uploads\/2023\/02\/logoHOLA.svg","contentUrl":"https:\/\/hola.gdynia.pl\/wp-content\/uploads\/2023\/02\/logoHOLA.svg","width":200,"height":66,"caption":"Zatrzymaj si\u0119 w klimatycznym hotelu w centrum Gdyni"},"image":{"@id":"https:\/\/hola.gdynia.pl\/cs\/#\/schema\/logo\/image\/"},"sameAs":["https:\/\/www.facebook.com\/holagdynia"]}]}},"_links":{"self":[{"href":"https:\/\/hola.gdynia.pl\/cs\/wp-json\/wp\/v2\/pages\/6278","targetHints":{"allow":["GET"]}}],"collection":[{"href":"https:\/\/hola.gdynia.pl\/cs\/wp-json\/wp\/v2\/pages"}],"about":[{"href":"https:\/\/hola.gdynia.pl\/cs\/wp-json\/wp\/v2\/types\/page"}],"author":[{"embeddable":true,"href":"https:\/\/hola.gdynia.pl\/cs\/wp-json\/wp\/v2\/users\/1"}],"replies":[{"embeddable":true,"href":"https:\/\/hola.gdynia.pl\/cs\/wp-json\/wp\/v2\/comments?post=6278"}],"version-history":[{"count":0,"href":"https:\/\/hola.gdynia.pl\/cs\/wp-json\/wp\/v2\/pages\/6278\/revisions"}],"wp:featuredmedia":[{"embeddable":true,"href":"https:\/\/hola.gdynia.pl\/cs\/wp-json\/wp\/v2\/media\/6279"}],"wp:attachment":[{"href":"https:\/\/hola.gdynia.pl\/cs\/wp-json\/wp\/v2\/media?parent=6278"}],"curies":[{"name":"wp","href":"https:\/\/api.w.org\/{rel}","templated":true}]}}