{"id":6199,"date":"2023-02-06T19:24:02","date_gmt":"2023-02-06T18:24:02","guid":{"rendered":"https:\/\/l53ehaqiot.preview.infomaniak.website\/polityka-prywatnosci\/"},"modified":"2025-02-18T17:23:03","modified_gmt":"2025-02-18T16:23:03","slug":"polityka-prywatnosci","status":"publish","type":"page","link":"https:\/\/hola.gdynia.pl\/cs\/polityka-prywatnosci\/","title":{"rendered":"Polityka prywatno\u015bci"},"content":{"rendered":"<div class=\"wpb-content-wrapper\"><p>[vc_row css=&#8220;.vc_custom_1686916424543{padding-right: 120px !important;padding-left: 120px !important;}&#8220;][vc_column][vc_column_text]<\/p>\n\u00a0&#13;\n<p>MADDERDIN LIMITED Centris Business Gateway II, Level 3, z siedzib\u0105 w Suite D Triq is-Salib tal-Imriehel, Zone 3, Central Business District BIRKIRKARA CBD 3020, MALTA szanuje prawo u\u017cytkownik\u00f3w do prywatno\u015bci. Dba ze szczeg\u00f3ln\u0105 trosk\u0105 o ochron\u0119 Twoich danych osobowych oraz stosuje odpowiednie rozwi\u0105zania technologiczne i prawne zapobiegaj\u0105ce ingerencji w Twoj\u0105 prywatno\u015b\u0107 jako swojego Klienta. D\u0105\u017cymy do tego, aby ka\u017cdy nasz Klient korzystaj\u0105cy z us\u0142ug i odwiedzaj\u0105cy nasze strony internetowe oraz powierzaj\u0105cy nam w inny spos\u00f3b swoje dane osobowe, czu\u0142 si\u0119 w pe\u0142ni bezpiecznie. Czasami poprosimy o podanie Twoich danych osobowych. Zapoznaj si\u0119 z naszymi zasadami Polityki Prywatno\u015bci.<\/p>&#13;\n<ol>&#13;\n<li>W formularzach kontaktu prosimy o podanie Twoich danych osobistych, takich jak: imi\u0119 i nazwisko, adres poczty elektronicznej. Na podstawie Twojej zgody kontaktujemy si\u0119 w celu przedstawienia naszej oferty, doradztwie przy wyborze najlepszego rozwi\u0105zania dla Ciebie.<\/li>&#13;\n<li>Je\u017celi w formularzu udzielono zgody na przesy\u0142anie informacji marketingowych, wysy\u0142a\u0107 b\u0119dziemy Tobie informacje o nowych us\u0142ugach, serwisach, konkursach i prowadzonych ankietach sieci Hola Gdynia. Pami\u0119taj, \u017ce zgod\u0119 na otrzymywanie informacji marketingowych mo\u017cesz w ka\u017cdej chwili odwo\u0142a\u0107 oraz zgoda ta jest dobrowolna.<\/li>&#13;\n<li>W celu wykonania umowy z nami przetwarzamy szereg danych takich imi\u0119, nazwisko, miejsce zamieszkania, numer NIP, adres mail, numer karty kredytowej, numer Zapewniamy pe\u0142n\u0105 poufno\u015b\u0107 tych danych.<\/li>&#13;\n<li>Gromadzimy dane takie jak adresy IP U\u017cytkownika, Cookies (tzw. ciasteczka), informacja o przegl\u0105darce u\u017cytkownika. Link do Polityki Cookies znajdziesz na naszej stronie<\/li>&#13;\n<li>Zgodnie z art. 13 og\u00f3lnego rozporz\u0105dzenia o ochronie danych osobowych z dnia 27 kwietnia 2016 r. (Dz. Urz. UE L 119 z 04.05.2016) informujemy, \u017ce:&#13;\n<ol>&#13;\n<li>administratorem danych osobowych jest MADDERDIN LIMITED Centris Business Gateway II, Level 3, z siedzib\u0105 w Suite D Triq is-Salib tal-Imriehel, Zone 3, Central Business District BIRKIRKARA CBD 3020, MALTA (dalej jako Hola Gdynia), kontakt do inspektora danych osobowych <a href=\"mailto:office@hola.gdynia.pl\">office@hola.gdynia.pl<\/a> lub na adres Hola Gdynia, ul. Starowiejska 1, 81-356 Gdynia.<\/li>&#13;\n<li>Hola Gdynia jest administratorem w zakresie przetwarzania danych podanych podczas dokonywania rezerwacji w Hola Gdynia.<\/li>&#13;\n<\/ol>&#13;\n<\/li>&#13;\n<li>Z Hola Gdynia skontaktowa\u0107 si\u0119 w nast\u0119puj\u0105cy spos\u00f3b: +48 58 573 12 05, ul. Starowiejska 1, Gdynia lub wysy\u0142aj\u0105c e-mail na adres: <a href=\"mailto:office@hola.gdynia.pl\">office@hola.gdynia.pl<\/a><\/li>&#13;\n<li>Na mocy uzgodnie\u0144 pomi\u0119dzy administratorami Hola Gdynia odpowiada za dane osobowe Go\u015bci Hola Gdynia lokalnie, natomiast pozostali administratorzy odpowiadaj\u0105 za dane osobowe globalnie w podanych powy\u017cej obszarach.<\/li>&#13;\n<li>Hola Gdynia mo\u017ce udost\u0119pnia\u0107 Twoje dane osobowe innym cz\u0142onkom portfolio marek Hola Gdynia, us\u0142ugodawcom firmy Hola Gdynia oraz innym osobom trzecim wy\u0142\u0105cznie zgodnie z Globaln\u0105 Deklaracj\u0105 Prywatno\u015bci dost\u0119pn\u0105 w recepcji Hola Gdynia.<\/li>&#13;\n<li>Przedstawicielem Hola Gdynia w Polsce w odniesieniu do Hola Gdynia jest MADDERDIN LIMITED Centris Business Gateway II, Level 3, z siedzib\u0105 w Suite D Triq is-Salib tal-Imriehel, Zone 3, Central Business District BIRKIRKARA CBD 3020, MALTA .<\/li>&#13;\n<li>Dane osobowe przekazywane b\u0119d\u0105 w ramach sieci Hola Gdynia do kraj\u00f3w trzecich (Malta). Administrator zapewnia, \u017ce w takim przypadku przekazywanie danych odbywa\u0107 si\u0119 b\u0119dzie w oparciu o stosown\u0105 umow\u0119 pomi\u0119dzy administratorem, a tym podmiotem, zawieraj\u0105c\u0105 standardowe klauzule ochrony danych przyj\u0119te przez Komisj\u0119 Europejsk\u0105.<\/li>&#13;\n<li>Dane osobowe pozyskujemy bezpo\u015brednio od Go\u015bci oraz od podmiot\u00f3w trzecich tj. sieci Hola Gdynia, platform rezerwacyjnych jak Booking.com B.V. i innych w zwi\u0105zku z dokonaniem rezerwacji w Hola Gdynia za ich po\u015brednictwem.<\/li>&#13;\n<li>Twoje dane osobowe b\u0119d\u0105 przetwarzane w spos\u00f3b zautomatyzowany (w tym w formie profilowania), jednak\u017ce nie b\u0119dzie to wywo\u0142ywa\u0107 wobec Ciebie \u017cadnych skutk\u00f3w prawnych lub w podobny spos\u00f3b istotnie wp\u0142ywa\u0107 na Twoj\u0105 sytuacj\u0119. Profilowanie danych osobowych przez Hola Gdynia polega na przetwarzaniu Twoich danych (r\u00f3wnie\u017c w spos\u00f3b zautomatyzowany), poprzez wykorzystywanie ich do oceny niekt\u00f3rych informacji o Tobie, w szczeg\u00f3lno\u015bci do analizy lub prognozy osobistych preferencji oraz zainteresowa\u0144.<\/li>&#13;\n<li>Dane osobowe przetwarzane b\u0119d\u0105 w celu realizacji us\u0142ugi Hola Gdynia &#8211; na podstawie 6 ust. 1 lit. b og\u00f3lnego rozporz\u0105dzenia o ochronie danych osobowych z dnia 27 kwietnia 2016 r.<\/li>&#13;\n<li>Dane osobowe przetwarzane b\u0119d\u0105 w celach marketingowych na podstawie Art. 6 ust. 1 a og\u00f3lnego rozporz\u0105dzenia o ochronie danych osobowych z dnia 27 kwietnia 2016 r., je\u017celi udzielono zgody marketingowej.<\/li>&#13;\n<li>Dane osobowe przetwarzane b\u0119d\u0105 w zwi\u0105zku z realizacj\u0105 prawnie uzasadnionych interes\u00f3w na podstawie Art. 6 ust. 1 lit. f polegaj\u0105cych na promowaniu us\u0142ug Hola Gdynia, zarz\u0105dzanie us\u0142ugami Hola Gdynia, planowanie spotka\u0144 i wydarze\u0144, marketingu i komunikacji, poprawa jako\u015bci us\u0142ug, analiza i personalizacja danych, szczeg\u00f3\u0142owo opisanych w Polityce Prywatno\u015bci.<\/li>&#13;\n<li>Odbiorcami danych osobowych b\u0119d\u0105 podmioty uprawnione do uzyskania danych osobowych na podstawie przepis\u00f3w prawa oraz podmioty wsp\u00f3\u0142pracuj\u0105ce w celu wykonania um\u00f3w przez Hola Gdynia, w tym w szczeg\u00f3lno\u015bci ochrona Hola Gdynia, podmioty wsp\u00f3\u0142pracuj\u0105ce z Hola Gdynia, inne podmioty szczeg\u00f3\u0142owo okre\u015blone w Polityce Prywatno\u015bci.<\/li>&#13;\n<li>Dane osobowe przechowywane b\u0119d\u0105 do wyga\u015bni\u0119cia roszcze\u0144 z umowy, a w przypadku zgody marketingowej, do jej odwo\u0142ania,<\/li>&#13;\n<li>Posiada Pan \/ Pani prawo do \u017c\u0105dania od administratora dost\u0119pu do danych osobowych, ich sprostowania, przenoszenia, usuni\u0119cia lub ograniczenia przetwarzania, wnioski dotycz\u0105ce tych uprawnie\u0144 nale\u017cy sk\u0142ada\u0107 \u00a0pisemnie na adres e-mail: <a href=\"mailto:office@hola.gdynia.pl\">office@hola.gdynia.pl<\/a> lub poczt\u0105 na adres: Hola Gdynia, ul. Starowiejska 1, 81-356 Uprawnienia w zakresie danych osobowych mo\u017cna wykonywa\u0107 wobec ka\u017cdego z administrator\u00f3w.<\/li>&#13;\n<li>Posiada Pan \/ Pani prawo wniesienia skargi do organu nadzorczego Prezesa Urz\u0119du Ochrony Danych Osobowych.<\/li>&#13;\n<li>Podanie danych osobowych jest dobrowolne, jednak\u017ce odmowa podania mo\u017ce skutkowa\u0107 niemo\u017cliwo\u015bci\u0105 wykonania umowy z Hola Gdynia.<\/li>&#13;\n<li>W przypadku zmiany naszej polityki prywatno\u015bci, wprowadzone zostan\u0105 odpowiednie modyfikacje w tre\u015bci, o czym poinformujemy na naszych stronach.<\/li>&#13;\n<\/ol>&#13;\n[\/vc_column_text][\/vc_column][\/vc_row]&#13;\n[vc_row wrap_container=&#8220;true&#8220; css=&#8220;.vc_custom_1677677125809{margin-top: 40px !important;padding-top: 60px !important;padding-bottom: 60px !important;background-color: #f4f4f4 !important;}&#8220;][vc_column offset=&#8220;vc_hidden-sm vc_hidden-xs&#8220;][vc_row_inner el_id=&#8220;icon-box-section&#8220;][vc_column_inner width=&#8220;1\/6&#8243; offset=&#8220;vc_col-lg-2 vc_col-md-3 vc_col-xs-12&#8243;][vc_single_image image=&#8220;5925&#8243; alignment=&#8220;center&#8220; css=&#8220;&#8220;][\/vc_column_inner][vc_column_inner width=&#8220;1\/6&#8243; offset=&#8220;vc_col-lg-2 vc_col-md-3 vc_col-xs-12&#8243;][vc_single_image image=&#8220;5927&#8243; alignment=&#8220;center&#8220; css=&#8220;&#8220;][\/vc_column_inner][vc_column_inner width=&#8220;1\/6&#8243; offset=&#8220;vc_col-lg-2 vc_col-md-3 vc_col-xs-12&#8243;][vc_single_image image=&#8220;5924&#8243; alignment=&#8220;center&#8220; css=&#8220;&#8220;][\/vc_column_inner][vc_column_inner width=&#8220;1\/6&#8243; offset=&#8220;vc_col-lg-2 vc_col-md-3&#8243;][vc_single_image image=&#8220;5926&#8243; alignment=&#8220;center&#8220; css=&#8220;&#8220;][\/vc_column_inner][vc_column_inner width=&#8220;1\/6&#8243; offset=&#8220;vc_col-lg-2 vc_col-md-3&#8243;][vc_single_image image=&#8220;5923&#8243; alignment=&#8220;center&#8220; css=&#8220;&#8220;][\/vc_column_inner][vc_column_inner width=&#8220;1\/6&#8243; offset=&#8220;vc_col-lg-2 vc_col-md-3&#8243;][vc_single_image image=&#8220;5922&#8243; alignment=&#8220;center&#8220; css=&#8220;&#8220;][\/vc_column_inner][\/vc_row_inner][\/vc_column][\/vc_row][vc_row][vc_column css=&#8220;.vc_custom_1554820984708{padding-top: 0px !important;padding-right: 0px !important;padding-left: 0px !important;}&#8220;]\n\t\t\t\t<p class=\"rs-p-wp-fix\"><\/p>\n\t\t\t\t<sr7-module data-alias=\"content_slider\" data-id=\"1\" id=\"SR7_1_1\" class=\"rs-ov-hidden\" data-version=\"6.7.23\">\n\t\t\t\t\t<sr7-adjuster><\/sr7-adjuster>\n\t\t\t\t\t<sr7-content>\n\t\t\t\t\t\t<sr7-slide id=\"SR7_1_1-1\" data-key=\"1\">\n\t\t\t\t\t\t\t<sr7-bg id=\"SR7_1_1-1-2\" class=\"sr7-layer\"><noscript><img decoding=\"async\" src=\"https:\/\/hola.gdynia.pl\/wp-content\/uploads\/2023\/02\/Molo-Poludniowe-Skwer-Kosciuszki-centrum-hotel-gdynia.jpg\" alt=\"Molo Po\u0142udniowe Atrakcje Gdynia\" title=\"\"><\/noscript><\/sr7-bg>\n\t\t\t\t\t\t<\/sr7-slide>\n\t\t\t\t\t\t<sr7-slide id=\"SR7_1_1-22\" data-key=\"22\">\n\t\t\t\t\t\t<\/sr7-slide>\n\t\t\t\t\t<\/sr7-content>\n\t\t\t\t\t<image_lists style=\"display:none\">\n\t\t\t\t\t\t<img data-src=\"\/\/hola.gdynia.pl\/wp-content\/uploads\/2023\/02\/Molo-Poludniowe-Skwer-Kosciuszki-centrum-hotel-gdynia.jpg\" width=\"0\" height=\"0\" data-dbsrc=\"Ly9ob2xhLmdkeW5pYS5wbC93cC1jb250ZW50L3VwbG9hZHMvMjAyMy8wMi9Nb2xvLVBvbHVkbmlvd2UtU2t3ZXItS29zY2l1c3praS1jZW50cnVtLWhvdGVsLWdkeW5pYS5qcGc=\"\/>\n\t\t\t\t\t<\/image_lists>\n\t\t\t\t<\/sr7-module>\n\t\t\t\t<script>\n\t\t\t\t\tSR7.PMH ??={}; SR7.PMH[\"SR7_1_1\"] = {cn:100,state:false,fn: function() { if (_tpt!==undefined && _tpt.prepareModuleHeight !== undefined) {  _tpt.prepareModuleHeight({id:\"SR7_1_1\",el:[520,520,450,350,250],type:'hero',shdw:'0',gh:[520,520,450,350,250],gw:[1240,1240,1024,778,480],vpt:['-200px&#039;,&#039;-200px&#039;,&#039;-200px&#039;,&#039;-200px&#039;,&#039;-200px'],size:{fullWidth:false, fullHeight:false},mh:'0',onh:0,onw:0,bg:{color:'{\"type\":\"solid\",\"orig\":\"#0e121d\",\"string\":\"rgba(14, 18, 29, 1)\"}'},plType:'2',plColor:'#FFFFFF'});   SR7.PMH[\"SR7_1_1\"].state=true;} else if(SR7.PMH[\"SR7_1_1\"].cn-->0)\tsetTimeout( SR7.PMH[\"SR7_1_1\"].fn,19);}};SR7.PMH[\"SR7_1_1\" ].fn();\n\t\t\t\t<\/script>\n[\/vc_column][\/vc_row]&#13;\n<\/div>","protected":false},"excerpt":{"rendered":"<p>[vc_row css=&#8220;.vc_custom_1686916424543{padding-right: 120px !important;padding-left: 120px !important;}&#8220;][vc_column][vc_column_text] \u00a0&#13; MADDERDIN LIMITED Centris Business Gateway II, Level 3, z siedzib\u0105 w Suite D Triq is-Salib tal-Imriehel, Zone 3, Central Business District BIRKIRKARA CBD 3020, MALTA szanuje prawo u\u017cytkownik\u00f3w do prywatno\u015bci. Dba ze szczeg\u00f3ln\u0105 trosk\u0105 o ochron\u0119 Twoich danych osobowych oraz stosuje odpowiednie rozwi\u0105zania technologiczne i prawne zapobiegaj\u0105ce ingerencji [&hellip;]<\/p>\n","protected":false},"author":1,"featured_media":0,"parent":0,"menu_order":0,"comment_status":"closed","ping_status":"open","template":"","meta":{"inline_featured_image":false,"footnotes":""},"class_list":["post-6199","page","type-page","status-publish","hentry"],"yoast_head":"<!-- This site is optimized with the Yoast SEO Premium plugin v24.4 (Yoast SEO v27.5) - https:\/\/yoast.com\/product\/yoast-seo-premium-wordpress\/ -->\n<title>Polityka prywatno\u015bci - Zatrzymaj si\u0119 w klimatycznym hotelu w centrum Gdyni<\/title>\n<meta name=\"robots\" content=\"index, follow, max-snippet:-1, max-image-preview:large, max-video-preview:-1\" \/>\n<link rel=\"canonical\" href=\"https:\/\/hola.gdynia.pl\/cs\/polityka-prywatnosci\/\" \/>\n<meta property=\"og:locale\" content=\"cs_CZ\" \/>\n<meta property=\"og:type\" content=\"article\" \/>\n<meta property=\"og:title\" content=\"Polityka prywatno\u015bci\" \/>\n<meta property=\"og:description\" content=\"[vc_row css=&#8220;.vc_custom_1686916424543{padding-right: 120px !important;padding-left: 120px !important;}&#8220;][vc_column][vc_column_text] \u00a0&#013; MADDERDIN LIMITED Centris Business Gateway II, Level 3, z siedzib\u0105 w Suite D Triq is-Salib tal-Imriehel, Zone 3, Central Business District BIRKIRKARA CBD 3020, MALTA szanuje prawo u\u017cytkownik\u00f3w do prywatno\u015bci. Dba ze szczeg\u00f3ln\u0105 trosk\u0105 o ochron\u0119 Twoich danych osobowych oraz stosuje odpowiednie rozwi\u0105zania technologiczne i prawne zapobiegaj\u0105ce ingerencji [&hellip;]\" \/>\n<meta property=\"og:url\" content=\"https:\/\/hola.gdynia.pl\/cs\/polityka-prywatnosci\/\" \/>\n<meta property=\"og:site_name\" content=\"Zatrzymaj si\u0119 w klimatycznym hotelu w centrum Gdyni\" \/>\n<meta property=\"article:publisher\" content=\"https:\/\/www.facebook.com\/holagdynia\" \/>\n<meta property=\"article:modified_time\" content=\"2025-02-18T16:23:03+00:00\" \/>\n<meta property=\"og:image\" content=\"https:\/\/hola.gdynia.pl\/wp-content\/uploads\/2023\/04\/hotel-gdynia-centrum-blisko-plazy-trojmiasto.png\" \/>\n\t<meta property=\"og:image:width\" content=\"1200\" \/>\n\t<meta property=\"og:image:height\" content=\"675\" \/>\n\t<meta property=\"og:image:type\" content=\"image\/png\" \/>\n<meta name=\"twitter:card\" content=\"summary_large_image\" \/>\n<meta name=\"twitter:label1\" content=\"Odhadovan\u00e1 doba \u010dten\u00ed\" \/>\n\t<meta name=\"twitter:data1\" content=\"6 minut\" \/>\n<script type=\"application\/ld+json\" class=\"yoast-schema-graph\">{\"@context\":\"https:\\\/\\\/schema.org\",\"@graph\":[{\"@type\":\"WebPage\",\"@id\":\"https:\\\/\\\/hola.gdynia.pl\\\/cs\\\/polityka-prywatnosci\\\/\",\"url\":\"https:\\\/\\\/hola.gdynia.pl\\\/cs\\\/polityka-prywatnosci\\\/\",\"name\":\"Polityka prywatno\u015bci - Zatrzymaj si\u0119 w klimatycznym hotelu w centrum Gdyni\",\"isPartOf\":{\"@id\":\"https:\\\/\\\/hola.gdynia.pl\\\/cs\\\/#website\"},\"datePublished\":\"2023-02-06T18:24:02+00:00\",\"dateModified\":\"2025-02-18T16:23:03+00:00\",\"breadcrumb\":{\"@id\":\"https:\\\/\\\/hola.gdynia.pl\\\/cs\\\/polityka-prywatnosci\\\/#breadcrumb\"},\"inLanguage\":\"cs\",\"potentialAction\":[{\"@type\":\"ReadAction\",\"target\":[\"https:\\\/\\\/hola.gdynia.pl\\\/cs\\\/polityka-prywatnosci\\\/\"]}]},{\"@type\":\"BreadcrumbList\",\"@id\":\"https:\\\/\\\/hola.gdynia.pl\\\/cs\\\/polityka-prywatnosci\\\/#breadcrumb\",\"itemListElement\":[{\"@type\":\"ListItem\",\"position\":1,\"name\":\"Home\",\"item\":\"https:\\\/\\\/hola.gdynia.pl\\\/cs\\\/\"},{\"@type\":\"ListItem\",\"position\":2,\"name\":\"Polityka prywatno\u015bci\"}]},{\"@type\":\"WebSite\",\"@id\":\"https:\\\/\\\/hola.gdynia.pl\\\/cs\\\/#website\",\"url\":\"https:\\\/\\\/hola.gdynia.pl\\\/cs\\\/\",\"name\":\"Zatrzymaj si\u0119 w klimatycznym hotelu w centrum Gdyni\",\"description\":\"Szukasz noclegu w Gdyni? Wybierz nasz nowo otwarty obiekt hotelowy po\u0142o\u017cony blisko morza: 42 pokoje, otwarty dost\u0119p do kuchni, winda, bezp\u0142atny parking!\",\"publisher\":{\"@id\":\"https:\\\/\\\/hola.gdynia.pl\\\/cs\\\/#organization\"},\"potentialAction\":[{\"@type\":\"SearchAction\",\"target\":{\"@type\":\"EntryPoint\",\"urlTemplate\":\"https:\\\/\\\/hola.gdynia.pl\\\/cs\\\/?s={search_term_string}\"},\"query-input\":{\"@type\":\"PropertyValueSpecification\",\"valueRequired\":true,\"valueName\":\"search_term_string\"}}],\"inLanguage\":\"cs\"},{\"@type\":\"Organization\",\"@id\":\"https:\\\/\\\/hola.gdynia.pl\\\/cs\\\/#organization\",\"name\":\"Zatrzymaj si\u0119 w klimatycznym hotelu w centrum Gdyni\",\"url\":\"https:\\\/\\\/hola.gdynia.pl\\\/cs\\\/\",\"logo\":{\"@type\":\"ImageObject\",\"inLanguage\":\"cs\",\"@id\":\"https:\\\/\\\/hola.gdynia.pl\\\/cs\\\/#\\\/schema\\\/logo\\\/image\\\/\",\"url\":\"https:\\\/\\\/hola.gdynia.pl\\\/wp-content\\\/uploads\\\/2023\\\/02\\\/logoHOLA.svg\",\"contentUrl\":\"https:\\\/\\\/hola.gdynia.pl\\\/wp-content\\\/uploads\\\/2023\\\/02\\\/logoHOLA.svg\",\"width\":200,\"height\":66,\"caption\":\"Zatrzymaj si\u0119 w klimatycznym hotelu w centrum Gdyni\"},\"image\":{\"@id\":\"https:\\\/\\\/hola.gdynia.pl\\\/cs\\\/#\\\/schema\\\/logo\\\/image\\\/\"},\"sameAs\":[\"https:\\\/\\\/www.facebook.com\\\/holagdynia\"]}]}<\/script>\n<!-- \/ Yoast SEO Premium plugin. -->","yoast_head_json":{"title":"Polityka prywatno\u015bci - Zatrzymaj si\u0119 w klimatycznym hotelu w centrum Gdyni","robots":{"index":"index","follow":"follow","max-snippet":"max-snippet:-1","max-image-preview":"max-image-preview:large","max-video-preview":"max-video-preview:-1"},"canonical":"https:\/\/hola.gdynia.pl\/cs\/polityka-prywatnosci\/","og_locale":"cs_CZ","og_type":"article","og_title":"Polityka prywatno\u015bci","og_description":"[vc_row css=&#8220;.vc_custom_1686916424543{padding-right: 120px !important;padding-left: 120px !important;}&#8220;][vc_column][vc_column_text] \u00a0&#13; MADDERDIN LIMITED Centris Business Gateway II, Level 3, z siedzib\u0105 w Suite D Triq is-Salib tal-Imriehel, Zone 3, Central Business District BIRKIRKARA CBD 3020, MALTA szanuje prawo u\u017cytkownik\u00f3w do prywatno\u015bci. Dba ze szczeg\u00f3ln\u0105 trosk\u0105 o ochron\u0119 Twoich danych osobowych oraz stosuje odpowiednie rozwi\u0105zania technologiczne i prawne zapobiegaj\u0105ce ingerencji [&hellip;]","og_url":"https:\/\/hola.gdynia.pl\/cs\/polityka-prywatnosci\/","og_site_name":"Zatrzymaj si\u0119 w klimatycznym hotelu w centrum Gdyni","article_publisher":"https:\/\/www.facebook.com\/holagdynia","article_modified_time":"2025-02-18T16:23:03+00:00","og_image":[{"width":1200,"height":675,"url":"https:\/\/hola.gdynia.pl\/wp-content\/uploads\/2023\/04\/hotel-gdynia-centrum-blisko-plazy-trojmiasto.png","type":"image\/png"}],"twitter_card":"summary_large_image","twitter_misc":{"Odhadovan\u00e1 doba \u010dten\u00ed":"6 minut"},"schema":{"@context":"https:\/\/schema.org","@graph":[{"@type":"WebPage","@id":"https:\/\/hola.gdynia.pl\/cs\/polityka-prywatnosci\/","url":"https:\/\/hola.gdynia.pl\/cs\/polityka-prywatnosci\/","name":"Polityka prywatno\u015bci - Zatrzymaj si\u0119 w klimatycznym hotelu w centrum Gdyni","isPartOf":{"@id":"https:\/\/hola.gdynia.pl\/cs\/#website"},"datePublished":"2023-02-06T18:24:02+00:00","dateModified":"2025-02-18T16:23:03+00:00","breadcrumb":{"@id":"https:\/\/hola.gdynia.pl\/cs\/polityka-prywatnosci\/#breadcrumb"},"inLanguage":"cs","potentialAction":[{"@type":"ReadAction","target":["https:\/\/hola.gdynia.pl\/cs\/polityka-prywatnosci\/"]}]},{"@type":"BreadcrumbList","@id":"https:\/\/hola.gdynia.pl\/cs\/polityka-prywatnosci\/#breadcrumb","itemListElement":[{"@type":"ListItem","position":1,"name":"Home","item":"https:\/\/hola.gdynia.pl\/cs\/"},{"@type":"ListItem","position":2,"name":"Polityka prywatno\u015bci"}]},{"@type":"WebSite","@id":"https:\/\/hola.gdynia.pl\/cs\/#website","url":"https:\/\/hola.gdynia.pl\/cs\/","name":"Zatrzymaj si\u0119 w klimatycznym hotelu w centrum Gdyni","description":"Szukasz noclegu w Gdyni? Wybierz nasz nowo otwarty obiekt hotelowy po\u0142o\u017cony blisko morza: 42 pokoje, otwarty dost\u0119p do kuchni, winda, bezp\u0142atny parking!","publisher":{"@id":"https:\/\/hola.gdynia.pl\/cs\/#organization"},"potentialAction":[{"@type":"SearchAction","target":{"@type":"EntryPoint","urlTemplate":"https:\/\/hola.gdynia.pl\/cs\/?s={search_term_string}"},"query-input":{"@type":"PropertyValueSpecification","valueRequired":true,"valueName":"search_term_string"}}],"inLanguage":"cs"},{"@type":"Organization","@id":"https:\/\/hola.gdynia.pl\/cs\/#organization","name":"Zatrzymaj si\u0119 w klimatycznym hotelu w centrum Gdyni","url":"https:\/\/hola.gdynia.pl\/cs\/","logo":{"@type":"ImageObject","inLanguage":"cs","@id":"https:\/\/hola.gdynia.pl\/cs\/#\/schema\/logo\/image\/","url":"https:\/\/hola.gdynia.pl\/wp-content\/uploads\/2023\/02\/logoHOLA.svg","contentUrl":"https:\/\/hola.gdynia.pl\/wp-content\/uploads\/2023\/02\/logoHOLA.svg","width":200,"height":66,"caption":"Zatrzymaj si\u0119 w klimatycznym hotelu w centrum Gdyni"},"image":{"@id":"https:\/\/hola.gdynia.pl\/cs\/#\/schema\/logo\/image\/"},"sameAs":["https:\/\/www.facebook.com\/holagdynia"]}]}},"_links":{"self":[{"href":"https:\/\/hola.gdynia.pl\/cs\/wp-json\/wp\/v2\/pages\/6199","targetHints":{"allow":["GET"]}}],"collection":[{"href":"https:\/\/hola.gdynia.pl\/cs\/wp-json\/wp\/v2\/pages"}],"about":[{"href":"https:\/\/hola.gdynia.pl\/cs\/wp-json\/wp\/v2\/types\/page"}],"author":[{"embeddable":true,"href":"https:\/\/hola.gdynia.pl\/cs\/wp-json\/wp\/v2\/users\/1"}],"replies":[{"embeddable":true,"href":"https:\/\/hola.gdynia.pl\/cs\/wp-json\/wp\/v2\/comments?post=6199"}],"version-history":[{"count":0,"href":"https:\/\/hola.gdynia.pl\/cs\/wp-json\/wp\/v2\/pages\/6199\/revisions"}],"wp:attachment":[{"href":"https:\/\/hola.gdynia.pl\/cs\/wp-json\/wp\/v2\/media?parent=6199"}],"curies":[{"name":"wp","href":"https:\/\/api.w.org\/{rel}","templated":true}]}}