{"id":6194,"date":"2023-03-20T12:40:39","date_gmt":"2023-03-20T11:40:39","guid":{"rendered":"https:\/\/l53ehaqiot.preview.infomaniak.website\/oferta-noclegowa-dla-firm\/"},"modified":"2025-02-18T17:25:27","modified_gmt":"2025-02-18T16:25:27","slug":"oferta-noclegowa-dla-firm","status":"publish","type":"page","link":"https:\/\/hola.gdynia.pl\/cs\/oferta-noclegowa-dla-firm\/","title":{"rendered":"Oferta noclegowa dla firm"},"content":{"rendered":"\r\n<h2 class=\"wp-block-heading\"><strong>Oferta noclegowa dla firm<\/strong><\/h2>\r\n\r\n\r\n\r\n<div class=\"wp-block-spacer\" style=\"height: 30px;\" aria-hidden=\"true\">\u00a0<\/div>\r\n\r\n\r\n\r\n<h2 class=\"wp-block-heading\"><strong>Planujesz wyjazd s\u0142u\u017cbowy do Gdyni? Szukasz komfortowego noclegu dla pracownika? Zapraszamy do obiektu hotelowego Hola Gdynia \u2013 nowo wyremontowanej kamienicy w centrum miasta, posiadaj\u0105cej 42 pokoje.\u00a0<\/strong><\/h2>\r\n\r\n\r\n\r\n<div class=\"wp-block-spacer\" style=\"height: 30px;\" aria-hidden=\"true\">\u00a0<\/div>\r\n\r\n\r\n\r\n<p><strong>Poznaj nasze mocne strony:<\/strong><\/p>\r\n\r\n\r\n\r\n<ul class=\"wp-block-list\">\r\n<li>Jedyny w swoim rodzaju i nie podrobienia przyjacielski personel \u2013 sprawd\u017a opinie o nas.<\/li>\r\n\r\n\r\n\r\n<li>Mo\u017cliwo\u015b\u0107 bezobs\u0142ugowego meldowania (nawet w godzinach nocnych).<\/li>\r\n\r\n\r\n\r\n<li>Wygodne \u0142\u00f3\u017cko z dodatkowymi materacami nawierzchniowymi u\u0142atwiaj\u0105ce regeneruj\u0105cy sen.<\/li>\r\n\r\n\r\n\r\n<li>Udogodnienia typu: internet, telewizor z du\u017c\u0105 liczb\u0105 kana\u0142\u00f3w i mo\u017cliwo\u015bci\u0105 zalogowania si\u0119 do Netflixa, zestaw do parzenia kawy i herbaty, \u0142azienka z r\u0119cznikami, biurko. Na korytarzu dost\u0119pne jest r\u00f3wnie\u017c \u017celazko i deska do prasowania.<\/li>\r\n\r\n\r\n\r\n<li>Kuchnia do dyspozycji ca\u0142\u0105 dob\u0119, w kt\u00f3rej go\u015bci mog\u0105 sami przyrz\u0105dzi\u0107 sobie przek\u0105ski.<\/li>\r\n\r\n\r\n\r\n<li>Samoobs\u0142ugowy automat z przek\u0105skami i produktami pierwszej potrzeby.<\/li>\r\n\r\n\r\n\r\n<li>Relax Room \u2013 tu mo\u017cna napi\u0107 si\u0119 kawy i zagra\u0107 na konsoli.<\/li>\r\n\r\n\r\n\r\n<li>Blisko nas znajduj\u0105 si\u0119 sklepy, restauracje i kawiarnie.<\/li>\r\n\r\n\r\n\r\n<li>Parking 800 metr\u00f3w od obiektu (Obro\u0144c\u00f3w Wybrze\u017ca 6).<\/li>\r\n\r\n\r\n\r\n<li>Relaks po pracy? Bli\u017cej ni\u017c my\u015blisz! 10 minut piechot\u0105 dzieli nas od pla\u017cy miejskiej i Mola Po\u0142udniowego. A do Fitness Klubu ZDROFIT mamy tylko 100 metr\u00f3w!<\/li>\r\n<\/ul>\r\n\r\n\r\n\r\n<div class=\"wp-block-spacer\" style=\"height: 30px;\" aria-hidden=\"true\">\u00a0<\/div>\r\n\r\n\r\n\r\n<h2 class=\"wp-block-heading\">Gdynia: sala na warsztaty lub konferencje<\/h2>\r\n\r\n\r\n\r\n<p>Je\u015bli natomiast chcesz zorganizowa\u0107 kameralne warsztaty lub szkolenie w Gdyni, mo\u017cesz to zrobi\u0107 r\u00f3wnie\u017c w naszej kamienicy. Posiadamy sal\u0119, kt\u00f3r\u0105 mo\u017cemy zaaran\u017cowa\u0107 w dowolny spos\u00f3b. Sala wyposa\u017cona jest r\u00f3wnie\u017c w ekran i g\u0142o\u015bniki. Go\u015bciom zapewniamy s\u0142odkie przek\u0105ski i kaw\u0119.<\/p>\r\n\r\n\r\n\r\n<div class=\"wp-block-spacer\" style=\"height: 30px;\" aria-hidden=\"true\">\u00a0<\/div>\r\n\r\n\r\n\r\n<p><strong>Korzy\u015bci ze wsp\u00f3\u0142pracy z nami:<\/strong><\/p>\r\n\r\n\r\n\r\n<ul class=\"wp-block-list\">\r\n<li>atrakcyjne ceny nocleg\u00f3w ze \u015bniadaniami,\u00a0<\/li>\r\n\r\n\r\n\r\n<li>mo\u017cliwo\u015b\u0107 rozlicze\u0144 okresowych,<\/li>\r\n\r\n\r\n\r\n<li>je\u015bli Twoi pracownicy maj\u0105 spotkania w centrum miasta \u2013 lokalizacja dla nich b\u0119dzie doskona\u0142a!<\/li>\r\n<\/ul>\r\n\r\n\r\n\r\n<div class=\"wp-block-spacer\" style=\"height: 30px;\" aria-hidden=\"true\">\u00a0<\/div>\r\n\r\n\r\n\r\n<h2 class=\"wp-block-heading\"><strong>Szukasz noclegu dla pracownik\u00f3w b\u0119d\u0105cych w podr\u00f3\u017cy s\u0142u\u017cbowej? Jeste\u015b organizatorem konferencji i chcesz poszerzy\u0107 baz\u0119 noclegow\u0105? Zapraszamy do bezpo\u015bredniego kontaktu z nami: booking@hola.gdynia.pl<\/strong><\/h2>\r\n\r\n\r\n\r\n<div class=\"wp-block-spacer\" style=\"height: 30px;\" aria-hidden=\"true\">\u00a0<\/div>\r\n\r\n\r\n\r\n<p><strong>Jeste\u015bmy wpisani w Globalne Systemy Rezerwacji (GDS):<\/strong><\/p>\r\n\r\n\r\n\r\n<p>Amadeus: CH QYDHOL\u00a0<br \/>Sabre: IH 601627\u00a0<br \/>Galileo: CH H6119\u00a0<br \/>Worldspan: IH QYDHL\u00a0<br \/>Dhisco: IH 48920<\/p>\r\n","protected":false},"excerpt":{"rendered":"<p>Oferta noclegowa dla firm Planujesz wyjazd s\u0142u\u017cbowy do Gdyni? Szukasz komfortowego noclegu dla pracownika? Zapraszamy do obiektu hotelowego Hola Gdynia \u2013 nowo wyremontowanej kamienicy w centrum miasta, posiadaj\u0105cej 42 pokoje.\u00a0 Poznaj nasze mocne strony: Gdynia: sala na warsztaty lub konferencje Je\u015bli natomiast chcesz zorganizowa\u0107 kameralne warsztaty lub szkolenie w Gdyni, mo\u017cesz to zrobi\u0107 r\u00f3wnie\u017c w [&hellip;]<\/p>\n","protected":false},"author":1,"featured_media":6196,"parent":0,"menu_order":0,"comment_status":"closed","ping_status":"closed","template":"","meta":{"inline_featured_image":false,"footnotes":""},"class_list":["post-6194","page","type-page","status-publish","has-post-thumbnail","hentry"],"yoast_head":"<!-- This site is optimized with the Yoast SEO Premium plugin v24.4 (Yoast SEO v27.5) - https:\/\/yoast.com\/product\/yoast-seo-premium-wordpress\/ -->\n<title>Oferta noclegowa dla firm - Zatrzymaj si\u0119 w klimatycznym hotelu w centrum Gdyni<\/title>\n<meta name=\"description\" content=\"Planujesz wyjazd s\u0142u\u017cbowy do Gdyni? Szukasz komfortowego noclegu dla pracownika? Zapraszamy do obiektu hotelowego Hola Gdynia\" \/>\n<meta name=\"robots\" content=\"index, follow, max-snippet:-1, max-image-preview:large, max-video-preview:-1\" \/>\n<link rel=\"canonical\" href=\"https:\/\/hola.gdynia.pl\/cs\/oferta-noclegowa-dla-firm\/\" \/>\n<meta property=\"og:locale\" content=\"cs_CZ\" \/>\n<meta property=\"og:type\" content=\"article\" \/>\n<meta property=\"og:title\" content=\"Oferta noclegowa dla firm\" \/>\n<meta property=\"og:description\" content=\"Planujesz wyjazd s\u0142u\u017cbowy do Gdyni? Szukasz komfortowego noclegu dla pracownika? Zapraszamy do obiektu hotelowego Hola Gdynia\" \/>\n<meta property=\"og:url\" content=\"https:\/\/hola.gdynia.pl\/cs\/oferta-noclegowa-dla-firm\/\" \/>\n<meta property=\"og:site_name\" content=\"Zatrzymaj si\u0119 w klimatycznym hotelu w centrum Gdyni\" \/>\n<meta property=\"article:publisher\" content=\"https:\/\/www.facebook.com\/holagdynia\" \/>\n<meta property=\"article:modified_time\" content=\"2025-02-18T16:25:27+00:00\" \/>\n<meta property=\"og:image\" content=\"https:\/\/hola.gdynia.pl\/wp-content\/uploads\/2023\/03\/hotel-nad-morzem-dla-pracownikow-noclegi-dla-firm-gdynia.jpg\" \/>\n\t<meta property=\"og:image:width\" content=\"1500\" \/>\n\t<meta property=\"og:image:height\" content=\"790\" \/>\n\t<meta property=\"og:image:type\" content=\"image\/jpeg\" \/>\n<meta name=\"twitter:card\" content=\"summary_large_image\" \/>\n<meta name=\"twitter:label1\" content=\"Odhadovan\u00e1 doba \u010dten\u00ed\" \/>\n\t<meta name=\"twitter:data1\" content=\"2 minuty\" \/>\n<script type=\"application\/ld+json\" class=\"yoast-schema-graph\">{\"@context\":\"https:\\\/\\\/schema.org\",\"@graph\":[{\"@type\":\"WebPage\",\"@id\":\"https:\\\/\\\/hola.gdynia.pl\\\/cs\\\/oferta-noclegowa-dla-firm\\\/\",\"url\":\"https:\\\/\\\/hola.gdynia.pl\\\/cs\\\/oferta-noclegowa-dla-firm\\\/\",\"name\":\"Oferta noclegowa dla firm - Zatrzymaj si\u0119 w klimatycznym hotelu w centrum Gdyni\",\"isPartOf\":{\"@id\":\"https:\\\/\\\/hola.gdynia.pl\\\/cs\\\/#website\"},\"primaryImageOfPage\":{\"@id\":\"https:\\\/\\\/hola.gdynia.pl\\\/cs\\\/oferta-noclegowa-dla-firm\\\/#primaryimage\"},\"image\":{\"@id\":\"https:\\\/\\\/hola.gdynia.pl\\\/cs\\\/oferta-noclegowa-dla-firm\\\/#primaryimage\"},\"thumbnailUrl\":\"https:\\\/\\\/hola.gdynia.pl\\\/wp-content\\\/uploads\\\/2023\\\/03\\\/hotel-nad-morzem-dla-pracownikow-noclegi-dla-firm-gdynia.jpg\",\"datePublished\":\"2023-03-20T11:40:39+00:00\",\"dateModified\":\"2025-02-18T16:25:27+00:00\",\"description\":\"Planujesz wyjazd s\u0142u\u017cbowy do Gdyni? Szukasz komfortowego noclegu dla pracownika? Zapraszamy do obiektu hotelowego Hola Gdynia\",\"breadcrumb\":{\"@id\":\"https:\\\/\\\/hola.gdynia.pl\\\/cs\\\/oferta-noclegowa-dla-firm\\\/#breadcrumb\"},\"inLanguage\":\"cs\",\"potentialAction\":[{\"@type\":\"ReadAction\",\"target\":[\"https:\\\/\\\/hola.gdynia.pl\\\/cs\\\/oferta-noclegowa-dla-firm\\\/\"]}]},{\"@type\":\"ImageObject\",\"inLanguage\":\"cs\",\"@id\":\"https:\\\/\\\/hola.gdynia.pl\\\/cs\\\/oferta-noclegowa-dla-firm\\\/#primaryimage\",\"url\":\"https:\\\/\\\/hola.gdynia.pl\\\/wp-content\\\/uploads\\\/2023\\\/03\\\/hotel-nad-morzem-dla-pracownikow-noclegi-dla-firm-gdynia.jpg\",\"contentUrl\":\"https:\\\/\\\/hola.gdynia.pl\\\/wp-content\\\/uploads\\\/2023\\\/03\\\/hotel-nad-morzem-dla-pracownikow-noclegi-dla-firm-gdynia.jpg\",\"width\":1500,\"height\":790},{\"@type\":\"BreadcrumbList\",\"@id\":\"https:\\\/\\\/hola.gdynia.pl\\\/cs\\\/oferta-noclegowa-dla-firm\\\/#breadcrumb\",\"itemListElement\":[{\"@type\":\"ListItem\",\"position\":1,\"name\":\"Home\",\"item\":\"https:\\\/\\\/hola.gdynia.pl\\\/cs\\\/\"},{\"@type\":\"ListItem\",\"position\":2,\"name\":\"Oferta noclegowa dla firm\"}]},{\"@type\":\"WebSite\",\"@id\":\"https:\\\/\\\/hola.gdynia.pl\\\/cs\\\/#website\",\"url\":\"https:\\\/\\\/hola.gdynia.pl\\\/cs\\\/\",\"name\":\"Zatrzymaj si\u0119 w klimatycznym hotelu w centrum Gdyni\",\"description\":\"Szukasz noclegu w Gdyni? Wybierz nasz nowo otwarty obiekt hotelowy po\u0142o\u017cony blisko morza: 42 pokoje, otwarty dost\u0119p do kuchni, winda, bezp\u0142atny parking!\",\"publisher\":{\"@id\":\"https:\\\/\\\/hola.gdynia.pl\\\/cs\\\/#organization\"},\"potentialAction\":[{\"@type\":\"SearchAction\",\"target\":{\"@type\":\"EntryPoint\",\"urlTemplate\":\"https:\\\/\\\/hola.gdynia.pl\\\/cs\\\/?s={search_term_string}\"},\"query-input\":{\"@type\":\"PropertyValueSpecification\",\"valueRequired\":true,\"valueName\":\"search_term_string\"}}],\"inLanguage\":\"cs\"},{\"@type\":\"Organization\",\"@id\":\"https:\\\/\\\/hola.gdynia.pl\\\/cs\\\/#organization\",\"name\":\"Zatrzymaj si\u0119 w klimatycznym hotelu w centrum Gdyni\",\"url\":\"https:\\\/\\\/hola.gdynia.pl\\\/cs\\\/\",\"logo\":{\"@type\":\"ImageObject\",\"inLanguage\":\"cs\",\"@id\":\"https:\\\/\\\/hola.gdynia.pl\\\/cs\\\/#\\\/schema\\\/logo\\\/image\\\/\",\"url\":\"https:\\\/\\\/hola.gdynia.pl\\\/wp-content\\\/uploads\\\/2023\\\/02\\\/logoHOLA.svg\",\"contentUrl\":\"https:\\\/\\\/hola.gdynia.pl\\\/wp-content\\\/uploads\\\/2023\\\/02\\\/logoHOLA.svg\",\"width\":200,\"height\":66,\"caption\":\"Zatrzymaj si\u0119 w klimatycznym hotelu w centrum Gdyni\"},\"image\":{\"@id\":\"https:\\\/\\\/hola.gdynia.pl\\\/cs\\\/#\\\/schema\\\/logo\\\/image\\\/\"},\"sameAs\":[\"https:\\\/\\\/www.facebook.com\\\/holagdynia\"]}]}<\/script>\n<!-- \/ Yoast SEO Premium plugin. -->","yoast_head_json":{"title":"Oferta noclegowa dla firm - Zatrzymaj si\u0119 w klimatycznym hotelu w centrum Gdyni","description":"Planujesz wyjazd s\u0142u\u017cbowy do Gdyni? Szukasz komfortowego noclegu dla pracownika? Zapraszamy do obiektu hotelowego Hola Gdynia","robots":{"index":"index","follow":"follow","max-snippet":"max-snippet:-1","max-image-preview":"max-image-preview:large","max-video-preview":"max-video-preview:-1"},"canonical":"https:\/\/hola.gdynia.pl\/cs\/oferta-noclegowa-dla-firm\/","og_locale":"cs_CZ","og_type":"article","og_title":"Oferta noclegowa dla firm","og_description":"Planujesz wyjazd s\u0142u\u017cbowy do Gdyni? Szukasz komfortowego noclegu dla pracownika? Zapraszamy do obiektu hotelowego Hola Gdynia","og_url":"https:\/\/hola.gdynia.pl\/cs\/oferta-noclegowa-dla-firm\/","og_site_name":"Zatrzymaj si\u0119 w klimatycznym hotelu w centrum Gdyni","article_publisher":"https:\/\/www.facebook.com\/holagdynia","article_modified_time":"2025-02-18T16:25:27+00:00","og_image":[{"width":1500,"height":790,"url":"https:\/\/hola.gdynia.pl\/wp-content\/uploads\/2023\/03\/hotel-nad-morzem-dla-pracownikow-noclegi-dla-firm-gdynia.jpg","type":"image\/jpeg"}],"twitter_card":"summary_large_image","twitter_misc":{"Odhadovan\u00e1 doba \u010dten\u00ed":"2 minuty"},"schema":{"@context":"https:\/\/schema.org","@graph":[{"@type":"WebPage","@id":"https:\/\/hola.gdynia.pl\/cs\/oferta-noclegowa-dla-firm\/","url":"https:\/\/hola.gdynia.pl\/cs\/oferta-noclegowa-dla-firm\/","name":"Oferta noclegowa dla firm - Zatrzymaj si\u0119 w klimatycznym hotelu w centrum Gdyni","isPartOf":{"@id":"https:\/\/hola.gdynia.pl\/cs\/#website"},"primaryImageOfPage":{"@id":"https:\/\/hola.gdynia.pl\/cs\/oferta-noclegowa-dla-firm\/#primaryimage"},"image":{"@id":"https:\/\/hola.gdynia.pl\/cs\/oferta-noclegowa-dla-firm\/#primaryimage"},"thumbnailUrl":"https:\/\/hola.gdynia.pl\/wp-content\/uploads\/2023\/03\/hotel-nad-morzem-dla-pracownikow-noclegi-dla-firm-gdynia.jpg","datePublished":"2023-03-20T11:40:39+00:00","dateModified":"2025-02-18T16:25:27+00:00","description":"Planujesz wyjazd s\u0142u\u017cbowy do Gdyni? Szukasz komfortowego noclegu dla pracownika? Zapraszamy do obiektu hotelowego Hola Gdynia","breadcrumb":{"@id":"https:\/\/hola.gdynia.pl\/cs\/oferta-noclegowa-dla-firm\/#breadcrumb"},"inLanguage":"cs","potentialAction":[{"@type":"ReadAction","target":["https:\/\/hola.gdynia.pl\/cs\/oferta-noclegowa-dla-firm\/"]}]},{"@type":"ImageObject","inLanguage":"cs","@id":"https:\/\/hola.gdynia.pl\/cs\/oferta-noclegowa-dla-firm\/#primaryimage","url":"https:\/\/hola.gdynia.pl\/wp-content\/uploads\/2023\/03\/hotel-nad-morzem-dla-pracownikow-noclegi-dla-firm-gdynia.jpg","contentUrl":"https:\/\/hola.gdynia.pl\/wp-content\/uploads\/2023\/03\/hotel-nad-morzem-dla-pracownikow-noclegi-dla-firm-gdynia.jpg","width":1500,"height":790},{"@type":"BreadcrumbList","@id":"https:\/\/hola.gdynia.pl\/cs\/oferta-noclegowa-dla-firm\/#breadcrumb","itemListElement":[{"@type":"ListItem","position":1,"name":"Home","item":"https:\/\/hola.gdynia.pl\/cs\/"},{"@type":"ListItem","position":2,"name":"Oferta noclegowa dla firm"}]},{"@type":"WebSite","@id":"https:\/\/hola.gdynia.pl\/cs\/#website","url":"https:\/\/hola.gdynia.pl\/cs\/","name":"Zatrzymaj si\u0119 w klimatycznym hotelu w centrum Gdyni","description":"Szukasz noclegu w Gdyni? Wybierz nasz nowo otwarty obiekt hotelowy po\u0142o\u017cony blisko morza: 42 pokoje, otwarty dost\u0119p do kuchni, winda, bezp\u0142atny parking!","publisher":{"@id":"https:\/\/hola.gdynia.pl\/cs\/#organization"},"potentialAction":[{"@type":"SearchAction","target":{"@type":"EntryPoint","urlTemplate":"https:\/\/hola.gdynia.pl\/cs\/?s={search_term_string}"},"query-input":{"@type":"PropertyValueSpecification","valueRequired":true,"valueName":"search_term_string"}}],"inLanguage":"cs"},{"@type":"Organization","@id":"https:\/\/hola.gdynia.pl\/cs\/#organization","name":"Zatrzymaj si\u0119 w klimatycznym hotelu w centrum Gdyni","url":"https:\/\/hola.gdynia.pl\/cs\/","logo":{"@type":"ImageObject","inLanguage":"cs","@id":"https:\/\/hola.gdynia.pl\/cs\/#\/schema\/logo\/image\/","url":"https:\/\/hola.gdynia.pl\/wp-content\/uploads\/2023\/02\/logoHOLA.svg","contentUrl":"https:\/\/hola.gdynia.pl\/wp-content\/uploads\/2023\/02\/logoHOLA.svg","width":200,"height":66,"caption":"Zatrzymaj si\u0119 w klimatycznym hotelu w centrum Gdyni"},"image":{"@id":"https:\/\/hola.gdynia.pl\/cs\/#\/schema\/logo\/image\/"},"sameAs":["https:\/\/www.facebook.com\/holagdynia"]}]}},"_links":{"self":[{"href":"https:\/\/hola.gdynia.pl\/cs\/wp-json\/wp\/v2\/pages\/6194","targetHints":{"allow":["GET"]}}],"collection":[{"href":"https:\/\/hola.gdynia.pl\/cs\/wp-json\/wp\/v2\/pages"}],"about":[{"href":"https:\/\/hola.gdynia.pl\/cs\/wp-json\/wp\/v2\/types\/page"}],"author":[{"embeddable":true,"href":"https:\/\/hola.gdynia.pl\/cs\/wp-json\/wp\/v2\/users\/1"}],"replies":[{"embeddable":true,"href":"https:\/\/hola.gdynia.pl\/cs\/wp-json\/wp\/v2\/comments?post=6194"}],"version-history":[{"count":0,"href":"https:\/\/hola.gdynia.pl\/cs\/wp-json\/wp\/v2\/pages\/6194\/revisions"}],"wp:featuredmedia":[{"embeddable":true,"href":"https:\/\/hola.gdynia.pl\/cs\/wp-json\/wp\/v2\/media\/6196"}],"wp:attachment":[{"href":"https:\/\/hola.gdynia.pl\/cs\/wp-json\/wp\/v2\/media?parent=6194"}],"curies":[{"name":"wp","href":"https:\/\/api.w.org\/{rel}","templated":true}]}}