{"id":6186,"date":"2023-03-20T12:40:11","date_gmt":"2023-03-20T11:40:11","guid":{"rendered":"https:\/\/l53ehaqiot.preview.infomaniak.website\/oferta-dla-biur-podrozy\/"},"modified":"2025-02-18T17:26:41","modified_gmt":"2025-02-18T16:26:41","slug":"oferta-dla-biur-podrozy","status":"publish","type":"page","link":"https:\/\/hola.gdynia.pl\/cs\/oferta-dla-biur-podrozy\/","title":{"rendered":"Oferta dla biur podr\u00f3\u017cy"},"content":{"rendered":"\r\n<h2 class=\"wp-block-heading\"><strong>Oferta dla biur podr\u00f3\u017cy i grup zorganizowanych<\/strong><\/h2>\r\n\r\n\r\n\r\n<div class=\"wp-block-spacer\" style=\"height: 31px;\" aria-hidden=\"true\">\u00a0<\/div>\r\n\r\n\r\n\r\n<h2 class=\"wp-block-heading\"><strong>Hola Gdynia dzi\u0119ki atrakcyjnej lokalizacji w centrum miasta oraz du\u017cej bazie noclegowej mo\u017ce pochwali\u0107 si\u0119 cz\u0119stymi wizytami zorganizowanych grup wycieczkowych z Polski oraz ze \u015bwiata.\u00a0Zapraszamy do wsp\u00f3\u0142pracy biura podr\u00f3\u017cy, touroperator\u00f3w i agent\u00f3w turystycznych!<\/strong><\/h2>\r\n\r\n\r\n\r\n<div class=\"wp-block-spacer\" style=\"height: 31px;\" aria-hidden=\"true\">\u00a0<\/div>\r\n\r\n\r\n\r\n<p><strong>Poznaj nasze mocne strony:<\/strong><\/p>\r\n\r\n\r\n\r\n<ul class=\"wp-block-list\">\r\n<li>Jako jedyni w Gdyni mo\u017cemy zapewni\u0107 <strong>nocleg dla grupy licz\u0105cej nawet 100 os\u00f3b<\/strong>!\u00a0<\/li>\r\n\r\n\r\n\r\n<li>Wszystkie nasze <a href=\"https:\/\/hola.gdynia.pl\/cs\/hola-rooms-gdynia\/\" target=\"_blank\" rel=\"noreferrer noopener\">pokoje<\/a> posiadaj\u0105 \u0142azienki, bardzo wygodne \u0142\u00f3\u017cka oraz niezb\u0119dne udogodnienia: telewizor, zestaw kawowy, r\u0119czniki, suszark\u0119.<\/li>\r\n\r\n\r\n\r\n<li>Go\u015bciom udost\u0119pniamy przez ca\u0142\u0105 dob\u0119 kuchni\u0119, w kt\u00f3rej mog\u0105 przyrz\u0105dzi\u0107 sobie co\u015b na z\u0105b.<\/li>\r\n\r\n\r\n\r\n<li>\u015aniadania serwujemy w sali \u015bniadaniowej i barze. Dania obiadowe mo\u017cna natomiast zje\u015b\u0107 w zaprzyja\u017anionej restauracji, kt\u00f3ra znajduje si\u0119 w tej samej kamienicy, co nasz obiekt.<\/li>\r\n\r\n\r\n\r\n<li>Posiadamy <a href=\"https:\/\/hola.gdynia.pl\/relax-room-2\/\" target=\"_blank\" rel=\"noreferrer noopener\">przestrze\u0144 relaksu<\/a>, w kt\u00f3rej mo\u017cna napi\u0107 si\u0119 kawy, zagra\u0107 w gry planszowe lub gry na konsoli.<\/li>\r\n\r\n\r\n\r\n<li>Nasza kamienica przesz\u0142a gruntowny remont, dzi\u0119ki temu posiadamy przestronne windy.<\/li>\r\n\r\n\r\n\r\n<li>Parking 800 metr\u00f3w od obiektu (Obro\u0144c\u00f3w Wybrze\u017ca 6).<\/li>\r\n<\/ul>\r\n\r\n\r\n\r\n<p>&nbsp;<\/p>\r\n\r\n\r\n\r\n<p><strong>Lokalizacja:<\/strong><\/p>\r\n\r\n\r\n\r\n<ul class=\"wp-block-list\">\r\n<li>Du\u017cym atutem jest po\u0142o\u017cenie naszego obiektu. Ulica Starowiejska to \u015bcis\u0142e centrum Gdyni. Blisko nas (10 minut piechot\u0105) znajduj\u0105 si\u0119: Skwer Ko\u015bciuszki i Molo Po\u0142udniowe, Okr\u0119t ORP \u201eB\u0142yskawica\u201d, Okr\u0119t \u201eDar M\u0142odzie\u017cy\u201d, Akwarium Gdy\u0144skie MIR, Teatr Muzyczny im. Danuty Baduszkowej oraz punkt widokowy &#8211; Kamienna G\u00f3ra. Do <a href=\"https:\/\/hola.gdynia.pl\/cs\/atrakce-gdyne\/\" target=\"_blank\" rel=\"noreferrer noopener\">Muzeum Emigracji <\/a>mo\u017cemy doj\u015b\u0107 w oko\u0142o 20 minut.<\/li>\r\n\r\n\r\n\r\n<li>10 minut piechot\u0105 zajmie nam doj\u015bcie na miejsk\u0105 pla\u017c\u0119.\u00a0<\/li>\r\n\r\n\r\n\r\n<li>Zaledwie 750 metr\u00f3w dzieli nas od Dworca PKP Gdynia G\u0142\u00f3wna. Dzi\u0119ki temu Sopot i Gda\u0144sk mo\u017cna zwiedzi\u0107 r\u00f3wnie\u017c podr\u00f3\u017cuj\u0105c poci\u0105giem!<\/li>\r\n\r\n\r\n\r\n<li>W naszym bliskim s\u0105siedztwie znajduje si\u0119 du\u017co restauracji, kawiarni oraz sklep\u00f3w.<\/li>\r\n<\/ul>\r\n\r\n\r\n\r\n<p>&nbsp;<\/p>\r\n\r\n\r\n\r\n<p><strong>Bonusy dla grup wycieczkowych:<\/strong><\/p>\r\n\r\n\r\n\r\n<ul class=\"wp-block-list\">\r\n<li>Decyduj\u0105c si\u0119 na pobyt u nas miejcie pewno\u015b\u0107, \u017ce przyjmiemy Was bardzo serdecznie! Pomo\u017cemy, podpowiemy, a w zanadrzu mamy ciekawe historie do opowiedzenia\u2026<\/li>\r\n\r\n\r\n\r\n<li>Przy rezerwacji powy\u017cej 10 pokoj\u00f3w mo\u017cecie liczy\u0107 na preferencyjne warunki rozliczenia.<\/li>\r\n\r\n\r\n\r\n<li>Mo\u017cemy zaoferowa\u0107 nie tylko \u015bniadania, ale r\u00f3wnie\u017c zorganizowa\u0107 obiadokolacje w Pierogarni Mandu.<\/li>\r\n<\/ul>\r\n\r\n\r\n\r\n<div class=\"wp-block-spacer\" style=\"height: 31px;\" aria-hidden=\"true\">\u00a0<\/div>\r\n\r\n\r\n\r\n<h2 class=\"wp-block-heading\"><strong>Planujesz wycieczk\u0119 po Tr\u00f3jmie\u015bcie? Szukasz noclegu w Gdyni dla zorganizowanej grupy? Zapraszamy do bezpo\u015bredniego kontaktu z nami: booking@hola.gdynia.pl<\/strong><\/h2>\r\n\r\n\r\n\r\n<div class=\"wp-block-spacer\" style=\"height: 31px;\" aria-hidden=\"true\">\u00a0<\/div>\r\n\r\n\r\n\r\n<p><strong>Jeste\u015bmy wpisani w Globalne Systemy Rezerwacji (GDS):<\/strong><\/p>\r\n\r\n\r\n\r\n<p>Amadeus: CH QYDHOL\u00a0<br \/>Sabre: IH 601627\u00a0<br \/>Galileo: CH H6119\u00a0<br \/>Worldspan: IH QYDHL\u00a0<br \/>Dhisco: IH 48920\u00a0<\/p>\r\n","protected":false},"excerpt":{"rendered":"<p>Oferta dla biur podr\u00f3\u017cy i grup zorganizowanych Hola Gdynia dzi\u0119ki atrakcyjnej lokalizacji w centrum miasta oraz du\u017cej bazie noclegowej mo\u017ce pochwali\u0107 si\u0119 cz\u0119stymi wizytami zorganizowanych grup wycieczkowych z Polski oraz ze \u015bwiata.\u00a0Zapraszamy do wsp\u00f3\u0142pracy biura podr\u00f3\u017cy, touroperator\u00f3w i agent\u00f3w turystycznych! Poznaj nasze mocne strony: &nbsp; Lokalizacja: &nbsp; Bonusy dla grup wycieczkowych: Planujesz wycieczk\u0119 po Tr\u00f3jmie\u015bcie? [&hellip;]<\/p>\n","protected":false},"author":1,"featured_media":6187,"parent":0,"menu_order":0,"comment_status":"closed","ping_status":"closed","template":"","meta":{"inline_featured_image":false,"footnotes":""},"class_list":["post-6186","page","type-page","status-publish","has-post-thumbnail","hentry"],"yoast_head":"<!-- This site is optimized with the Yoast SEO Premium plugin v24.4 (Yoast SEO v27.5) - https:\/\/yoast.com\/product\/yoast-seo-premium-wordpress\/ -->\n<title>Oferta dla biur podr\u00f3\u017cy - Zatrzymaj si\u0119 w klimatycznym hotelu w centrum Gdyni<\/title>\n<meta name=\"description\" content=\"Planujesz wycieczk\u0119 po Tr\u00f3jmie\u015bcie? Szukasz noclegu w Gdyni dla zorganizowanej grupy? Zapraszamy do Hola Gdynia\" \/>\n<meta name=\"robots\" content=\"index, follow, max-snippet:-1, max-image-preview:large, max-video-preview:-1\" \/>\n<link rel=\"canonical\" href=\"https:\/\/hola.gdynia.pl\/cs\/oferta-dla-biur-podrozy\/\" \/>\n<meta property=\"og:locale\" content=\"cs_CZ\" \/>\n<meta property=\"og:type\" content=\"article\" \/>\n<meta property=\"og:title\" content=\"Oferta dla biur podr\u00f3\u017cy\" \/>\n<meta property=\"og:description\" content=\"Planujesz wycieczk\u0119 po Tr\u00f3jmie\u015bcie? Szukasz noclegu w Gdyni dla zorganizowanej grupy? Zapraszamy do Hola Gdynia\" \/>\n<meta property=\"og:url\" content=\"https:\/\/hola.gdynia.pl\/cs\/oferta-dla-biur-podrozy\/\" \/>\n<meta property=\"og:site_name\" content=\"Zatrzymaj si\u0119 w klimatycznym hotelu w centrum Gdyni\" \/>\n<meta property=\"article:publisher\" content=\"https:\/\/www.facebook.com\/holagdynia\" \/>\n<meta property=\"article:modified_time\" content=\"2025-02-18T16:26:41+00:00\" \/>\n<meta property=\"og:image\" content=\"https:\/\/hola.gdynia.pl\/wp-content\/uploads\/2023\/03\/hotel-biuro-podrozy-agent-gdynia-polish-sea-baltic.jpg\" \/>\n\t<meta property=\"og:image:width\" content=\"1500\" \/>\n\t<meta property=\"og:image:height\" content=\"790\" \/>\n\t<meta property=\"og:image:type\" content=\"image\/jpeg\" \/>\n<meta name=\"twitter:card\" content=\"summary_large_image\" \/>\n<meta name=\"twitter:label1\" content=\"Odhadovan\u00e1 doba \u010dten\u00ed\" \/>\n\t<meta name=\"twitter:data1\" content=\"3 minuty\" \/>\n<script type=\"application\/ld+json\" class=\"yoast-schema-graph\">{\"@context\":\"https:\\\/\\\/schema.org\",\"@graph\":[{\"@type\":\"WebPage\",\"@id\":\"https:\\\/\\\/hola.gdynia.pl\\\/cs\\\/oferta-dla-biur-podrozy\\\/\",\"url\":\"https:\\\/\\\/hola.gdynia.pl\\\/cs\\\/oferta-dla-biur-podrozy\\\/\",\"name\":\"Oferta dla biur podr\u00f3\u017cy - Zatrzymaj si\u0119 w klimatycznym hotelu w centrum Gdyni\",\"isPartOf\":{\"@id\":\"https:\\\/\\\/hola.gdynia.pl\\\/cs\\\/#website\"},\"primaryImageOfPage\":{\"@id\":\"https:\\\/\\\/hola.gdynia.pl\\\/cs\\\/oferta-dla-biur-podrozy\\\/#primaryimage\"},\"image\":{\"@id\":\"https:\\\/\\\/hola.gdynia.pl\\\/cs\\\/oferta-dla-biur-podrozy\\\/#primaryimage\"},\"thumbnailUrl\":\"https:\\\/\\\/hola.gdynia.pl\\\/wp-content\\\/uploads\\\/2023\\\/03\\\/hotel-biuro-podrozy-agent-gdynia-polish-sea-baltic.jpg\",\"datePublished\":\"2023-03-20T11:40:11+00:00\",\"dateModified\":\"2025-02-18T16:26:41+00:00\",\"description\":\"Planujesz wycieczk\u0119 po Tr\u00f3jmie\u015bcie? Szukasz noclegu w Gdyni dla zorganizowanej grupy? Zapraszamy do Hola Gdynia\",\"breadcrumb\":{\"@id\":\"https:\\\/\\\/hola.gdynia.pl\\\/cs\\\/oferta-dla-biur-podrozy\\\/#breadcrumb\"},\"inLanguage\":\"cs\",\"potentialAction\":[{\"@type\":\"ReadAction\",\"target\":[\"https:\\\/\\\/hola.gdynia.pl\\\/cs\\\/oferta-dla-biur-podrozy\\\/\"]}]},{\"@type\":\"ImageObject\",\"inLanguage\":\"cs\",\"@id\":\"https:\\\/\\\/hola.gdynia.pl\\\/cs\\\/oferta-dla-biur-podrozy\\\/#primaryimage\",\"url\":\"https:\\\/\\\/hola.gdynia.pl\\\/wp-content\\\/uploads\\\/2023\\\/03\\\/hotel-biuro-podrozy-agent-gdynia-polish-sea-baltic.jpg\",\"contentUrl\":\"https:\\\/\\\/hola.gdynia.pl\\\/wp-content\\\/uploads\\\/2023\\\/03\\\/hotel-biuro-podrozy-agent-gdynia-polish-sea-baltic.jpg\",\"width\":1500,\"height\":790},{\"@type\":\"BreadcrumbList\",\"@id\":\"https:\\\/\\\/hola.gdynia.pl\\\/cs\\\/oferta-dla-biur-podrozy\\\/#breadcrumb\",\"itemListElement\":[{\"@type\":\"ListItem\",\"position\":1,\"name\":\"Home\",\"item\":\"https:\\\/\\\/hola.gdynia.pl\\\/cs\\\/\"},{\"@type\":\"ListItem\",\"position\":2,\"name\":\"Oferta dla biur podr\u00f3\u017cy\"}]},{\"@type\":\"WebSite\",\"@id\":\"https:\\\/\\\/hola.gdynia.pl\\\/cs\\\/#website\",\"url\":\"https:\\\/\\\/hola.gdynia.pl\\\/cs\\\/\",\"name\":\"Zatrzymaj si\u0119 w klimatycznym hotelu w centrum Gdyni\",\"description\":\"Szukasz noclegu w Gdyni? Wybierz nasz nowo otwarty obiekt hotelowy po\u0142o\u017cony blisko morza: 42 pokoje, otwarty dost\u0119p do kuchni, winda, bezp\u0142atny parking!\",\"publisher\":{\"@id\":\"https:\\\/\\\/hola.gdynia.pl\\\/cs\\\/#organization\"},\"potentialAction\":[{\"@type\":\"SearchAction\",\"target\":{\"@type\":\"EntryPoint\",\"urlTemplate\":\"https:\\\/\\\/hola.gdynia.pl\\\/cs\\\/?s={search_term_string}\"},\"query-input\":{\"@type\":\"PropertyValueSpecification\",\"valueRequired\":true,\"valueName\":\"search_term_string\"}}],\"inLanguage\":\"cs\"},{\"@type\":\"Organization\",\"@id\":\"https:\\\/\\\/hola.gdynia.pl\\\/cs\\\/#organization\",\"name\":\"Zatrzymaj si\u0119 w klimatycznym hotelu w centrum Gdyni\",\"url\":\"https:\\\/\\\/hola.gdynia.pl\\\/cs\\\/\",\"logo\":{\"@type\":\"ImageObject\",\"inLanguage\":\"cs\",\"@id\":\"https:\\\/\\\/hola.gdynia.pl\\\/cs\\\/#\\\/schema\\\/logo\\\/image\\\/\",\"url\":\"https:\\\/\\\/hola.gdynia.pl\\\/wp-content\\\/uploads\\\/2023\\\/02\\\/logoHOLA.svg\",\"contentUrl\":\"https:\\\/\\\/hola.gdynia.pl\\\/wp-content\\\/uploads\\\/2023\\\/02\\\/logoHOLA.svg\",\"width\":200,\"height\":66,\"caption\":\"Zatrzymaj si\u0119 w klimatycznym hotelu w centrum Gdyni\"},\"image\":{\"@id\":\"https:\\\/\\\/hola.gdynia.pl\\\/cs\\\/#\\\/schema\\\/logo\\\/image\\\/\"},\"sameAs\":[\"https:\\\/\\\/www.facebook.com\\\/holagdynia\"]}]}<\/script>\n<!-- \/ Yoast SEO Premium plugin. -->","yoast_head_json":{"title":"Oferta dla biur podr\u00f3\u017cy - Zatrzymaj si\u0119 w klimatycznym hotelu w centrum Gdyni","description":"Planujesz wycieczk\u0119 po Tr\u00f3jmie\u015bcie? Szukasz noclegu w Gdyni dla zorganizowanej grupy? Zapraszamy do Hola Gdynia","robots":{"index":"index","follow":"follow","max-snippet":"max-snippet:-1","max-image-preview":"max-image-preview:large","max-video-preview":"max-video-preview:-1"},"canonical":"https:\/\/hola.gdynia.pl\/cs\/oferta-dla-biur-podrozy\/","og_locale":"cs_CZ","og_type":"article","og_title":"Oferta dla biur podr\u00f3\u017cy","og_description":"Planujesz wycieczk\u0119 po Tr\u00f3jmie\u015bcie? Szukasz noclegu w Gdyni dla zorganizowanej grupy? Zapraszamy do Hola Gdynia","og_url":"https:\/\/hola.gdynia.pl\/cs\/oferta-dla-biur-podrozy\/","og_site_name":"Zatrzymaj si\u0119 w klimatycznym hotelu w centrum Gdyni","article_publisher":"https:\/\/www.facebook.com\/holagdynia","article_modified_time":"2025-02-18T16:26:41+00:00","og_image":[{"width":1500,"height":790,"url":"https:\/\/hola.gdynia.pl\/wp-content\/uploads\/2023\/03\/hotel-biuro-podrozy-agent-gdynia-polish-sea-baltic.jpg","type":"image\/jpeg"}],"twitter_card":"summary_large_image","twitter_misc":{"Odhadovan\u00e1 doba \u010dten\u00ed":"3 minuty"},"schema":{"@context":"https:\/\/schema.org","@graph":[{"@type":"WebPage","@id":"https:\/\/hola.gdynia.pl\/cs\/oferta-dla-biur-podrozy\/","url":"https:\/\/hola.gdynia.pl\/cs\/oferta-dla-biur-podrozy\/","name":"Oferta dla biur podr\u00f3\u017cy - Zatrzymaj si\u0119 w klimatycznym hotelu w centrum Gdyni","isPartOf":{"@id":"https:\/\/hola.gdynia.pl\/cs\/#website"},"primaryImageOfPage":{"@id":"https:\/\/hola.gdynia.pl\/cs\/oferta-dla-biur-podrozy\/#primaryimage"},"image":{"@id":"https:\/\/hola.gdynia.pl\/cs\/oferta-dla-biur-podrozy\/#primaryimage"},"thumbnailUrl":"https:\/\/hola.gdynia.pl\/wp-content\/uploads\/2023\/03\/hotel-biuro-podrozy-agent-gdynia-polish-sea-baltic.jpg","datePublished":"2023-03-20T11:40:11+00:00","dateModified":"2025-02-18T16:26:41+00:00","description":"Planujesz wycieczk\u0119 po Tr\u00f3jmie\u015bcie? Szukasz noclegu w Gdyni dla zorganizowanej grupy? Zapraszamy do Hola Gdynia","breadcrumb":{"@id":"https:\/\/hola.gdynia.pl\/cs\/oferta-dla-biur-podrozy\/#breadcrumb"},"inLanguage":"cs","potentialAction":[{"@type":"ReadAction","target":["https:\/\/hola.gdynia.pl\/cs\/oferta-dla-biur-podrozy\/"]}]},{"@type":"ImageObject","inLanguage":"cs","@id":"https:\/\/hola.gdynia.pl\/cs\/oferta-dla-biur-podrozy\/#primaryimage","url":"https:\/\/hola.gdynia.pl\/wp-content\/uploads\/2023\/03\/hotel-biuro-podrozy-agent-gdynia-polish-sea-baltic.jpg","contentUrl":"https:\/\/hola.gdynia.pl\/wp-content\/uploads\/2023\/03\/hotel-biuro-podrozy-agent-gdynia-polish-sea-baltic.jpg","width":1500,"height":790},{"@type":"BreadcrumbList","@id":"https:\/\/hola.gdynia.pl\/cs\/oferta-dla-biur-podrozy\/#breadcrumb","itemListElement":[{"@type":"ListItem","position":1,"name":"Home","item":"https:\/\/hola.gdynia.pl\/cs\/"},{"@type":"ListItem","position":2,"name":"Oferta dla biur podr\u00f3\u017cy"}]},{"@type":"WebSite","@id":"https:\/\/hola.gdynia.pl\/cs\/#website","url":"https:\/\/hola.gdynia.pl\/cs\/","name":"Zatrzymaj si\u0119 w klimatycznym hotelu w centrum Gdyni","description":"Szukasz noclegu w Gdyni? Wybierz nasz nowo otwarty obiekt hotelowy po\u0142o\u017cony blisko morza: 42 pokoje, otwarty dost\u0119p do kuchni, winda, bezp\u0142atny parking!","publisher":{"@id":"https:\/\/hola.gdynia.pl\/cs\/#organization"},"potentialAction":[{"@type":"SearchAction","target":{"@type":"EntryPoint","urlTemplate":"https:\/\/hola.gdynia.pl\/cs\/?s={search_term_string}"},"query-input":{"@type":"PropertyValueSpecification","valueRequired":true,"valueName":"search_term_string"}}],"inLanguage":"cs"},{"@type":"Organization","@id":"https:\/\/hola.gdynia.pl\/cs\/#organization","name":"Zatrzymaj si\u0119 w klimatycznym hotelu w centrum Gdyni","url":"https:\/\/hola.gdynia.pl\/cs\/","logo":{"@type":"ImageObject","inLanguage":"cs","@id":"https:\/\/hola.gdynia.pl\/cs\/#\/schema\/logo\/image\/","url":"https:\/\/hola.gdynia.pl\/wp-content\/uploads\/2023\/02\/logoHOLA.svg","contentUrl":"https:\/\/hola.gdynia.pl\/wp-content\/uploads\/2023\/02\/logoHOLA.svg","width":200,"height":66,"caption":"Zatrzymaj si\u0119 w klimatycznym hotelu w centrum Gdyni"},"image":{"@id":"https:\/\/hola.gdynia.pl\/cs\/#\/schema\/logo\/image\/"},"sameAs":["https:\/\/www.facebook.com\/holagdynia"]}]}},"_links":{"self":[{"href":"https:\/\/hola.gdynia.pl\/cs\/wp-json\/wp\/v2\/pages\/6186","targetHints":{"allow":["GET"]}}],"collection":[{"href":"https:\/\/hola.gdynia.pl\/cs\/wp-json\/wp\/v2\/pages"}],"about":[{"href":"https:\/\/hola.gdynia.pl\/cs\/wp-json\/wp\/v2\/types\/page"}],"author":[{"embeddable":true,"href":"https:\/\/hola.gdynia.pl\/cs\/wp-json\/wp\/v2\/users\/1"}],"replies":[{"embeddable":true,"href":"https:\/\/hola.gdynia.pl\/cs\/wp-json\/wp\/v2\/comments?post=6186"}],"version-history":[{"count":0,"href":"https:\/\/hola.gdynia.pl\/cs\/wp-json\/wp\/v2\/pages\/6186\/revisions"}],"wp:featuredmedia":[{"embeddable":true,"href":"https:\/\/hola.gdynia.pl\/cs\/wp-json\/wp\/v2\/media\/6187"}],"wp:attachment":[{"href":"https:\/\/hola.gdynia.pl\/cs\/wp-json\/wp\/v2\/media?parent=6186"}],"curies":[{"name":"wp","href":"https:\/\/api.w.org\/{rel}","templated":true}]}}