{"id":6180,"date":"2023-01-08T10:38:39","date_gmt":"2023-01-08T09:38:39","guid":{"rendered":"https:\/\/l53ehaqiot.preview.infomaniak.website\/o-nas\/"},"modified":"2025-06-24T13:12:54","modified_gmt":"2025-06-24T11:12:54","slug":"o-nas","status":"publish","type":"page","link":"https:\/\/hola.gdynia.pl\/cs\/o-nas\/","title":{"rendered":"O Nas"},"content":{"rendered":"<div class=\"wpb-content-wrapper\"><p>[vc_row content_placement=&#8220;middle&#8220; wrap_container=&#8220;true&#8220; el_id=&#8220;everything-right-section&#8220;][vc_column width=&#8220;1\/3&#8243; offset=&#8220;vc_col-xs-12&#8243;][vc_column_text css=&#8220;.vc_custom_1676304116068{margin-bottom: 50px !important;}&#8220;]<\/p>\n<h2 style=\"font-size: 30px; line-height: 35px; text-transform: uppercase; color: #405272;\">HOLA GDYNIA.<br \/>\n<span style=\"color: #dcb5be;\">przyjacielska <\/span><br \/>\ngo\u015bcinno\u015b\u0107.<\/h2>\n<p>[\/vc_column_text][vc_column_text css=&#8220;.vc_custom_1689764602466{margin-bottom: 0px !important;}&#8220;]<\/p>\n<h2>W centrum Gdyni, a jednocze\u015bnie nad morzem, blisko portu i pla\u017cy, w zabytkowej kamienicy powsta\u0142 kameralny obiekt hotelowy Hola Gdynia. Nie wybrali\u015bmy tego miejsca przypadkowo. To tu przez kilkadziesi\u0105t lat funkcjonowa\u0142 jeden z pierwszych hoteli w Gdyni \u2013 Hotel Centralny. W stare mury i wn\u0119trza nadgryzione z\u0119bem czasu tchn\u0119li\u015bmy \u017cycie i nowoczesno\u015b\u0107.<\/h2>\n<p>[\/vc_column_text][\/vc_column][vc_column width=&#8220;2\/3&#8243; offset=&#8220;vc_col-lg-offset-1 vc_col-lg-7 vc_col-md-offset-0 vc_col-md-8 vc_col-sm-offset-0 vc_col-xs-12&#8243; css=&#8220;.vc_custom_1554818202251{padding-right: 8px !important;padding-left: 8px !important;}&#8220;][vc_gallery type=&#8220;image_grid&#8220; images=&#8220;6398,6392&#8243; img_size=&#8220;309&#215;411&#8243; css=&#8220;&#8220;][\/vc_column][\/vc_row][vc_row wrap_container=&#8220;true&#8220; css=&#8220;.vc_custom_1554910778831{margin-top: 45px !important;}&#8220; el_id=&#8220;everything-right-bottom-section&#8220;][vc_column][vc_column_text css=&#8220;.vc_custom_1750763551590{margin-bottom: 0px !important;}&#8220;]Przytulne pokoje, og\u00f3lnodost\u0119pna kuchnia ze smaczn\u0105 kaw\u0105 z ekspresu, przestrze\u0144 relaksu i przede wszystkim personel \u2013 wizyt\u00f3wka tego miejsca, dbaj\u0105cy o przyjacielsk\u0105 atmosfer\u0119, pomocny i codziennie wk\u0142adaj\u0105cy kawa\u0142 serca w to, by Hola by\u0142a synonimem go\u015bcinno\u015bci, a pobyt tu \u2013 do\u015bwiadczeniem wspominanym przez go\u015bci z u\u015bmiechem na twarzy.<\/p>\n<p><strong>Hola Gdynia to 42 pokoje \u2013 mog\u0105ce \u0142\u0105cznie pomie\u015bci\u0107 ponad 100 os\u00f3b<\/strong> \u2013 ulokowane na 4 pi\u0119trach. Na najwy\u017cszej kondygnacji znajduj\u0105 si\u0119 pokoje na poddaszu, z oryginalnymi belkami dachowymi. Na parterze znajduje si\u0119 recepcja emanuj\u0105ca \u017cywymi, nietuzinkowymi kolorami. Bezpo\u015brednio z tego poziomu go\u015bcie, ju\u017c niebawem, b\u0119d\u0105 mogli przej\u015b\u0107 do pubu Number 1. Na poziomie -1 znajduje si\u0119 kuchnia z sal\u0105 \u015bniadaniow\u0105. To tu mo\u017cna spr\u00f3bowa\u0107 \u015bniadania przygotowanego przez Wiktori\u0119. W pomieszczeniu dost\u0119pny jest r\u00f3wnie\u017c profesjonalny ekspres do kawy. Tu te\u017c dost\u0119pna jest przestrze\u0144, w kt\u00f3rej z przyjaci\u00f3\u0142mi lub z rodzin\u0105 mo\u017cna zagra\u0107 w plansz\u00f3wki b\u0105d\u017a gr\u0119 na konsoli \u2013 Relax Room.<\/p>\n<p>Wchodz\u0105c do budynku, nie da si\u0119 nie zauwa\u017cy\u0107 drewnianych, szerokich i masywnych schod\u00f3w. Tak jak ca\u0142a kamienica \u2013 s\u0105 zabytkiem. Cho\u0107 w budynku dost\u0119pna jest winda, to jednak warto sprawdzi\u0107, jak chodzi si\u0119 po prawie 100-letnich schodach!<\/p>\n<p>W obiekcie dost\u0119pna jest recepcja, jednak postawili\u015bmy r\u00f3wnie\u017c na mo\u017cliwo\u015b\u0107 samodzielnego zameldowania. Je\u017celi chcesz skorzysta\u0107 z takiej opcji dostajesz od nas kod do drzwi g\u0142\u00f3wnych, w niewielkim czarnym dyspozytorze czeka\u0107 b\u0119dzie ju\u017c karta do pokoju. Bierzesz j\u0105 i idziesz do pokoju.<\/p>\n<p>&nbsp;<\/p>\n<h2><strong>Obiekt w centrum Gdyni\u00a0 \u2013 dlaczego warto nas odwiedzi\u0107?<\/strong><\/h2>\n<p>&nbsp;<\/p>\n<p>Pomimo, \u017ce nasz obiekt hotelowy Hola Gdynia dzia\u0142a od wrze\u015bnia 2022 roku. To zebrali\u015bmy ju\u017c <strong>du\u017co pozytywnych opinii<\/strong> od naszych go\u015bci! Za co jeste\u015bmy chwaleni?<\/p>\n<ul>\n<li>Lokalizacja \u2013 <strong>centrum Gdyni<\/strong>, jedna z g\u0142\u00f3wnych ulic miasta. W 10 minut mo\u017cna doj\u015b\u0107 do portu i na pla\u017c\u0119. Dworzec PKP Gdynia G\u0142\u00f3wna oddalony jest od obiektu zaledwie 750 m!<\/li>\n<li>Klimatycznie urz\u0105dzone pokoje, przytulne i bez nad\u0119cia.<\/li>\n<li>Dobrze wyposa\u017cone pokoje: zestaw do parzenia herbaty i kawy, suszarka, a na korytarzu dost\u0119pna jest r\u00f3wnie\u017c deska z \u017celazkiem.<\/li>\n<li><strong>Wygodne \u0142\u00f3\u017cka<\/strong>: materace dobrej jako\u015bci, a dodatkowo materac nawierzchniowy, za spraw\u0105 kt\u00f3rego wyeliminowali\u015bmy problem dziury pomi\u0119dzy \u0142\u0105czeniami \u0142\u00f3\u017cek.<\/li>\n<li><strong>Smaczne \u015bniadania przyrz\u0105dzane przez Wiktori\u0119!<\/strong> Koniecznie spr\u00f3bujcie omletu!<\/li>\n<li>Relax Room \u2013 nasza <strong>przestrze\u0144 relaksu<\/strong>: wygodne kanapy, mn\u00f3stwo gier planszowych i dwie konsole do gry. W pomieszczeniu dost\u0119pny jest r\u00f3wnie\u017c ekspres do kawy!<\/li>\n<li><strong>Parking blisko obiektu.<\/strong> Hola Gdynia znajduje si\u0119 w strefie p\u0142atnego parkowania (doba kosztuje nawet 70 z\u0142). Znale\u017ali\u015bmy jednak rozwi\u0105zanie i naszych go\u015bci zapraszamy na parking zlokalizowany 800 metr\u00f3w od obiektu na ulicy Obro\u0144c\u00f3w Wybrze\u017ca 6. Koszt parkingu to 50 z\u0142 za dob\u0119.<\/li>\n<li>\u015awietna <strong>baza wypadowa<\/strong>. W kilka minut spacerem dotrzesz na Skwer Ko\u015bciuszki i do portu (Okr\u0119t ORP &#8222;B\u0142yskawica&#8220;, Okr\u0119t &#8222;Dar M\u0142odzie\u017cy&#8220; oraz Akwarium Gdy\u0144skie MIR). Blisko mamy r\u00f3wnie\u017c do Teatru Muzycznego im. Danuty Baduszkowej oraz do punktu widokowego \u2013 Kamienna G\u00f3ra.<\/li>\n<li>Jeste\u015bmy obiektem przyjaznym zwierz\u0119tom! <strong>Wasze pupile \u015bpi\u0105 u nas za darmo!<\/strong><\/li>\n<li>Atmosfera nie do podrobienia! <strong>Pomocny, \u017cyczliwi i przyjacielski personel<\/strong> \u2013 staje si\u0119 u nas ju\u017c legend\u0105!<\/li>\n<\/ul>\n<p>[\/vc_column_text][\/vc_column][\/vc_row][vc_row wrap_container=&#8220;true&#8220; css=&#8220;.vc_custom_1677677125809{margin-top: 40px !important;padding-top: 60px !important;padding-bottom: 60px !important;background-color: #f4f4f4 !important;}&#8220;][vc_column offset=&#8220;vc_hidden-sm vc_hidden-xs&#8220;][vc_row_inner el_id=&#8220;icon-box-section&#8220;][vc_column_inner width=&#8220;1\/6&#8243; offset=&#8220;vc_col-lg-2 vc_col-md-3 vc_col-xs-12&#8243;][vc_single_image image=&#8220;5925&#8243; alignment=&#8220;center&#8220; css=&#8220;&#8220;][\/vc_column_inner][vc_column_inner width=&#8220;1\/6&#8243; offset=&#8220;vc_col-lg-2 vc_col-md-3 vc_col-xs-12&#8243;][vc_single_image image=&#8220;5927&#8243; alignment=&#8220;center&#8220; css=&#8220;&#8220;][\/vc_column_inner][vc_column_inner width=&#8220;1\/6&#8243; offset=&#8220;vc_col-lg-2 vc_col-md-3 vc_col-xs-12&#8243;][vc_single_image image=&#8220;5924&#8243; alignment=&#8220;center&#8220; css=&#8220;&#8220;][\/vc_column_inner][vc_column_inner width=&#8220;1\/6&#8243; offset=&#8220;vc_col-lg-2 vc_col-md-3&#8243;][vc_single_image image=&#8220;5926&#8243; alignment=&#8220;center&#8220; css=&#8220;&#8220;][\/vc_column_inner][vc_column_inner width=&#8220;1\/6&#8243; offset=&#8220;vc_col-lg-2 vc_col-md-3&#8243;][vc_single_image image=&#8220;5923&#8243; alignment=&#8220;center&#8220; css=&#8220;&#8220;][\/vc_column_inner][vc_column_inner width=&#8220;1\/6&#8243; offset=&#8220;vc_col-lg-2 vc_col-md-3&#8243;][vc_single_image image=&#8220;5922&#8243; alignment=&#8220;center&#8220; css=&#8220;&#8220;][\/vc_column_inner][\/vc_row_inner][\/vc_column][\/vc_row][vc_row][vc_column css=&#8220;.vc_custom_1554820984708{padding-top: 0px !important;padding-right: 0px !important;padding-left: 0px !important;}&#8220;]\n\t\t\t\t<p class=\"rs-p-wp-fix\"><\/p>\n\t\t\t\t<sr7-module data-alias=\"content_slider\" data-id=\"1\" id=\"SR7_1_1\" class=\"rs-ov-hidden\" data-version=\"6.7.23\">\n\t\t\t\t\t<sr7-adjuster><\/sr7-adjuster>\n\t\t\t\t\t<sr7-content>\n\t\t\t\t\t\t<sr7-slide id=\"SR7_1_1-1\" data-key=\"1\">\n\t\t\t\t\t\t\t<sr7-bg id=\"SR7_1_1-1-2\" class=\"sr7-layer\"><noscript><img decoding=\"async\" src=\"https:\/\/hola.gdynia.pl\/wp-content\/uploads\/2023\/02\/Molo-Poludniowe-Skwer-Kosciuszki-centrum-hotel-gdynia.jpg\" alt=\"Molo Po\u0142udniowe Atrakcje Gdynia\" title=\"\"><\/noscript><\/sr7-bg>\n\t\t\t\t\t\t<\/sr7-slide>\n\t\t\t\t\t\t<sr7-slide id=\"SR7_1_1-22\" data-key=\"22\">\n\t\t\t\t\t\t<\/sr7-slide>\n\t\t\t\t\t<\/sr7-content>\n\t\t\t\t\t<image_lists style=\"display:none\">\n\t\t\t\t\t\t<img data-src=\"\/\/hola.gdynia.pl\/wp-content\/uploads\/2023\/02\/Molo-Poludniowe-Skwer-Kosciuszki-centrum-hotel-gdynia.jpg\" width=\"0\" height=\"0\" data-dbsrc=\"Ly9ob2xhLmdkeW5pYS5wbC93cC1jb250ZW50L3VwbG9hZHMvMjAyMy8wMi9Nb2xvLVBvbHVkbmlvd2UtU2t3ZXItS29zY2l1c3praS1jZW50cnVtLWhvdGVsLWdkeW5pYS5qcGc=\"\/>\n\t\t\t\t\t<\/image_lists>\n\t\t\t\t<\/sr7-module>\n\t\t\t\t<script>\n\t\t\t\t\tSR7.PMH ??={}; SR7.PMH[\"SR7_1_1\"] = {cn:100,state:false,fn: function() { if (_tpt!==undefined && _tpt.prepareModuleHeight !== undefined) {  _tpt.prepareModuleHeight({id:\"SR7_1_1\",el:[520,520,450,350,250],type:'hero',shdw:'0',gh:[520,520,450,350,250],gw:[1240,1240,1024,778,480],vpt:['-200px&#039;,&#039;-200px&#039;,&#039;-200px&#039;,&#039;-200px&#039;,&#039;-200px'],size:{fullWidth:false, fullHeight:false},mh:'0',onh:0,onw:0,bg:{color:'{\"type\":\"solid\",\"orig\":\"#0e121d\",\"string\":\"rgba(14, 18, 29, 1)\"}'},plType:'2',plColor:'#FFFFFF'});   SR7.PMH[\"SR7_1_1\"].state=true;} else if(SR7.PMH[\"SR7_1_1\"].cn-->0)\tsetTimeout( SR7.PMH[\"SR7_1_1\"].fn,19);}};SR7.PMH[\"SR7_1_1\" ].fn();\n\t\t\t\t<\/script>\n[\/vc_column][\/vc_row]<\/p>\n<\/div>","protected":false},"excerpt":{"rendered":"<p>[vc_row content_placement=&#8220;middle&#8220; wrap_container=&#8220;true&#8220; el_id=&#8220;everything-right-section&#8220;][vc_column width=&#8220;1\/3&#8243; offset=&#8220;vc_col-xs-12&#8243;][vc_column_text css=&#8220;.vc_custom_1676304116068{margin-bottom: 50px !important;}&#8220;] HOLA GDYNIA. przyjacielska go\u015bcinno\u015b\u0107. [\/vc_column_text][vc_column_text css=&#8220;.vc_custom_1689764602466{margin-bottom: 0px !important;}&#8220;] W centrum Gdyni, a jednocze\u015bnie nad morzem, blisko portu i pla\u017cy, w zabytkowej kamienicy powsta\u0142 kameralny obiekt hotelowy Hola Gdynia. Nie wybrali\u015bmy tego miejsca przypadkowo. To tu przez kilkadziesi\u0105t lat funkcjonowa\u0142 jeden z pierwszych hoteli w Gdyni \u2013 [&hellip;]<\/p>\n","protected":false},"author":1,"featured_media":0,"parent":0,"menu_order":0,"comment_status":"closed","ping_status":"closed","template":"","meta":{"inline_featured_image":false,"footnotes":""},"class_list":["post-6180","page","type-page","status-publish","hentry"],"yoast_head":"<!-- This site is optimized with the Yoast SEO Premium plugin v24.4 (Yoast SEO v27.5) - https:\/\/yoast.com\/product\/yoast-seo-premium-wordpress\/ -->\n<title>O Nas - Zatrzymaj si\u0119 w klimatycznym hotelu w centrum Gdyni<\/title>\n<meta name=\"description\" content=\"Dowiedz si\u0119 wi\u0119cej o Hola Gdynia. Poznaj nasz\u0105 filozofi\u0119 go\u015bcinno\u015bci i wyj\u0105tkow\u0105 atmosfer\u0119, kt\u00f3ra sprawia, \u017ce pobyt jest niezapomniany\" \/>\n<meta name=\"robots\" content=\"index, follow, max-snippet:-1, max-image-preview:large, max-video-preview:-1\" \/>\n<link rel=\"canonical\" href=\"https:\/\/hola.gdynia.pl\/cs\/o-nas\/\" \/>\n<meta property=\"og:locale\" content=\"cs_CZ\" \/>\n<meta property=\"og:type\" content=\"article\" \/>\n<meta property=\"og:title\" content=\"O Nas\" \/>\n<meta property=\"og:description\" content=\"Dowiedz si\u0119 wi\u0119cej o Hola Gdynia. Poznaj nasz\u0105 filozofi\u0119 go\u015bcinno\u015bci i wyj\u0105tkow\u0105 atmosfer\u0119, kt\u00f3ra sprawia, \u017ce pobyt jest niezapomniany\" \/>\n<meta property=\"og:url\" content=\"https:\/\/hola.gdynia.pl\/cs\/o-nas\/\" \/>\n<meta property=\"og:site_name\" content=\"Zatrzymaj si\u0119 w klimatycznym hotelu w centrum Gdyni\" \/>\n<meta property=\"article:publisher\" content=\"https:\/\/www.facebook.com\/holagdynia\" \/>\n<meta property=\"article:modified_time\" content=\"2025-06-24T11:12:54+00:00\" \/>\n<meta property=\"og:image\" content=\"https:\/\/hola.gdynia.pl\/wp-content\/uploads\/2023\/04\/hotel-gdynia-centrum-blisko-plazy-trojmiasto.png\" \/>\n\t<meta property=\"og:image:width\" content=\"1200\" \/>\n\t<meta property=\"og:image:height\" content=\"675\" \/>\n\t<meta property=\"og:image:type\" content=\"image\/png\" \/>\n<meta name=\"twitter:card\" content=\"summary_large_image\" \/>\n<meta name=\"twitter:label1\" content=\"Odhadovan\u00e1 doba \u010dten\u00ed\" \/>\n\t<meta name=\"twitter:data1\" content=\"4 minuty\" \/>\n<script type=\"application\/ld+json\" class=\"yoast-schema-graph\">{\"@context\":\"https:\\\/\\\/schema.org\",\"@graph\":[{\"@type\":\"WebPage\",\"@id\":\"https:\\\/\\\/hola.gdynia.pl\\\/cs\\\/o-nas\\\/\",\"url\":\"https:\\\/\\\/hola.gdynia.pl\\\/cs\\\/o-nas\\\/\",\"name\":\"O Nas - Zatrzymaj si\u0119 w klimatycznym hotelu w centrum Gdyni\",\"isPartOf\":{\"@id\":\"https:\\\/\\\/hola.gdynia.pl\\\/cs\\\/#website\"},\"datePublished\":\"2023-01-08T09:38:39+00:00\",\"dateModified\":\"2025-06-24T11:12:54+00:00\",\"description\":\"Dowiedz si\u0119 wi\u0119cej o Hola Gdynia. Poznaj nasz\u0105 filozofi\u0119 go\u015bcinno\u015bci i wyj\u0105tkow\u0105 atmosfer\u0119, kt\u00f3ra sprawia, \u017ce pobyt jest niezapomniany\",\"breadcrumb\":{\"@id\":\"https:\\\/\\\/hola.gdynia.pl\\\/cs\\\/o-nas\\\/#breadcrumb\"},\"inLanguage\":\"cs\",\"potentialAction\":[{\"@type\":\"ReadAction\",\"target\":[\"https:\\\/\\\/hola.gdynia.pl\\\/cs\\\/o-nas\\\/\"]}]},{\"@type\":\"BreadcrumbList\",\"@id\":\"https:\\\/\\\/hola.gdynia.pl\\\/cs\\\/o-nas\\\/#breadcrumb\",\"itemListElement\":[{\"@type\":\"ListItem\",\"position\":1,\"name\":\"Home\",\"item\":\"https:\\\/\\\/hola.gdynia.pl\\\/cs\\\/\"},{\"@type\":\"ListItem\",\"position\":2,\"name\":\"O Nas\"}]},{\"@type\":\"WebSite\",\"@id\":\"https:\\\/\\\/hola.gdynia.pl\\\/cs\\\/#website\",\"url\":\"https:\\\/\\\/hola.gdynia.pl\\\/cs\\\/\",\"name\":\"Zatrzymaj si\u0119 w klimatycznym hotelu w centrum Gdyni\",\"description\":\"Szukasz noclegu w Gdyni? Wybierz nasz nowo otwarty obiekt hotelowy po\u0142o\u017cony blisko morza: 42 pokoje, otwarty dost\u0119p do kuchni, winda, bezp\u0142atny parking!\",\"publisher\":{\"@id\":\"https:\\\/\\\/hola.gdynia.pl\\\/cs\\\/#organization\"},\"potentialAction\":[{\"@type\":\"SearchAction\",\"target\":{\"@type\":\"EntryPoint\",\"urlTemplate\":\"https:\\\/\\\/hola.gdynia.pl\\\/cs\\\/?s={search_term_string}\"},\"query-input\":{\"@type\":\"PropertyValueSpecification\",\"valueRequired\":true,\"valueName\":\"search_term_string\"}}],\"inLanguage\":\"cs\"},{\"@type\":\"Organization\",\"@id\":\"https:\\\/\\\/hola.gdynia.pl\\\/cs\\\/#organization\",\"name\":\"Zatrzymaj si\u0119 w klimatycznym hotelu w centrum Gdyni\",\"url\":\"https:\\\/\\\/hola.gdynia.pl\\\/cs\\\/\",\"logo\":{\"@type\":\"ImageObject\",\"inLanguage\":\"cs\",\"@id\":\"https:\\\/\\\/hola.gdynia.pl\\\/cs\\\/#\\\/schema\\\/logo\\\/image\\\/\",\"url\":\"https:\\\/\\\/hola.gdynia.pl\\\/wp-content\\\/uploads\\\/2023\\\/02\\\/logoHOLA.svg\",\"contentUrl\":\"https:\\\/\\\/hola.gdynia.pl\\\/wp-content\\\/uploads\\\/2023\\\/02\\\/logoHOLA.svg\",\"width\":200,\"height\":66,\"caption\":\"Zatrzymaj si\u0119 w klimatycznym hotelu w centrum Gdyni\"},\"image\":{\"@id\":\"https:\\\/\\\/hola.gdynia.pl\\\/cs\\\/#\\\/schema\\\/logo\\\/image\\\/\"},\"sameAs\":[\"https:\\\/\\\/www.facebook.com\\\/holagdynia\"]}]}<\/script>\n<!-- \/ Yoast SEO Premium plugin. -->","yoast_head_json":{"title":"O Nas - Zatrzymaj si\u0119 w klimatycznym hotelu w centrum Gdyni","description":"Dowiedz si\u0119 wi\u0119cej o Hola Gdynia. Poznaj nasz\u0105 filozofi\u0119 go\u015bcinno\u015bci i wyj\u0105tkow\u0105 atmosfer\u0119, kt\u00f3ra sprawia, \u017ce pobyt jest niezapomniany","robots":{"index":"index","follow":"follow","max-snippet":"max-snippet:-1","max-image-preview":"max-image-preview:large","max-video-preview":"max-video-preview:-1"},"canonical":"https:\/\/hola.gdynia.pl\/cs\/o-nas\/","og_locale":"cs_CZ","og_type":"article","og_title":"O Nas","og_description":"Dowiedz si\u0119 wi\u0119cej o Hola Gdynia. Poznaj nasz\u0105 filozofi\u0119 go\u015bcinno\u015bci i wyj\u0105tkow\u0105 atmosfer\u0119, kt\u00f3ra sprawia, \u017ce pobyt jest niezapomniany","og_url":"https:\/\/hola.gdynia.pl\/cs\/o-nas\/","og_site_name":"Zatrzymaj si\u0119 w klimatycznym hotelu w centrum Gdyni","article_publisher":"https:\/\/www.facebook.com\/holagdynia","article_modified_time":"2025-06-24T11:12:54+00:00","og_image":[{"width":1200,"height":675,"url":"https:\/\/hola.gdynia.pl\/wp-content\/uploads\/2023\/04\/hotel-gdynia-centrum-blisko-plazy-trojmiasto.png","type":"image\/png"}],"twitter_card":"summary_large_image","twitter_misc":{"Odhadovan\u00e1 doba \u010dten\u00ed":"4 minuty"},"schema":{"@context":"https:\/\/schema.org","@graph":[{"@type":"WebPage","@id":"https:\/\/hola.gdynia.pl\/cs\/o-nas\/","url":"https:\/\/hola.gdynia.pl\/cs\/o-nas\/","name":"O Nas - Zatrzymaj si\u0119 w klimatycznym hotelu w centrum Gdyni","isPartOf":{"@id":"https:\/\/hola.gdynia.pl\/cs\/#website"},"datePublished":"2023-01-08T09:38:39+00:00","dateModified":"2025-06-24T11:12:54+00:00","description":"Dowiedz si\u0119 wi\u0119cej o Hola Gdynia. Poznaj nasz\u0105 filozofi\u0119 go\u015bcinno\u015bci i wyj\u0105tkow\u0105 atmosfer\u0119, kt\u00f3ra sprawia, \u017ce pobyt jest niezapomniany","breadcrumb":{"@id":"https:\/\/hola.gdynia.pl\/cs\/o-nas\/#breadcrumb"},"inLanguage":"cs","potentialAction":[{"@type":"ReadAction","target":["https:\/\/hola.gdynia.pl\/cs\/o-nas\/"]}]},{"@type":"BreadcrumbList","@id":"https:\/\/hola.gdynia.pl\/cs\/o-nas\/#breadcrumb","itemListElement":[{"@type":"ListItem","position":1,"name":"Home","item":"https:\/\/hola.gdynia.pl\/cs\/"},{"@type":"ListItem","position":2,"name":"O Nas"}]},{"@type":"WebSite","@id":"https:\/\/hola.gdynia.pl\/cs\/#website","url":"https:\/\/hola.gdynia.pl\/cs\/","name":"Zatrzymaj si\u0119 w klimatycznym hotelu w centrum Gdyni","description":"Szukasz noclegu w Gdyni? Wybierz nasz nowo otwarty obiekt hotelowy po\u0142o\u017cony blisko morza: 42 pokoje, otwarty dost\u0119p do kuchni, winda, bezp\u0142atny parking!","publisher":{"@id":"https:\/\/hola.gdynia.pl\/cs\/#organization"},"potentialAction":[{"@type":"SearchAction","target":{"@type":"EntryPoint","urlTemplate":"https:\/\/hola.gdynia.pl\/cs\/?s={search_term_string}"},"query-input":{"@type":"PropertyValueSpecification","valueRequired":true,"valueName":"search_term_string"}}],"inLanguage":"cs"},{"@type":"Organization","@id":"https:\/\/hola.gdynia.pl\/cs\/#organization","name":"Zatrzymaj si\u0119 w klimatycznym hotelu w centrum Gdyni","url":"https:\/\/hola.gdynia.pl\/cs\/","logo":{"@type":"ImageObject","inLanguage":"cs","@id":"https:\/\/hola.gdynia.pl\/cs\/#\/schema\/logo\/image\/","url":"https:\/\/hola.gdynia.pl\/wp-content\/uploads\/2023\/02\/logoHOLA.svg","contentUrl":"https:\/\/hola.gdynia.pl\/wp-content\/uploads\/2023\/02\/logoHOLA.svg","width":200,"height":66,"caption":"Zatrzymaj si\u0119 w klimatycznym hotelu w centrum Gdyni"},"image":{"@id":"https:\/\/hola.gdynia.pl\/cs\/#\/schema\/logo\/image\/"},"sameAs":["https:\/\/www.facebook.com\/holagdynia"]}]}},"_links":{"self":[{"href":"https:\/\/hola.gdynia.pl\/cs\/wp-json\/wp\/v2\/pages\/6180","targetHints":{"allow":["GET"]}}],"collection":[{"href":"https:\/\/hola.gdynia.pl\/cs\/wp-json\/wp\/v2\/pages"}],"about":[{"href":"https:\/\/hola.gdynia.pl\/cs\/wp-json\/wp\/v2\/types\/page"}],"author":[{"embeddable":true,"href":"https:\/\/hola.gdynia.pl\/cs\/wp-json\/wp\/v2\/users\/1"}],"replies":[{"embeddable":true,"href":"https:\/\/hola.gdynia.pl\/cs\/wp-json\/wp\/v2\/comments?post=6180"}],"version-history":[{"count":2,"href":"https:\/\/hola.gdynia.pl\/cs\/wp-json\/wp\/v2\/pages\/6180\/revisions"}],"predecessor-version":[{"id":6972,"href":"https:\/\/hola.gdynia.pl\/cs\/wp-json\/wp\/v2\/pages\/6180\/revisions\/6972"}],"wp:attachment":[{"href":"https:\/\/hola.gdynia.pl\/cs\/wp-json\/wp\/v2\/media?parent=6180"}],"curies":[{"name":"wp","href":"https:\/\/api.w.org\/{rel}","templated":true}]}}