{"id":6063,"date":"2023-02-15T19:07:59","date_gmt":"2023-02-15T18:07:59","guid":{"rendered":"https:\/\/l53ehaqiot.preview.infomaniak.website\/historie-mista-hotel-centralny\/"},"modified":"2025-02-18T17:21:42","modified_gmt":"2025-02-18T16:21:42","slug":"historie-mista-hotel-centralny","status":"publish","type":"page","link":"https:\/\/hola.gdynia.pl\/cs\/historie-mista-hotel-centralny\/","title":{"rendered":"Historie m\u00edsta &#8211; Hotel Centralny"},"content":{"rendered":"<div class=\"wpb-content-wrapper\"><p>[vc_row content_placement=&#8220;middle&#8220; wrap_container=&#8220;true&#8220; el_id=&#8220;everything-right-section&#8220;][vc_column width=&#8220;1\/3&#8243; offset=&#8220;vc_col-xs-12&#8243;][vc_column_text css=&#8220;.vc_custom_1676484202425{margin-bottom: 50px !important;}&#8220;]<\/p>\n<h2 style=\"font-size: 30px; line-height: 35px; text-transform: uppercase; color: #405272;\">Hotel na ulici<br \/>\n<span style=\"color: #dcb5be;\"> Starowiejskiej.<\/span><\/h2>\n<p>[\/vc_column_text][vc_column_text css=&#8220;.vc_custom_1677144948495{margin-bottom: 0px !important;}&#8220;]<\/p>\n<h3>Kdy\u017e se p\u00ed\u0161e o historii Gdyn\u011b, nelze nezm\u00ednit \u201eprvn\u00ed\u201c ulici ve m\u011bst\u011b, Starowiejskou.<br \/>\nPr\u00e1v\u011b zde, na prvn\u00edm m\u00edst\u011b, byl v roce 1928 postaven hotel Central. Dnes t\u00e9m\u011b\u0159 100 let star\u00fd n\u00e1jemn\u00ed d\u016fm st\u00e1le v\u00edt\u00e1 cestovatele. <\/h3>\n<p>[\/vc_column_text][\/vc_column][vc_column width=&#8220;2\/3&#8243; offset=&#8220;vc_col-lg-offset-1 vc_col-lg-7 vc_col-md-offset-0 vc_col-md-8 vc_col-sm-offset-0 vc_col-xs-12&#8243; css=&#8220;.vc_custom_1554818202251{padding-right: 8px !important;padding-left: 8px !important;}&#8220;][vc_single_image image=&#8220;6064&#8243; img_size=&#8220;large&#8220; alignment=&#8220;center&#8220; css=&#8220;&#8220;][\/vc_column][\/vc_row][vc_row wrap_container=&#8220;true&#8220; css=&#8220;.vc_custom_1554910778831{margin-top: 45px !important;}&#8220; el_id=&#8220;everything-right-bottom-section&#8220;][vc_column][vc_column_text css=&#8220;.vc_custom_1677145013539{margin-bottom: 0px !important;}&#8220;]<\/p>\n<h2><strong>Pok\u0159iven\u00fd osud Starowiejsk\u00e9 ulice<\/strong><\/h2>\n<p>Zpo\u010d\u00e1tku to byla hlavn\u00ed ulice obce Gdyn\u011b a jmenovala se Wiejska. Kdy\u017e byla tato \u00fazem\u00ed za\u010dlen\u011bna do Polska v roce 1920 na z\u00e1klad\u011b ustanoven\u00ed Versaillesk\u00e9 smlouvy, m\u011bla Gdyn\u011b 1229 obyvatel. Ve\u0161ker\u00fd \u017eivot se soust\u0159edil do Wiejsk\u00e9 ulice \u2013 silnice vedla od domu k domu a stavitel\u00e9 prvn\u00edch obchvat\u016f neuva\u017eovali o regulaci tvaru hlavn\u00ed ulice. To se v\u0161ak m\u011blo zm\u011bnit. V roce 1925 se \u00fa\u0159ady Gdyn\u011b rozhodly p\u0159ijmout m\u011bstskou strukturu.    <\/p>\n<p>V roce 1927 rozhodla m\u011bstsk\u00e1 rada Gdyn\u011b o zm\u011bn\u011b n\u00e1zvu ulice z Wiejska na Starowiejska. A ji\u017e v roce 1928 rozhodla m\u011bstsk\u00e1 rada o jej\u00edm narovn\u00e1n\u00ed. Jednalo se o v\u00fdkup pozemk\u016f a demolici star\u00fdch chatr\u010d\u00ed.  <\/p>\n<p>Veden\u00ed m\u011bsta v od\u016fvodn\u011bn\u00ed sv\u00e9ho rozhodnut\u00ed ohledn\u011b investice napsalo: <em>\u201eMagistr\u00e1t ze sv\u00e9 strany konstatuje nutnost rychl\u00e9 regulace ulice. Starowiejska. Vzhledem k vysok\u00e9mu provozu, kter\u00fd se v t\u00e9to ulici o\u010dek\u00e1v\u00e1 v p\u0159\u00ed\u0161t\u00ed stavebn\u00ed sez\u00f3n\u011b, by m\u011bla b\u00fdt co nejd\u0159\u00edve p\u0159estav\u011bna. R\u00e1di bychom upozornili, \u017ee sou\u010dasn\u00e1 ulice je na n\u011bkter\u00fdch m\u00edstech \u0161irok\u00e1 jen 5 metr\u016f.\u201c<br \/>\n<\/em>Bylo pl\u00e1nov\u00e1no vydl\u00e1\u017edit ulici a vymezit ji 10 metr\u016f \u0161irokou, s chodn\u00edky na obou stran\u00e1ch \u0161irok\u00fdmi 4 metry. Jak si dok\u00e1\u017eete p\u0159edstavit, nebyl to jednoduch\u00fd proces, proto\u017ee ne v\u0161ichni vlastn\u00edci byli ochotni sv\u00e9 pozemky prodat. <\/p>\n<p>Pr\u00e1v\u011b v tomto obdob\u00ed zm\u011bn byl Augustyn J\u00f3zef Skwiercz, obchodn\u00edk a m\u011bstsk\u00fd radn\u00ed, postaven ve Starowiejsk\u00e9 ulici elegantn\u00ed n\u00e1jemn\u00ed d\u016fm.[\/vc_column_text][vc_empty_space][vc_column_text css=&#8220;.vc_custom_1680528002778{margin-bottom: 0px !important;}&#8220;]<\/p>\n<h2><strong>Hotel Central v Gdyni<\/strong><\/h2>\n<p>Impozantn\u00ed budova byla postavena na m\u00edst\u011b star\u00e9ho hostince, kde se v roce 1922 hr\u00e1la v Gdyni prvn\u00ed hra N\u00e1rodn\u00edho divadla z Torun\u011b \u201eObrana \u010censtochov\u00e9\u201c. V\u00fdt\u011b\u017eek z prodeje vstupenek na hru Al\u017eb\u011bta Bosensk\u00e1 byl v\u011bnov\u00e1n polsk\u00e9mu \u010cerven\u00e9mu k\u0159\u00ed\u017ei. S\u00e1l se zaplnil div\u00e1ky, i kdy\u017e ceny vstupenek byly pom\u011brn\u011b vysok\u00e9. Prvn\u00ed m\u00edsta stoj\u00ed ka\u017ed\u00e9 700 marek. Celkem se vybralo 100 tis\u00edc marek.<br \/>\nO rok pozd\u011bji hostinec nav\u0161t\u00edvil prezident Polsk\u00e9 republiky Stanis\u0142aw Wojciechowski. P\u0159esto\u017ee hostinec zapadal do b\u011b\u017en\u00e9ho \u017eivota tehdej\u0161\u00edch obyvatel Gdyn\u011b, bylo rozhodnuto o jeho demolici.     <\/p>\n<p>Na jeho m\u00edst\u011b byl postaven n\u00e1jemn\u00ed d\u016fm podle projektu Jana Stefanowicze. Architekt navrhl i budovu nemocnice sv. Vincenta de Paul, kter\u00e1 se nach\u00e1z\u00ed nedaleko. P\u016fvodn\u00ed n\u00e1vrh p\u0159edpokl\u00e1dal, \u017ee n\u00e1jemn\u00ed d\u016fm ve Starowiejsk\u00e9 ulici bude rohov\u00fd a dvakr\u00e1t tak velk\u00fd. V roce 1928 bylo vybudov\u00e1no stylov\u00e9 za\u0159\u00edzen\u00ed, kter\u00e9 za\u010dalo fungovat pod n\u00e1zvem <strong>Hotel Centralny<\/strong> .    <\/p>\n<p>Hotel Centralny byl inzerov\u00e1n jako <em>\u201eprvot\u0159\u00eddn\u00ed d\u016fm, pokoje neust\u00e1le z\u00e1sobovan\u00e9 teplou vodou a \u00fast\u0159edn\u00edm topen\u00edm. V p\u0159\u00edzem\u00ed se nach\u00e1z\u00ed restaurace a vin\u00e1rna, velk\u00fd s\u00e1l, kter\u00fd lze vyu\u017e\u00edt jako tane\u010dn\u00ed s\u00e1l nebo divadlo, a zahrada se stoly pro hosty ukryt\u00e1 pod slune\u010dn\u00edkem nebo d\u0159ev\u011bnou st\u0159echou. <\/em>.*<br \/>\nV budov\u011b se konala divadeln\u00ed p\u0159edstaven\u00ed, tane\u010dn\u00ed akce a dokonce i zased\u00e1n\u00ed m\u00edstn\u00ed samospr\u00e1vy.<\/p>\n<p>B\u011bhem v\u00e1lky N\u011bmci zm\u011bnili n\u00e1zev za\u0159\u00edzen\u00ed na Central-Hotel Gotenhafen. P\u0159esto\u017ee byl hotel po druh\u00e9 sv\u011btov\u00e9 v\u00e1lce obnoven, p\u0159est\u011bhovaly se do n\u011bj tak\u00e9 belgick\u00e9 a \u0161v\u00e9dsk\u00e9 konzul\u00e1ty. V roce 1950 n\u00e1jemn\u00ed d\u016fm p\u0159evzalo veden\u00ed st\u00e1tu a v roce 1960 byl zn\u00e1rodn\u011bn a odebr\u00e1n rodin\u011b Skwiercz\u016f. N\u00e1zev hotelu byl zm\u011bn\u011bn na Bristol. S novou vl\u00e1dou v\u0161ak hotel ztratil na v\u00fdznamu. Byl tam tak\u00e9 bar a restaurace. V roce 1989 z\u00edskali pr\u00e1voplatn\u00ed majitel\u00e9 budovu zp\u011bt. N\u00e1zev hotelu byl zm\u011bn\u011bn na Lark. Pozd\u011bji se z hotelov\u00fdch pokoj\u016f staly kancel\u00e1\u0159e pro r\u016fzn\u00e9 firmy. Do roku 2017 byl v budov\u011b bar \u201eBlack &amp; White\u201c.         <\/p>\n<p>V t\u00e9m\u017ee roce byl n\u00e1jemn\u00ed d\u016fm zakoupen od rodiny Skwiercz\u016f, aby obnovil jeho za\u0161lou sl\u00e1vu. Byla provedena gener\u00e1ln\u00ed rekonstrukce. N\u00e1dhern\u00e9 d\u0159ev\u011bn\u00e9 schodi\u0161t\u011b bylo zrekonstruov\u00e1no. P\u0159id\u00e1na v\u00fdtahov\u00e1 \u0161achta. To v\u0161e samoz\u0159ejm\u011b pod dohledem pam\u00e1tk\u00e1\u0159e, nebo\u0165 n\u00e1jemn\u00ed d\u016fm Starowiejska je zaps\u00e1n v registru historick\u00fdch pam\u00e1tek. V hotelov\u00e9 \u010d\u00e1sti ve \u010dty\u0159ech podla\u017e\u00edch je 42 pokoj\u016f, v p\u0159\u00edzem\u00ed je Pub Number 1 a velmi obl\u00edben\u00e1 v Tri-City, <a href=\"https:\/\/pierogarnia-mandu.pl\/\">pierogarnia Mandu<\/a>.     <\/p>\n<p>Jak se budou ps\u00e1t dal\u0161\u00ed str\u00e1nky historie n\u00e1jemn\u00edho domu? Z\u00e1le\u017e\u00ed nejen na n\u00e1s, ale i na hostech, kte\u0159\u00ed Hola Gdynia ka\u017ed\u00fd den nav\u0161t\u011bvuj\u00ed!<br \/>\nPamatujte, \u017ee na tomto mimo\u0159\u00e1dn\u00e9m m\u00edst\u011b se historie prol\u00edn\u00e1 s va\u0161\u00edm ka\u017edodenn\u00edm \u017eivotem!<\/p>\n<p>&nbsp;<\/p>\n<p><em>*zdroj: Arkadiusz Brz\u0119czek &#8222;Tajemstv\u00ed gdy\u0148sk\u00fdch n\u00e1jemn\u00edch dom\u016f&#8220;.<\/em>[\/vc_column_text][\/vc_column][\/vc_row][vc_row wrap_container=&#8220;true&#8220; css=&#8220;.vc_custom_1677677125809{margin-top: 40px !important;padding-top: 60px !important;padding-bottom: 60px !important;background-color: #f4f4f4 !important;}&#8220;][vc_column offset=&#8220;vc_hidden-sm vc_hidden-xs&#8220;][vc_row_inner el_id=&#8220;icon-box-section&#8220;][vc_column_inner width=&#8220;1\/6&#8243; offset=&#8220;vc_col-lg-2 vc_col-md-3 vc_col-xs-12&#8243;][vc_single_image image=&#8220;5925&#8243; alignment=&#8220;center&#8220; css=&#8220;&#8220;][\/vc_column_inner][vc_column_inner width=&#8220;1\/6&#8243; offset=&#8220;vc_col-lg-2 vc_col-md-3 vc_col-xs-12&#8243;][vc_single_image image=&#8220;5927&#8243; alignment=&#8220;center&#8220; css=&#8220;&#8220;][\/vc_column_inner][vc_column_inner width=&#8220;1\/6&#8243; offset=&#8220;vc_col-lg-2 vc_col-md-3 vc_col-xs-12&#8243;][vc_single_image image=&#8220;5924&#8243; alignment=&#8220;center&#8220; css=&#8220;&#8220;][\/vc_column_inner][vc_column_inner width=&#8220;1\/6&#8243; offset=&#8220;vc_col-lg-2 vc_col-md-3&#8243;][vc_single_image image=&#8220;5926&#8243; alignment=&#8220;center&#8220; css=&#8220;&#8220;][\/vc_column_inner][vc_column_inner width=&#8220;1\/6&#8243; offset=&#8220;vc_col-lg-2 vc_col-md-3&#8243;][vc_single_image image=&#8220;5923&#8243; alignment=&#8220;center&#8220; css=&#8220;&#8220;][\/vc_column_inner][vc_column_inner width=&#8220;1\/6&#8243; offset=&#8220;vc_col-lg-2 vc_col-md-3&#8243;][vc_single_image image=&#8220;5922&#8243; alignment=&#8220;center&#8220; css=&#8220;&#8220;][\/vc_column_inner][\/vc_row_inner][\/vc_column][\/vc_row][vc_row][vc_column css=&#8220;.vc_custom_1554820984708{padding-top: 0px !important;padding-right: 0px !important;padding-left: 0px !important;}&#8220;]\n\t\t\t\t<p class=\"rs-p-wp-fix\"><\/p>\n\t\t\t\t<sr7-module data-alias=\"content_slider\" data-id=\"1\" id=\"SR7_1_1\" class=\"rs-ov-hidden\" data-version=\"6.7.23\">\n\t\t\t\t\t<sr7-adjuster><\/sr7-adjuster>\n\t\t\t\t\t<sr7-content>\n\t\t\t\t\t\t<sr7-slide id=\"SR7_1_1-1\" data-key=\"1\">\n\t\t\t\t\t\t\t<sr7-bg id=\"SR7_1_1-1-2\" class=\"sr7-layer\"><noscript><img decoding=\"async\" src=\"https:\/\/hola.gdynia.pl\/wp-content\/uploads\/2023\/02\/Molo-Poludniowe-Skwer-Kosciuszki-centrum-hotel-gdynia.jpg\" alt=\"Molo Po\u0142udniowe Atrakcje Gdynia\" title=\"\"><\/noscript><\/sr7-bg>\n\t\t\t\t\t\t<\/sr7-slide>\n\t\t\t\t\t\t<sr7-slide id=\"SR7_1_1-22\" data-key=\"22\">\n\t\t\t\t\t\t<\/sr7-slide>\n\t\t\t\t\t<\/sr7-content>\n\t\t\t\t\t<image_lists style=\"display:none\">\n\t\t\t\t\t\t<img data-src=\"\/\/hola.gdynia.pl\/wp-content\/uploads\/2023\/02\/Molo-Poludniowe-Skwer-Kosciuszki-centrum-hotel-gdynia.jpg\" width=\"0\" height=\"0\" data-dbsrc=\"Ly9ob2xhLmdkeW5pYS5wbC93cC1jb250ZW50L3VwbG9hZHMvMjAyMy8wMi9Nb2xvLVBvbHVkbmlvd2UtU2t3ZXItS29zY2l1c3praS1jZW50cnVtLWhvdGVsLWdkeW5pYS5qcGc=\"\/>\n\t\t\t\t\t<\/image_lists>\n\t\t\t\t<\/sr7-module>\n\t\t\t\t<script>\n\t\t\t\t\tSR7.PMH ??={}; SR7.PMH[\"SR7_1_1\"] = {cn:100,state:false,fn: function() { if (_tpt!==undefined && _tpt.prepareModuleHeight !== undefined) {  _tpt.prepareModuleHeight({id:\"SR7_1_1\",el:[520,520,450,350,250],type:'hero',shdw:'0',gh:[520,520,450,350,250],gw:[1240,1240,1024,778,480],vpt:['-200px&#039;,&#039;-200px&#039;,&#039;-200px&#039;,&#039;-200px&#039;,&#039;-200px'],size:{fullWidth:false, fullHeight:false},mh:'0',onh:0,onw:0,bg:{color:'{\"type\":\"solid\",\"orig\":\"#0e121d\",\"string\":\"rgba(14, 18, 29, 1)\"}'},plType:'2',plColor:'#FFFFFF'});   SR7.PMH[\"SR7_1_1\"].state=true;} else if(SR7.PMH[\"SR7_1_1\"].cn-->0)\tsetTimeout( SR7.PMH[\"SR7_1_1\"].fn,19);}};SR7.PMH[\"SR7_1_1\" ].fn();\n\t\t\t\t<\/script>\n[\/vc_column][\/vc_row]<\/p>\n<\/div>","protected":false},"excerpt":{"rendered":"<p>[vc_row content_placement=&#8220;middle&#8220; wrap_container=&#8220;true&#8220; el_id=&#8220;everything-right-section&#8220;][vc_column width=&#8220;1\/3&#8243; offset=&#8220;vc_col-xs-12&#8243;][vc_column_text css=&#8220;.vc_custom_1676484202425{margin-bottom: 50px !important;}&#8220;] Hotel na ulici Starowiejskiej. [\/vc_column_text][vc_column_text css=&#8220;.vc_custom_1677144948495{margin-bottom: 0px !important;}&#8220;] Kdy\u017e se p\u00ed\u0161e o historii Gdyn\u011b, nelze nezm\u00ednit \u201eprvn\u00ed\u201c ulici ve m\u011bst\u011b, Starowiejskou. Pr\u00e1v\u011b zde, na prvn\u00edm m\u00edst\u011b, byl v roce 1928 postaven hotel Central. Dnes t\u00e9m\u011b\u0159 100 let star\u00fd n\u00e1jemn\u00ed d\u016fm st\u00e1le v\u00edt\u00e1 cestovatele. [\/vc_column_text][\/vc_column][vc_column width=&#8220;2\/3&#8243; offset=&#8220;vc_col-lg-offset-1 [&hellip;]<\/p>\n","protected":false},"author":1,"featured_media":6064,"parent":0,"menu_order":0,"comment_status":"closed","ping_status":"closed","template":"","meta":{"inline_featured_image":false,"footnotes":""},"class_list":["post-6063","page","type-page","status-publish","has-post-thumbnail","hentry"],"yoast_head":"<!-- This site is optimized with the Yoast SEO Premium plugin v24.4 (Yoast SEO v27.5) - https:\/\/yoast.com\/product\/yoast-seo-premium-wordpress\/ -->\n<title>Historie m\u00edsta - Hotel Centralny - Zatrzymaj si\u0119 w klimatycznym hotelu w centrum Gdyni<\/title>\n<meta name=\"robots\" content=\"index, follow, max-snippet:-1, max-image-preview:large, max-video-preview:-1\" \/>\n<link rel=\"canonical\" href=\"https:\/\/hola.gdynia.pl\/cs\/historie-mista-hotel-centralny\/\" \/>\n<meta property=\"og:locale\" content=\"cs_CZ\" \/>\n<meta property=\"og:type\" content=\"article\" \/>\n<meta property=\"og:title\" content=\"Historie m\u00edsta - Hotel Centralny\" \/>\n<meta property=\"og:description\" content=\"[vc_row content_placement=&#8220;middle&#8220; wrap_container=&#8220;true&#8220; el_id=&#8220;everything-right-section&#8220;][vc_column width=&#8220;1\/3&#8243; offset=&#8220;vc_col-xs-12&#8243;][vc_column_text css=&#8220;.vc_custom_1676484202425{margin-bottom: 50px !important;}&#8220;] Hotel na ulici Starowiejskiej. [\/vc_column_text][vc_column_text css=&#8220;.vc_custom_1677144948495{margin-bottom: 0px !important;}&#8220;] Kdy\u017e se p\u00ed\u0161e o historii Gdyn\u011b, nelze nezm\u00ednit \u201eprvn\u00ed\u201c ulici ve m\u011bst\u011b, Starowiejskou. Pr\u00e1v\u011b zde, na prvn\u00edm m\u00edst\u011b, byl v roce 1928 postaven hotel Central. Dnes t\u00e9m\u011b\u0159 100 let star\u00fd n\u00e1jemn\u00ed d\u016fm st\u00e1le v\u00edt\u00e1 cestovatele. [\/vc_column_text][\/vc_column][vc_column width=&#8220;2\/3&#8243; offset=&#8220;vc_col-lg-offset-1 [&hellip;]\" \/>\n<meta property=\"og:url\" content=\"https:\/\/hola.gdynia.pl\/cs\/historie-mista-hotel-centralny\/\" \/>\n<meta property=\"og:site_name\" content=\"Zatrzymaj si\u0119 w klimatycznym hotelu w centrum Gdyni\" \/>\n<meta property=\"article:publisher\" content=\"https:\/\/www.facebook.com\/holagdynia\" \/>\n<meta property=\"article:modified_time\" content=\"2025-02-18T16:21:42+00:00\" \/>\n<meta property=\"og:image\" content=\"https:\/\/hola.gdynia.pl\/wp-content\/uploads\/2023\/02\/Starowiejska1_2.jpg\" \/>\n\t<meta property=\"og:image:width\" content=\"1920\" \/>\n\t<meta property=\"og:image:height\" content=\"1344\" \/>\n\t<meta property=\"og:image:type\" content=\"image\/jpeg\" \/>\n<meta name=\"twitter:card\" content=\"summary_large_image\" \/>\n<meta name=\"twitter:label1\" content=\"Odhadovan\u00e1 doba \u010dten\u00ed\" \/>\n\t<meta name=\"twitter:data1\" content=\"6 minut\" \/>\n<script type=\"application\/ld+json\" class=\"yoast-schema-graph\">{\"@context\":\"https:\\\/\\\/schema.org\",\"@graph\":[{\"@type\":\"WebPage\",\"@id\":\"https:\\\/\\\/hola.gdynia.pl\\\/cs\\\/historie-mista-hotel-centralny\\\/\",\"url\":\"https:\\\/\\\/hola.gdynia.pl\\\/cs\\\/historie-mista-hotel-centralny\\\/\",\"name\":\"Historie m\u00edsta - Hotel Centralny - Zatrzymaj si\u0119 w klimatycznym hotelu w centrum Gdyni\",\"isPartOf\":{\"@id\":\"https:\\\/\\\/hola.gdynia.pl\\\/cs\\\/#website\"},\"primaryImageOfPage\":{\"@id\":\"https:\\\/\\\/hola.gdynia.pl\\\/cs\\\/historie-mista-hotel-centralny\\\/#primaryimage\"},\"image\":{\"@id\":\"https:\\\/\\\/hola.gdynia.pl\\\/cs\\\/historie-mista-hotel-centralny\\\/#primaryimage\"},\"thumbnailUrl\":\"https:\\\/\\\/hola.gdynia.pl\\\/wp-content\\\/uploads\\\/2023\\\/02\\\/Starowiejska1_2.jpg\",\"datePublished\":\"2023-02-15T18:07:59+00:00\",\"dateModified\":\"2025-02-18T16:21:42+00:00\",\"breadcrumb\":{\"@id\":\"https:\\\/\\\/hola.gdynia.pl\\\/cs\\\/historie-mista-hotel-centralny\\\/#breadcrumb\"},\"inLanguage\":\"cs\",\"potentialAction\":[{\"@type\":\"ReadAction\",\"target\":[\"https:\\\/\\\/hola.gdynia.pl\\\/cs\\\/historie-mista-hotel-centralny\\\/\"]}]},{\"@type\":\"ImageObject\",\"inLanguage\":\"cs\",\"@id\":\"https:\\\/\\\/hola.gdynia.pl\\\/cs\\\/historie-mista-hotel-centralny\\\/#primaryimage\",\"url\":\"https:\\\/\\\/hola.gdynia.pl\\\/wp-content\\\/uploads\\\/2023\\\/02\\\/Starowiejska1_2.jpg\",\"contentUrl\":\"https:\\\/\\\/hola.gdynia.pl\\\/wp-content\\\/uploads\\\/2023\\\/02\\\/Starowiejska1_2.jpg\",\"width\":1920,\"height\":1344},{\"@type\":\"BreadcrumbList\",\"@id\":\"https:\\\/\\\/hola.gdynia.pl\\\/cs\\\/historie-mista-hotel-centralny\\\/#breadcrumb\",\"itemListElement\":[{\"@type\":\"ListItem\",\"position\":1,\"name\":\"Home\",\"item\":\"https:\\\/\\\/hola.gdynia.pl\\\/cs\\\/\"},{\"@type\":\"ListItem\",\"position\":2,\"name\":\"Historie m\u00edsta &#8211; Hotel Centralny\"}]},{\"@type\":\"WebSite\",\"@id\":\"https:\\\/\\\/hola.gdynia.pl\\\/cs\\\/#website\",\"url\":\"https:\\\/\\\/hola.gdynia.pl\\\/cs\\\/\",\"name\":\"Zatrzymaj si\u0119 w klimatycznym hotelu w centrum Gdyni\",\"description\":\"Szukasz noclegu w Gdyni? Wybierz nasz nowo otwarty obiekt hotelowy po\u0142o\u017cony blisko morza: 42 pokoje, otwarty dost\u0119p do kuchni, winda, bezp\u0142atny parking!\",\"publisher\":{\"@id\":\"https:\\\/\\\/hola.gdynia.pl\\\/cs\\\/#organization\"},\"potentialAction\":[{\"@type\":\"SearchAction\",\"target\":{\"@type\":\"EntryPoint\",\"urlTemplate\":\"https:\\\/\\\/hola.gdynia.pl\\\/cs\\\/?s={search_term_string}\"},\"query-input\":{\"@type\":\"PropertyValueSpecification\",\"valueRequired\":true,\"valueName\":\"search_term_string\"}}],\"inLanguage\":\"cs\"},{\"@type\":\"Organization\",\"@id\":\"https:\\\/\\\/hola.gdynia.pl\\\/cs\\\/#organization\",\"name\":\"Zatrzymaj si\u0119 w klimatycznym hotelu w centrum Gdyni\",\"url\":\"https:\\\/\\\/hola.gdynia.pl\\\/cs\\\/\",\"logo\":{\"@type\":\"ImageObject\",\"inLanguage\":\"cs\",\"@id\":\"https:\\\/\\\/hola.gdynia.pl\\\/cs\\\/#\\\/schema\\\/logo\\\/image\\\/\",\"url\":\"https:\\\/\\\/hola.gdynia.pl\\\/wp-content\\\/uploads\\\/2023\\\/02\\\/logoHOLA.svg\",\"contentUrl\":\"https:\\\/\\\/hola.gdynia.pl\\\/wp-content\\\/uploads\\\/2023\\\/02\\\/logoHOLA.svg\",\"width\":200,\"height\":66,\"caption\":\"Zatrzymaj si\u0119 w klimatycznym hotelu w centrum Gdyni\"},\"image\":{\"@id\":\"https:\\\/\\\/hola.gdynia.pl\\\/cs\\\/#\\\/schema\\\/logo\\\/image\\\/\"},\"sameAs\":[\"https:\\\/\\\/www.facebook.com\\\/holagdynia\"]}]}<\/script>\n<!-- \/ Yoast SEO Premium plugin. -->","yoast_head_json":{"title":"Historie m\u00edsta - Hotel Centralny - Zatrzymaj si\u0119 w klimatycznym hotelu w centrum Gdyni","robots":{"index":"index","follow":"follow","max-snippet":"max-snippet:-1","max-image-preview":"max-image-preview:large","max-video-preview":"max-video-preview:-1"},"canonical":"https:\/\/hola.gdynia.pl\/cs\/historie-mista-hotel-centralny\/","og_locale":"cs_CZ","og_type":"article","og_title":"Historie m\u00edsta - Hotel Centralny","og_description":"[vc_row content_placement=&#8220;middle&#8220; wrap_container=&#8220;true&#8220; el_id=&#8220;everything-right-section&#8220;][vc_column width=&#8220;1\/3&#8243; offset=&#8220;vc_col-xs-12&#8243;][vc_column_text css=&#8220;.vc_custom_1676484202425{margin-bottom: 50px !important;}&#8220;] Hotel na ulici Starowiejskiej. [\/vc_column_text][vc_column_text css=&#8220;.vc_custom_1677144948495{margin-bottom: 0px !important;}&#8220;] Kdy\u017e se p\u00ed\u0161e o historii Gdyn\u011b, nelze nezm\u00ednit \u201eprvn\u00ed\u201c ulici ve m\u011bst\u011b, Starowiejskou. Pr\u00e1v\u011b zde, na prvn\u00edm m\u00edst\u011b, byl v roce 1928 postaven hotel Central. Dnes t\u00e9m\u011b\u0159 100 let star\u00fd n\u00e1jemn\u00ed d\u016fm st\u00e1le v\u00edt\u00e1 cestovatele. [\/vc_column_text][\/vc_column][vc_column width=&#8220;2\/3&#8243; offset=&#8220;vc_col-lg-offset-1 [&hellip;]","og_url":"https:\/\/hola.gdynia.pl\/cs\/historie-mista-hotel-centralny\/","og_site_name":"Zatrzymaj si\u0119 w klimatycznym hotelu w centrum Gdyni","article_publisher":"https:\/\/www.facebook.com\/holagdynia","article_modified_time":"2025-02-18T16:21:42+00:00","og_image":[{"width":1920,"height":1344,"url":"https:\/\/hola.gdynia.pl\/wp-content\/uploads\/2023\/02\/Starowiejska1_2.jpg","type":"image\/jpeg"}],"twitter_card":"summary_large_image","twitter_misc":{"Odhadovan\u00e1 doba \u010dten\u00ed":"6 minut"},"schema":{"@context":"https:\/\/schema.org","@graph":[{"@type":"WebPage","@id":"https:\/\/hola.gdynia.pl\/cs\/historie-mista-hotel-centralny\/","url":"https:\/\/hola.gdynia.pl\/cs\/historie-mista-hotel-centralny\/","name":"Historie m\u00edsta - Hotel Centralny - Zatrzymaj si\u0119 w klimatycznym hotelu w centrum Gdyni","isPartOf":{"@id":"https:\/\/hola.gdynia.pl\/cs\/#website"},"primaryImageOfPage":{"@id":"https:\/\/hola.gdynia.pl\/cs\/historie-mista-hotel-centralny\/#primaryimage"},"image":{"@id":"https:\/\/hola.gdynia.pl\/cs\/historie-mista-hotel-centralny\/#primaryimage"},"thumbnailUrl":"https:\/\/hola.gdynia.pl\/wp-content\/uploads\/2023\/02\/Starowiejska1_2.jpg","datePublished":"2023-02-15T18:07:59+00:00","dateModified":"2025-02-18T16:21:42+00:00","breadcrumb":{"@id":"https:\/\/hola.gdynia.pl\/cs\/historie-mista-hotel-centralny\/#breadcrumb"},"inLanguage":"cs","potentialAction":[{"@type":"ReadAction","target":["https:\/\/hola.gdynia.pl\/cs\/historie-mista-hotel-centralny\/"]}]},{"@type":"ImageObject","inLanguage":"cs","@id":"https:\/\/hola.gdynia.pl\/cs\/historie-mista-hotel-centralny\/#primaryimage","url":"https:\/\/hola.gdynia.pl\/wp-content\/uploads\/2023\/02\/Starowiejska1_2.jpg","contentUrl":"https:\/\/hola.gdynia.pl\/wp-content\/uploads\/2023\/02\/Starowiejska1_2.jpg","width":1920,"height":1344},{"@type":"BreadcrumbList","@id":"https:\/\/hola.gdynia.pl\/cs\/historie-mista-hotel-centralny\/#breadcrumb","itemListElement":[{"@type":"ListItem","position":1,"name":"Home","item":"https:\/\/hola.gdynia.pl\/cs\/"},{"@type":"ListItem","position":2,"name":"Historie m\u00edsta &#8211; Hotel Centralny"}]},{"@type":"WebSite","@id":"https:\/\/hola.gdynia.pl\/cs\/#website","url":"https:\/\/hola.gdynia.pl\/cs\/","name":"Zatrzymaj si\u0119 w klimatycznym hotelu w centrum Gdyni","description":"Szukasz noclegu w Gdyni? Wybierz nasz nowo otwarty obiekt hotelowy po\u0142o\u017cony blisko morza: 42 pokoje, otwarty dost\u0119p do kuchni, winda, bezp\u0142atny parking!","publisher":{"@id":"https:\/\/hola.gdynia.pl\/cs\/#organization"},"potentialAction":[{"@type":"SearchAction","target":{"@type":"EntryPoint","urlTemplate":"https:\/\/hola.gdynia.pl\/cs\/?s={search_term_string}"},"query-input":{"@type":"PropertyValueSpecification","valueRequired":true,"valueName":"search_term_string"}}],"inLanguage":"cs"},{"@type":"Organization","@id":"https:\/\/hola.gdynia.pl\/cs\/#organization","name":"Zatrzymaj si\u0119 w klimatycznym hotelu w centrum Gdyni","url":"https:\/\/hola.gdynia.pl\/cs\/","logo":{"@type":"ImageObject","inLanguage":"cs","@id":"https:\/\/hola.gdynia.pl\/cs\/#\/schema\/logo\/image\/","url":"https:\/\/hola.gdynia.pl\/wp-content\/uploads\/2023\/02\/logoHOLA.svg","contentUrl":"https:\/\/hola.gdynia.pl\/wp-content\/uploads\/2023\/02\/logoHOLA.svg","width":200,"height":66,"caption":"Zatrzymaj si\u0119 w klimatycznym hotelu w centrum Gdyni"},"image":{"@id":"https:\/\/hola.gdynia.pl\/cs\/#\/schema\/logo\/image\/"},"sameAs":["https:\/\/www.facebook.com\/holagdynia"]}]}},"_links":{"self":[{"href":"https:\/\/hola.gdynia.pl\/cs\/wp-json\/wp\/v2\/pages\/6063","targetHints":{"allow":["GET"]}}],"collection":[{"href":"https:\/\/hola.gdynia.pl\/cs\/wp-json\/wp\/v2\/pages"}],"about":[{"href":"https:\/\/hola.gdynia.pl\/cs\/wp-json\/wp\/v2\/types\/page"}],"author":[{"embeddable":true,"href":"https:\/\/hola.gdynia.pl\/cs\/wp-json\/wp\/v2\/users\/1"}],"replies":[{"embeddable":true,"href":"https:\/\/hola.gdynia.pl\/cs\/wp-json\/wp\/v2\/comments?post=6063"}],"version-history":[{"count":0,"href":"https:\/\/hola.gdynia.pl\/cs\/wp-json\/wp\/v2\/pages\/6063\/revisions"}],"wp:featuredmedia":[{"embeddable":true,"href":"https:\/\/hola.gdynia.pl\/cs\/wp-json\/wp\/v2\/media\/6064"}],"wp:attachment":[{"href":"https:\/\/hola.gdynia.pl\/cs\/wp-json\/wp\/v2\/media?parent=6063"}],"curies":[{"name":"wp","href":"https:\/\/api.w.org\/{rel}","templated":true}]}}